{"id":116819,"date":"2025-05-27T03:49:30","date_gmt":"2025-05-27T03:49:30","guid":{"rendered":"https:\/\/aral2.cetrexmarketing.com\/producto\/qpractiko-airejador-de-vi-tucan\/"},"modified":"2025-05-27T08:02:39","modified_gmt":"2025-05-27T08:02:39","slug":"qpractiko-airejador-de-vi-tucan","status":"publish","type":"product","link":"https:\/\/aral2.cetrexmarketing.com\/ca\/producto\/qpractiko-airejador-de-vi-tucan\/","title":{"rendered":"Qpractiko Airejador de vi &#8220;Tucan&#8221;"},"content":{"rendered":"<p><strong>Qpractiko Airejador de vi &#8220;Tucan&#8221;<\/strong><\/p>\n<p>Els airejadors de vi us permeten alentir l&#8217;arribada del vi a la copa, oxigenant-lo i enriquint el sabor del vi sense degotejos.<\/p>\n<ul>\n<li>R\u00e0pida i instant\u00e0nia ventilaci\u00f3 del vi.<\/li>\n<li>Efica\u00e7 i suau, converteix el bon vi en un gran vi.<\/li>\n<li>Petit, resistent i lleuger, f\u00e0cil de guardar i netejar.<\/li>\n<li>Sense fuites, amb un segell de goma a prova de fuites i una pr\u00e0ctica canella c\u00f2nica sense degoteig.<\/li>\n<li>Compost de 2 peces, airejador abocador antidegoteig + tub. (Unir ambdues parts)<\/li>\n<\/ul>\n","protected":false},"excerpt":{"rendered":"<p><strong>Qpractiko Airejador de vi &#8220;Tucan&#8221;<\/strong><\/p>\n<p>Els airejadors de vi us permeten alentir l&#8217;arribada del vi a la copa, oxigenant-lo i enriquint el sabor del vi sense degotejos.<\/p>\n<ul>\n<li>R\u00e0pida i instant\u00e0nia ventilaci\u00f3 del vi.<\/li>\n<li>Efica\u00e7 i suau, converteix el bon vi en un gran vi.<\/li>\n<li>Petit, resistent i lleuger, f\u00e0cil de guardar i netejar.<\/li>\n<li>Sense fuites, amb un segell de goma a prova de fuites i una pr\u00e0ctica canella c\u00f2nica sense degoteig.<\/li>\n<li>Compost de 2 peces, airejador abocador antidegoteig + tub. (Unir ambdues parts)<\/li>\n<\/ul>\n","protected":false},"featured_media":116710,"comment_status":"closed","ping_status":"closed","template":"","meta":{"_acf_changed":false},"pwb-brand":[],"product_brand":[],"product_cat":[51928,51670],"product_tag":[50835,50811,50834],"class_list":{"0":"post-116819","1":"product","2":"type-product","3":"status-publish","4":"has-post-thumbnail","6":"product_cat-accessoris-per-vi","7":"product_cat-vi","8":"product_tag-airejador-de-vi","9":"product_tag-qpractiko-ca","10":"product_tag-qpractiko-airejador-de-vi-tucan","11":"pa_firmacomercial-qpractiko","12":"entry","13":"has-media","15":"first","16":"instock","17":"taxable","18":"shipping-taxable","19":"purchasable","20":"product-type-simple"},"acf":[],"yoast_head":"<!-- This site is optimized with the Yoast SEO Premium plugin v23.1 (Yoast SEO v23.5) - https:\/\/yoast.com\/wordpress\/plugins\/seo\/ -->\n<title>Qpractiko Airejador de vi &quot;Tucan&quot;<\/title>\n<meta name=\"description\" content=\"Comprar online al millor preu l&#039;accesori Qpractiko Airejador de vi &quot;Tucan&quot; Web especialitzada en vins, destil\u00b7lats i alimentaci\u00f3 gourmet.\" \/>\n<meta name=\"robots\" content=\"noindex, follow, max-snippet:-1, max-image-preview:large, max-video-preview:-1\" \/>\n<meta property=\"og:locale\" content=\"ca_ES\" \/>\n<meta property=\"og:type\" content=\"article\" \/>\n<meta property=\"og:title\" content=\"Qpractiko Airejador de vi &quot;Tucan&quot;\" \/>\n<meta property=\"og:description\" content=\"Comprar online al millor preu l&#039;accesori Qpractiko Airejador de vi &quot;Tucan&quot; Web especialitzada en vins, destil\u00b7lats i alimentaci\u00f3 gourmet.\" \/>\n<meta property=\"og:url\" content=\"https:\/\/aral2.cetrexmarketing.com\/ca\/producto\/qpractiko-airejador-de-vi-tucan\/\" \/>\n<meta property=\"og:site_name\" content=\"M\u00f3n La Cata\" \/>\n<meta property=\"article:modified_time\" content=\"2025-05-27T08:02:39+00:00\" \/>\n<meta property=\"og:image\" content=\"https:\/\/aral2.cetrexmarketing.com\/wp-content\/uploads\/2025\/05\/Qpractiko-Aireador-de-vino-Tucan.jpg.png\" \/>\n\t<meta property=\"og:image:width\" content=\"765\" \/>\n\t<meta property=\"og:image:height\" content=\"1024\" \/>\n\t<meta property=\"og:image:type\" content=\"image\/png\" \/>\n<meta name=\"twitter:card\" content=\"summary_large_image\" \/>\n<script type=\"application\/ld+json\" class=\"yoast-schema-graph\">{\"@context\":\"https:\/\/schema.org\",\"@graph\":[{\"@type\":\"WebPage\",\"@id\":\"https:\/\/aral2.cetrexmarketing.com\/ca\/producto\/qpractiko-airejador-de-vi-tucan\/\",\"url\":\"https:\/\/aral2.cetrexmarketing.com\/ca\/producto\/qpractiko-airejador-de-vi-tucan\/\",\"name\":\"Qpractiko Airejador de vi \\\"Tucan\\\"\",\"isPartOf\":{\"@id\":\"https:\/\/aral2.cetrexmarketing.com\/#website\"},\"primaryImageOfPage\":{\"@id\":\"https:\/\/aral2.cetrexmarketing.com\/ca\/producto\/qpractiko-airejador-de-vi-tucan\/#primaryimage\"},\"image\":{\"@id\":\"https:\/\/aral2.cetrexmarketing.com\/ca\/producto\/qpractiko-airejador-de-vi-tucan\/#primaryimage\"},\"thumbnailUrl\":\"https:\/\/aral2.cetrexmarketing.com\/wp-content\/uploads\/2025\/05\/Qpractiko-Aireador-de-vino-Tucan.jpg.png\",\"datePublished\":\"2025-05-27T03:49:30+00:00\",\"dateModified\":\"2025-05-27T08:02:39+00:00\",\"description\":\"Comprar online al millor preu l'accesori Qpractiko Airejador de vi \\\"Tucan\\\" Web especialitzada en vins, destil\u00b7lats i alimentaci\u00f3 gourmet.\",\"breadcrumb\":{\"@id\":\"https:\/\/aral2.cetrexmarketing.com\/ca\/producto\/qpractiko-airejador-de-vi-tucan\/#breadcrumb\"},\"inLanguage\":\"ca\",\"potentialAction\":[{\"@type\":\"ReadAction\",\"target\":[\"https:\/\/aral2.cetrexmarketing.com\/ca\/producto\/qpractiko-airejador-de-vi-tucan\/\"]}]},{\"@type\":\"ImageObject\",\"inLanguage\":\"ca\",\"@id\":\"https:\/\/aral2.cetrexmarketing.com\/ca\/producto\/qpractiko-airejador-de-vi-tucan\/#primaryimage\",\"url\":\"https:\/\/aral2.cetrexmarketing.com\/wp-content\/uploads\/2025\/05\/Qpractiko-Aireador-de-vino-Tucan.jpg.png\",\"contentUrl\":\"https:\/\/aral2.cetrexmarketing.com\/wp-content\/uploads\/2025\/05\/Qpractiko-Aireador-de-vino-Tucan.jpg.png\",\"width\":765,\"height\":1024},{\"@type\":\"BreadcrumbList\",\"@id\":\"https:\/\/aral2.cetrexmarketing.com\/ca\/producto\/qpractiko-airejador-de-vi-tucan\/#breadcrumb\",\"itemListElement\":[{\"@type\":\"ListItem\",\"position\":1,\"name\":\"Home\",\"item\":\"https:\/\/aral2.cetrexmarketing.com\/ca\/\"},{\"@type\":\"ListItem\",\"position\":2,\"name\":\"Tienda\",\"item\":\"https:\/\/aral2.cetrexmarketing.com\/ca\/tienda-2\/\"},{\"@type\":\"ListItem\",\"position\":3,\"name\":\"Vino\",\"item\":\"https:\/\/aral2.cetrexmarketing.com\/categoria-producto\/inicio\/vino\/\"},{\"@type\":\"ListItem\",\"position\":4,\"name\":\"Qpractiko Airejador de vi &#8220;Tucan&#8221;\"}]},{\"@type\":\"WebSite\",\"@id\":\"https:\/\/aral2.cetrexmarketing.com\/#website\",\"url\":\"https:\/\/aral2.cetrexmarketing.com\/\",\"name\":\"M\u00f3n La Cata\",\"description\":\"Tienda de vinos, licores, cervezas y gourmet\",\"publisher\":{\"@id\":\"https:\/\/aral2.cetrexmarketing.com\/#organization\"},\"potentialAction\":[{\"@type\":\"SearchAction\",\"target\":{\"@type\":\"EntryPoint\",\"urlTemplate\":\"https:\/\/aral2.cetrexmarketing.com\/?s={search_term_string}\"},\"query-input\":{\"@type\":\"PropertyValueSpecification\",\"valueRequired\":true,\"valueName\":\"search_term_string\"}}],\"inLanguage\":\"ca\"},{\"@type\":\"Organization\",\"@id\":\"https:\/\/aral2.cetrexmarketing.com\/#organization\",\"name\":\"M\u00f3n La Cata\",\"url\":\"https:\/\/aral2.cetrexmarketing.com\/\",\"logo\":{\"@type\":\"ImageObject\",\"inLanguage\":\"ca\",\"@id\":\"https:\/\/aral2.cetrexmarketing.com\/#\/schema\/logo\/image\/\",\"url\":\"https:\/\/aral2.cetrexmarketing.com\/wp-content\/uploads\/2024\/10\/aral-logo-neg-1024x409-1.png\",\"contentUrl\":\"https:\/\/aral2.cetrexmarketing.com\/wp-content\/uploads\/2024\/10\/aral-logo-neg-1024x409-1.png\",\"width\":1024,\"height\":409,\"caption\":\"M\u00f3n La Cata\"},\"image\":{\"@id\":\"https:\/\/aral2.cetrexmarketing.com\/#\/schema\/logo\/image\/\"}}]}<\/script>\n<!-- \/ Yoast SEO Premium plugin. -->","yoast_head_json":{"title":"Qpractiko Airejador de vi \"Tucan\"","description":"Comprar online al millor preu l'accesori Qpractiko Airejador de vi \"Tucan\" Web especialitzada en vins, destil\u00b7lats i alimentaci\u00f3 gourmet.","robots":{"index":"noindex","follow":"follow","max-snippet":"max-snippet:-1","max-image-preview":"max-image-preview:large","max-video-preview":"max-video-preview:-1"},"og_locale":"ca_ES","og_type":"article","og_title":"Qpractiko Airejador de vi \"Tucan\"","og_description":"Comprar online al millor preu l'accesori Qpractiko Airejador de vi \"Tucan\" Web especialitzada en vins, destil\u00b7lats i alimentaci\u00f3 gourmet.","og_url":"https:\/\/aral2.cetrexmarketing.com\/ca\/producto\/qpractiko-airejador-de-vi-tucan\/","og_site_name":"M\u00f3n La Cata","article_modified_time":"2025-05-27T08:02:39+00:00","og_image":[{"width":765,"height":1024,"url":"https:\/\/aral2.cetrexmarketing.com\/wp-content\/uploads\/2025\/05\/Qpractiko-Aireador-de-vino-Tucan.jpg.png","type":"image\/png"}],"twitter_card":"summary_large_image","schema":{"@context":"https:\/\/schema.org","@graph":[{"@type":"WebPage","@id":"https:\/\/aral2.cetrexmarketing.com\/ca\/producto\/qpractiko-airejador-de-vi-tucan\/","url":"https:\/\/aral2.cetrexmarketing.com\/ca\/producto\/qpractiko-airejador-de-vi-tucan\/","name":"Qpractiko Airejador de vi \"Tucan\"","isPartOf":{"@id":"https:\/\/aral2.cetrexmarketing.com\/#website"},"primaryImageOfPage":{"@id":"https:\/\/aral2.cetrexmarketing.com\/ca\/producto\/qpractiko-airejador-de-vi-tucan\/#primaryimage"},"image":{"@id":"https:\/\/aral2.cetrexmarketing.com\/ca\/producto\/qpractiko-airejador-de-vi-tucan\/#primaryimage"},"thumbnailUrl":"https:\/\/aral2.cetrexmarketing.com\/wp-content\/uploads\/2025\/05\/Qpractiko-Aireador-de-vino-Tucan.jpg.png","datePublished":"2025-05-27T03:49:30+00:00","dateModified":"2025-05-27T08:02:39+00:00","description":"Comprar online al millor preu l'accesori Qpractiko Airejador de vi \"Tucan\" Web especialitzada en vins, destil\u00b7lats i alimentaci\u00f3 gourmet.","breadcrumb":{"@id":"https:\/\/aral2.cetrexmarketing.com\/ca\/producto\/qpractiko-airejador-de-vi-tucan\/#breadcrumb"},"inLanguage":"ca","potentialAction":[{"@type":"ReadAction","target":["https:\/\/aral2.cetrexmarketing.com\/ca\/producto\/qpractiko-airejador-de-vi-tucan\/"]}]},{"@type":"ImageObject","inLanguage":"ca","@id":"https:\/\/aral2.cetrexmarketing.com\/ca\/producto\/qpractiko-airejador-de-vi-tucan\/#primaryimage","url":"https:\/\/aral2.cetrexmarketing.com\/wp-content\/uploads\/2025\/05\/Qpractiko-Aireador-de-vino-Tucan.jpg.png","contentUrl":"https:\/\/aral2.cetrexmarketing.com\/wp-content\/uploads\/2025\/05\/Qpractiko-Aireador-de-vino-Tucan.jpg.png","width":765,"height":1024},{"@type":"BreadcrumbList","@id":"https:\/\/aral2.cetrexmarketing.com\/ca\/producto\/qpractiko-airejador-de-vi-tucan\/#breadcrumb","itemListElement":[{"@type":"ListItem","position":1,"name":"Home","item":"https:\/\/aral2.cetrexmarketing.com\/ca\/"},{"@type":"ListItem","position":2,"name":"Tienda","item":"https:\/\/aral2.cetrexmarketing.com\/ca\/tienda-2\/"},{"@type":"ListItem","position":3,"name":"Vino","item":"https:\/\/aral2.cetrexmarketing.com\/categoria-producto\/inicio\/vino\/"},{"@type":"ListItem","position":4,"name":"Qpractiko Airejador de vi &#8220;Tucan&#8221;"}]},{"@type":"WebSite","@id":"https:\/\/aral2.cetrexmarketing.com\/#website","url":"https:\/\/aral2.cetrexmarketing.com\/","name":"M\u00f3n La Cata","description":"Tienda de vinos, licores, cervezas y gourmet","publisher":{"@id":"https:\/\/aral2.cetrexmarketing.com\/#organization"},"potentialAction":[{"@type":"SearchAction","target":{"@type":"EntryPoint","urlTemplate":"https:\/\/aral2.cetrexmarketing.com\/?s={search_term_string}"},"query-input":{"@type":"PropertyValueSpecification","valueRequired":true,"valueName":"search_term_string"}}],"inLanguage":"ca"},{"@type":"Organization","@id":"https:\/\/aral2.cetrexmarketing.com\/#organization","name":"M\u00f3n La Cata","url":"https:\/\/aral2.cetrexmarketing.com\/","logo":{"@type":"ImageObject","inLanguage":"ca","@id":"https:\/\/aral2.cetrexmarketing.com\/#\/schema\/logo\/image\/","url":"https:\/\/aral2.cetrexmarketing.com\/wp-content\/uploads\/2024\/10\/aral-logo-neg-1024x409-1.png","contentUrl":"https:\/\/aral2.cetrexmarketing.com\/wp-content\/uploads\/2024\/10\/aral-logo-neg-1024x409-1.png","width":1024,"height":409,"caption":"M\u00f3n La Cata"},"image":{"@id":"https:\/\/aral2.cetrexmarketing.com\/#\/schema\/logo\/image\/"}}]}},"brands":[],"_links":{"self":[{"href":"https:\/\/aral2.cetrexmarketing.com\/ca\/wp-json\/wp\/v2\/product\/116819","targetHints":{"allow":["GET"]}}],"collection":[{"href":"https:\/\/aral2.cetrexmarketing.com\/ca\/wp-json\/wp\/v2\/product"}],"about":[{"href":"https:\/\/aral2.cetrexmarketing.com\/ca\/wp-json\/wp\/v2\/types\/product"}],"replies":[{"embeddable":true,"href":"https:\/\/aral2.cetrexmarketing.com\/ca\/wp-json\/wp\/v2\/comments?post=116819"}],"wp:featuredmedia":[{"embeddable":true,"href":"https:\/\/aral2.cetrexmarketing.com\/ca\/wp-json\/wp\/v2\/media\/116710"}],"wp:attachment":[{"href":"https:\/\/aral2.cetrexmarketing.com\/ca\/wp-json\/wp\/v2\/media?parent=116819"}],"wp:term":[{"taxonomy":"pwb-brand","embeddable":true,"href":"https:\/\/aral2.cetrexmarketing.com\/ca\/wp-json\/wp\/v2\/pwb-brand?post=116819"},{"taxonomy":"product_brand","embeddable":true,"href":"https:\/\/aral2.cetrexmarketing.com\/ca\/wp-json\/wp\/v2\/product_brand?post=116819"},{"taxonomy":"product_cat","embeddable":true,"href":"https:\/\/aral2.cetrexmarketing.com\/ca\/wp-json\/wp\/v2\/product_cat?post=116819"},{"taxonomy":"product_tag","embeddable":true,"href":"https:\/\/aral2.cetrexmarketing.com\/ca\/wp-json\/wp\/v2\/product_tag?post=116819"}],"curies":[{"name":"wp","href":"https:\/\/api.w.org\/{rel}","templated":true}]}}