{"id":116533,"date":"2025-05-26T14:52:28","date_gmt":"2025-05-26T14:52:28","guid":{"rendered":"https:\/\/aral2.cetrexmarketing.com\/producto\/tast-de-ratafia-lhostia-i-vins-de-can-virgili\/"},"modified":"2025-05-27T08:02:09","modified_gmt":"2025-05-27T08:02:09","slug":"tast-de-ratafia-lhostia-i-vins-de-can-virgili","status":"publish","type":"product","link":"https:\/\/aral2.cetrexmarketing.com\/ca\/producto\/tast-de-ratafia-lhostia-i-vins-de-can-virgili\/","title":{"rendered":"Tast de Ratafia L&#8217;H\u00f2stia i Vins de Can Virgili"},"content":{"rendered":"<p>Divendres 19\/7<\/p>\n<p>de 19h a 21h<\/p>\n<p>a la nostra botiga M\u00f3n La Cata<\/p>\n<p>Aprendrem a fer c\u00f3ctels amb Rataf\u00eda L&#8217;H\u00f2stia i tastarem els vins de Can Virgili.<\/p>\n<p>No t&#8217;ho perdis!<\/p>\n<p>Places limitades<\/p>\n<p>Cancel\u00b7laci\u00f3 v\u00e0lida fins el 16\/7<\/p>\n","protected":false},"excerpt":{"rendered":"<p>Divendres 19\/7 de 19h a 21h a la nostra botiga M\u00f3n La Cata Aprendrem a fer c\u00f3ctels amb Rataf\u00eda L&#8217;H\u00f2stia i tastarem els vins de Can Virgili. No t&#8217;ho perdis! Places limitades Cancel\u00b7laci\u00f3 v\u00e0lida fins el 16\/7<\/p>\n","protected":false},"featured_media":116486,"comment_status":"closed","ping_status":"closed","template":"","meta":{"_acf_changed":false},"pwb-brand":[],"product_brand":[],"product_cat":[51891],"product_tag":[],"class_list":{"0":"post-116533","1":"product","2":"type-product","3":"status-publish","4":"has-post-thumbnail","6":"product_cat-entrades-esdeveniments","7":"entry","8":"has-media","10":"first","11":"outofstock","12":"virtual","13":"taxable","14":"purchasable","15":"product-type-simple"},"acf":[],"yoast_head":"<!-- This site is optimized with the Yoast SEO Premium plugin v23.1 (Yoast SEO v23.5) - https:\/\/yoast.com\/wordpress\/plugins\/seo\/ -->\n<title>Tast de Ratafia L&#039;H\u00f2stia i Vins de Can Virgili - M\u00f3n La Cata<\/title>\n<meta name=\"description\" content=\"Comprar Tast de Ratafia L&#039;H\u00f2stia i Vins de Can Virgili en M\u00f3n La Cata . Tienda online especilizada en vino y alimentaci\u00f3n. Env\u00edos puntuales y promociones\" \/>\n<meta name=\"robots\" content=\"noindex, follow, max-snippet:-1, max-image-preview:large, max-video-preview:-1\" \/>\n<meta property=\"og:locale\" content=\"ca_ES\" \/>\n<meta property=\"og:type\" content=\"article\" \/>\n<meta property=\"og:title\" content=\"Tast de Ratafia L&#039;H\u00f2stia i Vins de Can Virgili\" \/>\n<meta property=\"og:description\" content=\"Comprar Tast de Ratafia L&#039;H\u00f2stia i Vins de Can Virgili en M\u00f3n La Cata . Tienda online especilizada en vino y alimentaci\u00f3n. Env\u00edos puntuales y promociones\" \/>\n<meta property=\"og:url\" content=\"https:\/\/aral2.cetrexmarketing.com\/ca\/producto\/tast-de-ratafia-lhostia-i-vins-de-can-virgili\/\" \/>\n<meta property=\"og:site_name\" content=\"M\u00f3n La Cata\" \/>\n<meta property=\"article:modified_time\" content=\"2025-05-27T08:02:09+00:00\" \/>\n<meta property=\"og:image\" content=\"https:\/\/aral2.cetrexmarketing.com\/wp-content\/uploads\/2025\/05\/CARTELL-TAST-CAN-VIRIGILI-catala-compressed.png\" \/>\n\t<meta property=\"og:image:width\" content=\"1080\" \/>\n\t<meta property=\"og:image:height\" content=\"1350\" \/>\n\t<meta property=\"og:image:type\" content=\"image\/png\" \/>\n<meta name=\"twitter:card\" content=\"summary_large_image\" \/>\n<meta name=\"twitter:label1\" content=\"Temps estimat de lectura\" \/>\n\t<meta name=\"twitter:data1\" content=\"1 minut\" \/>\n<script type=\"application\/ld+json\" class=\"yoast-schema-graph\">{\"@context\":\"https:\/\/schema.org\",\"@graph\":[{\"@type\":\"WebPage\",\"@id\":\"https:\/\/aral2.cetrexmarketing.com\/ca\/producto\/tast-de-ratafia-lhostia-i-vins-de-can-virgili\/\",\"url\":\"https:\/\/aral2.cetrexmarketing.com\/ca\/producto\/tast-de-ratafia-lhostia-i-vins-de-can-virgili\/\",\"name\":\"Tast de Ratafia L'H\u00f2stia i Vins de Can Virgili - M\u00f3n La Cata\",\"isPartOf\":{\"@id\":\"https:\/\/aral2.cetrexmarketing.com\/#website\"},\"primaryImageOfPage\":{\"@id\":\"https:\/\/aral2.cetrexmarketing.com\/ca\/producto\/tast-de-ratafia-lhostia-i-vins-de-can-virgili\/#primaryimage\"},\"image\":{\"@id\":\"https:\/\/aral2.cetrexmarketing.com\/ca\/producto\/tast-de-ratafia-lhostia-i-vins-de-can-virgili\/#primaryimage\"},\"thumbnailUrl\":\"https:\/\/aral2.cetrexmarketing.com\/wp-content\/uploads\/2025\/05\/CARTELL-TAST-CAN-VIRIGILI-catala-compressed.png\",\"datePublished\":\"2025-05-26T14:52:28+00:00\",\"dateModified\":\"2025-05-27T08:02:09+00:00\",\"description\":\"Comprar Tast de Ratafia L'H\u00f2stia i Vins de Can Virgili en M\u00f3n La Cata . Tienda online especilizada en vino y alimentaci\u00f3n. Env\u00edos puntuales y promociones\",\"breadcrumb\":{\"@id\":\"https:\/\/aral2.cetrexmarketing.com\/ca\/producto\/tast-de-ratafia-lhostia-i-vins-de-can-virgili\/#breadcrumb\"},\"inLanguage\":\"ca\",\"potentialAction\":[{\"@type\":\"ReadAction\",\"target\":[\"https:\/\/aral2.cetrexmarketing.com\/ca\/producto\/tast-de-ratafia-lhostia-i-vins-de-can-virgili\/\"]}]},{\"@type\":\"ImageObject\",\"inLanguage\":\"ca\",\"@id\":\"https:\/\/aral2.cetrexmarketing.com\/ca\/producto\/tast-de-ratafia-lhostia-i-vins-de-can-virgili\/#primaryimage\",\"url\":\"https:\/\/aral2.cetrexmarketing.com\/wp-content\/uploads\/2025\/05\/CARTELL-TAST-CAN-VIRIGILI-catala-compressed.png\",\"contentUrl\":\"https:\/\/aral2.cetrexmarketing.com\/wp-content\/uploads\/2025\/05\/CARTELL-TAST-CAN-VIRIGILI-catala-compressed.png\",\"width\":1080,\"height\":1350},{\"@type\":\"BreadcrumbList\",\"@id\":\"https:\/\/aral2.cetrexmarketing.com\/ca\/producto\/tast-de-ratafia-lhostia-i-vins-de-can-virgili\/#breadcrumb\",\"itemListElement\":[{\"@type\":\"ListItem\",\"position\":1,\"name\":\"Home\",\"item\":\"https:\/\/aral2.cetrexmarketing.com\/ca\/\"},{\"@type\":\"ListItem\",\"position\":2,\"name\":\"Tienda\",\"item\":\"https:\/\/aral2.cetrexmarketing.com\/ca\/tienda-2\/\"},{\"@type\":\"ListItem\",\"position\":3,\"name\":\"Entradas eventos\",\"item\":\"https:\/\/aral2.cetrexmarketing.com\/categoria-producto\/inicio\/entradas-eventos\/\"},{\"@type\":\"ListItem\",\"position\":4,\"name\":\"Tast de Ratafia L&#8217;H\u00f2stia i Vins de Can Virgili\"}]},{\"@type\":\"WebSite\",\"@id\":\"https:\/\/aral2.cetrexmarketing.com\/#website\",\"url\":\"https:\/\/aral2.cetrexmarketing.com\/\",\"name\":\"M\u00f3n La Cata\",\"description\":\"Tienda de vinos, licores, cervezas y gourmet\",\"publisher\":{\"@id\":\"https:\/\/aral2.cetrexmarketing.com\/#organization\"},\"potentialAction\":[{\"@type\":\"SearchAction\",\"target\":{\"@type\":\"EntryPoint\",\"urlTemplate\":\"https:\/\/aral2.cetrexmarketing.com\/?s={search_term_string}\"},\"query-input\":{\"@type\":\"PropertyValueSpecification\",\"valueRequired\":true,\"valueName\":\"search_term_string\"}}],\"inLanguage\":\"ca\"},{\"@type\":\"Organization\",\"@id\":\"https:\/\/aral2.cetrexmarketing.com\/#organization\",\"name\":\"M\u00f3n La Cata\",\"url\":\"https:\/\/aral2.cetrexmarketing.com\/\",\"logo\":{\"@type\":\"ImageObject\",\"inLanguage\":\"ca\",\"@id\":\"https:\/\/aral2.cetrexmarketing.com\/#\/schema\/logo\/image\/\",\"url\":\"https:\/\/aral2.cetrexmarketing.com\/wp-content\/uploads\/2024\/10\/aral-logo-neg-1024x409-1.png\",\"contentUrl\":\"https:\/\/aral2.cetrexmarketing.com\/wp-content\/uploads\/2024\/10\/aral-logo-neg-1024x409-1.png\",\"width\":1024,\"height\":409,\"caption\":\"M\u00f3n La Cata\"},\"image\":{\"@id\":\"https:\/\/aral2.cetrexmarketing.com\/#\/schema\/logo\/image\/\"}}]}<\/script>\n<!-- \/ Yoast SEO Premium plugin. -->","yoast_head_json":{"title":"Tast de Ratafia L'H\u00f2stia i Vins de Can Virgili - M\u00f3n La Cata","description":"Comprar Tast de Ratafia L'H\u00f2stia i Vins de Can Virgili en M\u00f3n La Cata . Tienda online especilizada en vino y alimentaci\u00f3n. Env\u00edos puntuales y promociones","robots":{"index":"noindex","follow":"follow","max-snippet":"max-snippet:-1","max-image-preview":"max-image-preview:large","max-video-preview":"max-video-preview:-1"},"og_locale":"ca_ES","og_type":"article","og_title":"Tast de Ratafia L'H\u00f2stia i Vins de Can Virgili","og_description":"Comprar Tast de Ratafia L'H\u00f2stia i Vins de Can Virgili en M\u00f3n La Cata . Tienda online especilizada en vino y alimentaci\u00f3n. Env\u00edos puntuales y promociones","og_url":"https:\/\/aral2.cetrexmarketing.com\/ca\/producto\/tast-de-ratafia-lhostia-i-vins-de-can-virgili\/","og_site_name":"M\u00f3n La Cata","article_modified_time":"2025-05-27T08:02:09+00:00","og_image":[{"width":1080,"height":1350,"url":"https:\/\/aral2.cetrexmarketing.com\/wp-content\/uploads\/2025\/05\/CARTELL-TAST-CAN-VIRIGILI-catala-compressed.png","type":"image\/png"}],"twitter_card":"summary_large_image","twitter_misc":{"Temps estimat de lectura":"1 minut"},"schema":{"@context":"https:\/\/schema.org","@graph":[{"@type":"WebPage","@id":"https:\/\/aral2.cetrexmarketing.com\/ca\/producto\/tast-de-ratafia-lhostia-i-vins-de-can-virgili\/","url":"https:\/\/aral2.cetrexmarketing.com\/ca\/producto\/tast-de-ratafia-lhostia-i-vins-de-can-virgili\/","name":"Tast de Ratafia L'H\u00f2stia i Vins de Can Virgili - M\u00f3n La Cata","isPartOf":{"@id":"https:\/\/aral2.cetrexmarketing.com\/#website"},"primaryImageOfPage":{"@id":"https:\/\/aral2.cetrexmarketing.com\/ca\/producto\/tast-de-ratafia-lhostia-i-vins-de-can-virgili\/#primaryimage"},"image":{"@id":"https:\/\/aral2.cetrexmarketing.com\/ca\/producto\/tast-de-ratafia-lhostia-i-vins-de-can-virgili\/#primaryimage"},"thumbnailUrl":"https:\/\/aral2.cetrexmarketing.com\/wp-content\/uploads\/2025\/05\/CARTELL-TAST-CAN-VIRIGILI-catala-compressed.png","datePublished":"2025-05-26T14:52:28+00:00","dateModified":"2025-05-27T08:02:09+00:00","description":"Comprar Tast de Ratafia L'H\u00f2stia i Vins de Can Virgili en M\u00f3n La Cata . Tienda online especilizada en vino y alimentaci\u00f3n. Env\u00edos puntuales y promociones","breadcrumb":{"@id":"https:\/\/aral2.cetrexmarketing.com\/ca\/producto\/tast-de-ratafia-lhostia-i-vins-de-can-virgili\/#breadcrumb"},"inLanguage":"ca","potentialAction":[{"@type":"ReadAction","target":["https:\/\/aral2.cetrexmarketing.com\/ca\/producto\/tast-de-ratafia-lhostia-i-vins-de-can-virgili\/"]}]},{"@type":"ImageObject","inLanguage":"ca","@id":"https:\/\/aral2.cetrexmarketing.com\/ca\/producto\/tast-de-ratafia-lhostia-i-vins-de-can-virgili\/#primaryimage","url":"https:\/\/aral2.cetrexmarketing.com\/wp-content\/uploads\/2025\/05\/CARTELL-TAST-CAN-VIRIGILI-catala-compressed.png","contentUrl":"https:\/\/aral2.cetrexmarketing.com\/wp-content\/uploads\/2025\/05\/CARTELL-TAST-CAN-VIRIGILI-catala-compressed.png","width":1080,"height":1350},{"@type":"BreadcrumbList","@id":"https:\/\/aral2.cetrexmarketing.com\/ca\/producto\/tast-de-ratafia-lhostia-i-vins-de-can-virgili\/#breadcrumb","itemListElement":[{"@type":"ListItem","position":1,"name":"Home","item":"https:\/\/aral2.cetrexmarketing.com\/ca\/"},{"@type":"ListItem","position":2,"name":"Tienda","item":"https:\/\/aral2.cetrexmarketing.com\/ca\/tienda-2\/"},{"@type":"ListItem","position":3,"name":"Entradas eventos","item":"https:\/\/aral2.cetrexmarketing.com\/categoria-producto\/inicio\/entradas-eventos\/"},{"@type":"ListItem","position":4,"name":"Tast de Ratafia L&#8217;H\u00f2stia i Vins de Can Virgili"}]},{"@type":"WebSite","@id":"https:\/\/aral2.cetrexmarketing.com\/#website","url":"https:\/\/aral2.cetrexmarketing.com\/","name":"M\u00f3n La Cata","description":"Tienda de vinos, licores, cervezas y gourmet","publisher":{"@id":"https:\/\/aral2.cetrexmarketing.com\/#organization"},"potentialAction":[{"@type":"SearchAction","target":{"@type":"EntryPoint","urlTemplate":"https:\/\/aral2.cetrexmarketing.com\/?s={search_term_string}"},"query-input":{"@type":"PropertyValueSpecification","valueRequired":true,"valueName":"search_term_string"}}],"inLanguage":"ca"},{"@type":"Organization","@id":"https:\/\/aral2.cetrexmarketing.com\/#organization","name":"M\u00f3n La Cata","url":"https:\/\/aral2.cetrexmarketing.com\/","logo":{"@type":"ImageObject","inLanguage":"ca","@id":"https:\/\/aral2.cetrexmarketing.com\/#\/schema\/logo\/image\/","url":"https:\/\/aral2.cetrexmarketing.com\/wp-content\/uploads\/2024\/10\/aral-logo-neg-1024x409-1.png","contentUrl":"https:\/\/aral2.cetrexmarketing.com\/wp-content\/uploads\/2024\/10\/aral-logo-neg-1024x409-1.png","width":1024,"height":409,"caption":"M\u00f3n La Cata"},"image":{"@id":"https:\/\/aral2.cetrexmarketing.com\/#\/schema\/logo\/image\/"}}]}},"brands":[],"_links":{"self":[{"href":"https:\/\/aral2.cetrexmarketing.com\/ca\/wp-json\/wp\/v2\/product\/116533","targetHints":{"allow":["GET"]}}],"collection":[{"href":"https:\/\/aral2.cetrexmarketing.com\/ca\/wp-json\/wp\/v2\/product"}],"about":[{"href":"https:\/\/aral2.cetrexmarketing.com\/ca\/wp-json\/wp\/v2\/types\/product"}],"replies":[{"embeddable":true,"href":"https:\/\/aral2.cetrexmarketing.com\/ca\/wp-json\/wp\/v2\/comments?post=116533"}],"wp:featuredmedia":[{"embeddable":true,"href":"https:\/\/aral2.cetrexmarketing.com\/ca\/wp-json\/wp\/v2\/media\/116486"}],"wp:attachment":[{"href":"https:\/\/aral2.cetrexmarketing.com\/ca\/wp-json\/wp\/v2\/media?parent=116533"}],"wp:term":[{"taxonomy":"pwb-brand","embeddable":true,"href":"https:\/\/aral2.cetrexmarketing.com\/ca\/wp-json\/wp\/v2\/pwb-brand?post=116533"},{"taxonomy":"product_brand","embeddable":true,"href":"https:\/\/aral2.cetrexmarketing.com\/ca\/wp-json\/wp\/v2\/product_brand?post=116533"},{"taxonomy":"product_cat","embeddable":true,"href":"https:\/\/aral2.cetrexmarketing.com\/ca\/wp-json\/wp\/v2\/product_cat?post=116533"},{"taxonomy":"product_tag","embeddable":true,"href":"https:\/\/aral2.cetrexmarketing.com\/ca\/wp-json\/wp\/v2\/product_tag?post=116533"}],"curies":[{"name":"wp","href":"https:\/\/api.w.org\/{rel}","templated":true}]}}