{"id":116286,"date":"2025-05-26T14:49:24","date_gmt":"2025-05-26T14:49:24","guid":{"rendered":"https:\/\/aral2.cetrexmarketing.com\/producto\/macallan-30-anys-sherry-oak\/"},"modified":"2025-05-27T08:01:45","modified_gmt":"2025-05-27T08:01:45","slug":"macallan-30-anys-sherry-oak","status":"publish","type":"product","link":"https:\/\/aral2.cetrexmarketing.com\/ca\/producto\/macallan-30-anys-sherry-oak\/","title":{"rendered":"Macallan 30 Anys Sherry Oak"},"content":{"rendered":"<div class=\"flex-1 overflow-hidden\">\n<div class=\"react-scroll-to-bottom--css-rihaf-79elbk h-full\">\n<div class=\"react-scroll-to-bottom--css-rihaf-1n7m0yu\">\n<div>\n<div class=\"flex flex-col text-sm md:pb-9\">\n<div class=\"w-full text-token-text-primary\" dir=\"auto\" data-testid=\"conversation-turn-33\" data-scroll-anchor=\"true\">\n<div class=\"py-2 juice:py-[18px] px-3 text-base md:px-4 m-auto md:px-5 lg:px-1 xl:px-5\">\n<div class=\"mx-auto flex flex-1 gap-3 text-base juice:gap-4 juice:md:gap-5 juice:lg:gap-6 md:max-w-3xl\">\n<div class=\"group\/conversation-turn relative flex w-full min-w-0 flex-col agent-turn\">\n<div class=\"flex-col gap-1 md:gap-3\">\n<div class=\"flex flex-grow flex-col max-w-full\">\n<div class=\"min-h-[20px] text-message flex flex-col items-start whitespace-pre-wrap break-words [.text-message+&amp;]:mt-5 juice:w-full juice:items-end overflow-x-auto gap-2\" dir=\"auto\" data-message-author-role=\"assistant\" data-message-id=\"d3f579ef-07b9-43dd-880b-e7055b5c62ff\">\n<div class=\"flex w-full flex-col gap-1 juice:empty:hidden juice:first:pt-[3px]\">\n<div class=\"markdown prose w-full break-words dark:prose-invert light\"><\/div>\n<\/div>\n<\/div>\n<\/div>\n<\/div>\n<\/div>\n<\/div>\n<\/div>\n<\/div>\n<\/div>\n<\/div>\n<\/div>\n<\/div>\n<\/div>\n<div class=\"w-full md:pt-0 dark:border-white\/20 md:border-transparent md:dark:border-transparent md:w-[calc(100%-.5rem)] juice:w-full\">\n<div class=\"px-3 text-base md:px-4 m-auto md:px-5 lg:px-1 xl:px-5\">\n<div class=\"mx-auto flex flex-1 gap-3 text-base juice:gap-4 juice:md:gap-5 juice:lg:gap-6 md:max-w-3xl\">\n<form class=\"w-full\">\n<div class=\"relative flex h-full max-w-full flex-1 flex-col\">\n<div class=\"absolute bottom-full left-0 right-0 z-20\">\n<p>El Macallan 30 anys Sherry Oak \u00e9s un whisky de prestigi que exemplifica l&#8217;excel\u00b7l\u00e8ncia en la destil\u00b7laci\u00f3. Aquest whisky es distingeix per la seva prolongada maduraci\u00f3 en barrils de roure europeu impregnats de xeres olor\u00f3s, rigorosament seleccionats pels mestres destil\u00b7ladors de Macallan. L&#8217;elecci\u00f3 meticulosa dels barrils assegura una riquesa i una profunditat de sabors incomparable.<\/p>\n<p>El proc\u00e9s d&#8217;elaboraci\u00f3 comen\u00e7a amb la selecci\u00f3 estricta de barrils de roure europeu, pr\u00e8viament envellits amb xeres olor\u00f3s, que aporten notes especiades i matisos profunds. Durant els 30 anys d&#8217;envelliment, el whisky absorbeix les qualitats \u00faniques de la fusta i el xeres desenvolupant una complexitat arom\u00e0tica i una profunditat de sabor excepcionals. La interacci\u00f3 prolongada amb els barrils de txeres europees confereix al Macallan 30 anys una sofisticaci\u00f3 i una eleg\u00e0ncia inigualables, amb cada any d&#8217;envelliment afegint capes de sabor i riquesa.<\/p>\n<p>Els sabors del Macallan 30 Anys Sherry Oak s\u00f3n profundament sofisticats i equilibrats. Al nas, ofereix aromes riques de xocolata negra, fruits secs, taronja confitada, mel i esp\u00e8cies c\u00e0lides com la canyella i el clau. A la boca, desplega una paleta complexa amb notes de caramel, figues, panses i un toc subtil de roure torrat. Les esp\u00e8cies, com la canyella i la nou moscada, afegeixen profunditat, mentre que el final \u00e9s llarg i persistent, deixant una sensaci\u00f3 c\u00e0lida i satisfact\u00f2ria amb matisos de xocolata i roure especiat.<\/p>\n<h6>Maridatge<\/h6>\n<p>Pel que fa al maridatge, el Macallan 30 Anys Sherry Oak es pot combinar amb formatges curats de gran qualitat, com el Parmes\u00e0 Reggiano o el Comt\u00e9, que harmonitzen amb les notes especiades i afruitades del whisky. Tamb\u00e9 \u00e9s ideal amb postres sofisticades com el past\u00eds de xocolata negra intensa o el cr\u00e8me br\u00fbl\u00e9e, que ressalten les notes de caramel i xocolata del whisky. Per a aquells que prefereixen un maridatge salat, les carns vermelles selectes com el filet mignon o el c\u00e9rvol a la graella s\u00f3n una opci\u00f3 excel\u00b7lent. La intensitat i textura de la carn complementen la riquesa del whisky, creant una experi\u00e8ncia gastron\u00f2mica veritablement inoblidable.<\/p>\n<\/div>\n<div class=\"flex w-full items-center\">\n<div class=\"flex w-full flex-col gap-1.5 rounded-[26px] p-1.5 transition-colors bg-[#f4f4f4] dark:bg-token-main-surface-secondary\">\n<div class=\"flex items-end gap-1.5 md:gap-2\">\n<div class=\"\">\n<div class=\"flex flex-col\"><\/div>\n<\/div>\n<div class=\"flex min-w-0 flex-1 flex-col\"><\/div>\n<\/div>\n<\/div>\n<\/div>\n<\/div>\n<\/form>\n<\/div>\n<\/div>\n<\/div>\n","protected":false},"excerpt":{"rendered":"<p><strong>Macallan 30 anys Sherry Oa<\/strong> k \u00e9s un whisky de prestigi que exemplifica l&#8217;excel\u00b7l\u00e8ncia en la destil\u00b7laci\u00f3. Aquest whisky es distingeix per la seva prolongada maduraci\u00f3 en barrils de roure europeu impregnats de ch\u00e9rez oloroso, rigorosament seleccionats pels mestres destil\u00b7ladors de Macallan. L&#8217;elecci\u00f3 meticulosa dels barrils assegura una riquesa i una profunditat de sabors incomparable.<\/p>\n<p>El proc\u00e9s d&#8217;elaboraci\u00f3 comen\u00e7a amb la selecci\u00f3 estricta de barrils de roure europeu, pr\u00e8viament envellits amb ch\u00e9rez olor\u00f3s, que aporten notes especiades i matisos profunds. Durant els 30 anys d&#8217;envelliment, el whisky absorbeix les qualitats \u00faniques de la fusta i el ch\u00e9rez, desenvolupant una complexitat arom\u00e0tica i una profunditat de sabor excepcionals. La interacci\u00f3 prolongada amb els barrils de txeres europees confereix al Macallan 30 anys una sofisticaci\u00f3 i una eleg\u00e0ncia inigualables, amb cada any d&#8217;envelliment afegint capes de sabor i riquesa.<\/p>\n","protected":false},"featured_media":116283,"comment_status":"closed","ping_status":"closed","template":"","meta":{"_acf_changed":false},"pwb-brand":[],"product_brand":[],"product_cat":[51692,51776,51722,51723],"product_tag":[17496,50644,50643,15261],"class_list":{"0":"post-116286","1":"product","2":"type-product","3":"status-publish","4":"has-post-thumbnail","6":"product_cat-destillats","7":"product_cat-highland-single-malt-scotch-whisky-whisky-escocia-whisky-destillats","8":"product_cat-whisky-destillats","9":"product_cat-whisky-escocia-whisky-destillats","10":"product_tag-macallan-ca","11":"product_tag-macallan-30-ca","12":"product_tag-macallan-30-anys-sherry-oak","13":"product_tag-whisky-ca","14":"product_shipping_class-7-10-dias-2","15":"pa_destileria-themacallandistillers-ca","16":"pa_do-highland-i-g-p-escocia","17":"pa_formatoenml-38307","18":"pa_graduacion-43_0","19":"pa_pais-escocia-ca-2","20":"pa_pueblociudad-easterelchiescraigellachie","21":"pa_region-highland","22":"pa_subregion-speyside","23":"entry","24":"has-media","26":"first","27":"onbackorder","28":"taxable","29":"shipping-taxable","30":"purchasable","31":"product-type-simple"},"acf":[],"yoast_head":"<!-- This site is optimized with the Yoast SEO Premium plugin v23.1 (Yoast SEO v23.5) - https:\/\/yoast.com\/wordpress\/plugins\/seo\/ -->\n<title>Macallan 30 Anys Sherry Oak - M\u00f3n La Cata<\/title>\n<meta name=\"description\" content=\"Comprar en l\u00ednia al millor preu el whisky Macallan 30 Anys Sherry Oak. Web especialitzada en destil\u00b7lats, vins, cerveses i alimentaci\u00f3 gurmet.\" \/>\n<meta name=\"robots\" content=\"noindex, follow, max-snippet:-1, max-image-preview:large, max-video-preview:-1\" \/>\n<meta property=\"og:locale\" content=\"ca_ES\" \/>\n<meta property=\"og:type\" content=\"article\" \/>\n<meta property=\"og:title\" content=\"Macallan 30 Anys Sherry Oak\" \/>\n<meta property=\"og:description\" content=\"Comprar en l\u00ednia al millor preu el whisky Macallan 30 Anys Sherry Oak. Web especialitzada en destil\u00b7lats, vins, cerveses i alimentaci\u00f3 gurmet.\" \/>\n<meta property=\"og:url\" content=\"https:\/\/aral2.cetrexmarketing.com\/ca\/producto\/macallan-30-anys-sherry-oak\/\" \/>\n<meta property=\"og:site_name\" content=\"M\u00f3n La Cata\" \/>\n<meta property=\"article:modified_time\" content=\"2025-05-27T08:01:45+00:00\" \/>\n<meta property=\"og:image\" content=\"https:\/\/aral2.cetrexmarketing.com\/wp-content\/uploads\/2025\/05\/macallan-30-sherry-oak.jpg-1.png\" \/>\n\t<meta property=\"og:image:width\" content=\"765\" \/>\n\t<meta property=\"og:image:height\" content=\"1024\" \/>\n\t<meta property=\"og:image:type\" content=\"image\/png\" \/>\n<meta name=\"twitter:card\" content=\"summary_large_image\" \/>\n<meta name=\"twitter:label1\" content=\"Temps estimat de lectura\" \/>\n\t<meta name=\"twitter:data1\" content=\"2 minuts\" \/>\n<script type=\"application\/ld+json\" class=\"yoast-schema-graph\">{\"@context\":\"https:\/\/schema.org\",\"@graph\":[{\"@type\":\"WebPage\",\"@id\":\"https:\/\/aral2.cetrexmarketing.com\/ca\/producto\/macallan-30-anys-sherry-oak\/\",\"url\":\"https:\/\/aral2.cetrexmarketing.com\/ca\/producto\/macallan-30-anys-sherry-oak\/\",\"name\":\"Macallan 30 Anys Sherry Oak - M\u00f3n La Cata\",\"isPartOf\":{\"@id\":\"https:\/\/aral2.cetrexmarketing.com\/#website\"},\"primaryImageOfPage\":{\"@id\":\"https:\/\/aral2.cetrexmarketing.com\/ca\/producto\/macallan-30-anys-sherry-oak\/#primaryimage\"},\"image\":{\"@id\":\"https:\/\/aral2.cetrexmarketing.com\/ca\/producto\/macallan-30-anys-sherry-oak\/#primaryimage\"},\"thumbnailUrl\":\"https:\/\/aral2.cetrexmarketing.com\/wp-content\/uploads\/2025\/05\/macallan-30-sherry-oak.jpg-1.png\",\"datePublished\":\"2025-05-26T14:49:24+00:00\",\"dateModified\":\"2025-05-27T08:01:45+00:00\",\"description\":\"Comprar en l\u00ednia al millor preu el whisky Macallan 30 Anys Sherry Oak. Web especialitzada en destil\u00b7lats, vins, cerveses i alimentaci\u00f3 gurmet.\",\"breadcrumb\":{\"@id\":\"https:\/\/aral2.cetrexmarketing.com\/ca\/producto\/macallan-30-anys-sherry-oak\/#breadcrumb\"},\"inLanguage\":\"ca\",\"potentialAction\":[{\"@type\":\"ReadAction\",\"target\":[\"https:\/\/aral2.cetrexmarketing.com\/ca\/producto\/macallan-30-anys-sherry-oak\/\"]}]},{\"@type\":\"ImageObject\",\"inLanguage\":\"ca\",\"@id\":\"https:\/\/aral2.cetrexmarketing.com\/ca\/producto\/macallan-30-anys-sherry-oak\/#primaryimage\",\"url\":\"https:\/\/aral2.cetrexmarketing.com\/wp-content\/uploads\/2025\/05\/macallan-30-sherry-oak.jpg-1.png\",\"contentUrl\":\"https:\/\/aral2.cetrexmarketing.com\/wp-content\/uploads\/2025\/05\/macallan-30-sherry-oak.jpg-1.png\",\"width\":765,\"height\":1024},{\"@type\":\"BreadcrumbList\",\"@id\":\"https:\/\/aral2.cetrexmarketing.com\/ca\/producto\/macallan-30-anys-sherry-oak\/#breadcrumb\",\"itemListElement\":[{\"@type\":\"ListItem\",\"position\":1,\"name\":\"Home\",\"item\":\"https:\/\/aral2.cetrexmarketing.com\/ca\/\"},{\"@type\":\"ListItem\",\"position\":2,\"name\":\"Tienda\",\"item\":\"https:\/\/aral2.cetrexmarketing.com\/ca\/tienda-2\/\"},{\"@type\":\"ListItem\",\"position\":3,\"name\":\"Destilados\",\"item\":\"https:\/\/aral2.cetrexmarketing.com\/categoria-producto\/inicio\/destilados\/\"},{\"@type\":\"ListItem\",\"position\":4,\"name\":\"Macallan 30 Anys Sherry Oak\"}]},{\"@type\":\"WebSite\",\"@id\":\"https:\/\/aral2.cetrexmarketing.com\/#website\",\"url\":\"https:\/\/aral2.cetrexmarketing.com\/\",\"name\":\"M\u00f3n La Cata\",\"description\":\"Tienda de vinos, licores, cervezas y gourmet\",\"publisher\":{\"@id\":\"https:\/\/aral2.cetrexmarketing.com\/#organization\"},\"potentialAction\":[{\"@type\":\"SearchAction\",\"target\":{\"@type\":\"EntryPoint\",\"urlTemplate\":\"https:\/\/aral2.cetrexmarketing.com\/?s={search_term_string}\"},\"query-input\":{\"@type\":\"PropertyValueSpecification\",\"valueRequired\":true,\"valueName\":\"search_term_string\"}}],\"inLanguage\":\"ca\"},{\"@type\":\"Organization\",\"@id\":\"https:\/\/aral2.cetrexmarketing.com\/#organization\",\"name\":\"M\u00f3n La Cata\",\"url\":\"https:\/\/aral2.cetrexmarketing.com\/\",\"logo\":{\"@type\":\"ImageObject\",\"inLanguage\":\"ca\",\"@id\":\"https:\/\/aral2.cetrexmarketing.com\/#\/schema\/logo\/image\/\",\"url\":\"https:\/\/aral2.cetrexmarketing.com\/wp-content\/uploads\/2024\/10\/aral-logo-neg-1024x409-1.png\",\"contentUrl\":\"https:\/\/aral2.cetrexmarketing.com\/wp-content\/uploads\/2024\/10\/aral-logo-neg-1024x409-1.png\",\"width\":1024,\"height\":409,\"caption\":\"M\u00f3n La Cata\"},\"image\":{\"@id\":\"https:\/\/aral2.cetrexmarketing.com\/#\/schema\/logo\/image\/\"}}]}<\/script>\n<!-- \/ Yoast SEO Premium plugin. -->","yoast_head_json":{"title":"Macallan 30 Anys Sherry Oak - M\u00f3n La Cata","description":"Comprar en l\u00ednia al millor preu el whisky Macallan 30 Anys Sherry Oak. Web especialitzada en destil\u00b7lats, vins, cerveses i alimentaci\u00f3 gurmet.","robots":{"index":"noindex","follow":"follow","max-snippet":"max-snippet:-1","max-image-preview":"max-image-preview:large","max-video-preview":"max-video-preview:-1"},"og_locale":"ca_ES","og_type":"article","og_title":"Macallan 30 Anys Sherry Oak","og_description":"Comprar en l\u00ednia al millor preu el whisky Macallan 30 Anys Sherry Oak. Web especialitzada en destil\u00b7lats, vins, cerveses i alimentaci\u00f3 gurmet.","og_url":"https:\/\/aral2.cetrexmarketing.com\/ca\/producto\/macallan-30-anys-sherry-oak\/","og_site_name":"M\u00f3n La Cata","article_modified_time":"2025-05-27T08:01:45+00:00","og_image":[{"width":765,"height":1024,"url":"https:\/\/aral2.cetrexmarketing.com\/wp-content\/uploads\/2025\/05\/macallan-30-sherry-oak.jpg-1.png","type":"image\/png"}],"twitter_card":"summary_large_image","twitter_misc":{"Temps estimat de lectura":"2 minuts"},"schema":{"@context":"https:\/\/schema.org","@graph":[{"@type":"WebPage","@id":"https:\/\/aral2.cetrexmarketing.com\/ca\/producto\/macallan-30-anys-sherry-oak\/","url":"https:\/\/aral2.cetrexmarketing.com\/ca\/producto\/macallan-30-anys-sherry-oak\/","name":"Macallan 30 Anys Sherry Oak - M\u00f3n La Cata","isPartOf":{"@id":"https:\/\/aral2.cetrexmarketing.com\/#website"},"primaryImageOfPage":{"@id":"https:\/\/aral2.cetrexmarketing.com\/ca\/producto\/macallan-30-anys-sherry-oak\/#primaryimage"},"image":{"@id":"https:\/\/aral2.cetrexmarketing.com\/ca\/producto\/macallan-30-anys-sherry-oak\/#primaryimage"},"thumbnailUrl":"https:\/\/aral2.cetrexmarketing.com\/wp-content\/uploads\/2025\/05\/macallan-30-sherry-oak.jpg-1.png","datePublished":"2025-05-26T14:49:24+00:00","dateModified":"2025-05-27T08:01:45+00:00","description":"Comprar en l\u00ednia al millor preu el whisky Macallan 30 Anys Sherry Oak. Web especialitzada en destil\u00b7lats, vins, cerveses i alimentaci\u00f3 gurmet.","breadcrumb":{"@id":"https:\/\/aral2.cetrexmarketing.com\/ca\/producto\/macallan-30-anys-sherry-oak\/#breadcrumb"},"inLanguage":"ca","potentialAction":[{"@type":"ReadAction","target":["https:\/\/aral2.cetrexmarketing.com\/ca\/producto\/macallan-30-anys-sherry-oak\/"]}]},{"@type":"ImageObject","inLanguage":"ca","@id":"https:\/\/aral2.cetrexmarketing.com\/ca\/producto\/macallan-30-anys-sherry-oak\/#primaryimage","url":"https:\/\/aral2.cetrexmarketing.com\/wp-content\/uploads\/2025\/05\/macallan-30-sherry-oak.jpg-1.png","contentUrl":"https:\/\/aral2.cetrexmarketing.com\/wp-content\/uploads\/2025\/05\/macallan-30-sherry-oak.jpg-1.png","width":765,"height":1024},{"@type":"BreadcrumbList","@id":"https:\/\/aral2.cetrexmarketing.com\/ca\/producto\/macallan-30-anys-sherry-oak\/#breadcrumb","itemListElement":[{"@type":"ListItem","position":1,"name":"Home","item":"https:\/\/aral2.cetrexmarketing.com\/ca\/"},{"@type":"ListItem","position":2,"name":"Tienda","item":"https:\/\/aral2.cetrexmarketing.com\/ca\/tienda-2\/"},{"@type":"ListItem","position":3,"name":"Destilados","item":"https:\/\/aral2.cetrexmarketing.com\/categoria-producto\/inicio\/destilados\/"},{"@type":"ListItem","position":4,"name":"Macallan 30 Anys Sherry Oak"}]},{"@type":"WebSite","@id":"https:\/\/aral2.cetrexmarketing.com\/#website","url":"https:\/\/aral2.cetrexmarketing.com\/","name":"M\u00f3n La Cata","description":"Tienda de vinos, licores, cervezas y gourmet","publisher":{"@id":"https:\/\/aral2.cetrexmarketing.com\/#organization"},"potentialAction":[{"@type":"SearchAction","target":{"@type":"EntryPoint","urlTemplate":"https:\/\/aral2.cetrexmarketing.com\/?s={search_term_string}"},"query-input":{"@type":"PropertyValueSpecification","valueRequired":true,"valueName":"search_term_string"}}],"inLanguage":"ca"},{"@type":"Organization","@id":"https:\/\/aral2.cetrexmarketing.com\/#organization","name":"M\u00f3n La Cata","url":"https:\/\/aral2.cetrexmarketing.com\/","logo":{"@type":"ImageObject","inLanguage":"ca","@id":"https:\/\/aral2.cetrexmarketing.com\/#\/schema\/logo\/image\/","url":"https:\/\/aral2.cetrexmarketing.com\/wp-content\/uploads\/2024\/10\/aral-logo-neg-1024x409-1.png","contentUrl":"https:\/\/aral2.cetrexmarketing.com\/wp-content\/uploads\/2024\/10\/aral-logo-neg-1024x409-1.png","width":1024,"height":409,"caption":"M\u00f3n La Cata"},"image":{"@id":"https:\/\/aral2.cetrexmarketing.com\/#\/schema\/logo\/image\/"}}]}},"brands":[],"_links":{"self":[{"href":"https:\/\/aral2.cetrexmarketing.com\/ca\/wp-json\/wp\/v2\/product\/116286","targetHints":{"allow":["GET"]}}],"collection":[{"href":"https:\/\/aral2.cetrexmarketing.com\/ca\/wp-json\/wp\/v2\/product"}],"about":[{"href":"https:\/\/aral2.cetrexmarketing.com\/ca\/wp-json\/wp\/v2\/types\/product"}],"replies":[{"embeddable":true,"href":"https:\/\/aral2.cetrexmarketing.com\/ca\/wp-json\/wp\/v2\/comments?post=116286"}],"wp:featuredmedia":[{"embeddable":true,"href":"https:\/\/aral2.cetrexmarketing.com\/ca\/wp-json\/wp\/v2\/media\/116283"}],"wp:attachment":[{"href":"https:\/\/aral2.cetrexmarketing.com\/ca\/wp-json\/wp\/v2\/media?parent=116286"}],"wp:term":[{"taxonomy":"pwb-brand","embeddable":true,"href":"https:\/\/aral2.cetrexmarketing.com\/ca\/wp-json\/wp\/v2\/pwb-brand?post=116286"},{"taxonomy":"product_brand","embeddable":true,"href":"https:\/\/aral2.cetrexmarketing.com\/ca\/wp-json\/wp\/v2\/product_brand?post=116286"},{"taxonomy":"product_cat","embeddable":true,"href":"https:\/\/aral2.cetrexmarketing.com\/ca\/wp-json\/wp\/v2\/product_cat?post=116286"},{"taxonomy":"product_tag","embeddable":true,"href":"https:\/\/aral2.cetrexmarketing.com\/ca\/wp-json\/wp\/v2\/product_tag?post=116286"}],"curies":[{"name":"wp","href":"https:\/\/api.w.org\/{rel}","templated":true}]}}