{"id":115628,"date":"2025-05-26T14:39:46","date_gmt":"2025-05-26T14:39:46","guid":{"rendered":"https:\/\/aral2.cetrexmarketing.com\/producto\/del-maguey-san-luis-del-rio\/"},"modified":"2025-05-27T08:00:36","modified_gmt":"2025-05-27T08:00:36","slug":"del-maguey-san-luis-del-rio","status":"publish","type":"product","link":"https:\/\/aral2.cetrexmarketing.com\/ca\/producto\/del-maguey-san-luis-del-rio\/","title":{"rendered":"Del Maguey San Luis del Rio"},"content":{"rendered":"<p><strong>Del Maguey San Luis del Rio Mezcal<\/strong> es un mezcal artesanal de <strong>M\u00e9xico<\/strong> conocido por su calidad y sabor distintivo. Su <strong>elaboraci\u00f3n<\/strong> comienza con la selecci\u00f3n de <strong>agaves Espad\u00edn<\/strong> cultivados en las monta\u00f1as de San Luis del R\u00edo, Oaxaca. Los agaves, una vez maduros, son cosechados a mano y cocidos en un horno de piedra tradicional alimentado con madera, lo que imparte al mezcal su caracter\u00edstico sabor ahumado.<\/p>\n<p>Despu\u00e9s de la cocci\u00f3n, los agaves son triturados utilizando una tahona tirada por caballos. El jugo resultante se fermenta en tinas de madera abierta con levaduras naturales, un proceso que puede durar de siete a diez d\u00edas dependiendo de las condiciones clim\u00e1ticas. Posteriormente, el mosto fermentado se destila dos veces en peque\u00f1os alambiques de cobre, obteniendo un mezcal puro y de alta calidad.<\/p>\n<p>En cuanto al <strong>maridaje<\/strong>, Del Maguey San Luis del Rio Mezcal es muy vers\u00e1til. Sus notas ahumadas y sabores complejos lo hacen ideal para acompa\u00f1ar una variedad de platos. Combina perfectamente con <strong>carnes asadas<\/strong> y <strong>platos a la parrilla<\/strong>, realzando los sabores de las carnes y a\u00f1adiendo una dimensi\u00f3n extra al paladar. Tambi\u00e9n es excelente con <strong>pescados grasos<\/strong> como el salm\u00f3n y el at\u00fan, as\u00ed como con <strong>mariscos<\/strong>.<\/p>\n<p>Para una experiencia aut\u00e9ntica, puede disfrutarse junto a <strong>tacos<\/strong> de diferentes rellenos, incluyendo cochinita pibil y carnitas. Los <strong>quesos fuertes<\/strong> y <strong>curados<\/strong> tambi\u00e9n son un excelente complemento, equilibrando el sabor robusto del mezcal.<\/p>\n","protected":false},"excerpt":{"rendered":"<p>Del Maguey San Luis del Rio Mezcal es un mezcal artesanal de M\u00e9xico conocido por su calidad y sabor distintivo. Su elaboraci\u00f3n comienza con la selecci\u00f3n de agaves Espad\u00edn cultivados en las monta\u00f1as de San Luis del R\u00edo, Oaxaca. Los agaves, una vez maduros, son cosechados a mano y cocidos en un horno de piedra&hellip;<\/p>\n","protected":false},"featured_media":115626,"comment_status":"closed","ping_status":"closed","template":"","meta":{"_acf_changed":false},"pwb-brand":[],"product_brand":[],"product_cat":[33039,33191],"product_tag":[50067,50066,50068],"class_list":{"0":"post-115628","1":"product","2":"type-product","3":"status-publish","4":"has-post-thumbnail","6":"product_cat-destilados","7":"product_cat-mezcal","8":"product_tag-del-maguey","9":"product_tag-del-maguey-san-luis-del-rio","10":"product_tag-mezcal-del-maguey","11":"pa_formatoenml-38307","12":"pa_graduacion-47_0","13":"pa_pais-mexico","14":"entry","15":"has-media","17":"first","18":"instock","19":"taxable","20":"shipping-taxable","21":"purchasable","22":"product-type-simple"},"acf":[],"yoast_head":"<!-- This site is optimized with the Yoast SEO Premium plugin v23.1 (Yoast SEO v23.5) - https:\/\/yoast.com\/wordpress\/plugins\/seo\/ -->\n<title>Del Maguey San Luis del Rio - M\u00f3n La Cata<\/title>\n<meta name=\"description\" content=\"Comprar mezcal Del Maguey San Luis del Rio en M\u00f3n La Cata . Tienda online especilizada en vino y alimentaci\u00f3n. Env\u00edos puntuales y promociones\" \/>\n<meta name=\"robots\" content=\"noindex, follow, max-snippet:-1, max-image-preview:large, max-video-preview:-1\" \/>\n<meta property=\"og:locale\" content=\"ca_ES\" \/>\n<meta property=\"og:type\" content=\"article\" \/>\n<meta property=\"og:title\" content=\"Del Maguey San Luis del Rio\" \/>\n<meta property=\"og:description\" content=\"Comprar mezcal Del Maguey San Luis del Rio en M\u00f3n La Cata . Tienda online especilizada en vino y alimentaci\u00f3n. Env\u00edos puntuales y promociones\" \/>\n<meta property=\"og:url\" content=\"https:\/\/aral2.cetrexmarketing.com\/producto\/del-maguey-san-luis-del-rio\/\" \/>\n<meta property=\"og:site_name\" content=\"M\u00f3n La Cata\" \/>\n<meta property=\"article:modified_time\" content=\"2025-05-27T08:00:36+00:00\" \/>\n<meta property=\"og:image\" content=\"https:\/\/aral2.cetrexmarketing.com\/wp-content\/uploads\/2025\/05\/del-maguey-san-luis-del-rio-mezcal.jpg.png\" \/>\n\t<meta property=\"og:image:width\" content=\"765\" \/>\n\t<meta property=\"og:image:height\" content=\"1024\" \/>\n\t<meta property=\"og:image:type\" content=\"image\/png\" \/>\n<meta name=\"twitter:card\" content=\"summary_large_image\" \/>\n<meta name=\"twitter:label1\" content=\"Temps estimat de lectura\" \/>\n\t<meta name=\"twitter:data1\" content=\"2 minuts\" \/>\n<script type=\"application\/ld+json\" class=\"yoast-schema-graph\">{\"@context\":\"https:\/\/schema.org\",\"@graph\":[{\"@type\":\"WebPage\",\"@id\":\"https:\/\/aral2.cetrexmarketing.com\/producto\/del-maguey-san-luis-del-rio\/\",\"url\":\"https:\/\/aral2.cetrexmarketing.com\/producto\/del-maguey-san-luis-del-rio\/\",\"name\":\"Del Maguey San Luis del Rio - M\u00f3n La Cata\",\"isPartOf\":{\"@id\":\"https:\/\/aral2.cetrexmarketing.com\/#website\"},\"primaryImageOfPage\":{\"@id\":\"https:\/\/aral2.cetrexmarketing.com\/producto\/del-maguey-san-luis-del-rio\/#primaryimage\"},\"image\":{\"@id\":\"https:\/\/aral2.cetrexmarketing.com\/producto\/del-maguey-san-luis-del-rio\/#primaryimage\"},\"thumbnailUrl\":\"https:\/\/aral2.cetrexmarketing.com\/wp-content\/uploads\/2025\/05\/del-maguey-san-luis-del-rio-mezcal.jpg.png\",\"datePublished\":\"2025-05-26T14:39:46+00:00\",\"dateModified\":\"2025-05-27T08:00:36+00:00\",\"description\":\"Comprar mezcal Del Maguey San Luis del Rio en M\u00f3n La Cata . Tienda online especilizada en vino y alimentaci\u00f3n. Env\u00edos puntuales y promociones\",\"breadcrumb\":{\"@id\":\"https:\/\/aral2.cetrexmarketing.com\/producto\/del-maguey-san-luis-del-rio\/#breadcrumb\"},\"inLanguage\":\"ca\",\"potentialAction\":[{\"@type\":\"ReadAction\",\"target\":[\"https:\/\/aral2.cetrexmarketing.com\/producto\/del-maguey-san-luis-del-rio\/\"]}]},{\"@type\":\"ImageObject\",\"inLanguage\":\"ca\",\"@id\":\"https:\/\/aral2.cetrexmarketing.com\/producto\/del-maguey-san-luis-del-rio\/#primaryimage\",\"url\":\"https:\/\/aral2.cetrexmarketing.com\/wp-content\/uploads\/2025\/05\/del-maguey-san-luis-del-rio-mezcal.jpg.png\",\"contentUrl\":\"https:\/\/aral2.cetrexmarketing.com\/wp-content\/uploads\/2025\/05\/del-maguey-san-luis-del-rio-mezcal.jpg.png\",\"width\":765,\"height\":1024},{\"@type\":\"BreadcrumbList\",\"@id\":\"https:\/\/aral2.cetrexmarketing.com\/producto\/del-maguey-san-luis-del-rio\/#breadcrumb\",\"itemListElement\":[{\"@type\":\"ListItem\",\"position\":1,\"name\":\"Home\",\"item\":\"https:\/\/aral2.cetrexmarketing.com\/ca\/\"},{\"@type\":\"ListItem\",\"position\":2,\"name\":\"Tienda\",\"item\":\"https:\/\/aral2.cetrexmarketing.com\/ca\/tienda-2\/\"},{\"@type\":\"ListItem\",\"position\":3,\"name\":\"Tienda\",\"item\":\"https:\/\/aral2.cetrexmarketing.com\/categoria-producto\/inicio\/\"},{\"@type\":\"ListItem\",\"position\":4,\"name\":\"Destilados\",\"item\":\"https:\/\/aral2.cetrexmarketing.com\/categoria-producto\/inicio\/destilados\/\"},{\"@type\":\"ListItem\",\"position\":5,\"name\":\"Del Maguey San Luis del Rio\"}]},{\"@type\":\"WebSite\",\"@id\":\"https:\/\/aral2.cetrexmarketing.com\/#website\",\"url\":\"https:\/\/aral2.cetrexmarketing.com\/\",\"name\":\"M\u00f3n La Cata\",\"description\":\"Tienda de vinos, licores, cervezas y gourmet\",\"publisher\":{\"@id\":\"https:\/\/aral2.cetrexmarketing.com\/#organization\"},\"potentialAction\":[{\"@type\":\"SearchAction\",\"target\":{\"@type\":\"EntryPoint\",\"urlTemplate\":\"https:\/\/aral2.cetrexmarketing.com\/?s={search_term_string}\"},\"query-input\":{\"@type\":\"PropertyValueSpecification\",\"valueRequired\":true,\"valueName\":\"search_term_string\"}}],\"inLanguage\":\"ca\"},{\"@type\":\"Organization\",\"@id\":\"https:\/\/aral2.cetrexmarketing.com\/#organization\",\"name\":\"M\u00f3n La Cata\",\"url\":\"https:\/\/aral2.cetrexmarketing.com\/\",\"logo\":{\"@type\":\"ImageObject\",\"inLanguage\":\"ca\",\"@id\":\"https:\/\/aral2.cetrexmarketing.com\/#\/schema\/logo\/image\/\",\"url\":\"https:\/\/aral2.cetrexmarketing.com\/wp-content\/uploads\/2024\/10\/aral-logo-neg-1024x409-1.png\",\"contentUrl\":\"https:\/\/aral2.cetrexmarketing.com\/wp-content\/uploads\/2024\/10\/aral-logo-neg-1024x409-1.png\",\"width\":1024,\"height\":409,\"caption\":\"M\u00f3n La Cata\"},\"image\":{\"@id\":\"https:\/\/aral2.cetrexmarketing.com\/#\/schema\/logo\/image\/\"}}]}<\/script>\n<!-- \/ Yoast SEO Premium plugin. -->","yoast_head_json":{"title":"Del Maguey San Luis del Rio - M\u00f3n La Cata","description":"Comprar mezcal Del Maguey San Luis del Rio en M\u00f3n La Cata . Tienda online especilizada en vino y alimentaci\u00f3n. Env\u00edos puntuales y promociones","robots":{"index":"noindex","follow":"follow","max-snippet":"max-snippet:-1","max-image-preview":"max-image-preview:large","max-video-preview":"max-video-preview:-1"},"og_locale":"ca_ES","og_type":"article","og_title":"Del Maguey San Luis del Rio","og_description":"Comprar mezcal Del Maguey San Luis del Rio en M\u00f3n La Cata . Tienda online especilizada en vino y alimentaci\u00f3n. Env\u00edos puntuales y promociones","og_url":"https:\/\/aral2.cetrexmarketing.com\/producto\/del-maguey-san-luis-del-rio\/","og_site_name":"M\u00f3n La Cata","article_modified_time":"2025-05-27T08:00:36+00:00","og_image":[{"width":765,"height":1024,"url":"https:\/\/aral2.cetrexmarketing.com\/wp-content\/uploads\/2025\/05\/del-maguey-san-luis-del-rio-mezcal.jpg.png","type":"image\/png"}],"twitter_card":"summary_large_image","twitter_misc":{"Temps estimat de lectura":"2 minuts"},"schema":{"@context":"https:\/\/schema.org","@graph":[{"@type":"WebPage","@id":"https:\/\/aral2.cetrexmarketing.com\/producto\/del-maguey-san-luis-del-rio\/","url":"https:\/\/aral2.cetrexmarketing.com\/producto\/del-maguey-san-luis-del-rio\/","name":"Del Maguey San Luis del Rio - M\u00f3n La Cata","isPartOf":{"@id":"https:\/\/aral2.cetrexmarketing.com\/#website"},"primaryImageOfPage":{"@id":"https:\/\/aral2.cetrexmarketing.com\/producto\/del-maguey-san-luis-del-rio\/#primaryimage"},"image":{"@id":"https:\/\/aral2.cetrexmarketing.com\/producto\/del-maguey-san-luis-del-rio\/#primaryimage"},"thumbnailUrl":"https:\/\/aral2.cetrexmarketing.com\/wp-content\/uploads\/2025\/05\/del-maguey-san-luis-del-rio-mezcal.jpg.png","datePublished":"2025-05-26T14:39:46+00:00","dateModified":"2025-05-27T08:00:36+00:00","description":"Comprar mezcal Del Maguey San Luis del Rio en M\u00f3n La Cata . Tienda online especilizada en vino y alimentaci\u00f3n. Env\u00edos puntuales y promociones","breadcrumb":{"@id":"https:\/\/aral2.cetrexmarketing.com\/producto\/del-maguey-san-luis-del-rio\/#breadcrumb"},"inLanguage":"ca","potentialAction":[{"@type":"ReadAction","target":["https:\/\/aral2.cetrexmarketing.com\/producto\/del-maguey-san-luis-del-rio\/"]}]},{"@type":"ImageObject","inLanguage":"ca","@id":"https:\/\/aral2.cetrexmarketing.com\/producto\/del-maguey-san-luis-del-rio\/#primaryimage","url":"https:\/\/aral2.cetrexmarketing.com\/wp-content\/uploads\/2025\/05\/del-maguey-san-luis-del-rio-mezcal.jpg.png","contentUrl":"https:\/\/aral2.cetrexmarketing.com\/wp-content\/uploads\/2025\/05\/del-maguey-san-luis-del-rio-mezcal.jpg.png","width":765,"height":1024},{"@type":"BreadcrumbList","@id":"https:\/\/aral2.cetrexmarketing.com\/producto\/del-maguey-san-luis-del-rio\/#breadcrumb","itemListElement":[{"@type":"ListItem","position":1,"name":"Home","item":"https:\/\/aral2.cetrexmarketing.com\/ca\/"},{"@type":"ListItem","position":2,"name":"Tienda","item":"https:\/\/aral2.cetrexmarketing.com\/ca\/tienda-2\/"},{"@type":"ListItem","position":3,"name":"Tienda","item":"https:\/\/aral2.cetrexmarketing.com\/categoria-producto\/inicio\/"},{"@type":"ListItem","position":4,"name":"Destilados","item":"https:\/\/aral2.cetrexmarketing.com\/categoria-producto\/inicio\/destilados\/"},{"@type":"ListItem","position":5,"name":"Del Maguey San Luis del Rio"}]},{"@type":"WebSite","@id":"https:\/\/aral2.cetrexmarketing.com\/#website","url":"https:\/\/aral2.cetrexmarketing.com\/","name":"M\u00f3n La Cata","description":"Tienda de vinos, licores, cervezas y gourmet","publisher":{"@id":"https:\/\/aral2.cetrexmarketing.com\/#organization"},"potentialAction":[{"@type":"SearchAction","target":{"@type":"EntryPoint","urlTemplate":"https:\/\/aral2.cetrexmarketing.com\/?s={search_term_string}"},"query-input":{"@type":"PropertyValueSpecification","valueRequired":true,"valueName":"search_term_string"}}],"inLanguage":"ca"},{"@type":"Organization","@id":"https:\/\/aral2.cetrexmarketing.com\/#organization","name":"M\u00f3n La Cata","url":"https:\/\/aral2.cetrexmarketing.com\/","logo":{"@type":"ImageObject","inLanguage":"ca","@id":"https:\/\/aral2.cetrexmarketing.com\/#\/schema\/logo\/image\/","url":"https:\/\/aral2.cetrexmarketing.com\/wp-content\/uploads\/2024\/10\/aral-logo-neg-1024x409-1.png","contentUrl":"https:\/\/aral2.cetrexmarketing.com\/wp-content\/uploads\/2024\/10\/aral-logo-neg-1024x409-1.png","width":1024,"height":409,"caption":"M\u00f3n La Cata"},"image":{"@id":"https:\/\/aral2.cetrexmarketing.com\/#\/schema\/logo\/image\/"}}]}},"brands":[],"_links":{"self":[{"href":"https:\/\/aral2.cetrexmarketing.com\/ca\/wp-json\/wp\/v2\/product\/115628","targetHints":{"allow":["GET"]}}],"collection":[{"href":"https:\/\/aral2.cetrexmarketing.com\/ca\/wp-json\/wp\/v2\/product"}],"about":[{"href":"https:\/\/aral2.cetrexmarketing.com\/ca\/wp-json\/wp\/v2\/types\/product"}],"replies":[{"embeddable":true,"href":"https:\/\/aral2.cetrexmarketing.com\/ca\/wp-json\/wp\/v2\/comments?post=115628"}],"wp:featuredmedia":[{"embeddable":true,"href":"https:\/\/aral2.cetrexmarketing.com\/ca\/wp-json\/wp\/v2\/media\/115626"}],"wp:attachment":[{"href":"https:\/\/aral2.cetrexmarketing.com\/ca\/wp-json\/wp\/v2\/media?parent=115628"}],"wp:term":[{"taxonomy":"pwb-brand","embeddable":true,"href":"https:\/\/aral2.cetrexmarketing.com\/ca\/wp-json\/wp\/v2\/pwb-brand?post=115628"},{"taxonomy":"product_brand","embeddable":true,"href":"https:\/\/aral2.cetrexmarketing.com\/ca\/wp-json\/wp\/v2\/product_brand?post=115628"},{"taxonomy":"product_cat","embeddable":true,"href":"https:\/\/aral2.cetrexmarketing.com\/ca\/wp-json\/wp\/v2\/product_cat?post=115628"},{"taxonomy":"product_tag","embeddable":true,"href":"https:\/\/aral2.cetrexmarketing.com\/ca\/wp-json\/wp\/v2\/product_tag?post=115628"}],"curies":[{"name":"wp","href":"https:\/\/api.w.org\/{rel}","templated":true}]}}