{"id":115488,"date":"2025-05-26T14:36:51","date_gmt":"2025-05-26T14:36:51","guid":{"rendered":"https:\/\/aral2.cetrexmarketing.com\/producto\/campanario\/"},"modified":"2025-05-27T08:00:29","modified_gmt":"2025-05-27T08:00:29","slug":"campanario","status":"publish","type":"product","link":"https:\/\/aral2.cetrexmarketing.com\/ca\/producto\/campanario\/","title":{"rendered":"Campanario"},"content":{"rendered":"<p><strong>Pisco Campanario<\/strong> es una marca destacada de <strong>pisco<\/strong> en <strong>Chile<\/strong>, conocido por su calidad y sabor distintivo. Su <strong>elaboraci\u00f3n<\/strong> sigue un proceso meticuloso que empieza con la selecci\u00f3n de <strong>uvas<\/strong> de variedades espec\u00edficas, como <strong>Moscatel de Alejandr\u00eda<\/strong> y <strong>Moscatel Rosada<\/strong>, que son esenciales para lograr el perfil arom\u00e1tico y gustativo deseado.<\/p>\n<p>Una vez cosechadas, las uvas se someten a un proceso de <strong>fermentaci\u00f3n<\/strong> para convertir los az\u00facares en alcohol. Posteriormente, el l\u00edquido fermentado se destila en <strong>alambiques de cobre<\/strong>, un paso crucial que permite obtener un destilado puro y de alta calidad. La destilaci\u00f3n se realiza en dos fases para asegurar la concentraci\u00f3n adecuada de <strong>aromas y sabores<\/strong>. Finalmente, el pisco se deja reposar en <strong>barricas de roble<\/strong> para suavizar y enriquecer su car\u00e1cter antes de ser embotellado.<\/p>\n<p>En cuanto al <strong>maridaje<\/strong>, el Pisco Campanario se destaca por su versatilidad. Para realzar sus notas frutales y florales, se recomienda acompa\u00f1arlo con <strong>frutos secos<\/strong> como almendras y nueces, as\u00ed como con <strong>quesos suaves<\/strong> y <strong>frutas frescas<\/strong>. Para opciones m\u00e1s contundentes, marida bien con <strong>pescados grasos<\/strong> como el salm\u00f3n y platos de <strong>mariscos<\/strong>, que complementan su complejidad y frescura. Adem\u00e1s, es ideal para la <strong>cocteler\u00eda<\/strong>, especialmente en preparaciones cl\u00e1sicas como el <strong>Pisco Sour<\/strong> y el <strong>Chilcano<\/strong>, donde su sabor se realza con <strong>c\u00edtricos<\/strong> y <strong>hierbas frescas<\/strong>.<\/p>\n","protected":false},"excerpt":{"rendered":"<p>Pisco Campanario es una marca destacada de pisco en Chile, conocido por su calidad y sabor distintivo. Su elaboraci\u00f3n sigue un proceso meticuloso que empieza con la selecci\u00f3n de uvas de variedades espec\u00edficas, como Moscatel de Alejandr\u00eda y Moscatel Rosada, que son esenciales para lograr el perfil arom\u00e1tico y gustativo deseado. Una vez cosechadas, las&hellip;<\/p>\n","protected":false},"featured_media":115486,"comment_status":"closed","ping_status":"closed","template":"","meta":{"_acf_changed":false},"pwb-brand":[],"product_brand":[],"product_cat":[33039,33199],"product_tag":[50044,50045,42110,42111],"class_list":{"0":"post-115488","1":"product","2":"type-product","3":"status-publish","4":"has-post-thumbnail","6":"product_cat-destilados","7":"product_cat-pisco","8":"product_tag-campanario","9":"product_tag-pisc","10":"product_tag-pisco-chileno","11":"product_tag-pisco-de-chile","12":"pa_formatoenml-38307","13":"pa_graduacion-35_0","14":"pa_pais-chile","15":"entry","16":"has-media","18":"first","19":"instock","20":"taxable","21":"shipping-taxable","22":"purchasable","23":"product-type-simple"},"acf":[],"yoast_head":"<!-- This site is optimized with the Yoast SEO Premium plugin v23.1 (Yoast SEO v23.5) - https:\/\/yoast.com\/wordpress\/plugins\/seo\/ -->\n<title>Campanario - M\u00f3n La Cata<\/title>\n<meta name=\"description\" content=\"Comprar el pisco Campanario en M\u00f3n La Cata. Tienda online especilizada en vino, destilado y alimentaci\u00f3n. Env\u00edos puntuales y promociones.\" \/>\n<meta name=\"robots\" content=\"noindex, follow, max-snippet:-1, max-image-preview:large, max-video-preview:-1\" \/>\n<meta property=\"og:locale\" content=\"ca_ES\" \/>\n<meta property=\"og:type\" content=\"article\" \/>\n<meta property=\"og:title\" content=\"Campanario\" \/>\n<meta property=\"og:description\" content=\"Comprar el pisco Campanario en M\u00f3n La Cata. Tienda online especilizada en vino, destilado y alimentaci\u00f3n. Env\u00edos puntuales y promociones.\" \/>\n<meta property=\"og:url\" content=\"https:\/\/aral2.cetrexmarketing.com\/producto\/campanario\/\" \/>\n<meta property=\"og:site_name\" content=\"M\u00f3n La Cata\" \/>\n<meta property=\"article:modified_time\" content=\"2025-05-27T08:00:29+00:00\" \/>\n<meta property=\"og:image\" content=\"https:\/\/aral2.cetrexmarketing.com\/wp-content\/uploads\/2025\/05\/PISCO-CAMPANARIO.jpg.png\" \/>\n\t<meta property=\"og:image:width\" content=\"765\" \/>\n\t<meta property=\"og:image:height\" content=\"1024\" \/>\n\t<meta property=\"og:image:type\" content=\"image\/png\" \/>\n<meta name=\"twitter:card\" content=\"summary_large_image\" \/>\n<meta name=\"twitter:label1\" content=\"Temps estimat de lectura\" \/>\n\t<meta name=\"twitter:data1\" content=\"2 minuts\" \/>\n<script type=\"application\/ld+json\" class=\"yoast-schema-graph\">{\"@context\":\"https:\/\/schema.org\",\"@graph\":[{\"@type\":\"WebPage\",\"@id\":\"https:\/\/aral2.cetrexmarketing.com\/producto\/campanario\/\",\"url\":\"https:\/\/aral2.cetrexmarketing.com\/producto\/campanario\/\",\"name\":\"Campanario - M\u00f3n La Cata\",\"isPartOf\":{\"@id\":\"https:\/\/aral2.cetrexmarketing.com\/#website\"},\"primaryImageOfPage\":{\"@id\":\"https:\/\/aral2.cetrexmarketing.com\/producto\/campanario\/#primaryimage\"},\"image\":{\"@id\":\"https:\/\/aral2.cetrexmarketing.com\/producto\/campanario\/#primaryimage\"},\"thumbnailUrl\":\"https:\/\/aral2.cetrexmarketing.com\/wp-content\/uploads\/2025\/05\/PISCO-CAMPANARIO.jpg.png\",\"datePublished\":\"2025-05-26T14:36:51+00:00\",\"dateModified\":\"2025-05-27T08:00:29+00:00\",\"description\":\"Comprar el pisco Campanario en M\u00f3n La Cata. Tienda online especilizada en vino, destilado y alimentaci\u00f3n. Env\u00edos puntuales y promociones.\",\"breadcrumb\":{\"@id\":\"https:\/\/aral2.cetrexmarketing.com\/producto\/campanario\/#breadcrumb\"},\"inLanguage\":\"ca\",\"potentialAction\":[{\"@type\":\"ReadAction\",\"target\":[\"https:\/\/aral2.cetrexmarketing.com\/producto\/campanario\/\"]}]},{\"@type\":\"ImageObject\",\"inLanguage\":\"ca\",\"@id\":\"https:\/\/aral2.cetrexmarketing.com\/producto\/campanario\/#primaryimage\",\"url\":\"https:\/\/aral2.cetrexmarketing.com\/wp-content\/uploads\/2025\/05\/PISCO-CAMPANARIO.jpg.png\",\"contentUrl\":\"https:\/\/aral2.cetrexmarketing.com\/wp-content\/uploads\/2025\/05\/PISCO-CAMPANARIO.jpg.png\",\"width\":765,\"height\":1024},{\"@type\":\"BreadcrumbList\",\"@id\":\"https:\/\/aral2.cetrexmarketing.com\/producto\/campanario\/#breadcrumb\",\"itemListElement\":[{\"@type\":\"ListItem\",\"position\":1,\"name\":\"Home\",\"item\":\"https:\/\/aral2.cetrexmarketing.com\/ca\/\"},{\"@type\":\"ListItem\",\"position\":2,\"name\":\"Tienda\",\"item\":\"https:\/\/aral2.cetrexmarketing.com\/ca\/tienda-2\/\"},{\"@type\":\"ListItem\",\"position\":3,\"name\":\"Tienda\",\"item\":\"https:\/\/aral2.cetrexmarketing.com\/categoria-producto\/inicio\/\"},{\"@type\":\"ListItem\",\"position\":4,\"name\":\"Destilados\",\"item\":\"https:\/\/aral2.cetrexmarketing.com\/categoria-producto\/inicio\/destilados\/\"},{\"@type\":\"ListItem\",\"position\":5,\"name\":\"Campanario\"}]},{\"@type\":\"WebSite\",\"@id\":\"https:\/\/aral2.cetrexmarketing.com\/#website\",\"url\":\"https:\/\/aral2.cetrexmarketing.com\/\",\"name\":\"M\u00f3n La Cata\",\"description\":\"Tienda de vinos, licores, cervezas y gourmet\",\"publisher\":{\"@id\":\"https:\/\/aral2.cetrexmarketing.com\/#organization\"},\"potentialAction\":[{\"@type\":\"SearchAction\",\"target\":{\"@type\":\"EntryPoint\",\"urlTemplate\":\"https:\/\/aral2.cetrexmarketing.com\/?s={search_term_string}\"},\"query-input\":{\"@type\":\"PropertyValueSpecification\",\"valueRequired\":true,\"valueName\":\"search_term_string\"}}],\"inLanguage\":\"ca\"},{\"@type\":\"Organization\",\"@id\":\"https:\/\/aral2.cetrexmarketing.com\/#organization\",\"name\":\"M\u00f3n La Cata\",\"url\":\"https:\/\/aral2.cetrexmarketing.com\/\",\"logo\":{\"@type\":\"ImageObject\",\"inLanguage\":\"ca\",\"@id\":\"https:\/\/aral2.cetrexmarketing.com\/#\/schema\/logo\/image\/\",\"url\":\"https:\/\/aral2.cetrexmarketing.com\/wp-content\/uploads\/2024\/10\/aral-logo-neg-1024x409-1.png\",\"contentUrl\":\"https:\/\/aral2.cetrexmarketing.com\/wp-content\/uploads\/2024\/10\/aral-logo-neg-1024x409-1.png\",\"width\":1024,\"height\":409,\"caption\":\"M\u00f3n La Cata\"},\"image\":{\"@id\":\"https:\/\/aral2.cetrexmarketing.com\/#\/schema\/logo\/image\/\"}}]}<\/script>\n<!-- \/ Yoast SEO Premium plugin. -->","yoast_head_json":{"title":"Campanario - M\u00f3n La Cata","description":"Comprar el pisco Campanario en M\u00f3n La Cata. Tienda online especilizada en vino, destilado y alimentaci\u00f3n. Env\u00edos puntuales y promociones.","robots":{"index":"noindex","follow":"follow","max-snippet":"max-snippet:-1","max-image-preview":"max-image-preview:large","max-video-preview":"max-video-preview:-1"},"og_locale":"ca_ES","og_type":"article","og_title":"Campanario","og_description":"Comprar el pisco Campanario en M\u00f3n La Cata. Tienda online especilizada en vino, destilado y alimentaci\u00f3n. Env\u00edos puntuales y promociones.","og_url":"https:\/\/aral2.cetrexmarketing.com\/producto\/campanario\/","og_site_name":"M\u00f3n La Cata","article_modified_time":"2025-05-27T08:00:29+00:00","og_image":[{"width":765,"height":1024,"url":"https:\/\/aral2.cetrexmarketing.com\/wp-content\/uploads\/2025\/05\/PISCO-CAMPANARIO.jpg.png","type":"image\/png"}],"twitter_card":"summary_large_image","twitter_misc":{"Temps estimat de lectura":"2 minuts"},"schema":{"@context":"https:\/\/schema.org","@graph":[{"@type":"WebPage","@id":"https:\/\/aral2.cetrexmarketing.com\/producto\/campanario\/","url":"https:\/\/aral2.cetrexmarketing.com\/producto\/campanario\/","name":"Campanario - M\u00f3n La Cata","isPartOf":{"@id":"https:\/\/aral2.cetrexmarketing.com\/#website"},"primaryImageOfPage":{"@id":"https:\/\/aral2.cetrexmarketing.com\/producto\/campanario\/#primaryimage"},"image":{"@id":"https:\/\/aral2.cetrexmarketing.com\/producto\/campanario\/#primaryimage"},"thumbnailUrl":"https:\/\/aral2.cetrexmarketing.com\/wp-content\/uploads\/2025\/05\/PISCO-CAMPANARIO.jpg.png","datePublished":"2025-05-26T14:36:51+00:00","dateModified":"2025-05-27T08:00:29+00:00","description":"Comprar el pisco Campanario en M\u00f3n La Cata. Tienda online especilizada en vino, destilado y alimentaci\u00f3n. Env\u00edos puntuales y promociones.","breadcrumb":{"@id":"https:\/\/aral2.cetrexmarketing.com\/producto\/campanario\/#breadcrumb"},"inLanguage":"ca","potentialAction":[{"@type":"ReadAction","target":["https:\/\/aral2.cetrexmarketing.com\/producto\/campanario\/"]}]},{"@type":"ImageObject","inLanguage":"ca","@id":"https:\/\/aral2.cetrexmarketing.com\/producto\/campanario\/#primaryimage","url":"https:\/\/aral2.cetrexmarketing.com\/wp-content\/uploads\/2025\/05\/PISCO-CAMPANARIO.jpg.png","contentUrl":"https:\/\/aral2.cetrexmarketing.com\/wp-content\/uploads\/2025\/05\/PISCO-CAMPANARIO.jpg.png","width":765,"height":1024},{"@type":"BreadcrumbList","@id":"https:\/\/aral2.cetrexmarketing.com\/producto\/campanario\/#breadcrumb","itemListElement":[{"@type":"ListItem","position":1,"name":"Home","item":"https:\/\/aral2.cetrexmarketing.com\/ca\/"},{"@type":"ListItem","position":2,"name":"Tienda","item":"https:\/\/aral2.cetrexmarketing.com\/ca\/tienda-2\/"},{"@type":"ListItem","position":3,"name":"Tienda","item":"https:\/\/aral2.cetrexmarketing.com\/categoria-producto\/inicio\/"},{"@type":"ListItem","position":4,"name":"Destilados","item":"https:\/\/aral2.cetrexmarketing.com\/categoria-producto\/inicio\/destilados\/"},{"@type":"ListItem","position":5,"name":"Campanario"}]},{"@type":"WebSite","@id":"https:\/\/aral2.cetrexmarketing.com\/#website","url":"https:\/\/aral2.cetrexmarketing.com\/","name":"M\u00f3n La Cata","description":"Tienda de vinos, licores, cervezas y gourmet","publisher":{"@id":"https:\/\/aral2.cetrexmarketing.com\/#organization"},"potentialAction":[{"@type":"SearchAction","target":{"@type":"EntryPoint","urlTemplate":"https:\/\/aral2.cetrexmarketing.com\/?s={search_term_string}"},"query-input":{"@type":"PropertyValueSpecification","valueRequired":true,"valueName":"search_term_string"}}],"inLanguage":"ca"},{"@type":"Organization","@id":"https:\/\/aral2.cetrexmarketing.com\/#organization","name":"M\u00f3n La Cata","url":"https:\/\/aral2.cetrexmarketing.com\/","logo":{"@type":"ImageObject","inLanguage":"ca","@id":"https:\/\/aral2.cetrexmarketing.com\/#\/schema\/logo\/image\/","url":"https:\/\/aral2.cetrexmarketing.com\/wp-content\/uploads\/2024\/10\/aral-logo-neg-1024x409-1.png","contentUrl":"https:\/\/aral2.cetrexmarketing.com\/wp-content\/uploads\/2024\/10\/aral-logo-neg-1024x409-1.png","width":1024,"height":409,"caption":"M\u00f3n La Cata"},"image":{"@id":"https:\/\/aral2.cetrexmarketing.com\/#\/schema\/logo\/image\/"}}]}},"brands":[],"_links":{"self":[{"href":"https:\/\/aral2.cetrexmarketing.com\/ca\/wp-json\/wp\/v2\/product\/115488","targetHints":{"allow":["GET"]}}],"collection":[{"href":"https:\/\/aral2.cetrexmarketing.com\/ca\/wp-json\/wp\/v2\/product"}],"about":[{"href":"https:\/\/aral2.cetrexmarketing.com\/ca\/wp-json\/wp\/v2\/types\/product"}],"replies":[{"embeddable":true,"href":"https:\/\/aral2.cetrexmarketing.com\/ca\/wp-json\/wp\/v2\/comments?post=115488"}],"wp:featuredmedia":[{"embeddable":true,"href":"https:\/\/aral2.cetrexmarketing.com\/ca\/wp-json\/wp\/v2\/media\/115486"}],"wp:attachment":[{"href":"https:\/\/aral2.cetrexmarketing.com\/ca\/wp-json\/wp\/v2\/media?parent=115488"}],"wp:term":[{"taxonomy":"pwb-brand","embeddable":true,"href":"https:\/\/aral2.cetrexmarketing.com\/ca\/wp-json\/wp\/v2\/pwb-brand?post=115488"},{"taxonomy":"product_brand","embeddable":true,"href":"https:\/\/aral2.cetrexmarketing.com\/ca\/wp-json\/wp\/v2\/product_brand?post=115488"},{"taxonomy":"product_cat","embeddable":true,"href":"https:\/\/aral2.cetrexmarketing.com\/ca\/wp-json\/wp\/v2\/product_cat?post=115488"},{"taxonomy":"product_tag","embeddable":true,"href":"https:\/\/aral2.cetrexmarketing.com\/ca\/wp-json\/wp\/v2\/product_tag?post=115488"}],"curies":[{"name":"wp","href":"https:\/\/api.w.org\/{rel}","templated":true}]}}