{"id":115352,"date":"2025-05-26T14:34:34","date_gmt":"2025-05-26T14:34:34","guid":{"rendered":"https:\/\/aral2.cetrexmarketing.com\/producto\/kylie-minogue-prosecco-rose\/"},"modified":"2025-05-27T08:00:20","modified_gmt":"2025-05-27T08:00:20","slug":"kylie-minogue-prosecco-rose","status":"publish","type":"product","link":"https:\/\/aral2.cetrexmarketing.com\/ca\/producto\/kylie-minogue-prosecco-rose\/","title":{"rendered":"Kylie Minogue Prosecco Rose"},"content":{"rendered":"<p>El <strong>Kylie Minogue Prosecco Ros\u00e9<\/strong> es un vino espumoso que forma parte de la colecci\u00f3n de vinos lanzada por la c\u00e9lebre cantante australiana Kylie Minogue. Este prosecco ros\u00e9 combina el estilo y el glamour caracter\u00edsticos de Kylie con la frescura y vivacidad de los vinos espumosos italianos.<\/p>\n<p>Est\u00e1 elaborado principalmente con uvas Glera, la variedad tradicional utilizada en la producci\u00f3n de prosecco, combinada con un peque\u00f1o porcentaje de Pinot Noir, que le aporta su caracter\u00edstico color rosado y notas de sabor adicionales. Este vino espumoso se produce en la regi\u00f3n de Prosecco DOC (Denominaci\u00f3n de Origen Controlada) en Italia, conocida por su clima favorable y suelos adecuados para el cultivo de la vid, especialmente la Glera.<\/p>\n<h5>Elaboraci\u00f3n<\/h5>\n<p>Se elabora utilizando el m\u00e9todo Charmat, tambi\u00e9n conocido como el m\u00e9todo de tanque. Este proceso implica una segunda fermentaci\u00f3n en grandes tanques de acero inoxidable, lo que permite la formaci\u00f3n de burbujas finas y persistentes antes de ser embotellado bajo presi\u00f3n. Este m\u00e9todo es t\u00edpico en la producci\u00f3n de prosecco y contribuye a su frescura y car\u00e1cter afrutado.<\/p>\n<p>Presenta un atractivo color rosa p\u00e1lido. En nariz, ofrece aromas frescos y vibrantes de frutas rojas como fresas, frambuesas y cerezas, junto con sutiles notas florales. En boca, es refrescante y ligero, con un buen equilibrio entre acidez y dulzura, y un final limpio y afrutado.<\/p>\n<h5>Maridaje<\/h5>\n<p>Es vers\u00e1til y se puede disfrutar como aperitivo, as\u00ed como con una variedad de platos. Combina bien con mariscos, ensaladas, platos ligeros de pasta, sushi y postres frutales. Su car\u00e1cter refrescante tambi\u00e9n lo hace ideal para disfrutar en celebraciones y ocasiones especiales.<\/p>\n<p>La botella del Kylie Minogue Prosecco Ros\u00e9 refleja el estilo elegante y glamuroso de la artista, con un dise\u00f1o atractivo que la convierte en una excelente opci\u00f3n tanto para disfrutar en casa como para regalar. En resumen, es un vino espumoso que captura la esencia vibrante y elegante de su creadora. Ofreciendo una experiencia de degustaci\u00f3n fresca y afrutada, perfecta para diversas ocasiones.<\/p>\n","protected":false},"excerpt":{"rendered":"<p>La botella del Kylie Minogue Prosecco Ros\u00e9 refleja el estilo elegante y glamuroso de la artista, con un dise\u00f1o atractivo que la convierte en una excelente opci\u00f3n tanto para disfrutar en casa como para regalar. En resumen, el Kylie Minogue Prosecco Ros\u00e9 es un vino espumoso que captura la esencia vibrante y elegante de su creadora, ofreciendo una experiencia de degustaci\u00f3n fresca y afrutada, perfecta para diversas ocasiones.<\/p>\n","protected":false},"featured_media":115350,"comment_status":"closed","ping_status":"closed","template":"","meta":{"_acf_changed":false},"pwb-brand":[],"product_brand":[],"product_cat":[33019,33037,33133],"product_tag":[50037,50035,50036],"class_list":{"0":"post-115352","1":"product","2":"type-product","3":"status-publish","4":"has-post-thumbnail","6":"product_cat-vino","7":"product_cat-vino-espumoso","8":"product_cat-prosecco","9":"product_tag-kylie-minogue","10":"product_tag-kylie-minogue-prosecco-rose","11":"product_tag-prosecco-rose","12":"pa_do-prosecco-d-o-c","13":"pa_formatoenml-38307","14":"pa_formatoenml-38306","15":"pa_graduacion-11_0","16":"pa_pais-italia","17":"pa_tipodevino-vinoespumoso-2","18":"entry","19":"has-media","21":"first","22":"outofstock","23":"taxable","24":"shipping-taxable","25":"purchasable","26":"product-type-simple"},"acf":[],"yoast_head":"<!-- This site is optimized with the Yoast SEO Premium plugin v23.1 (Yoast SEO v23.5) - https:\/\/yoast.com\/wordpress\/plugins\/seo\/ -->\n<title>Kylie Minogue Prosecco Rose - M\u00f3n La Cata<\/title>\n<meta name=\"description\" content=\"Comprar Kylie Minogue Prosecco Rose en M\u00f3n La Cata . Tienda online especilizada en vino y alimentaci\u00f3n. Env\u00edos puntuales y promociones\" \/>\n<meta name=\"robots\" content=\"noindex, follow, max-snippet:-1, max-image-preview:large, max-video-preview:-1\" \/>\n<meta property=\"og:locale\" content=\"ca_ES\" \/>\n<meta property=\"og:type\" content=\"article\" \/>\n<meta property=\"og:title\" content=\"Kylie Minogue Prosecco Rose\" \/>\n<meta property=\"og:description\" content=\"Comprar Kylie Minogue Prosecco Rose en M\u00f3n La Cata . Tienda online especilizada en vino y alimentaci\u00f3n. Env\u00edos puntuales y promociones\" \/>\n<meta property=\"og:url\" content=\"https:\/\/aral2.cetrexmarketing.com\/producto\/kylie-minogue-prosecco-rose\/\" \/>\n<meta property=\"og:site_name\" content=\"M\u00f3n La Cata\" \/>\n<meta property=\"article:modified_time\" content=\"2025-05-27T08:00:20+00:00\" \/>\n<meta property=\"og:image\" content=\"https:\/\/aral2.cetrexmarketing.com\/wp-content\/uploads\/2025\/05\/KYLIE-MINOGUE-ROSE-PROSECCO.png\" \/>\n\t<meta property=\"og:image:width\" content=\"765\" \/>\n\t<meta property=\"og:image:height\" content=\"1024\" \/>\n\t<meta property=\"og:image:type\" content=\"image\/png\" \/>\n<meta name=\"twitter:card\" content=\"summary_large_image\" \/>\n<meta name=\"twitter:label1\" content=\"Temps estimat de lectura\" \/>\n\t<meta name=\"twitter:data1\" content=\"2 minuts\" \/>\n<script type=\"application\/ld+json\" class=\"yoast-schema-graph\">{\"@context\":\"https:\/\/schema.org\",\"@graph\":[{\"@type\":\"WebPage\",\"@id\":\"https:\/\/aral2.cetrexmarketing.com\/producto\/kylie-minogue-prosecco-rose\/\",\"url\":\"https:\/\/aral2.cetrexmarketing.com\/producto\/kylie-minogue-prosecco-rose\/\",\"name\":\"Kylie Minogue Prosecco Rose - M\u00f3n La Cata\",\"isPartOf\":{\"@id\":\"https:\/\/aral2.cetrexmarketing.com\/#website\"},\"primaryImageOfPage\":{\"@id\":\"https:\/\/aral2.cetrexmarketing.com\/producto\/kylie-minogue-prosecco-rose\/#primaryimage\"},\"image\":{\"@id\":\"https:\/\/aral2.cetrexmarketing.com\/producto\/kylie-minogue-prosecco-rose\/#primaryimage\"},\"thumbnailUrl\":\"https:\/\/aral2.cetrexmarketing.com\/wp-content\/uploads\/2025\/05\/KYLIE-MINOGUE-ROSE-PROSECCO.png\",\"datePublished\":\"2025-05-26T14:34:34+00:00\",\"dateModified\":\"2025-05-27T08:00:20+00:00\",\"description\":\"Comprar Kylie Minogue Prosecco Rose en M\u00f3n La Cata . Tienda online especilizada en vino y alimentaci\u00f3n. Env\u00edos puntuales y promociones\",\"breadcrumb\":{\"@id\":\"https:\/\/aral2.cetrexmarketing.com\/producto\/kylie-minogue-prosecco-rose\/#breadcrumb\"},\"inLanguage\":\"ca\",\"potentialAction\":[{\"@type\":\"ReadAction\",\"target\":[\"https:\/\/aral2.cetrexmarketing.com\/producto\/kylie-minogue-prosecco-rose\/\"]}]},{\"@type\":\"ImageObject\",\"inLanguage\":\"ca\",\"@id\":\"https:\/\/aral2.cetrexmarketing.com\/producto\/kylie-minogue-prosecco-rose\/#primaryimage\",\"url\":\"https:\/\/aral2.cetrexmarketing.com\/wp-content\/uploads\/2025\/05\/KYLIE-MINOGUE-ROSE-PROSECCO.png\",\"contentUrl\":\"https:\/\/aral2.cetrexmarketing.com\/wp-content\/uploads\/2025\/05\/KYLIE-MINOGUE-ROSE-PROSECCO.png\",\"width\":765,\"height\":1024},{\"@type\":\"BreadcrumbList\",\"@id\":\"https:\/\/aral2.cetrexmarketing.com\/producto\/kylie-minogue-prosecco-rose\/#breadcrumb\",\"itemListElement\":[{\"@type\":\"ListItem\",\"position\":1,\"name\":\"Home\",\"item\":\"https:\/\/aral2.cetrexmarketing.com\/ca\/\"},{\"@type\":\"ListItem\",\"position\":2,\"name\":\"Tienda\",\"item\":\"https:\/\/aral2.cetrexmarketing.com\/ca\/tienda-2\/\"},{\"@type\":\"ListItem\",\"position\":3,\"name\":\"Tienda\",\"item\":\"https:\/\/aral2.cetrexmarketing.com\/categoria-producto\/inicio\/\"},{\"@type\":\"ListItem\",\"position\":4,\"name\":\"Vino\",\"item\":\"https:\/\/aral2.cetrexmarketing.com\/categoria-producto\/inicio\/vino\/\"},{\"@type\":\"ListItem\",\"position\":5,\"name\":\"Kylie Minogue Prosecco Rose\"}]},{\"@type\":\"WebSite\",\"@id\":\"https:\/\/aral2.cetrexmarketing.com\/#website\",\"url\":\"https:\/\/aral2.cetrexmarketing.com\/\",\"name\":\"M\u00f3n La Cata\",\"description\":\"Tienda de vinos, licores, cervezas y gourmet\",\"publisher\":{\"@id\":\"https:\/\/aral2.cetrexmarketing.com\/#organization\"},\"potentialAction\":[{\"@type\":\"SearchAction\",\"target\":{\"@type\":\"EntryPoint\",\"urlTemplate\":\"https:\/\/aral2.cetrexmarketing.com\/?s={search_term_string}\"},\"query-input\":{\"@type\":\"PropertyValueSpecification\",\"valueRequired\":true,\"valueName\":\"search_term_string\"}}],\"inLanguage\":\"ca\"},{\"@type\":\"Organization\",\"@id\":\"https:\/\/aral2.cetrexmarketing.com\/#organization\",\"name\":\"M\u00f3n La Cata\",\"url\":\"https:\/\/aral2.cetrexmarketing.com\/\",\"logo\":{\"@type\":\"ImageObject\",\"inLanguage\":\"ca\",\"@id\":\"https:\/\/aral2.cetrexmarketing.com\/#\/schema\/logo\/image\/\",\"url\":\"https:\/\/aral2.cetrexmarketing.com\/wp-content\/uploads\/2024\/10\/aral-logo-neg-1024x409-1.png\",\"contentUrl\":\"https:\/\/aral2.cetrexmarketing.com\/wp-content\/uploads\/2024\/10\/aral-logo-neg-1024x409-1.png\",\"width\":1024,\"height\":409,\"caption\":\"M\u00f3n La Cata\"},\"image\":{\"@id\":\"https:\/\/aral2.cetrexmarketing.com\/#\/schema\/logo\/image\/\"}}]}<\/script>\n<!-- \/ Yoast SEO Premium plugin. -->","yoast_head_json":{"title":"Kylie Minogue Prosecco Rose - M\u00f3n La Cata","description":"Comprar Kylie Minogue Prosecco Rose en M\u00f3n La Cata . Tienda online especilizada en vino y alimentaci\u00f3n. Env\u00edos puntuales y promociones","robots":{"index":"noindex","follow":"follow","max-snippet":"max-snippet:-1","max-image-preview":"max-image-preview:large","max-video-preview":"max-video-preview:-1"},"og_locale":"ca_ES","og_type":"article","og_title":"Kylie Minogue Prosecco Rose","og_description":"Comprar Kylie Minogue Prosecco Rose en M\u00f3n La Cata . Tienda online especilizada en vino y alimentaci\u00f3n. Env\u00edos puntuales y promociones","og_url":"https:\/\/aral2.cetrexmarketing.com\/producto\/kylie-minogue-prosecco-rose\/","og_site_name":"M\u00f3n La Cata","article_modified_time":"2025-05-27T08:00:20+00:00","og_image":[{"width":765,"height":1024,"url":"https:\/\/aral2.cetrexmarketing.com\/wp-content\/uploads\/2025\/05\/KYLIE-MINOGUE-ROSE-PROSECCO.png","type":"image\/png"}],"twitter_card":"summary_large_image","twitter_misc":{"Temps estimat de lectura":"2 minuts"},"schema":{"@context":"https:\/\/schema.org","@graph":[{"@type":"WebPage","@id":"https:\/\/aral2.cetrexmarketing.com\/producto\/kylie-minogue-prosecco-rose\/","url":"https:\/\/aral2.cetrexmarketing.com\/producto\/kylie-minogue-prosecco-rose\/","name":"Kylie Minogue Prosecco Rose - M\u00f3n La Cata","isPartOf":{"@id":"https:\/\/aral2.cetrexmarketing.com\/#website"},"primaryImageOfPage":{"@id":"https:\/\/aral2.cetrexmarketing.com\/producto\/kylie-minogue-prosecco-rose\/#primaryimage"},"image":{"@id":"https:\/\/aral2.cetrexmarketing.com\/producto\/kylie-minogue-prosecco-rose\/#primaryimage"},"thumbnailUrl":"https:\/\/aral2.cetrexmarketing.com\/wp-content\/uploads\/2025\/05\/KYLIE-MINOGUE-ROSE-PROSECCO.png","datePublished":"2025-05-26T14:34:34+00:00","dateModified":"2025-05-27T08:00:20+00:00","description":"Comprar Kylie Minogue Prosecco Rose en M\u00f3n La Cata . Tienda online especilizada en vino y alimentaci\u00f3n. Env\u00edos puntuales y promociones","breadcrumb":{"@id":"https:\/\/aral2.cetrexmarketing.com\/producto\/kylie-minogue-prosecco-rose\/#breadcrumb"},"inLanguage":"ca","potentialAction":[{"@type":"ReadAction","target":["https:\/\/aral2.cetrexmarketing.com\/producto\/kylie-minogue-prosecco-rose\/"]}]},{"@type":"ImageObject","inLanguage":"ca","@id":"https:\/\/aral2.cetrexmarketing.com\/producto\/kylie-minogue-prosecco-rose\/#primaryimage","url":"https:\/\/aral2.cetrexmarketing.com\/wp-content\/uploads\/2025\/05\/KYLIE-MINOGUE-ROSE-PROSECCO.png","contentUrl":"https:\/\/aral2.cetrexmarketing.com\/wp-content\/uploads\/2025\/05\/KYLIE-MINOGUE-ROSE-PROSECCO.png","width":765,"height":1024},{"@type":"BreadcrumbList","@id":"https:\/\/aral2.cetrexmarketing.com\/producto\/kylie-minogue-prosecco-rose\/#breadcrumb","itemListElement":[{"@type":"ListItem","position":1,"name":"Home","item":"https:\/\/aral2.cetrexmarketing.com\/ca\/"},{"@type":"ListItem","position":2,"name":"Tienda","item":"https:\/\/aral2.cetrexmarketing.com\/ca\/tienda-2\/"},{"@type":"ListItem","position":3,"name":"Tienda","item":"https:\/\/aral2.cetrexmarketing.com\/categoria-producto\/inicio\/"},{"@type":"ListItem","position":4,"name":"Vino","item":"https:\/\/aral2.cetrexmarketing.com\/categoria-producto\/inicio\/vino\/"},{"@type":"ListItem","position":5,"name":"Kylie Minogue Prosecco Rose"}]},{"@type":"WebSite","@id":"https:\/\/aral2.cetrexmarketing.com\/#website","url":"https:\/\/aral2.cetrexmarketing.com\/","name":"M\u00f3n La Cata","description":"Tienda de vinos, licores, cervezas y gourmet","publisher":{"@id":"https:\/\/aral2.cetrexmarketing.com\/#organization"},"potentialAction":[{"@type":"SearchAction","target":{"@type":"EntryPoint","urlTemplate":"https:\/\/aral2.cetrexmarketing.com\/?s={search_term_string}"},"query-input":{"@type":"PropertyValueSpecification","valueRequired":true,"valueName":"search_term_string"}}],"inLanguage":"ca"},{"@type":"Organization","@id":"https:\/\/aral2.cetrexmarketing.com\/#organization","name":"M\u00f3n La Cata","url":"https:\/\/aral2.cetrexmarketing.com\/","logo":{"@type":"ImageObject","inLanguage":"ca","@id":"https:\/\/aral2.cetrexmarketing.com\/#\/schema\/logo\/image\/","url":"https:\/\/aral2.cetrexmarketing.com\/wp-content\/uploads\/2024\/10\/aral-logo-neg-1024x409-1.png","contentUrl":"https:\/\/aral2.cetrexmarketing.com\/wp-content\/uploads\/2024\/10\/aral-logo-neg-1024x409-1.png","width":1024,"height":409,"caption":"M\u00f3n La Cata"},"image":{"@id":"https:\/\/aral2.cetrexmarketing.com\/#\/schema\/logo\/image\/"}}]}},"brands":[],"_links":{"self":[{"href":"https:\/\/aral2.cetrexmarketing.com\/ca\/wp-json\/wp\/v2\/product\/115352","targetHints":{"allow":["GET"]}}],"collection":[{"href":"https:\/\/aral2.cetrexmarketing.com\/ca\/wp-json\/wp\/v2\/product"}],"about":[{"href":"https:\/\/aral2.cetrexmarketing.com\/ca\/wp-json\/wp\/v2\/types\/product"}],"replies":[{"embeddable":true,"href":"https:\/\/aral2.cetrexmarketing.com\/ca\/wp-json\/wp\/v2\/comments?post=115352"}],"wp:featuredmedia":[{"embeddable":true,"href":"https:\/\/aral2.cetrexmarketing.com\/ca\/wp-json\/wp\/v2\/media\/115350"}],"wp:attachment":[{"href":"https:\/\/aral2.cetrexmarketing.com\/ca\/wp-json\/wp\/v2\/media?parent=115352"}],"wp:term":[{"taxonomy":"pwb-brand","embeddable":true,"href":"https:\/\/aral2.cetrexmarketing.com\/ca\/wp-json\/wp\/v2\/pwb-brand?post=115352"},{"taxonomy":"product_brand","embeddable":true,"href":"https:\/\/aral2.cetrexmarketing.com\/ca\/wp-json\/wp\/v2\/product_brand?post=115352"},{"taxonomy":"product_cat","embeddable":true,"href":"https:\/\/aral2.cetrexmarketing.com\/ca\/wp-json\/wp\/v2\/product_cat?post=115352"},{"taxonomy":"product_tag","embeddable":true,"href":"https:\/\/aral2.cetrexmarketing.com\/ca\/wp-json\/wp\/v2\/product_tag?post=115352"}],"curies":[{"name":"wp","href":"https:\/\/api.w.org\/{rel}","templated":true}]}}