{"id":113964,"date":"2025-05-26T14:12:17","date_gmt":"2025-05-26T14:12:17","guid":{"rendered":"https:\/\/aral2.cetrexmarketing.com\/producto\/be-frizz-blanco-5-5\/"},"modified":"2025-05-27T07:58:48","modified_gmt":"2025-05-27T07:58:48","slug":"be-frizz-blanco-5-5","status":"publish","type":"product","link":"https:\/\/aral2.cetrexmarketing.com\/ca\/producto\/be-frizz-blanco-5-5\/","title":{"rendered":"Be Frizz Blanco 5.5%"},"content":{"rendered":"<p><strong>Be Frizz Blanco 5.5%<\/strong> es un vino blanco frizzante producido por Codorn\u00edu, una reconocida bodega con una larga tradici\u00f3n en la elaboraci\u00f3n de vinos espumosos. Este vino se caracteriza por su baja graduaci\u00f3n alcoh\u00f3lica, con un contenido de alcohol del 5.5%.<\/p>\n<p>Se produce mediante un proceso de fermentaci\u00f3n controlada en el que se captura el di\u00f3xido de carbono generado durante la fermentaci\u00f3n para obtener su caracter\u00edstica efervescencia frizzante. Se utiliza una cuidadosa selecci\u00f3n de uvas blancas para garantizar la frescura y el sabor del vino.<\/p>\n<p>Suele presentar un color amarillo p\u00e1lido con reflejos verdosos. En nariz, destacan aromas a frutas blancas como pera, manzana y melocot\u00f3n, as\u00ed como notas florales y c\u00edtricas. En boca, es un vino ligero y refrescante, con una burbuja suave y delicada, y una acidez equilibrada que le aporta vivacidad y frescura.<\/p>\n<p>Es un vino vers\u00e1til que se puede disfrutar solo como aperitivo o acompa\u00f1ando una variedad de platos ligeros y frescos. Va muy bien con mariscos, ensaladas, sushi, ceviche y platos de cocina mediterr\u00e1nea. Tambi\u00e9n es una excelente opci\u00f3n para brindar en celebraciones informales o para disfrutar en momentos de relax.<\/p>\n<p>En resumen, es un vino blanco frizzante ligero y refrescante, perfecto para disfrutar en cualquier ocasi\u00f3n y acompa\u00f1ar una variedad de platos gracias a su versatilidad y su car\u00e1cter vivaz y festivo.<\/p>\n","protected":false},"excerpt":{"rendered":"<p><strong>Be Frizz<\/strong> es un vino blanco frizzante producido por Codorn\u00edu, una reconocida bodega espa\u00f1ola con una larga tradici\u00f3n en la elaboraci\u00f3n de vinos espumosos y frizzantes. Este vino se caracteriza por su baja graduaci\u00f3n alcoh\u00f3lica, con un contenido de alcohol del 5.5%.<\/p>\n","protected":false},"featured_media":113962,"comment_status":"closed","ping_status":"closed","template":"","meta":{"_acf_changed":false},"pwb-brand":[],"product_brand":[],"product_cat":[33019,33091],"product_tag":[49791,38721,49793,49792],"class_list":{"0":"post-113964","1":"product","2":"type-product","3":"status-publish","4":"has-post-thumbnail","6":"product_cat-vino","7":"product_cat-vino-blanco","8":"product_tag-be-frizz-blanco-5-5","9":"product_tag-frizzante","10":"product_tag-vino-blanco-frizzante","11":"product_tag-vino-frizzante","12":"pa_bodega-codorniu","13":"pa_floral-blanco-floral","14":"pa_formatoenml-38306","15":"pa_graduacion-5_5","16":"pa_pais-espana","17":"entry","18":"has-media","20":"first","21":"instock","22":"taxable","23":"shipping-taxable","24":"purchasable","25":"product-type-simple"},"acf":[],"yoast_head":"<!-- This site is optimized with the Yoast SEO Premium plugin v23.1 (Yoast SEO v23.5) - https:\/\/yoast.com\/wordpress\/plugins\/seo\/ -->\n<title>Be Frizz Blanco 5.5% - M\u00f3n La Cata<\/title>\n<meta name=\"description\" content=\"Comprar el vino frizzante Be Frizz Blanco 5.5% en M\u00f3n La Cata. Tienda online especilizada en vino y alimentaci\u00f3n. Env\u00edos puntuales y promociones.\" \/>\n<meta name=\"robots\" content=\"noindex, follow, max-snippet:-1, max-image-preview:large, max-video-preview:-1\" \/>\n<meta property=\"og:locale\" content=\"ca_ES\" \/>\n<meta property=\"og:type\" content=\"article\" \/>\n<meta property=\"og:title\" content=\"Be Frizz Blanco 5.5%\" \/>\n<meta property=\"og:description\" content=\"Comprar el vino frizzante Be Frizz Blanco 5.5% en M\u00f3n La Cata. Tienda online especilizada en vino y alimentaci\u00f3n. Env\u00edos puntuales y promociones.\" \/>\n<meta property=\"og:url\" content=\"https:\/\/aral2.cetrexmarketing.com\/producto\/be-frizz-blanco-5-5\/\" \/>\n<meta property=\"og:site_name\" content=\"M\u00f3n La Cata\" \/>\n<meta property=\"article:modified_time\" content=\"2025-05-27T07:58:48+00:00\" \/>\n<meta property=\"og:image\" content=\"https:\/\/aral2.cetrexmarketing.com\/wp-content\/uploads\/2025\/05\/BE-FRIZZ-BY-CODORNIU-1.png\" \/>\n\t<meta property=\"og:image:width\" content=\"765\" \/>\n\t<meta property=\"og:image:height\" content=\"1024\" \/>\n\t<meta property=\"og:image:type\" content=\"image\/png\" \/>\n<meta name=\"twitter:card\" content=\"summary_large_image\" \/>\n<meta name=\"twitter:label1\" content=\"Temps estimat de lectura\" \/>\n\t<meta name=\"twitter:data1\" content=\"2 minuts\" \/>\n<script type=\"application\/ld+json\" class=\"yoast-schema-graph\">{\"@context\":\"https:\/\/schema.org\",\"@graph\":[{\"@type\":\"WebPage\",\"@id\":\"https:\/\/aral2.cetrexmarketing.com\/producto\/be-frizz-blanco-5-5\/\",\"url\":\"https:\/\/aral2.cetrexmarketing.com\/producto\/be-frizz-blanco-5-5\/\",\"name\":\"Be Frizz Blanco 5.5% - M\u00f3n La Cata\",\"isPartOf\":{\"@id\":\"https:\/\/aral2.cetrexmarketing.com\/#website\"},\"primaryImageOfPage\":{\"@id\":\"https:\/\/aral2.cetrexmarketing.com\/producto\/be-frizz-blanco-5-5\/#primaryimage\"},\"image\":{\"@id\":\"https:\/\/aral2.cetrexmarketing.com\/producto\/be-frizz-blanco-5-5\/#primaryimage\"},\"thumbnailUrl\":\"https:\/\/aral2.cetrexmarketing.com\/wp-content\/uploads\/2025\/05\/BE-FRIZZ-BY-CODORNIU-1.png\",\"datePublished\":\"2025-05-26T14:12:17+00:00\",\"dateModified\":\"2025-05-27T07:58:48+00:00\",\"description\":\"Comprar el vino frizzante Be Frizz Blanco 5.5% en M\u00f3n La Cata. Tienda online especilizada en vino y alimentaci\u00f3n. Env\u00edos puntuales y promociones.\",\"breadcrumb\":{\"@id\":\"https:\/\/aral2.cetrexmarketing.com\/producto\/be-frizz-blanco-5-5\/#breadcrumb\"},\"inLanguage\":\"ca\",\"potentialAction\":[{\"@type\":\"ReadAction\",\"target\":[\"https:\/\/aral2.cetrexmarketing.com\/producto\/be-frizz-blanco-5-5\/\"]}]},{\"@type\":\"ImageObject\",\"inLanguage\":\"ca\",\"@id\":\"https:\/\/aral2.cetrexmarketing.com\/producto\/be-frizz-blanco-5-5\/#primaryimage\",\"url\":\"https:\/\/aral2.cetrexmarketing.com\/wp-content\/uploads\/2025\/05\/BE-FRIZZ-BY-CODORNIU-1.png\",\"contentUrl\":\"https:\/\/aral2.cetrexmarketing.com\/wp-content\/uploads\/2025\/05\/BE-FRIZZ-BY-CODORNIU-1.png\",\"width\":765,\"height\":1024},{\"@type\":\"BreadcrumbList\",\"@id\":\"https:\/\/aral2.cetrexmarketing.com\/producto\/be-frizz-blanco-5-5\/#breadcrumb\",\"itemListElement\":[{\"@type\":\"ListItem\",\"position\":1,\"name\":\"Home\",\"item\":\"https:\/\/aral2.cetrexmarketing.com\/ca\/\"},{\"@type\":\"ListItem\",\"position\":2,\"name\":\"Tienda\",\"item\":\"https:\/\/aral2.cetrexmarketing.com\/ca\/tienda-2\/\"},{\"@type\":\"ListItem\",\"position\":3,\"name\":\"Tienda\",\"item\":\"https:\/\/aral2.cetrexmarketing.com\/categoria-producto\/inicio\/\"},{\"@type\":\"ListItem\",\"position\":4,\"name\":\"Vino\",\"item\":\"https:\/\/aral2.cetrexmarketing.com\/categoria-producto\/inicio\/vino\/\"},{\"@type\":\"ListItem\",\"position\":5,\"name\":\"Be Frizz Blanco 5.5%\"}]},{\"@type\":\"WebSite\",\"@id\":\"https:\/\/aral2.cetrexmarketing.com\/#website\",\"url\":\"https:\/\/aral2.cetrexmarketing.com\/\",\"name\":\"M\u00f3n La Cata\",\"description\":\"Tienda de vinos, licores, cervezas y gourmet\",\"publisher\":{\"@id\":\"https:\/\/aral2.cetrexmarketing.com\/#organization\"},\"potentialAction\":[{\"@type\":\"SearchAction\",\"target\":{\"@type\":\"EntryPoint\",\"urlTemplate\":\"https:\/\/aral2.cetrexmarketing.com\/?s={search_term_string}\"},\"query-input\":{\"@type\":\"PropertyValueSpecification\",\"valueRequired\":true,\"valueName\":\"search_term_string\"}}],\"inLanguage\":\"ca\"},{\"@type\":\"Organization\",\"@id\":\"https:\/\/aral2.cetrexmarketing.com\/#organization\",\"name\":\"M\u00f3n La Cata\",\"url\":\"https:\/\/aral2.cetrexmarketing.com\/\",\"logo\":{\"@type\":\"ImageObject\",\"inLanguage\":\"ca\",\"@id\":\"https:\/\/aral2.cetrexmarketing.com\/#\/schema\/logo\/image\/\",\"url\":\"https:\/\/aral2.cetrexmarketing.com\/wp-content\/uploads\/2024\/10\/aral-logo-neg-1024x409-1.png\",\"contentUrl\":\"https:\/\/aral2.cetrexmarketing.com\/wp-content\/uploads\/2024\/10\/aral-logo-neg-1024x409-1.png\",\"width\":1024,\"height\":409,\"caption\":\"M\u00f3n La Cata\"},\"image\":{\"@id\":\"https:\/\/aral2.cetrexmarketing.com\/#\/schema\/logo\/image\/\"}}]}<\/script>\n<!-- \/ Yoast SEO Premium plugin. -->","yoast_head_json":{"title":"Be Frizz Blanco 5.5% - M\u00f3n La Cata","description":"Comprar el vino frizzante Be Frizz Blanco 5.5% en M\u00f3n La Cata. Tienda online especilizada en vino y alimentaci\u00f3n. Env\u00edos puntuales y promociones.","robots":{"index":"noindex","follow":"follow","max-snippet":"max-snippet:-1","max-image-preview":"max-image-preview:large","max-video-preview":"max-video-preview:-1"},"og_locale":"ca_ES","og_type":"article","og_title":"Be Frizz Blanco 5.5%","og_description":"Comprar el vino frizzante Be Frizz Blanco 5.5% en M\u00f3n La Cata. Tienda online especilizada en vino y alimentaci\u00f3n. Env\u00edos puntuales y promociones.","og_url":"https:\/\/aral2.cetrexmarketing.com\/producto\/be-frizz-blanco-5-5\/","og_site_name":"M\u00f3n La Cata","article_modified_time":"2025-05-27T07:58:48+00:00","og_image":[{"width":765,"height":1024,"url":"https:\/\/aral2.cetrexmarketing.com\/wp-content\/uploads\/2025\/05\/BE-FRIZZ-BY-CODORNIU-1.png","type":"image\/png"}],"twitter_card":"summary_large_image","twitter_misc":{"Temps estimat de lectura":"2 minuts"},"schema":{"@context":"https:\/\/schema.org","@graph":[{"@type":"WebPage","@id":"https:\/\/aral2.cetrexmarketing.com\/producto\/be-frizz-blanco-5-5\/","url":"https:\/\/aral2.cetrexmarketing.com\/producto\/be-frizz-blanco-5-5\/","name":"Be Frizz Blanco 5.5% - M\u00f3n La Cata","isPartOf":{"@id":"https:\/\/aral2.cetrexmarketing.com\/#website"},"primaryImageOfPage":{"@id":"https:\/\/aral2.cetrexmarketing.com\/producto\/be-frizz-blanco-5-5\/#primaryimage"},"image":{"@id":"https:\/\/aral2.cetrexmarketing.com\/producto\/be-frizz-blanco-5-5\/#primaryimage"},"thumbnailUrl":"https:\/\/aral2.cetrexmarketing.com\/wp-content\/uploads\/2025\/05\/BE-FRIZZ-BY-CODORNIU-1.png","datePublished":"2025-05-26T14:12:17+00:00","dateModified":"2025-05-27T07:58:48+00:00","description":"Comprar el vino frizzante Be Frizz Blanco 5.5% en M\u00f3n La Cata. Tienda online especilizada en vino y alimentaci\u00f3n. Env\u00edos puntuales y promociones.","breadcrumb":{"@id":"https:\/\/aral2.cetrexmarketing.com\/producto\/be-frizz-blanco-5-5\/#breadcrumb"},"inLanguage":"ca","potentialAction":[{"@type":"ReadAction","target":["https:\/\/aral2.cetrexmarketing.com\/producto\/be-frizz-blanco-5-5\/"]}]},{"@type":"ImageObject","inLanguage":"ca","@id":"https:\/\/aral2.cetrexmarketing.com\/producto\/be-frizz-blanco-5-5\/#primaryimage","url":"https:\/\/aral2.cetrexmarketing.com\/wp-content\/uploads\/2025\/05\/BE-FRIZZ-BY-CODORNIU-1.png","contentUrl":"https:\/\/aral2.cetrexmarketing.com\/wp-content\/uploads\/2025\/05\/BE-FRIZZ-BY-CODORNIU-1.png","width":765,"height":1024},{"@type":"BreadcrumbList","@id":"https:\/\/aral2.cetrexmarketing.com\/producto\/be-frizz-blanco-5-5\/#breadcrumb","itemListElement":[{"@type":"ListItem","position":1,"name":"Home","item":"https:\/\/aral2.cetrexmarketing.com\/ca\/"},{"@type":"ListItem","position":2,"name":"Tienda","item":"https:\/\/aral2.cetrexmarketing.com\/ca\/tienda-2\/"},{"@type":"ListItem","position":3,"name":"Tienda","item":"https:\/\/aral2.cetrexmarketing.com\/categoria-producto\/inicio\/"},{"@type":"ListItem","position":4,"name":"Vino","item":"https:\/\/aral2.cetrexmarketing.com\/categoria-producto\/inicio\/vino\/"},{"@type":"ListItem","position":5,"name":"Be Frizz Blanco 5.5%"}]},{"@type":"WebSite","@id":"https:\/\/aral2.cetrexmarketing.com\/#website","url":"https:\/\/aral2.cetrexmarketing.com\/","name":"M\u00f3n La Cata","description":"Tienda de vinos, licores, cervezas y gourmet","publisher":{"@id":"https:\/\/aral2.cetrexmarketing.com\/#organization"},"potentialAction":[{"@type":"SearchAction","target":{"@type":"EntryPoint","urlTemplate":"https:\/\/aral2.cetrexmarketing.com\/?s={search_term_string}"},"query-input":{"@type":"PropertyValueSpecification","valueRequired":true,"valueName":"search_term_string"}}],"inLanguage":"ca"},{"@type":"Organization","@id":"https:\/\/aral2.cetrexmarketing.com\/#organization","name":"M\u00f3n La Cata","url":"https:\/\/aral2.cetrexmarketing.com\/","logo":{"@type":"ImageObject","inLanguage":"ca","@id":"https:\/\/aral2.cetrexmarketing.com\/#\/schema\/logo\/image\/","url":"https:\/\/aral2.cetrexmarketing.com\/wp-content\/uploads\/2024\/10\/aral-logo-neg-1024x409-1.png","contentUrl":"https:\/\/aral2.cetrexmarketing.com\/wp-content\/uploads\/2024\/10\/aral-logo-neg-1024x409-1.png","width":1024,"height":409,"caption":"M\u00f3n La Cata"},"image":{"@id":"https:\/\/aral2.cetrexmarketing.com\/#\/schema\/logo\/image\/"}}]}},"brands":[],"_links":{"self":[{"href":"https:\/\/aral2.cetrexmarketing.com\/ca\/wp-json\/wp\/v2\/product\/113964","targetHints":{"allow":["GET"]}}],"collection":[{"href":"https:\/\/aral2.cetrexmarketing.com\/ca\/wp-json\/wp\/v2\/product"}],"about":[{"href":"https:\/\/aral2.cetrexmarketing.com\/ca\/wp-json\/wp\/v2\/types\/product"}],"replies":[{"embeddable":true,"href":"https:\/\/aral2.cetrexmarketing.com\/ca\/wp-json\/wp\/v2\/comments?post=113964"}],"wp:featuredmedia":[{"embeddable":true,"href":"https:\/\/aral2.cetrexmarketing.com\/ca\/wp-json\/wp\/v2\/media\/113962"}],"wp:attachment":[{"href":"https:\/\/aral2.cetrexmarketing.com\/ca\/wp-json\/wp\/v2\/media?parent=113964"}],"wp:term":[{"taxonomy":"pwb-brand","embeddable":true,"href":"https:\/\/aral2.cetrexmarketing.com\/ca\/wp-json\/wp\/v2\/pwb-brand?post=113964"},{"taxonomy":"product_brand","embeddable":true,"href":"https:\/\/aral2.cetrexmarketing.com\/ca\/wp-json\/wp\/v2\/product_brand?post=113964"},{"taxonomy":"product_cat","embeddable":true,"href":"https:\/\/aral2.cetrexmarketing.com\/ca\/wp-json\/wp\/v2\/product_cat?post=113964"},{"taxonomy":"product_tag","embeddable":true,"href":"https:\/\/aral2.cetrexmarketing.com\/ca\/wp-json\/wp\/v2\/product_tag?post=113964"}],"curies":[{"name":"wp","href":"https:\/\/api.w.org\/{rel}","templated":true}]}}