{"id":113563,"date":"2025-05-26T14:07:22","date_gmt":"2025-05-26T14:07:22","guid":{"rendered":"https:\/\/aral2.cetrexmarketing.com\/producto\/casa-silva-dona-dominga-reserva\/"},"modified":"2025-05-27T07:58:16","modified_gmt":"2025-05-27T07:58:16","slug":"casa-silva-dona-dominga-reserva","status":"publish","type":"product","link":"https:\/\/aral2.cetrexmarketing.com\/ca\/producto\/casa-silva-dona-dominga-reserva\/","title":{"rendered":"Casa Silva Do\u00f1a Dominga Reserva"},"content":{"rendered":"<div class=\"flex-1 overflow-hidden\">\n<div class=\"react-scroll-to-bottom--css-rzjob-79elbk h-full\">\n<div class=\"react-scroll-to-bottom--css-rzjob-1n7m0yu\">\n<div class=\"flex flex-col text-sm pb-9\">\n<div class=\"w-full text-token-text-primary\" dir=\"auto\" data-testid=\"conversation-turn-29\">\n<div class=\"px-4 py-2 justify-center text-base md:gap-6 m-auto\">\n<div class=\"flex flex-1 text-base mx-auto gap-3 juice:gap-4 juice:md:gap-6 md:px-5 lg:px-1 xl:px-5 md:max-w-3xl lg:max-w-[40rem] xl:max-w-[48rem]\">\n<div class=\"relative flex w-full flex-col agent-turn\">\n<div class=\"flex-col gap-1 md:gap-3\">\n<div class=\"flex flex-grow flex-col max-w-full\">\n<div class=\"min-h-[20px] text-message flex flex-col items-start gap-3 whitespace-pre-wrap break-words [.text-message+&amp;]:mt-5 overflow-x-auto\" dir=\"auto\" data-message-author-role=\"assistant\" data-message-id=\"288e8a5a-08d1-4f66-acf2-7adec284933b\">\n<div class=\"markdown prose w-full break-words dark:prose-invert light\">\n<p>El Casa Silva Do\u00f1a Dominga Reserva<strong>\u00a0<\/strong> se elabora con uvas cultivadas en los vi\u00f1edos de Casa Silva, en el valle de Colchagua. Estos vi\u00f1edos, situados en un entorno privilegiado con suelos ricos en minerales y un clima \u00f3ptimo, permiten que las uvas expresen todo su potencial y car\u00e1cter.<\/p>\n<p>Este vino es parte de la l\u00ednea <strong>Do\u00f1a Dominga Reserva<\/strong>, que ofrece una selecci\u00f3n de vinos varietales de alta calidad que representan lo mejor de la regi\u00f3n. El Casa Silva Do\u00f1a Dominga Reserva Cabernet Sauvignon Reserva destaca por su intensidad y estructura. Aromas a frutas negras maduras, notas especiadas y taninos suaves y redondos.<\/p>\n<p>La historia de <strong>Casa Silva<\/strong> se remonta a finales del siglo XIX, cuando la familia Silva lleg\u00f3 al valle de Colchagua y comenz\u00f3 a cultivar vi\u00f1edos. A lo largo de los a\u00f1os, han combinado tradici\u00f3n e innovaci\u00f3n para convertirse en un referente en la industria vitivin\u00edcola chilena.<\/p>\n<p>Hoy en d\u00eda, cuenta con una amplia gama de vinos que incluye tanto etiquetas de reserva como vinos de alta gama. Todos elaborados con uvas provenientes de sus propios vi\u00f1edos. Su compromiso con la calidad y la excelencia ha sido reconocido internacionalmente. As\u00ed se han convertido en una opci\u00f3n de confianza para los amantes del buen vino en todo el mundo.<\/p>\n<\/div>\n<\/div>\n<\/div>\n<\/div>\n<\/div>\n<\/div>\n<\/div>\n<\/div>\n<\/div>\n<\/div>\n<\/div>\n<\/div>\n","protected":false},"excerpt":{"rendered":"<div class=\"flex-1 overflow-hidden\">\n<div class=\"react-scroll-to-bottom--css-rzjob-79elbk h-full\">\n<div class=\"react-scroll-to-bottom--css-rzjob-1n7m0yu\">\n<div class=\"flex flex-col text-sm pb-9\">\n<div class=\"w-full text-token-text-primary\" dir=\"auto\" data-testid=\"conversation-turn-29\">\n<div class=\"px-4 py-2 justify-center text-base md:gap-6 m-auto\">\n<div class=\"flex flex-1 text-base mx-auto gap-3 juice:gap-4 juice:md:gap-6 md:px-5 lg:px-1 xl:px-5 md:max-w-3xl lg:max-w-[40rem] xl:max-w-[48rem]\">\n<div class=\"relative flex w-full flex-col agent-turn\">\n<div class=\"flex-col gap-1 md:gap-3\">\n<div class=\"flex flex-grow flex-col max-w-full\">\n<div class=\"min-h-[20px] text-message flex flex-col items-start gap-3 whitespace-pre-wrap break-words [.text-message+&amp;]:mt-5 overflow-x-auto\" dir=\"auto\" data-message-author-role=\"assistant\" data-message-id=\"288e8a5a-08d1-4f66-acf2-7adec284933b\">\n<div class=\"markdown prose w-full break-words dark:prose-invert light\">\n<p>El <strong>Do\u00f1a Dominga Reserva Cabernet Sauvignon<\/strong> se elabora con uvas de la variedad <strong>Cabernet Sauvignon<\/strong>, cultivadas en los vi\u00f1edos de Casa Silva en el valle de Colchagua. Estos vi\u00f1edos, situados en un entorno privilegiado con suelos ricos en minerales y un clima \u00f3ptimo, permiten que las uvas expresen todo su potencial y car\u00e1cter.<\/p>\n<p>Este vino es parte de la l\u00ednea <strong>Do\u00f1a Dominga Reserva<\/strong>, que ofrece una selecci\u00f3n de vinos varietales de alta calidad que representan lo mejor de la regi\u00f3n. El Cabernet Sauvignon Reserva destaca por su intensidad y estructura. Aromas a frutas negras maduras, notas especiadas y taninos suaves y redondos.<\/p>\n<p>La historia de <strong>Casa Silva<\/strong> se remonta a finales del siglo XIX, cuando la familia Silva lleg\u00f3 al valle de Colchagua y comenz\u00f3 a cultivar vi\u00f1edos. A lo largo de los a\u00f1os, la bodega ha combinado tradici\u00f3n e innovaci\u00f3n para convertirse en un referente en la industria vitivin\u00edcola chilena.<\/p>\n<p>Hoy en d\u00eda, Casa Silva cuenta con una amplia gama de vinos que incluye tanto etiquetas de reserva como vinos de alta gama. Todos elaborados con uvas provenientes de sus propios vi\u00f1edos. Su compromiso con la calidad y la excelencia ha sido reconocido internacionalmente, convirti\u00e9ndolos en una opci\u00f3n de confianza para los amantes del buen vino en todo el mundo.<\/p>\n<\/div>\n<\/div>\n<\/div>\n<div class=\"mt-1 flex gap-3 empty:hidden\">\n<div class=\"text-gray-400 flex self-end lg:self-center items-center justify-center lg:justify-start mt-0 -ml-1 h-7 gap-[2px] visible\">\n<div class=\"flex\"><\/div>\n<\/div>\n<\/div>\n<div class=\"pr-2 lg:pr-0\"><\/div>\n<\/div>\n<div class=\"absolute\">\n<div class=\"flex w-full gap-2 items-center justify-center\"><\/div>\n<\/div>\n<\/div>\n<\/div>\n<\/div>\n<\/div>\n<\/div>\n<\/div>\n<\/div>\n<\/div>\n<div class=\"w-full pt-2 md:pt-0 dark:border-white\/20 md:border-transparent md:dark:border-transparent md:w-[calc(100%-.5rem)]\">\n<form class=\"stretch mx-2 flex flex-row gap-3 last:mb-2 md:mx-4 md:last:mb-6 lg:mx-auto lg:max-w-2xl xl:max-w-3xl\">\n<div class=\"relative flex h-full flex-1 flex-col\">\n<div class=\"absolute bottom-full left-0 right-0\"><\/div>\n<div class=\"flex w-full items-center\"><\/div>\n<\/div>\n<\/form>\n<\/div>\n","protected":false},"featured_media":113561,"comment_status":"closed","ping_status":"closed","template":"","meta":{"_acf_changed":false},"pwb-brand":[],"product_brand":[],"product_cat":[51655,33019,33053],"product_tag":[44145,49686,44144,40262,43841,49687],"class_list":{"0":"post-113563","1":"product","2":"type-product","3":"status-publish","4":"has-post-thumbnail","6":"product_cat-rebajas","7":"product_cat-vino","8":"product_cat-vinos-tintos","9":"product_tag-casa-silva","10":"product_tag-casa-silva-dona-dominga-reserva-cabernet-sauvignon","11":"product_tag-dona-dominga","12":"product_tag-vino-apto-para-veganos","13":"product_tag-vino-chileno","14":"product_tag-vino-tinto-chileno","15":"pa_bodega-casasilva","16":"pa_ecologico-vegano-natural-vegano","17":"pa_envejecimiento-reserva","18":"pa_formatoenml-38306","19":"pa_graduacion-14_0","20":"pa_maridaje-carne-roja","21":"pa_pais-chile","22":"pa_potente-tinto-potente","23":"pa_variedad-principal-cabernet-sauvignon","24":"entry","25":"has-media","27":"first","28":"instock","29":"sale","30":"taxable","31":"shipping-taxable","32":"purchasable","33":"product-type-simple"},"acf":[],"yoast_head":"<!-- This site is optimized with the Yoast SEO Premium plugin v23.1 (Yoast SEO v23.5) - https:\/\/yoast.com\/wordpress\/plugins\/seo\/ -->\n<title>Casa Silva Do\u00f1a Dominga Reserva - M\u00f3n La Cata<\/title>\n<meta name=\"description\" content=\"Comprar Casa Silva Do\u00f1a Dominga Reserva en M\u00f3n La Cata. Tienda online especilizada en vino y alimentaci\u00f3n. Env\u00edos puntuales y promociones\" \/>\n<meta name=\"robots\" content=\"noindex, follow, max-snippet:-1, max-image-preview:large, max-video-preview:-1\" \/>\n<meta property=\"og:locale\" content=\"ca_ES\" \/>\n<meta property=\"og:type\" content=\"article\" \/>\n<meta property=\"og:title\" content=\"Casa Silva Do\u00f1a Dominga Reserva\" \/>\n<meta property=\"og:description\" content=\"Comprar Casa Silva Do\u00f1a Dominga Reserva en M\u00f3n La Cata. Tienda online especilizada en vino y alimentaci\u00f3n. Env\u00edos puntuales y promociones\" \/>\n<meta property=\"og:url\" content=\"https:\/\/aral2.cetrexmarketing.com\/producto\/casa-silva-dona-dominga-reserva\/\" \/>\n<meta property=\"og:site_name\" content=\"M\u00f3n La Cata\" \/>\n<meta property=\"article:modified_time\" content=\"2025-05-27T07:58:16+00:00\" \/>\n<meta property=\"og:image\" content=\"https:\/\/aral2.cetrexmarketing.com\/wp-content\/uploads\/2025\/05\/dona-dominga-reserva-cabernet-sauvignon.png\" \/>\n\t<meta property=\"og:image:width\" content=\"765\" \/>\n\t<meta property=\"og:image:height\" content=\"1024\" \/>\n\t<meta property=\"og:image:type\" content=\"image\/png\" \/>\n<meta name=\"twitter:card\" content=\"summary_large_image\" \/>\n<meta name=\"twitter:label1\" content=\"Temps estimat de lectura\" \/>\n\t<meta name=\"twitter:data1\" content=\"2 minuts\" \/>\n<script type=\"application\/ld+json\" class=\"yoast-schema-graph\">{\"@context\":\"https:\/\/schema.org\",\"@graph\":[{\"@type\":\"WebPage\",\"@id\":\"https:\/\/aral2.cetrexmarketing.com\/producto\/casa-silva-dona-dominga-reserva\/\",\"url\":\"https:\/\/aral2.cetrexmarketing.com\/producto\/casa-silva-dona-dominga-reserva\/\",\"name\":\"Casa Silva Do\u00f1a Dominga Reserva - M\u00f3n La Cata\",\"isPartOf\":{\"@id\":\"https:\/\/aral2.cetrexmarketing.com\/#website\"},\"primaryImageOfPage\":{\"@id\":\"https:\/\/aral2.cetrexmarketing.com\/producto\/casa-silva-dona-dominga-reserva\/#primaryimage\"},\"image\":{\"@id\":\"https:\/\/aral2.cetrexmarketing.com\/producto\/casa-silva-dona-dominga-reserva\/#primaryimage\"},\"thumbnailUrl\":\"https:\/\/aral2.cetrexmarketing.com\/wp-content\/uploads\/2025\/05\/dona-dominga-reserva-cabernet-sauvignon.png\",\"datePublished\":\"2025-05-26T14:07:22+00:00\",\"dateModified\":\"2025-05-27T07:58:16+00:00\",\"description\":\"Comprar Casa Silva Do\u00f1a Dominga Reserva en M\u00f3n La Cata. Tienda online especilizada en vino y alimentaci\u00f3n. Env\u00edos puntuales y promociones\",\"breadcrumb\":{\"@id\":\"https:\/\/aral2.cetrexmarketing.com\/producto\/casa-silva-dona-dominga-reserva\/#breadcrumb\"},\"inLanguage\":\"ca\",\"potentialAction\":[{\"@type\":\"ReadAction\",\"target\":[\"https:\/\/aral2.cetrexmarketing.com\/producto\/casa-silva-dona-dominga-reserva\/\"]}]},{\"@type\":\"ImageObject\",\"inLanguage\":\"ca\",\"@id\":\"https:\/\/aral2.cetrexmarketing.com\/producto\/casa-silva-dona-dominga-reserva\/#primaryimage\",\"url\":\"https:\/\/aral2.cetrexmarketing.com\/wp-content\/uploads\/2025\/05\/dona-dominga-reserva-cabernet-sauvignon.png\",\"contentUrl\":\"https:\/\/aral2.cetrexmarketing.com\/wp-content\/uploads\/2025\/05\/dona-dominga-reserva-cabernet-sauvignon.png\",\"width\":765,\"height\":1024},{\"@type\":\"BreadcrumbList\",\"@id\":\"https:\/\/aral2.cetrexmarketing.com\/producto\/casa-silva-dona-dominga-reserva\/#breadcrumb\",\"itemListElement\":[{\"@type\":\"ListItem\",\"position\":1,\"name\":\"Home\",\"item\":\"https:\/\/aral2.cetrexmarketing.com\/ca\/\"},{\"@type\":\"ListItem\",\"position\":2,\"name\":\"Tienda\",\"item\":\"https:\/\/aral2.cetrexmarketing.com\/ca\/tienda-2\/\"},{\"@type\":\"ListItem\",\"position\":3,\"name\":\"Tienda\",\"item\":\"https:\/\/aral2.cetrexmarketing.com\/categoria-producto\/inicio\/\"},{\"@type\":\"ListItem\",\"position\":4,\"name\":\"Vino\",\"item\":\"https:\/\/aral2.cetrexmarketing.com\/categoria-producto\/inicio\/vino\/\"},{\"@type\":\"ListItem\",\"position\":5,\"name\":\"Casa Silva Do\u00f1a Dominga Reserva\"}]},{\"@type\":\"WebSite\",\"@id\":\"https:\/\/aral2.cetrexmarketing.com\/#website\",\"url\":\"https:\/\/aral2.cetrexmarketing.com\/\",\"name\":\"M\u00f3n La Cata\",\"description\":\"Tienda de vinos, licores, cervezas y gourmet\",\"publisher\":{\"@id\":\"https:\/\/aral2.cetrexmarketing.com\/#organization\"},\"potentialAction\":[{\"@type\":\"SearchAction\",\"target\":{\"@type\":\"EntryPoint\",\"urlTemplate\":\"https:\/\/aral2.cetrexmarketing.com\/?s={search_term_string}\"},\"query-input\":{\"@type\":\"PropertyValueSpecification\",\"valueRequired\":true,\"valueName\":\"search_term_string\"}}],\"inLanguage\":\"ca\"},{\"@type\":\"Organization\",\"@id\":\"https:\/\/aral2.cetrexmarketing.com\/#organization\",\"name\":\"M\u00f3n La Cata\",\"url\":\"https:\/\/aral2.cetrexmarketing.com\/\",\"logo\":{\"@type\":\"ImageObject\",\"inLanguage\":\"ca\",\"@id\":\"https:\/\/aral2.cetrexmarketing.com\/#\/schema\/logo\/image\/\",\"url\":\"https:\/\/aral2.cetrexmarketing.com\/wp-content\/uploads\/2024\/10\/aral-logo-neg-1024x409-1.png\",\"contentUrl\":\"https:\/\/aral2.cetrexmarketing.com\/wp-content\/uploads\/2024\/10\/aral-logo-neg-1024x409-1.png\",\"width\":1024,\"height\":409,\"caption\":\"M\u00f3n La Cata\"},\"image\":{\"@id\":\"https:\/\/aral2.cetrexmarketing.com\/#\/schema\/logo\/image\/\"}}]}<\/script>\n<!-- \/ Yoast SEO Premium plugin. -->","yoast_head_json":{"title":"Casa Silva Do\u00f1a Dominga Reserva - M\u00f3n La Cata","description":"Comprar Casa Silva Do\u00f1a Dominga Reserva en M\u00f3n La Cata. Tienda online especilizada en vino y alimentaci\u00f3n. Env\u00edos puntuales y promociones","robots":{"index":"noindex","follow":"follow","max-snippet":"max-snippet:-1","max-image-preview":"max-image-preview:large","max-video-preview":"max-video-preview:-1"},"og_locale":"ca_ES","og_type":"article","og_title":"Casa Silva Do\u00f1a Dominga Reserva","og_description":"Comprar Casa Silva Do\u00f1a Dominga Reserva en M\u00f3n La Cata. Tienda online especilizada en vino y alimentaci\u00f3n. Env\u00edos puntuales y promociones","og_url":"https:\/\/aral2.cetrexmarketing.com\/producto\/casa-silva-dona-dominga-reserva\/","og_site_name":"M\u00f3n La Cata","article_modified_time":"2025-05-27T07:58:16+00:00","og_image":[{"width":765,"height":1024,"url":"https:\/\/aral2.cetrexmarketing.com\/wp-content\/uploads\/2025\/05\/dona-dominga-reserva-cabernet-sauvignon.png","type":"image\/png"}],"twitter_card":"summary_large_image","twitter_misc":{"Temps estimat de lectura":"2 minuts"},"schema":{"@context":"https:\/\/schema.org","@graph":[{"@type":"WebPage","@id":"https:\/\/aral2.cetrexmarketing.com\/producto\/casa-silva-dona-dominga-reserva\/","url":"https:\/\/aral2.cetrexmarketing.com\/producto\/casa-silva-dona-dominga-reserva\/","name":"Casa Silva Do\u00f1a Dominga Reserva - M\u00f3n La Cata","isPartOf":{"@id":"https:\/\/aral2.cetrexmarketing.com\/#website"},"primaryImageOfPage":{"@id":"https:\/\/aral2.cetrexmarketing.com\/producto\/casa-silva-dona-dominga-reserva\/#primaryimage"},"image":{"@id":"https:\/\/aral2.cetrexmarketing.com\/producto\/casa-silva-dona-dominga-reserva\/#primaryimage"},"thumbnailUrl":"https:\/\/aral2.cetrexmarketing.com\/wp-content\/uploads\/2025\/05\/dona-dominga-reserva-cabernet-sauvignon.png","datePublished":"2025-05-26T14:07:22+00:00","dateModified":"2025-05-27T07:58:16+00:00","description":"Comprar Casa Silva Do\u00f1a Dominga Reserva en M\u00f3n La Cata. Tienda online especilizada en vino y alimentaci\u00f3n. Env\u00edos puntuales y promociones","breadcrumb":{"@id":"https:\/\/aral2.cetrexmarketing.com\/producto\/casa-silva-dona-dominga-reserva\/#breadcrumb"},"inLanguage":"ca","potentialAction":[{"@type":"ReadAction","target":["https:\/\/aral2.cetrexmarketing.com\/producto\/casa-silva-dona-dominga-reserva\/"]}]},{"@type":"ImageObject","inLanguage":"ca","@id":"https:\/\/aral2.cetrexmarketing.com\/producto\/casa-silva-dona-dominga-reserva\/#primaryimage","url":"https:\/\/aral2.cetrexmarketing.com\/wp-content\/uploads\/2025\/05\/dona-dominga-reserva-cabernet-sauvignon.png","contentUrl":"https:\/\/aral2.cetrexmarketing.com\/wp-content\/uploads\/2025\/05\/dona-dominga-reserva-cabernet-sauvignon.png","width":765,"height":1024},{"@type":"BreadcrumbList","@id":"https:\/\/aral2.cetrexmarketing.com\/producto\/casa-silva-dona-dominga-reserva\/#breadcrumb","itemListElement":[{"@type":"ListItem","position":1,"name":"Home","item":"https:\/\/aral2.cetrexmarketing.com\/ca\/"},{"@type":"ListItem","position":2,"name":"Tienda","item":"https:\/\/aral2.cetrexmarketing.com\/ca\/tienda-2\/"},{"@type":"ListItem","position":3,"name":"Tienda","item":"https:\/\/aral2.cetrexmarketing.com\/categoria-producto\/inicio\/"},{"@type":"ListItem","position":4,"name":"Vino","item":"https:\/\/aral2.cetrexmarketing.com\/categoria-producto\/inicio\/vino\/"},{"@type":"ListItem","position":5,"name":"Casa Silva Do\u00f1a Dominga Reserva"}]},{"@type":"WebSite","@id":"https:\/\/aral2.cetrexmarketing.com\/#website","url":"https:\/\/aral2.cetrexmarketing.com\/","name":"M\u00f3n La Cata","description":"Tienda de vinos, licores, cervezas y gourmet","publisher":{"@id":"https:\/\/aral2.cetrexmarketing.com\/#organization"},"potentialAction":[{"@type":"SearchAction","target":{"@type":"EntryPoint","urlTemplate":"https:\/\/aral2.cetrexmarketing.com\/?s={search_term_string}"},"query-input":{"@type":"PropertyValueSpecification","valueRequired":true,"valueName":"search_term_string"}}],"inLanguage":"ca"},{"@type":"Organization","@id":"https:\/\/aral2.cetrexmarketing.com\/#organization","name":"M\u00f3n La Cata","url":"https:\/\/aral2.cetrexmarketing.com\/","logo":{"@type":"ImageObject","inLanguage":"ca","@id":"https:\/\/aral2.cetrexmarketing.com\/#\/schema\/logo\/image\/","url":"https:\/\/aral2.cetrexmarketing.com\/wp-content\/uploads\/2024\/10\/aral-logo-neg-1024x409-1.png","contentUrl":"https:\/\/aral2.cetrexmarketing.com\/wp-content\/uploads\/2024\/10\/aral-logo-neg-1024x409-1.png","width":1024,"height":409,"caption":"M\u00f3n La Cata"},"image":{"@id":"https:\/\/aral2.cetrexmarketing.com\/#\/schema\/logo\/image\/"}}]}},"brands":[],"_links":{"self":[{"href":"https:\/\/aral2.cetrexmarketing.com\/ca\/wp-json\/wp\/v2\/product\/113563","targetHints":{"allow":["GET"]}}],"collection":[{"href":"https:\/\/aral2.cetrexmarketing.com\/ca\/wp-json\/wp\/v2\/product"}],"about":[{"href":"https:\/\/aral2.cetrexmarketing.com\/ca\/wp-json\/wp\/v2\/types\/product"}],"replies":[{"embeddable":true,"href":"https:\/\/aral2.cetrexmarketing.com\/ca\/wp-json\/wp\/v2\/comments?post=113563"}],"wp:featuredmedia":[{"embeddable":true,"href":"https:\/\/aral2.cetrexmarketing.com\/ca\/wp-json\/wp\/v2\/media\/113561"}],"wp:attachment":[{"href":"https:\/\/aral2.cetrexmarketing.com\/ca\/wp-json\/wp\/v2\/media?parent=113563"}],"wp:term":[{"taxonomy":"pwb-brand","embeddable":true,"href":"https:\/\/aral2.cetrexmarketing.com\/ca\/wp-json\/wp\/v2\/pwb-brand?post=113563"},{"taxonomy":"product_brand","embeddable":true,"href":"https:\/\/aral2.cetrexmarketing.com\/ca\/wp-json\/wp\/v2\/product_brand?post=113563"},{"taxonomy":"product_cat","embeddable":true,"href":"https:\/\/aral2.cetrexmarketing.com\/ca\/wp-json\/wp\/v2\/product_cat?post=113563"},{"taxonomy":"product_tag","embeddable":true,"href":"https:\/\/aral2.cetrexmarketing.com\/ca\/wp-json\/wp\/v2\/product_tag?post=113563"}],"curies":[{"name":"wp","href":"https:\/\/api.w.org\/{rel}","templated":true}]}}