{"id":113238,"date":"2025-05-26T13:59:45","date_gmt":"2025-05-26T13:59:45","guid":{"rendered":"https:\/\/aral2.cetrexmarketing.com\/producto\/conde-del-pazo-godello\/"},"modified":"2025-05-27T07:57:57","modified_gmt":"2025-05-27T07:57:57","slug":"conde-del-pazo-godello","status":"publish","type":"product","link":"https:\/\/aral2.cetrexmarketing.com\/ca\/producto\/conde-del-pazo-godello\/","title":{"rendered":"Conde del Pazo Godello"},"content":{"rendered":"<h2 data-start=\"28\" data-end=\"92\">Conde del Pazo Godello: frescura y elegancia en cada copa<\/h2>\n<p class=\"\" data-start=\"93\" data-end=\"323\"><strong data-start=\"93\" data-end=\"119\">Conde del Pazo Godello<\/strong> es un vino blanco 100\u202f% Godello que brilla por su frescura, mineralidad y equilibrio. Aromas a frutas blancas, flores delicadas y un toque c\u00edtrico lo convierten en una experiencia vibrante y aut\u00e9ntica.<\/p>\n<p class=\"\" data-start=\"325\" data-end=\"396\">Perfecto para quienes buscan un blanco con personalidad, destaca por:<\/p>\n<ul data-start=\"397\" data-end=\"568\">\n<li class=\"\" data-start=\"397\" data-end=\"454\">\n<p class=\"\" data-start=\"399\" data-end=\"454\">Aromas frescos a manzana verde, pera y notas florales<\/p>\n<\/li>\n<li class=\"\" data-start=\"455\" data-end=\"509\">\n<p class=\"\" data-start=\"457\" data-end=\"509\">Boca equilibrada, mineral y con acidez refrescante<\/p>\n<\/li>\n<li class=\"\" data-start=\"510\" data-end=\"568\">\n<p class=\"\" data-start=\"512\" data-end=\"568\">Final largo y elegante que invita a seguir disfrutando<\/p>\n<\/li>\n<\/ul>\n<p class=\"\" data-start=\"570\" data-end=\"652\">Perfecto para maridar con mariscos, pescados, arroces o disfrutarlo solo, <strong data-start=\"425\" data-end=\"451\">Conde del Pazo Godello<\/strong> es la elecci\u00f3n ideal para quienes buscan autenticidad y elegancia en cada sorbo.<\/p>\n<h2 data-start=\"654\" data-end=\"790\">\ud83d\uded2 <strong data-start=\"657\" data-end=\"790\" data-is-last-node=\"\">A\u00f1\u00e1delo al carrito y d\u00e9jate seducir por Conde del Pazo Godello. <\/strong><\/h2>\n<p class=\"\" data-start=\"654\" data-end=\"790\"><strong data-start=\"657\" data-end=\"790\" data-is-last-node=\"\">Haz tu pedido online y brinda con uno de los mejores blancos.<\/strong><\/p>\n","protected":false},"excerpt":{"rendered":"<p>Conde del Pazo Godello: frescura y elegancia en cada copa Conde del Pazo Godello es un vino blanco 100\u202f% Godello que brilla por su frescura, mineralidad y equilibrio. Aromas a frutas blancas, flores delicadas y un toque c\u00edtrico lo convierten en una experiencia vibrante y aut\u00e9ntica. Perfecto para quienes buscan un blanco con personalidad, destaca&hellip;<\/p>\n","protected":false},"featured_media":113236,"comment_status":"closed","ping_status":"closed","template":"","meta":{"_acf_changed":false},"pwb-brand":[],"product_brand":[],"product_cat":[33019,33091],"product_tag":[49602,49603],"class_list":{"0":"post-113238","1":"product","2":"type-product","3":"status-publish","4":"has-post-thumbnail","6":"product_cat-vino","7":"product_cat-vino-blanco","8":"product_tag-conde-del-pazo-godello","9":"product_tag-d-o-bierzo","10":"pa_anada-45483","11":"pa_bodega-marques-del-atrio","12":"pa_do-bierzodo","13":"pa_formatoenl-36167","14":"pa_formatoenml-38306","15":"pa_fresco-blanco-fresco","16":"pa_graduacion-13_0","17":"pa_maridaje-pescado","18":"pa_maridaje-marisco","19":"pa_pais-espana","20":"pa_pueblociudad-cacabelosleon","21":"pa_variedad-principal-godello","22":"entry","23":"has-media","25":"first","26":"onbackorder","27":"taxable","28":"shipping-taxable","29":"purchasable","30":"product-type-simple"},"acf":[],"yoast_head":"<!-- This site is optimized with the Yoast SEO Premium plugin v23.1 (Yoast SEO v23.5) - https:\/\/yoast.com\/wordpress\/plugins\/seo\/ -->\n<title>Conde del Pazo Godello | Compra Online| M\u00f3n La Cata<\/title>\n<meta name=\"description\" content=\"Descubre Conde del Pazo Godello, un vino blanco fresco, elegante y vibrante. \u00a1Haz tu pedido online y disfruta en casa de su aut\u00e9ntico sabor gallego!\" \/>\n<meta name=\"robots\" content=\"noindex, follow, max-snippet:-1, max-image-preview:large, max-video-preview:-1\" \/>\n<meta property=\"og:locale\" content=\"ca_ES\" \/>\n<meta property=\"og:type\" content=\"article\" \/>\n<meta property=\"og:title\" content=\"Conde del Pazo Godello\" \/>\n<meta property=\"og:description\" content=\"Descubre Conde del Pazo Godello, un vino blanco fresco, elegante y vibrante. \u00a1Haz tu pedido online y disfruta en casa de su aut\u00e9ntico sabor gallego!\" \/>\n<meta property=\"og:url\" content=\"https:\/\/aral2.cetrexmarketing.com\/producto\/conde-del-pazo-godello\/\" \/>\n<meta property=\"og:site_name\" content=\"M\u00f3n La Cata\" \/>\n<meta property=\"article:modified_time\" content=\"2025-05-27T07:57:57+00:00\" \/>\n<meta property=\"og:image\" content=\"https:\/\/aral2.cetrexmarketing.com\/wp-content\/uploads\/2025\/05\/Conde-del-Pazo-Godello.jpg.png\" \/>\n\t<meta property=\"og:image:width\" content=\"765\" \/>\n\t<meta property=\"og:image:height\" content=\"1024\" \/>\n\t<meta property=\"og:image:type\" content=\"image\/png\" \/>\n<meta name=\"twitter:card\" content=\"summary_large_image\" \/>\n<meta name=\"twitter:label1\" content=\"Temps estimat de lectura\" \/>\n\t<meta name=\"twitter:data1\" content=\"1 minut\" \/>\n<script type=\"application\/ld+json\" class=\"yoast-schema-graph\">{\"@context\":\"https:\/\/schema.org\",\"@graph\":[{\"@type\":\"WebPage\",\"@id\":\"https:\/\/aral2.cetrexmarketing.com\/producto\/conde-del-pazo-godello\/\",\"url\":\"https:\/\/aral2.cetrexmarketing.com\/producto\/conde-del-pazo-godello\/\",\"name\":\"Conde del Pazo Godello | Compra Online| M\u00f3n La Cata\",\"isPartOf\":{\"@id\":\"https:\/\/aral2.cetrexmarketing.com\/#website\"},\"primaryImageOfPage\":{\"@id\":\"https:\/\/aral2.cetrexmarketing.com\/producto\/conde-del-pazo-godello\/#primaryimage\"},\"image\":{\"@id\":\"https:\/\/aral2.cetrexmarketing.com\/producto\/conde-del-pazo-godello\/#primaryimage\"},\"thumbnailUrl\":\"https:\/\/aral2.cetrexmarketing.com\/wp-content\/uploads\/2025\/05\/Conde-del-Pazo-Godello.jpg.png\",\"datePublished\":\"2025-05-26T13:59:45+00:00\",\"dateModified\":\"2025-05-27T07:57:57+00:00\",\"description\":\"Descubre Conde del Pazo Godello, un vino blanco fresco, elegante y vibrante. \u00a1Haz tu pedido online y disfruta en casa de su aut\u00e9ntico sabor gallego!\",\"breadcrumb\":{\"@id\":\"https:\/\/aral2.cetrexmarketing.com\/producto\/conde-del-pazo-godello\/#breadcrumb\"},\"inLanguage\":\"ca\",\"potentialAction\":[{\"@type\":\"ReadAction\",\"target\":[\"https:\/\/aral2.cetrexmarketing.com\/producto\/conde-del-pazo-godello\/\"]}]},{\"@type\":\"ImageObject\",\"inLanguage\":\"ca\",\"@id\":\"https:\/\/aral2.cetrexmarketing.com\/producto\/conde-del-pazo-godello\/#primaryimage\",\"url\":\"https:\/\/aral2.cetrexmarketing.com\/wp-content\/uploads\/2025\/05\/Conde-del-Pazo-Godello.jpg.png\",\"contentUrl\":\"https:\/\/aral2.cetrexmarketing.com\/wp-content\/uploads\/2025\/05\/Conde-del-Pazo-Godello.jpg.png\",\"width\":765,\"height\":1024},{\"@type\":\"BreadcrumbList\",\"@id\":\"https:\/\/aral2.cetrexmarketing.com\/producto\/conde-del-pazo-godello\/#breadcrumb\",\"itemListElement\":[{\"@type\":\"ListItem\",\"position\":1,\"name\":\"Home\",\"item\":\"https:\/\/aral2.cetrexmarketing.com\/ca\/\"},{\"@type\":\"ListItem\",\"position\":2,\"name\":\"Tienda\",\"item\":\"https:\/\/aral2.cetrexmarketing.com\/ca\/tienda-2\/\"},{\"@type\":\"ListItem\",\"position\":3,\"name\":\"Tienda\",\"item\":\"https:\/\/aral2.cetrexmarketing.com\/categoria-producto\/inicio\/\"},{\"@type\":\"ListItem\",\"position\":4,\"name\":\"Vino\",\"item\":\"https:\/\/aral2.cetrexmarketing.com\/categoria-producto\/inicio\/vino\/\"},{\"@type\":\"ListItem\",\"position\":5,\"name\":\"Conde del Pazo Godello\"}]},{\"@type\":\"WebSite\",\"@id\":\"https:\/\/aral2.cetrexmarketing.com\/#website\",\"url\":\"https:\/\/aral2.cetrexmarketing.com\/\",\"name\":\"M\u00f3n La Cata\",\"description\":\"Tienda de vinos, licores, cervezas y gourmet\",\"publisher\":{\"@id\":\"https:\/\/aral2.cetrexmarketing.com\/#organization\"},\"potentialAction\":[{\"@type\":\"SearchAction\",\"target\":{\"@type\":\"EntryPoint\",\"urlTemplate\":\"https:\/\/aral2.cetrexmarketing.com\/?s={search_term_string}\"},\"query-input\":{\"@type\":\"PropertyValueSpecification\",\"valueRequired\":true,\"valueName\":\"search_term_string\"}}],\"inLanguage\":\"ca\"},{\"@type\":\"Organization\",\"@id\":\"https:\/\/aral2.cetrexmarketing.com\/#organization\",\"name\":\"M\u00f3n La Cata\",\"url\":\"https:\/\/aral2.cetrexmarketing.com\/\",\"logo\":{\"@type\":\"ImageObject\",\"inLanguage\":\"ca\",\"@id\":\"https:\/\/aral2.cetrexmarketing.com\/#\/schema\/logo\/image\/\",\"url\":\"https:\/\/aral2.cetrexmarketing.com\/wp-content\/uploads\/2024\/10\/aral-logo-neg-1024x409-1.png\",\"contentUrl\":\"https:\/\/aral2.cetrexmarketing.com\/wp-content\/uploads\/2024\/10\/aral-logo-neg-1024x409-1.png\",\"width\":1024,\"height\":409,\"caption\":\"M\u00f3n La Cata\"},\"image\":{\"@id\":\"https:\/\/aral2.cetrexmarketing.com\/#\/schema\/logo\/image\/\"}}]}<\/script>\n<!-- \/ Yoast SEO Premium plugin. -->","yoast_head_json":{"title":"Conde del Pazo Godello | Compra Online| M\u00f3n La Cata","description":"Descubre Conde del Pazo Godello, un vino blanco fresco, elegante y vibrante. \u00a1Haz tu pedido online y disfruta en casa de su aut\u00e9ntico sabor gallego!","robots":{"index":"noindex","follow":"follow","max-snippet":"max-snippet:-1","max-image-preview":"max-image-preview:large","max-video-preview":"max-video-preview:-1"},"og_locale":"ca_ES","og_type":"article","og_title":"Conde del Pazo Godello","og_description":"Descubre Conde del Pazo Godello, un vino blanco fresco, elegante y vibrante. \u00a1Haz tu pedido online y disfruta en casa de su aut\u00e9ntico sabor gallego!","og_url":"https:\/\/aral2.cetrexmarketing.com\/producto\/conde-del-pazo-godello\/","og_site_name":"M\u00f3n La Cata","article_modified_time":"2025-05-27T07:57:57+00:00","og_image":[{"width":765,"height":1024,"url":"https:\/\/aral2.cetrexmarketing.com\/wp-content\/uploads\/2025\/05\/Conde-del-Pazo-Godello.jpg.png","type":"image\/png"}],"twitter_card":"summary_large_image","twitter_misc":{"Temps estimat de lectura":"1 minut"},"schema":{"@context":"https:\/\/schema.org","@graph":[{"@type":"WebPage","@id":"https:\/\/aral2.cetrexmarketing.com\/producto\/conde-del-pazo-godello\/","url":"https:\/\/aral2.cetrexmarketing.com\/producto\/conde-del-pazo-godello\/","name":"Conde del Pazo Godello | Compra Online| M\u00f3n La Cata","isPartOf":{"@id":"https:\/\/aral2.cetrexmarketing.com\/#website"},"primaryImageOfPage":{"@id":"https:\/\/aral2.cetrexmarketing.com\/producto\/conde-del-pazo-godello\/#primaryimage"},"image":{"@id":"https:\/\/aral2.cetrexmarketing.com\/producto\/conde-del-pazo-godello\/#primaryimage"},"thumbnailUrl":"https:\/\/aral2.cetrexmarketing.com\/wp-content\/uploads\/2025\/05\/Conde-del-Pazo-Godello.jpg.png","datePublished":"2025-05-26T13:59:45+00:00","dateModified":"2025-05-27T07:57:57+00:00","description":"Descubre Conde del Pazo Godello, un vino blanco fresco, elegante y vibrante. \u00a1Haz tu pedido online y disfruta en casa de su aut\u00e9ntico sabor gallego!","breadcrumb":{"@id":"https:\/\/aral2.cetrexmarketing.com\/producto\/conde-del-pazo-godello\/#breadcrumb"},"inLanguage":"ca","potentialAction":[{"@type":"ReadAction","target":["https:\/\/aral2.cetrexmarketing.com\/producto\/conde-del-pazo-godello\/"]}]},{"@type":"ImageObject","inLanguage":"ca","@id":"https:\/\/aral2.cetrexmarketing.com\/producto\/conde-del-pazo-godello\/#primaryimage","url":"https:\/\/aral2.cetrexmarketing.com\/wp-content\/uploads\/2025\/05\/Conde-del-Pazo-Godello.jpg.png","contentUrl":"https:\/\/aral2.cetrexmarketing.com\/wp-content\/uploads\/2025\/05\/Conde-del-Pazo-Godello.jpg.png","width":765,"height":1024},{"@type":"BreadcrumbList","@id":"https:\/\/aral2.cetrexmarketing.com\/producto\/conde-del-pazo-godello\/#breadcrumb","itemListElement":[{"@type":"ListItem","position":1,"name":"Home","item":"https:\/\/aral2.cetrexmarketing.com\/ca\/"},{"@type":"ListItem","position":2,"name":"Tienda","item":"https:\/\/aral2.cetrexmarketing.com\/ca\/tienda-2\/"},{"@type":"ListItem","position":3,"name":"Tienda","item":"https:\/\/aral2.cetrexmarketing.com\/categoria-producto\/inicio\/"},{"@type":"ListItem","position":4,"name":"Vino","item":"https:\/\/aral2.cetrexmarketing.com\/categoria-producto\/inicio\/vino\/"},{"@type":"ListItem","position":5,"name":"Conde del Pazo Godello"}]},{"@type":"WebSite","@id":"https:\/\/aral2.cetrexmarketing.com\/#website","url":"https:\/\/aral2.cetrexmarketing.com\/","name":"M\u00f3n La Cata","description":"Tienda de vinos, licores, cervezas y gourmet","publisher":{"@id":"https:\/\/aral2.cetrexmarketing.com\/#organization"},"potentialAction":[{"@type":"SearchAction","target":{"@type":"EntryPoint","urlTemplate":"https:\/\/aral2.cetrexmarketing.com\/?s={search_term_string}"},"query-input":{"@type":"PropertyValueSpecification","valueRequired":true,"valueName":"search_term_string"}}],"inLanguage":"ca"},{"@type":"Organization","@id":"https:\/\/aral2.cetrexmarketing.com\/#organization","name":"M\u00f3n La Cata","url":"https:\/\/aral2.cetrexmarketing.com\/","logo":{"@type":"ImageObject","inLanguage":"ca","@id":"https:\/\/aral2.cetrexmarketing.com\/#\/schema\/logo\/image\/","url":"https:\/\/aral2.cetrexmarketing.com\/wp-content\/uploads\/2024\/10\/aral-logo-neg-1024x409-1.png","contentUrl":"https:\/\/aral2.cetrexmarketing.com\/wp-content\/uploads\/2024\/10\/aral-logo-neg-1024x409-1.png","width":1024,"height":409,"caption":"M\u00f3n La Cata"},"image":{"@id":"https:\/\/aral2.cetrexmarketing.com\/#\/schema\/logo\/image\/"}}]}},"brands":[],"_links":{"self":[{"href":"https:\/\/aral2.cetrexmarketing.com\/ca\/wp-json\/wp\/v2\/product\/113238","targetHints":{"allow":["GET"]}}],"collection":[{"href":"https:\/\/aral2.cetrexmarketing.com\/ca\/wp-json\/wp\/v2\/product"}],"about":[{"href":"https:\/\/aral2.cetrexmarketing.com\/ca\/wp-json\/wp\/v2\/types\/product"}],"replies":[{"embeddable":true,"href":"https:\/\/aral2.cetrexmarketing.com\/ca\/wp-json\/wp\/v2\/comments?post=113238"}],"wp:featuredmedia":[{"embeddable":true,"href":"https:\/\/aral2.cetrexmarketing.com\/ca\/wp-json\/wp\/v2\/media\/113236"}],"wp:attachment":[{"href":"https:\/\/aral2.cetrexmarketing.com\/ca\/wp-json\/wp\/v2\/media?parent=113238"}],"wp:term":[{"taxonomy":"pwb-brand","embeddable":true,"href":"https:\/\/aral2.cetrexmarketing.com\/ca\/wp-json\/wp\/v2\/pwb-brand?post=113238"},{"taxonomy":"product_brand","embeddable":true,"href":"https:\/\/aral2.cetrexmarketing.com\/ca\/wp-json\/wp\/v2\/product_brand?post=113238"},{"taxonomy":"product_cat","embeddable":true,"href":"https:\/\/aral2.cetrexmarketing.com\/ca\/wp-json\/wp\/v2\/product_cat?post=113238"},{"taxonomy":"product_tag","embeddable":true,"href":"https:\/\/aral2.cetrexmarketing.com\/ca\/wp-json\/wp\/v2\/product_tag?post=113238"}],"curies":[{"name":"wp","href":"https:\/\/api.w.org\/{rel}","templated":true}]}}