{"id":110641,"date":"2025-05-26T12:49:41","date_gmt":"2025-05-26T12:49:41","guid":{"rendered":"https:\/\/aral2.cetrexmarketing.com\/producto\/marques-de-caceres-rosat\/"},"modified":"2025-05-27T07:55:16","modified_gmt":"2025-05-27T07:55:16","slug":"marques-de-caceres-rosat","status":"publish","type":"product","link":"https:\/\/aral2.cetrexmarketing.com\/ca\/producto\/marques-de-caceres-rosat\/","title":{"rendered":"Marqu\u00e8s de C\u00e0ceres Rosat"},"content":{"rendered":"<p><strong>Marqu\u00e8s de C\u00e0ceres Rosat \u00e9s un vi rosat produ\u00eft pel celler Marqu\u00e9s de C\u00e0ceres, una de les m\u00e9s conegudes de la regi\u00f3 de la Rioja.<\/strong><\/p>\n<p>Elaborat amb la varietat de ra\u00efm Ull de Llebre, com\u00fa a la regi\u00f3 de la Rioja ja que aporta sabors fruiters i frescor al vi.<\/p>\n<p>De color coral molt p\u00e0l\u00b7lid i brillant. Al nas s&#8217;obre sobre unes aromes delicades, fines, de molts matisos superposats. Descobreix notes de fruits vermells com maduixes i gerds, un toc delicadament anisat i c\u00edtric que descansen sobre un subtil fons floral. \u00c9s un vi llaminer amb una fruita deliciosament armada i una bonica vivacitat, amb acidesa refrescant i f\u00e0cil de beure. La seva frescor imprimeix un final de tast llarg i sabor\u00f3s. \u00c9s vers\u00e0til i marida b\u00e9 amb una \u00e0mplia varietat de plats. Ideal per acompanyar amanides, peixos, marisc, carns blanques, aperitius&#8230;<\/p>\n<p>Aquest vi \u00e9s una opci\u00f3 popular per als que busquen un vi rosat fresc i arom\u00e0tic, i el celler Marqu\u00e9s de C\u00e1ceres \u00e9s conegut per la seva recerca constant de l&#8217;excel\u00b7l\u00e8ncia en l&#8217;elaboraci\u00f3 de vins a la regi\u00f3 de La Rioja.<\/p>\n","protected":false},"excerpt":{"rendered":"<p><strong>Marqu\u00e9s de C\u00e1ceres Rosat<\/strong> \u00e9s un vi rosat fresc i arom\u00e0tic elaborat amb ra\u00efms Tempranillo a La Rioja. Destaca pel seu color coral p\u00e0l\u00b7lid, aromes delicats de fruits vermells, notes c\u00edtriques i florals, i un sabor llaminer amb una acidesa refrescant, f\u00e0cil de beure. Vers\u00e0til i amb un final llarg i sabor\u00f3s, marida b\u00e9 amb amanides, peixos, mariscs, carns blanques i aperitius. \u00c9s una elecci\u00f3 popular que reflecteix l&#8217;excel\u00b7l\u00e8ncia del celler Marqu\u00e9s de C\u00e1ceres.<\/p>\n","protected":false},"featured_media":108543,"comment_status":"closed","ping_status":"closed","template":"","meta":{"_acf_changed":false},"pwb-brand":[44948,32907],"product_brand":[],"product_cat":[51670,51682],"product_tag":[38464,16193,48578,14900,14931,44076],"class_list":{"0":"post-110641","1":"product","2":"type-product","3":"status-publish","4":"has-post-thumbnail","6":"pwb-brand-marques-de-caceres","7":"pwb-brand-rioja-d-o","8":"product_cat-vi","9":"product_cat-vi-rosat","10":"product_tag-apte-per-a-vegans","11":"product_tag-marques-de-caceres-ca","12":"product_tag-marques-de-caceres-rosat","13":"product_tag-rioja-ca","14":"product_tag-vegano-ca","15":"product_tag-vi-apte-per-a-vegans","16":"pa_anada-45483","17":"pa_bodega-unionvitivinicola","18":"pa_do-rioja-d-o-ca-ca","19":"pa_ecologico-vegano-natural-vega","20":"pa_formatoenml-38306","21":"pa_fresco-rosat-fresc","22":"pa_graduacion-13_5","23":"pa_maridaje-embotits","24":"pa_maridaje-midons","25":"pa_maridaje-verdures","26":"entry","27":"has-media","29":"first","30":"instock","31":"taxable","32":"shipping-taxable","33":"purchasable","34":"product-type-simple"},"acf":[],"yoast_head":"<!-- This site is optimized with the Yoast SEO Premium plugin v23.1 (Yoast SEO v23.5) - https:\/\/yoast.com\/wordpress\/plugins\/seo\/ -->\n<title>Marqu\u00e8s de C\u00e0ceres Rosat - M\u00f3n La Cata<\/title>\n<meta name=\"description\" content=\"Comprar el vi Marqu\u00e8s de C\u00e0ceres Rosat en M\u00f3n La Cata . Botiga online especialitzada en vins, destil\u00b7lats i alimentaci\u00f3. Trameses puntuals i promocions\" \/>\n<meta name=\"robots\" content=\"noindex, follow, max-snippet:-1, max-image-preview:large, max-video-preview:-1\" \/>\n<meta property=\"og:locale\" content=\"ca_ES\" \/>\n<meta property=\"og:type\" content=\"article\" \/>\n<meta property=\"og:title\" content=\"Marqu\u00e8s de C\u00e0ceres Rosat\" \/>\n<meta property=\"og:description\" content=\"Comprar el vi Marqu\u00e8s de C\u00e0ceres Rosat en M\u00f3n La Cata . Botiga online especialitzada en vins, destil\u00b7lats i alimentaci\u00f3. Trameses puntuals i promocions\" \/>\n<meta property=\"og:url\" content=\"https:\/\/aral2.cetrexmarketing.com\/ca\/producto\/marques-de-caceres-rosat\/\" \/>\n<meta property=\"og:site_name\" content=\"M\u00f3n La Cata\" \/>\n<meta property=\"article:modified_time\" content=\"2025-05-27T07:55:16+00:00\" \/>\n<meta property=\"og:image\" content=\"https:\/\/aral2.cetrexmarketing.com\/wp-content\/uploads\/2025\/05\/marques-de-caceres-rosado.jpg.png\" \/>\n\t<meta property=\"og:image:width\" content=\"765\" \/>\n\t<meta property=\"og:image:height\" content=\"1024\" \/>\n\t<meta property=\"og:image:type\" content=\"image\/png\" \/>\n<meta name=\"twitter:card\" content=\"summary_large_image\" \/>\n<meta name=\"twitter:label1\" content=\"Temps estimat de lectura\" \/>\n\t<meta name=\"twitter:data1\" content=\"2 minuts\" \/>\n<script type=\"application\/ld+json\" class=\"yoast-schema-graph\">{\"@context\":\"https:\/\/schema.org\",\"@graph\":[{\"@type\":\"WebPage\",\"@id\":\"https:\/\/aral2.cetrexmarketing.com\/ca\/producto\/marques-de-caceres-rosat\/\",\"url\":\"https:\/\/aral2.cetrexmarketing.com\/ca\/producto\/marques-de-caceres-rosat\/\",\"name\":\"Marqu\u00e8s de C\u00e0ceres Rosat - M\u00f3n La Cata\",\"isPartOf\":{\"@id\":\"https:\/\/aral2.cetrexmarketing.com\/#website\"},\"primaryImageOfPage\":{\"@id\":\"https:\/\/aral2.cetrexmarketing.com\/ca\/producto\/marques-de-caceres-rosat\/#primaryimage\"},\"image\":{\"@id\":\"https:\/\/aral2.cetrexmarketing.com\/ca\/producto\/marques-de-caceres-rosat\/#primaryimage\"},\"thumbnailUrl\":\"https:\/\/aral2.cetrexmarketing.com\/wp-content\/uploads\/2025\/05\/marques-de-caceres-rosado.jpg.png\",\"datePublished\":\"2025-05-26T12:49:41+00:00\",\"dateModified\":\"2025-05-27T07:55:16+00:00\",\"description\":\"Comprar el vi Marqu\u00e8s de C\u00e0ceres Rosat en M\u00f3n La Cata . Botiga online especialitzada en vins, destil\u00b7lats i alimentaci\u00f3. Trameses puntuals i promocions\",\"breadcrumb\":{\"@id\":\"https:\/\/aral2.cetrexmarketing.com\/ca\/producto\/marques-de-caceres-rosat\/#breadcrumb\"},\"inLanguage\":\"ca\",\"potentialAction\":[{\"@type\":\"ReadAction\",\"target\":[\"https:\/\/aral2.cetrexmarketing.com\/ca\/producto\/marques-de-caceres-rosat\/\"]}]},{\"@type\":\"ImageObject\",\"inLanguage\":\"ca\",\"@id\":\"https:\/\/aral2.cetrexmarketing.com\/ca\/producto\/marques-de-caceres-rosat\/#primaryimage\",\"url\":\"https:\/\/aral2.cetrexmarketing.com\/wp-content\/uploads\/2025\/05\/marques-de-caceres-rosado.jpg.png\",\"contentUrl\":\"https:\/\/aral2.cetrexmarketing.com\/wp-content\/uploads\/2025\/05\/marques-de-caceres-rosado.jpg.png\",\"width\":765,\"height\":1024},{\"@type\":\"BreadcrumbList\",\"@id\":\"https:\/\/aral2.cetrexmarketing.com\/ca\/producto\/marques-de-caceres-rosat\/#breadcrumb\",\"itemListElement\":[{\"@type\":\"ListItem\",\"position\":1,\"name\":\"Home\",\"item\":\"https:\/\/aral2.cetrexmarketing.com\/ca\/\"},{\"@type\":\"ListItem\",\"position\":2,\"name\":\"Tienda\",\"item\":\"https:\/\/aral2.cetrexmarketing.com\/ca\/tienda-2\/\"},{\"@type\":\"ListItem\",\"position\":3,\"name\":\"Vino\",\"item\":\"https:\/\/aral2.cetrexmarketing.com\/categoria-producto\/inicio\/vino\/\"},{\"@type\":\"ListItem\",\"position\":4,\"name\":\"Marqu\u00e8s de C\u00e0ceres Rosat\"}]},{\"@type\":\"WebSite\",\"@id\":\"https:\/\/aral2.cetrexmarketing.com\/#website\",\"url\":\"https:\/\/aral2.cetrexmarketing.com\/\",\"name\":\"M\u00f3n La Cata\",\"description\":\"Tienda de vinos, licores, cervezas y gourmet\",\"publisher\":{\"@id\":\"https:\/\/aral2.cetrexmarketing.com\/#organization\"},\"potentialAction\":[{\"@type\":\"SearchAction\",\"target\":{\"@type\":\"EntryPoint\",\"urlTemplate\":\"https:\/\/aral2.cetrexmarketing.com\/?s={search_term_string}\"},\"query-input\":{\"@type\":\"PropertyValueSpecification\",\"valueRequired\":true,\"valueName\":\"search_term_string\"}}],\"inLanguage\":\"ca\"},{\"@type\":\"Organization\",\"@id\":\"https:\/\/aral2.cetrexmarketing.com\/#organization\",\"name\":\"M\u00f3n La Cata\",\"url\":\"https:\/\/aral2.cetrexmarketing.com\/\",\"logo\":{\"@type\":\"ImageObject\",\"inLanguage\":\"ca\",\"@id\":\"https:\/\/aral2.cetrexmarketing.com\/#\/schema\/logo\/image\/\",\"url\":\"https:\/\/aral2.cetrexmarketing.com\/wp-content\/uploads\/2024\/10\/aral-logo-neg-1024x409-1.png\",\"contentUrl\":\"https:\/\/aral2.cetrexmarketing.com\/wp-content\/uploads\/2024\/10\/aral-logo-neg-1024x409-1.png\",\"width\":1024,\"height\":409,\"caption\":\"M\u00f3n La Cata\"},\"image\":{\"@id\":\"https:\/\/aral2.cetrexmarketing.com\/#\/schema\/logo\/image\/\"}}]}<\/script>\n<!-- \/ Yoast SEO Premium plugin. -->","yoast_head_json":{"title":"Marqu\u00e8s de C\u00e0ceres Rosat - M\u00f3n La Cata","description":"Comprar el vi Marqu\u00e8s de C\u00e0ceres Rosat en M\u00f3n La Cata . Botiga online especialitzada en vins, destil\u00b7lats i alimentaci\u00f3. Trameses puntuals i promocions","robots":{"index":"noindex","follow":"follow","max-snippet":"max-snippet:-1","max-image-preview":"max-image-preview:large","max-video-preview":"max-video-preview:-1"},"og_locale":"ca_ES","og_type":"article","og_title":"Marqu\u00e8s de C\u00e0ceres Rosat","og_description":"Comprar el vi Marqu\u00e8s de C\u00e0ceres Rosat en M\u00f3n La Cata . Botiga online especialitzada en vins, destil\u00b7lats i alimentaci\u00f3. Trameses puntuals i promocions","og_url":"https:\/\/aral2.cetrexmarketing.com\/ca\/producto\/marques-de-caceres-rosat\/","og_site_name":"M\u00f3n La Cata","article_modified_time":"2025-05-27T07:55:16+00:00","og_image":[{"width":765,"height":1024,"url":"https:\/\/aral2.cetrexmarketing.com\/wp-content\/uploads\/2025\/05\/marques-de-caceres-rosado.jpg.png","type":"image\/png"}],"twitter_card":"summary_large_image","twitter_misc":{"Temps estimat de lectura":"2 minuts"},"schema":{"@context":"https:\/\/schema.org","@graph":[{"@type":"WebPage","@id":"https:\/\/aral2.cetrexmarketing.com\/ca\/producto\/marques-de-caceres-rosat\/","url":"https:\/\/aral2.cetrexmarketing.com\/ca\/producto\/marques-de-caceres-rosat\/","name":"Marqu\u00e8s de C\u00e0ceres Rosat - M\u00f3n La Cata","isPartOf":{"@id":"https:\/\/aral2.cetrexmarketing.com\/#website"},"primaryImageOfPage":{"@id":"https:\/\/aral2.cetrexmarketing.com\/ca\/producto\/marques-de-caceres-rosat\/#primaryimage"},"image":{"@id":"https:\/\/aral2.cetrexmarketing.com\/ca\/producto\/marques-de-caceres-rosat\/#primaryimage"},"thumbnailUrl":"https:\/\/aral2.cetrexmarketing.com\/wp-content\/uploads\/2025\/05\/marques-de-caceres-rosado.jpg.png","datePublished":"2025-05-26T12:49:41+00:00","dateModified":"2025-05-27T07:55:16+00:00","description":"Comprar el vi Marqu\u00e8s de C\u00e0ceres Rosat en M\u00f3n La Cata . Botiga online especialitzada en vins, destil\u00b7lats i alimentaci\u00f3. Trameses puntuals i promocions","breadcrumb":{"@id":"https:\/\/aral2.cetrexmarketing.com\/ca\/producto\/marques-de-caceres-rosat\/#breadcrumb"},"inLanguage":"ca","potentialAction":[{"@type":"ReadAction","target":["https:\/\/aral2.cetrexmarketing.com\/ca\/producto\/marques-de-caceres-rosat\/"]}]},{"@type":"ImageObject","inLanguage":"ca","@id":"https:\/\/aral2.cetrexmarketing.com\/ca\/producto\/marques-de-caceres-rosat\/#primaryimage","url":"https:\/\/aral2.cetrexmarketing.com\/wp-content\/uploads\/2025\/05\/marques-de-caceres-rosado.jpg.png","contentUrl":"https:\/\/aral2.cetrexmarketing.com\/wp-content\/uploads\/2025\/05\/marques-de-caceres-rosado.jpg.png","width":765,"height":1024},{"@type":"BreadcrumbList","@id":"https:\/\/aral2.cetrexmarketing.com\/ca\/producto\/marques-de-caceres-rosat\/#breadcrumb","itemListElement":[{"@type":"ListItem","position":1,"name":"Home","item":"https:\/\/aral2.cetrexmarketing.com\/ca\/"},{"@type":"ListItem","position":2,"name":"Tienda","item":"https:\/\/aral2.cetrexmarketing.com\/ca\/tienda-2\/"},{"@type":"ListItem","position":3,"name":"Vino","item":"https:\/\/aral2.cetrexmarketing.com\/categoria-producto\/inicio\/vino\/"},{"@type":"ListItem","position":4,"name":"Marqu\u00e8s de C\u00e0ceres Rosat"}]},{"@type":"WebSite","@id":"https:\/\/aral2.cetrexmarketing.com\/#website","url":"https:\/\/aral2.cetrexmarketing.com\/","name":"M\u00f3n La Cata","description":"Tienda de vinos, licores, cervezas y gourmet","publisher":{"@id":"https:\/\/aral2.cetrexmarketing.com\/#organization"},"potentialAction":[{"@type":"SearchAction","target":{"@type":"EntryPoint","urlTemplate":"https:\/\/aral2.cetrexmarketing.com\/?s={search_term_string}"},"query-input":{"@type":"PropertyValueSpecification","valueRequired":true,"valueName":"search_term_string"}}],"inLanguage":"ca"},{"@type":"Organization","@id":"https:\/\/aral2.cetrexmarketing.com\/#organization","name":"M\u00f3n La Cata","url":"https:\/\/aral2.cetrexmarketing.com\/","logo":{"@type":"ImageObject","inLanguage":"ca","@id":"https:\/\/aral2.cetrexmarketing.com\/#\/schema\/logo\/image\/","url":"https:\/\/aral2.cetrexmarketing.com\/wp-content\/uploads\/2024\/10\/aral-logo-neg-1024x409-1.png","contentUrl":"https:\/\/aral2.cetrexmarketing.com\/wp-content\/uploads\/2024\/10\/aral-logo-neg-1024x409-1.png","width":1024,"height":409,"caption":"M\u00f3n La Cata"},"image":{"@id":"https:\/\/aral2.cetrexmarketing.com\/#\/schema\/logo\/image\/"}}]}},"brands":[{"id":44948,"name":"Marqu\u00e9s de C\u00e1ceres","slug":"marques-de-caceres"},{"id":32907,"name":"Rioja D.O.","slug":"rioja-d-o"}],"_links":{"self":[{"href":"https:\/\/aral2.cetrexmarketing.com\/ca\/wp-json\/wp\/v2\/product\/110641","targetHints":{"allow":["GET"]}}],"collection":[{"href":"https:\/\/aral2.cetrexmarketing.com\/ca\/wp-json\/wp\/v2\/product"}],"about":[{"href":"https:\/\/aral2.cetrexmarketing.com\/ca\/wp-json\/wp\/v2\/types\/product"}],"replies":[{"embeddable":true,"href":"https:\/\/aral2.cetrexmarketing.com\/ca\/wp-json\/wp\/v2\/comments?post=110641"}],"wp:featuredmedia":[{"embeddable":true,"href":"https:\/\/aral2.cetrexmarketing.com\/ca\/wp-json\/wp\/v2\/media\/108543"}],"wp:attachment":[{"href":"https:\/\/aral2.cetrexmarketing.com\/ca\/wp-json\/wp\/v2\/media?parent=110641"}],"wp:term":[{"taxonomy":"pwb-brand","embeddable":true,"href":"https:\/\/aral2.cetrexmarketing.com\/ca\/wp-json\/wp\/v2\/pwb-brand?post=110641"},{"taxonomy":"product_brand","embeddable":true,"href":"https:\/\/aral2.cetrexmarketing.com\/ca\/wp-json\/wp\/v2\/product_brand?post=110641"},{"taxonomy":"product_cat","embeddable":true,"href":"https:\/\/aral2.cetrexmarketing.com\/ca\/wp-json\/wp\/v2\/product_cat?post=110641"},{"taxonomy":"product_tag","embeddable":true,"href":"https:\/\/aral2.cetrexmarketing.com\/ca\/wp-json\/wp\/v2\/product_tag?post=110641"}],"curies":[{"name":"wp","href":"https:\/\/api.w.org\/{rel}","templated":true}]}}