{"id":110532,"date":"2025-05-26T12:50:13","date_gmt":"2025-05-26T12:50:13","guid":{"rendered":"https:\/\/aral2.cetrexmarketing.com\/producto\/muga-el-anden-de-la-estacion\/"},"modified":"2025-05-27T07:55:05","modified_gmt":"2025-05-27T07:55:05","slug":"muga-el-anden-de-la-estacion","status":"publish","type":"product","link":"https:\/\/aral2.cetrexmarketing.com\/ca\/producto\/muga-el-anden-de-la-estacion\/","title":{"rendered":"Muga El And\u00e9n de la Estaci\u00f3n"},"content":{"rendered":"<div class=\"flex-shrink-0 flex flex-col relative items-end\">\n<div>\n<div class=\"pt-0\">\n<div class=\"gizmo-bot-avatar flex h-8 w-8 items-center justify-center overflow-hidden rounded-full\">\n<div class=\"relative p-1 rounded-sm flex items-center justify-center bg-token-main-surface-primary text-token-text-primary h-8 w-8\"><strong>El And\u00e9n de la Estaci\u00f3n<\/strong> de <strong>Bodegas Muga<\/strong> \u00e9s un vi negre que reflecteix el car\u00e0cter de la Rioja Alta, combinant tradici\u00f3 i modernitat. Est\u00e0 elaborat principalment amb ra\u00efm <strong>Tempranillo<\/strong>, complementat amb petites proporcions de <strong>Garnatxa<\/strong>, <strong>Graciano<\/strong> i <strong>Mazuelo<\/strong>, procedents de vinyes situades a altituds ideals per al cultiu d\u2019aquestes varietats.<\/div>\n<\/div>\n<\/div>\n<\/div>\n<\/div>\n<div class=\"group\/conversation-turn relative flex w-full min-w-0 flex-col agent-turn\">\n<div class=\"flex-col gap-1 md:gap-3\">\n<div class=\"flex max-w-full flex-col flex-grow\">\n<div class=\"min-h-8 text-message flex w-full flex-col items-end gap-2 whitespace-normal break-words text-start [.text-message+&amp;]:mt-5\" dir=\"auto\" data-message-author-role=\"assistant\" data-message-id=\"60a83eab-ac60-4ddf-a02a-d766bdc80b8f\" data-message-model-slug=\"gpt-4o\">\n<div class=\"flex w-full flex-col gap-1 empty:hidden first:pt-[3px]\">\n<div class=\"markdown prose w-full break-words dark:prose-invert light\">\n<h3>Caracter\u00edstiques del Vi:<\/h3>\n<p><strong>Color:<\/strong><\/p>\n<p>Vermell cirera brillant amb reflexos rob\u00ed, de capa mitjana-alta.<\/p>\n<p><strong>Aromes:<\/strong><\/p>\n<p>Al nas \u00e9s expressiu i complex, amb notes de fruits vermells madurs com cireres i maduixes, combinades amb matisos de vainilla, esp\u00e8cies dolces i un subtil toc torrat derivat de la seva crian\u00e7a en b\u00f3tes.<\/p>\n<p><strong>Sabor:<\/strong><\/p>\n<p>En boca \u00e9s equilibrat i rod\u00f3, amb una acidesa fresca que ressalta els seus sabors afruitats.<\/p>\n<p>Els tanins s\u00f3n suaus i vellutats, cosa que el fa accessible per\u00f2 amb prou estructura per a un final prolongat i harmoni\u00f3s.<\/p>\n<p>Ofereix tocs de xocolata i esp\u00e8cies en el retrogust, complementats amb una mineralitat elegant.<\/p>\n<p><strong>Crian\u00e7a:<\/strong><\/p>\n<p>Aquest vi ha estat envellit en b\u00f3tes de roure durant un per\u00edode moderat, fet que li aporta complexitat i un car\u00e0cter ben integrat sense dominar el perfil afruitat.<\/p>\n<h3>Maridatge:<\/h3>\n<p><strong>El And\u00e9n de la Estaci\u00f3n<\/strong> \u00e9s un company ideal per a:<\/p>\n<ul>\n<li>Carns vermelles a la graella o guisades.<\/li>\n<li>Plats tradicionals com xai al forn o costelletes al sarment.<\/li>\n<li>Formatges curats i embotits ib\u00e8rics.<\/li>\n<li>Arrossos melosos i bolets.<\/li>\n<\/ul>\n<h3>Posicionament:<\/h3>\n<p>\u00c9s un vi que combina accessibilitat i qualitat, perfecte per a aquells que volen gaudir de l\u2019ess\u00e8ncia de la Rioja amb un enfocament modern i fresc. Representa una excel\u00b7lent opci\u00f3 per a sopars informals o com a introducci\u00f3 als vins de Bodegas Muga.<\/p>\n<\/div>\n<\/div>\n<\/div>\n<\/div>\n<\/div>\n<\/div>\n","protected":false},"excerpt":{"rendered":"<p><strong>El And\u00e9n de la Estaci\u00f3n<\/strong> de Bodegas Muga \u00e9s un vi negre equilibrat de la Rioja Alta, elaborat principalment amb <strong>Tempranillo<\/strong> i altres varietats com <strong>Garnatxa<\/strong>. Destaca pel seu color vermell cirera, aromes de fruits vermells madurs, esp\u00e8cies i tocs torrats. En boca \u00e9s rod\u00f3, amb tanins suaus, acidesa fresca i un final prolongat amb notes de xocolata i mineralitat. Criat en b\u00f3tes de roure, \u00e9s ideal per maridar amb carns vermelles, xai, formatges curats i arrossos melosos. \u00c9s un vi accessible i de qualitat que combina tradici\u00f3 i modernitat.<\/p>\n","protected":false},"featured_media":108597,"comment_status":"closed","ping_status":"closed","template":"","meta":{"_acf_changed":false},"pwb-brand":[44995,32907],"product_brand":[],"product_cat":[51670,51671],"product_tag":[14904,16246,48568,14900],"class_list":{"0":"post-110532","1":"product","2":"type-product","3":"status-publish","4":"has-post-thumbnail","6":"pwb-brand-muga","7":"pwb-brand-rioja-d-o","8":"product_cat-vi","9":"product_cat-vi-negre","10":"product_tag-doca-rioja-ca","11":"product_tag-muga-ca","12":"product_tag-muga-landen-de-lestacio","13":"product_tag-rioja-ca","14":"pa_anada-36214","15":"pa_bodega-bodegas-muga","16":"pa_do-rioja-d-o-ca-ca","17":"pa_floral-negre-floral","18":"pa_formatoenml-38306","19":"pa_graduacion-15_0","20":"pa_maridaje-carn-blanca","21":"pa_maridaje-carn-roja","22":"pa_maridaje-embotits","23":"pa_pais-espanya-ca","24":"pa_variedad-principal-tempranillo-ca","25":"entry","26":"has-media","28":"first","29":"instock","30":"taxable","31":"shipping-taxable","32":"purchasable","33":"product-type-simple"},"acf":[],"yoast_head":"<!-- This site is optimized with the Yoast SEO Premium plugin v23.1 (Yoast SEO v23.5) - https:\/\/yoast.com\/wordpress\/plugins\/seo\/ -->\n<title>Muga El And\u00e9n de la Estaci\u00f3n - M\u00f3n La Cata<\/title>\n<meta name=\"description\" content=\"Comprar Muga El And\u00e9n de la Estaci\u00f3n en M\u00f3n La Cata . Botiga online especialitzada en vins, licors i alimentaci\u00f3 gurmet. Trameses puntuals i promocions\" \/>\n<meta name=\"robots\" content=\"noindex, follow, max-snippet:-1, max-image-preview:large, max-video-preview:-1\" \/>\n<meta property=\"og:locale\" content=\"ca_ES\" \/>\n<meta property=\"og:type\" content=\"article\" \/>\n<meta property=\"og:title\" content=\"Muga El And\u00e9n de la Estaci\u00f3n\" \/>\n<meta property=\"og:description\" content=\"Comprar Muga El And\u00e9n de la Estaci\u00f3n en M\u00f3n La Cata . Botiga online especialitzada en vins, licors i alimentaci\u00f3 gurmet. Trameses puntuals i promocions\" \/>\n<meta property=\"og:url\" content=\"https:\/\/aral2.cetrexmarketing.com\/ca\/producto\/muga-el-anden-de-la-estacion\/\" \/>\n<meta property=\"og:site_name\" content=\"M\u00f3n La Cata\" \/>\n<meta property=\"article:modified_time\" content=\"2025-05-27T07:55:05+00:00\" \/>\n<meta property=\"og:image\" content=\"https:\/\/aral2.cetrexmarketing.com\/wp-content\/uploads\/2025\/05\/Muga-El-Anden-de-la-Estacion.jpg.png\" \/>\n\t<meta property=\"og:image:width\" content=\"765\" \/>\n\t<meta property=\"og:image:height\" content=\"1024\" \/>\n\t<meta property=\"og:image:type\" content=\"image\/png\" \/>\n<meta name=\"twitter:card\" content=\"summary_large_image\" \/>\n<meta name=\"twitter:label1\" content=\"Temps estimat de lectura\" \/>\n\t<meta name=\"twitter:data1\" content=\"2 minuts\" \/>\n<script type=\"application\/ld+json\" class=\"yoast-schema-graph\">{\"@context\":\"https:\/\/schema.org\",\"@graph\":[{\"@type\":\"WebPage\",\"@id\":\"https:\/\/aral2.cetrexmarketing.com\/ca\/producto\/muga-el-anden-de-la-estacion\/\",\"url\":\"https:\/\/aral2.cetrexmarketing.com\/ca\/producto\/muga-el-anden-de-la-estacion\/\",\"name\":\"Muga El And\u00e9n de la Estaci\u00f3n - M\u00f3n La Cata\",\"isPartOf\":{\"@id\":\"https:\/\/aral2.cetrexmarketing.com\/#website\"},\"primaryImageOfPage\":{\"@id\":\"https:\/\/aral2.cetrexmarketing.com\/ca\/producto\/muga-el-anden-de-la-estacion\/#primaryimage\"},\"image\":{\"@id\":\"https:\/\/aral2.cetrexmarketing.com\/ca\/producto\/muga-el-anden-de-la-estacion\/#primaryimage\"},\"thumbnailUrl\":\"https:\/\/aral2.cetrexmarketing.com\/wp-content\/uploads\/2025\/05\/Muga-El-Anden-de-la-Estacion.jpg.png\",\"datePublished\":\"2025-05-26T12:50:13+00:00\",\"dateModified\":\"2025-05-27T07:55:05+00:00\",\"description\":\"Comprar Muga El And\u00e9n de la Estaci\u00f3n en M\u00f3n La Cata . Botiga online especialitzada en vins, licors i alimentaci\u00f3 gurmet. Trameses puntuals i promocions\",\"breadcrumb\":{\"@id\":\"https:\/\/aral2.cetrexmarketing.com\/ca\/producto\/muga-el-anden-de-la-estacion\/#breadcrumb\"},\"inLanguage\":\"ca\",\"potentialAction\":[{\"@type\":\"ReadAction\",\"target\":[\"https:\/\/aral2.cetrexmarketing.com\/ca\/producto\/muga-el-anden-de-la-estacion\/\"]}]},{\"@type\":\"ImageObject\",\"inLanguage\":\"ca\",\"@id\":\"https:\/\/aral2.cetrexmarketing.com\/ca\/producto\/muga-el-anden-de-la-estacion\/#primaryimage\",\"url\":\"https:\/\/aral2.cetrexmarketing.com\/wp-content\/uploads\/2025\/05\/Muga-El-Anden-de-la-Estacion.jpg.png\",\"contentUrl\":\"https:\/\/aral2.cetrexmarketing.com\/wp-content\/uploads\/2025\/05\/Muga-El-Anden-de-la-Estacion.jpg.png\",\"width\":765,\"height\":1024},{\"@type\":\"BreadcrumbList\",\"@id\":\"https:\/\/aral2.cetrexmarketing.com\/ca\/producto\/muga-el-anden-de-la-estacion\/#breadcrumb\",\"itemListElement\":[{\"@type\":\"ListItem\",\"position\":1,\"name\":\"Home\",\"item\":\"https:\/\/aral2.cetrexmarketing.com\/ca\/\"},{\"@type\":\"ListItem\",\"position\":2,\"name\":\"Tienda\",\"item\":\"https:\/\/aral2.cetrexmarketing.com\/ca\/tienda-2\/\"},{\"@type\":\"ListItem\",\"position\":3,\"name\":\"Vino\",\"item\":\"https:\/\/aral2.cetrexmarketing.com\/categoria-producto\/inicio\/vino\/\"},{\"@type\":\"ListItem\",\"position\":4,\"name\":\"Muga El And\u00e9n de la Estaci\u00f3n\"}]},{\"@type\":\"WebSite\",\"@id\":\"https:\/\/aral2.cetrexmarketing.com\/#website\",\"url\":\"https:\/\/aral2.cetrexmarketing.com\/\",\"name\":\"M\u00f3n La Cata\",\"description\":\"Tienda de vinos, licores, cervezas y gourmet\",\"publisher\":{\"@id\":\"https:\/\/aral2.cetrexmarketing.com\/#organization\"},\"potentialAction\":[{\"@type\":\"SearchAction\",\"target\":{\"@type\":\"EntryPoint\",\"urlTemplate\":\"https:\/\/aral2.cetrexmarketing.com\/?s={search_term_string}\"},\"query-input\":{\"@type\":\"PropertyValueSpecification\",\"valueRequired\":true,\"valueName\":\"search_term_string\"}}],\"inLanguage\":\"ca\"},{\"@type\":\"Organization\",\"@id\":\"https:\/\/aral2.cetrexmarketing.com\/#organization\",\"name\":\"M\u00f3n La Cata\",\"url\":\"https:\/\/aral2.cetrexmarketing.com\/\",\"logo\":{\"@type\":\"ImageObject\",\"inLanguage\":\"ca\",\"@id\":\"https:\/\/aral2.cetrexmarketing.com\/#\/schema\/logo\/image\/\",\"url\":\"https:\/\/aral2.cetrexmarketing.com\/wp-content\/uploads\/2024\/10\/aral-logo-neg-1024x409-1.png\",\"contentUrl\":\"https:\/\/aral2.cetrexmarketing.com\/wp-content\/uploads\/2024\/10\/aral-logo-neg-1024x409-1.png\",\"width\":1024,\"height\":409,\"caption\":\"M\u00f3n La Cata\"},\"image\":{\"@id\":\"https:\/\/aral2.cetrexmarketing.com\/#\/schema\/logo\/image\/\"}}]}<\/script>\n<!-- \/ Yoast SEO Premium plugin. -->","yoast_head_json":{"title":"Muga El And\u00e9n de la Estaci\u00f3n - M\u00f3n La Cata","description":"Comprar Muga El And\u00e9n de la Estaci\u00f3n en M\u00f3n La Cata . Botiga online especialitzada en vins, licors i alimentaci\u00f3 gurmet. Trameses puntuals i promocions","robots":{"index":"noindex","follow":"follow","max-snippet":"max-snippet:-1","max-image-preview":"max-image-preview:large","max-video-preview":"max-video-preview:-1"},"og_locale":"ca_ES","og_type":"article","og_title":"Muga El And\u00e9n de la Estaci\u00f3n","og_description":"Comprar Muga El And\u00e9n de la Estaci\u00f3n en M\u00f3n La Cata . Botiga online especialitzada en vins, licors i alimentaci\u00f3 gurmet. Trameses puntuals i promocions","og_url":"https:\/\/aral2.cetrexmarketing.com\/ca\/producto\/muga-el-anden-de-la-estacion\/","og_site_name":"M\u00f3n La Cata","article_modified_time":"2025-05-27T07:55:05+00:00","og_image":[{"width":765,"height":1024,"url":"https:\/\/aral2.cetrexmarketing.com\/wp-content\/uploads\/2025\/05\/Muga-El-Anden-de-la-Estacion.jpg.png","type":"image\/png"}],"twitter_card":"summary_large_image","twitter_misc":{"Temps estimat de lectura":"2 minuts"},"schema":{"@context":"https:\/\/schema.org","@graph":[{"@type":"WebPage","@id":"https:\/\/aral2.cetrexmarketing.com\/ca\/producto\/muga-el-anden-de-la-estacion\/","url":"https:\/\/aral2.cetrexmarketing.com\/ca\/producto\/muga-el-anden-de-la-estacion\/","name":"Muga El And\u00e9n de la Estaci\u00f3n - M\u00f3n La Cata","isPartOf":{"@id":"https:\/\/aral2.cetrexmarketing.com\/#website"},"primaryImageOfPage":{"@id":"https:\/\/aral2.cetrexmarketing.com\/ca\/producto\/muga-el-anden-de-la-estacion\/#primaryimage"},"image":{"@id":"https:\/\/aral2.cetrexmarketing.com\/ca\/producto\/muga-el-anden-de-la-estacion\/#primaryimage"},"thumbnailUrl":"https:\/\/aral2.cetrexmarketing.com\/wp-content\/uploads\/2025\/05\/Muga-El-Anden-de-la-Estacion.jpg.png","datePublished":"2025-05-26T12:50:13+00:00","dateModified":"2025-05-27T07:55:05+00:00","description":"Comprar Muga El And\u00e9n de la Estaci\u00f3n en M\u00f3n La Cata . Botiga online especialitzada en vins, licors i alimentaci\u00f3 gurmet. Trameses puntuals i promocions","breadcrumb":{"@id":"https:\/\/aral2.cetrexmarketing.com\/ca\/producto\/muga-el-anden-de-la-estacion\/#breadcrumb"},"inLanguage":"ca","potentialAction":[{"@type":"ReadAction","target":["https:\/\/aral2.cetrexmarketing.com\/ca\/producto\/muga-el-anden-de-la-estacion\/"]}]},{"@type":"ImageObject","inLanguage":"ca","@id":"https:\/\/aral2.cetrexmarketing.com\/ca\/producto\/muga-el-anden-de-la-estacion\/#primaryimage","url":"https:\/\/aral2.cetrexmarketing.com\/wp-content\/uploads\/2025\/05\/Muga-El-Anden-de-la-Estacion.jpg.png","contentUrl":"https:\/\/aral2.cetrexmarketing.com\/wp-content\/uploads\/2025\/05\/Muga-El-Anden-de-la-Estacion.jpg.png","width":765,"height":1024},{"@type":"BreadcrumbList","@id":"https:\/\/aral2.cetrexmarketing.com\/ca\/producto\/muga-el-anden-de-la-estacion\/#breadcrumb","itemListElement":[{"@type":"ListItem","position":1,"name":"Home","item":"https:\/\/aral2.cetrexmarketing.com\/ca\/"},{"@type":"ListItem","position":2,"name":"Tienda","item":"https:\/\/aral2.cetrexmarketing.com\/ca\/tienda-2\/"},{"@type":"ListItem","position":3,"name":"Vino","item":"https:\/\/aral2.cetrexmarketing.com\/categoria-producto\/inicio\/vino\/"},{"@type":"ListItem","position":4,"name":"Muga El And\u00e9n de la Estaci\u00f3n"}]},{"@type":"WebSite","@id":"https:\/\/aral2.cetrexmarketing.com\/#website","url":"https:\/\/aral2.cetrexmarketing.com\/","name":"M\u00f3n La Cata","description":"Tienda de vinos, licores, cervezas y gourmet","publisher":{"@id":"https:\/\/aral2.cetrexmarketing.com\/#organization"},"potentialAction":[{"@type":"SearchAction","target":{"@type":"EntryPoint","urlTemplate":"https:\/\/aral2.cetrexmarketing.com\/?s={search_term_string}"},"query-input":{"@type":"PropertyValueSpecification","valueRequired":true,"valueName":"search_term_string"}}],"inLanguage":"ca"},{"@type":"Organization","@id":"https:\/\/aral2.cetrexmarketing.com\/#organization","name":"M\u00f3n La Cata","url":"https:\/\/aral2.cetrexmarketing.com\/","logo":{"@type":"ImageObject","inLanguage":"ca","@id":"https:\/\/aral2.cetrexmarketing.com\/#\/schema\/logo\/image\/","url":"https:\/\/aral2.cetrexmarketing.com\/wp-content\/uploads\/2024\/10\/aral-logo-neg-1024x409-1.png","contentUrl":"https:\/\/aral2.cetrexmarketing.com\/wp-content\/uploads\/2024\/10\/aral-logo-neg-1024x409-1.png","width":1024,"height":409,"caption":"M\u00f3n La Cata"},"image":{"@id":"https:\/\/aral2.cetrexmarketing.com\/#\/schema\/logo\/image\/"}}]}},"brands":[{"id":44995,"name":"Muga","slug":"muga"},{"id":32907,"name":"Rioja D.O.","slug":"rioja-d-o"}],"_links":{"self":[{"href":"https:\/\/aral2.cetrexmarketing.com\/ca\/wp-json\/wp\/v2\/product\/110532","targetHints":{"allow":["GET"]}}],"collection":[{"href":"https:\/\/aral2.cetrexmarketing.com\/ca\/wp-json\/wp\/v2\/product"}],"about":[{"href":"https:\/\/aral2.cetrexmarketing.com\/ca\/wp-json\/wp\/v2\/types\/product"}],"replies":[{"embeddable":true,"href":"https:\/\/aral2.cetrexmarketing.com\/ca\/wp-json\/wp\/v2\/comments?post=110532"}],"wp:featuredmedia":[{"embeddable":true,"href":"https:\/\/aral2.cetrexmarketing.com\/ca\/wp-json\/wp\/v2\/media\/108597"}],"wp:attachment":[{"href":"https:\/\/aral2.cetrexmarketing.com\/ca\/wp-json\/wp\/v2\/media?parent=110532"}],"wp:term":[{"taxonomy":"pwb-brand","embeddable":true,"href":"https:\/\/aral2.cetrexmarketing.com\/ca\/wp-json\/wp\/v2\/pwb-brand?post=110532"},{"taxonomy":"product_brand","embeddable":true,"href":"https:\/\/aral2.cetrexmarketing.com\/ca\/wp-json\/wp\/v2\/product_brand?post=110532"},{"taxonomy":"product_cat","embeddable":true,"href":"https:\/\/aral2.cetrexmarketing.com\/ca\/wp-json\/wp\/v2\/product_cat?post=110532"},{"taxonomy":"product_tag","embeddable":true,"href":"https:\/\/aral2.cetrexmarketing.com\/ca\/wp-json\/wp\/v2\/product_tag?post=110532"}],"curies":[{"name":"wp","href":"https:\/\/api.w.org\/{rel}","templated":true}]}}