{"id":110442,"date":"2025-05-26T12:51:16","date_gmt":"2025-05-26T12:51:16","guid":{"rendered":"https:\/\/aral2.cetrexmarketing.com\/producto\/belondrade-quinta-apolonia-magnum\/"},"modified":"2025-05-27T07:54:51","modified_gmt":"2025-05-27T07:54:51","slug":"belondrade-quinta-apolonia-magnum","status":"publish","type":"product","link":"https:\/\/aral2.cetrexmarketing.com\/ca\/producto\/belondrade-quinta-apolonia-magnum\/","title":{"rendered":"Belondrade Quinta Apolonia Magnum"},"content":{"rendered":"<p><strong>Belondrade Quinta Apolonia Magnum<\/strong><\/p>\n<p dir=\"ltr\">Quinta Apolonia \u00e9s un vi que combina la frescor i les aromes flagrants de la varietat Verdejo juntament amb el seu terrer, a m\u00e9s de posseir un toc de b\u00f3ta que refor\u00e7a, d\u00f3na profunditat, estructura i sedositat al vi. Glic\u00e8ric, crem\u00f3s i untu\u00f3s.<\/p>\n<p dir=\"ltr\">Aromes vegetals, fruita de pinyol (pr\u00e9ssec, albercoc) i un fons c\u00edtric.<\/p>\n<p dir=\"ltr\">Un vi \u00fanic ideal per acompanyar amb un marmitako.<\/p>\n","protected":false},"excerpt":{"rendered":"<p><strong>Belondrade Quinta Apolonia Magnum<\/strong><\/p>\n<p dir=\"ltr\">Quinta Apolonia \u00e9s un vi que combina la frescor i les aromes flagrants de la varietat Verdejo juntament amb el seu terrer, a m\u00e9s de posseir un toc de b\u00f3ta que refor\u00e7a, d\u00f3na profunditat, estructura i sedositat al vi. Glic\u00e8ric, crem\u00f3s i untu\u00f3s.<\/p>\n<p dir=\"ltr\">Aromes vegetals, fruita de pinyol (pr\u00e9ssec, albercoc) i un fons c\u00edtric.<\/p>\n<p dir=\"ltr\">Un vi \u00fanic ideal per acompanyar amb un marmitako.<\/p>\n","protected":false},"featured_media":108681,"comment_status":"closed","ping_status":"closed","template":"","meta":{"_acf_changed":false},"pwb-brand":[45108,32871],"product_brand":[],"product_cat":[51677,51701,51670,51672],"product_tag":[15952,48551,48552,16040,15039,48917],"class_list":{"0":"post-110442","1":"product","2":"type-product","3":"status-publish","4":"has-post-thumbnail","6":"pwb-brand-belondrade","7":"pwb-brand-castilla-y-leon-v-t","8":"product_cat-lots-i-estoigs","9":"product_cat-lots-nadal","10":"product_cat-vi","11":"product_cat-vi-blanc","12":"product_tag-belondrade-ca","13":"product_tag-belondrade-quinta-apolonia-magnum-ca","14":"product_tag-cinquena-apolonia","15":"product_tag-magnum-ca","16":"product_tag-verdejo-ca","17":"product_tag-vi-blanc-ca","18":"pa_anada-36214","19":"pa_bodega-belondrade","20":"pa_do-castillayleonvt-ca","21":"pa_ecologico-vegano-natural-ecologic","22":"pa_formatoenml-38316","23":"pa_graduacion-13_5","24":"pa_maridaje-marisc","25":"pa_maridaje-peix","26":"pa_potente-blanc-potent","27":"pa_variedad-principal-verdejo-ca","28":"entry","29":"has-media","31":"first","32":"instock","33":"taxable","34":"shipping-taxable","35":"purchasable","36":"product-type-simple"},"acf":[],"yoast_head":"<!-- This site is optimized with the Yoast SEO Premium plugin v23.1 (Yoast SEO v23.5) - https:\/\/yoast.com\/wordpress\/plugins\/seo\/ -->\n<title>Belondrade Quinta Apolonia Magnum - M\u00f3n La Cata<\/title>\n<meta name=\"description\" content=\"Comprar el vi blanc Belondrade Quinta Apolonia Magnum a Mon la Cata . Botiga online especilitzada en vi i alimentaci\u00f3. Trameses puntuals i promocions\" \/>\n<meta name=\"robots\" content=\"noindex, follow, max-snippet:-1, max-image-preview:large, max-video-preview:-1\" \/>\n<meta property=\"og:locale\" content=\"ca_ES\" \/>\n<meta property=\"og:type\" content=\"article\" \/>\n<meta property=\"og:title\" content=\"Belondrade Quinta Apolonia Magnum\" \/>\n<meta property=\"og:description\" content=\"Comprar el vi blanc Belondrade Quinta Apolonia Magnum a Mon la Cata . Botiga online especilitzada en vi i alimentaci\u00f3. Trameses puntuals i promocions\" \/>\n<meta property=\"og:url\" content=\"https:\/\/aral2.cetrexmarketing.com\/ca\/producto\/belondrade-quinta-apolonia-magnum\/\" \/>\n<meta property=\"og:site_name\" content=\"M\u00f3n La Cata\" \/>\n<meta property=\"article:modified_time\" content=\"2025-05-27T07:54:51+00:00\" \/>\n<meta property=\"og:image\" content=\"https:\/\/aral2.cetrexmarketing.com\/wp-content\/uploads\/2025\/05\/belondrade-quinta-apolonia-magnum.jpg-1.png\" \/>\n\t<meta property=\"og:image:width\" content=\"765\" \/>\n\t<meta property=\"og:image:height\" content=\"1024\" \/>\n\t<meta property=\"og:image:type\" content=\"image\/png\" \/>\n<meta name=\"twitter:card\" content=\"summary_large_image\" \/>\n<script type=\"application\/ld+json\" class=\"yoast-schema-graph\">{\"@context\":\"https:\/\/schema.org\",\"@graph\":[{\"@type\":\"WebPage\",\"@id\":\"https:\/\/aral2.cetrexmarketing.com\/ca\/producto\/belondrade-quinta-apolonia-magnum\/\",\"url\":\"https:\/\/aral2.cetrexmarketing.com\/ca\/producto\/belondrade-quinta-apolonia-magnum\/\",\"name\":\"Belondrade Quinta Apolonia Magnum - M\u00f3n La Cata\",\"isPartOf\":{\"@id\":\"https:\/\/aral2.cetrexmarketing.com\/#website\"},\"primaryImageOfPage\":{\"@id\":\"https:\/\/aral2.cetrexmarketing.com\/ca\/producto\/belondrade-quinta-apolonia-magnum\/#primaryimage\"},\"image\":{\"@id\":\"https:\/\/aral2.cetrexmarketing.com\/ca\/producto\/belondrade-quinta-apolonia-magnum\/#primaryimage\"},\"thumbnailUrl\":\"https:\/\/aral2.cetrexmarketing.com\/wp-content\/uploads\/2025\/05\/belondrade-quinta-apolonia-magnum.jpg-1.png\",\"datePublished\":\"2025-05-26T12:51:16+00:00\",\"dateModified\":\"2025-05-27T07:54:51+00:00\",\"description\":\"Comprar el vi blanc Belondrade Quinta Apolonia Magnum a Mon la Cata . Botiga online especilitzada en vi i alimentaci\u00f3. Trameses puntuals i promocions\",\"breadcrumb\":{\"@id\":\"https:\/\/aral2.cetrexmarketing.com\/ca\/producto\/belondrade-quinta-apolonia-magnum\/#breadcrumb\"},\"inLanguage\":\"ca\",\"potentialAction\":[{\"@type\":\"ReadAction\",\"target\":[\"https:\/\/aral2.cetrexmarketing.com\/ca\/producto\/belondrade-quinta-apolonia-magnum\/\"]}]},{\"@type\":\"ImageObject\",\"inLanguage\":\"ca\",\"@id\":\"https:\/\/aral2.cetrexmarketing.com\/ca\/producto\/belondrade-quinta-apolonia-magnum\/#primaryimage\",\"url\":\"https:\/\/aral2.cetrexmarketing.com\/wp-content\/uploads\/2025\/05\/belondrade-quinta-apolonia-magnum.jpg-1.png\",\"contentUrl\":\"https:\/\/aral2.cetrexmarketing.com\/wp-content\/uploads\/2025\/05\/belondrade-quinta-apolonia-magnum.jpg-1.png\",\"width\":765,\"height\":1024},{\"@type\":\"BreadcrumbList\",\"@id\":\"https:\/\/aral2.cetrexmarketing.com\/ca\/producto\/belondrade-quinta-apolonia-magnum\/#breadcrumb\",\"itemListElement\":[{\"@type\":\"ListItem\",\"position\":1,\"name\":\"Home\",\"item\":\"https:\/\/aral2.cetrexmarketing.com\/ca\/\"},{\"@type\":\"ListItem\",\"position\":2,\"name\":\"Tienda\",\"item\":\"https:\/\/aral2.cetrexmarketing.com\/ca\/tienda-2\/\"},{\"@type\":\"ListItem\",\"position\":3,\"name\":\"Vino\",\"item\":\"https:\/\/aral2.cetrexmarketing.com\/categoria-producto\/inicio\/vino\/\"},{\"@type\":\"ListItem\",\"position\":4,\"name\":\"Belondrade Quinta Apolonia Magnum\"}]},{\"@type\":\"WebSite\",\"@id\":\"https:\/\/aral2.cetrexmarketing.com\/#website\",\"url\":\"https:\/\/aral2.cetrexmarketing.com\/\",\"name\":\"M\u00f3n La Cata\",\"description\":\"Tienda de vinos, licores, cervezas y gourmet\",\"publisher\":{\"@id\":\"https:\/\/aral2.cetrexmarketing.com\/#organization\"},\"potentialAction\":[{\"@type\":\"SearchAction\",\"target\":{\"@type\":\"EntryPoint\",\"urlTemplate\":\"https:\/\/aral2.cetrexmarketing.com\/?s={search_term_string}\"},\"query-input\":{\"@type\":\"PropertyValueSpecification\",\"valueRequired\":true,\"valueName\":\"search_term_string\"}}],\"inLanguage\":\"ca\"},{\"@type\":\"Organization\",\"@id\":\"https:\/\/aral2.cetrexmarketing.com\/#organization\",\"name\":\"M\u00f3n La Cata\",\"url\":\"https:\/\/aral2.cetrexmarketing.com\/\",\"logo\":{\"@type\":\"ImageObject\",\"inLanguage\":\"ca\",\"@id\":\"https:\/\/aral2.cetrexmarketing.com\/#\/schema\/logo\/image\/\",\"url\":\"https:\/\/aral2.cetrexmarketing.com\/wp-content\/uploads\/2024\/10\/aral-logo-neg-1024x409-1.png\",\"contentUrl\":\"https:\/\/aral2.cetrexmarketing.com\/wp-content\/uploads\/2024\/10\/aral-logo-neg-1024x409-1.png\",\"width\":1024,\"height\":409,\"caption\":\"M\u00f3n La Cata\"},\"image\":{\"@id\":\"https:\/\/aral2.cetrexmarketing.com\/#\/schema\/logo\/image\/\"}}]}<\/script>\n<!-- \/ Yoast SEO Premium plugin. -->","yoast_head_json":{"title":"Belondrade Quinta Apolonia Magnum - M\u00f3n La Cata","description":"Comprar el vi blanc Belondrade Quinta Apolonia Magnum a Mon la Cata . Botiga online especilitzada en vi i alimentaci\u00f3. Trameses puntuals i promocions","robots":{"index":"noindex","follow":"follow","max-snippet":"max-snippet:-1","max-image-preview":"max-image-preview:large","max-video-preview":"max-video-preview:-1"},"og_locale":"ca_ES","og_type":"article","og_title":"Belondrade Quinta Apolonia Magnum","og_description":"Comprar el vi blanc Belondrade Quinta Apolonia Magnum a Mon la Cata . Botiga online especilitzada en vi i alimentaci\u00f3. Trameses puntuals i promocions","og_url":"https:\/\/aral2.cetrexmarketing.com\/ca\/producto\/belondrade-quinta-apolonia-magnum\/","og_site_name":"M\u00f3n La Cata","article_modified_time":"2025-05-27T07:54:51+00:00","og_image":[{"width":765,"height":1024,"url":"https:\/\/aral2.cetrexmarketing.com\/wp-content\/uploads\/2025\/05\/belondrade-quinta-apolonia-magnum.jpg-1.png","type":"image\/png"}],"twitter_card":"summary_large_image","schema":{"@context":"https:\/\/schema.org","@graph":[{"@type":"WebPage","@id":"https:\/\/aral2.cetrexmarketing.com\/ca\/producto\/belondrade-quinta-apolonia-magnum\/","url":"https:\/\/aral2.cetrexmarketing.com\/ca\/producto\/belondrade-quinta-apolonia-magnum\/","name":"Belondrade Quinta Apolonia Magnum - M\u00f3n La Cata","isPartOf":{"@id":"https:\/\/aral2.cetrexmarketing.com\/#website"},"primaryImageOfPage":{"@id":"https:\/\/aral2.cetrexmarketing.com\/ca\/producto\/belondrade-quinta-apolonia-magnum\/#primaryimage"},"image":{"@id":"https:\/\/aral2.cetrexmarketing.com\/ca\/producto\/belondrade-quinta-apolonia-magnum\/#primaryimage"},"thumbnailUrl":"https:\/\/aral2.cetrexmarketing.com\/wp-content\/uploads\/2025\/05\/belondrade-quinta-apolonia-magnum.jpg-1.png","datePublished":"2025-05-26T12:51:16+00:00","dateModified":"2025-05-27T07:54:51+00:00","description":"Comprar el vi blanc Belondrade Quinta Apolonia Magnum a Mon la Cata . Botiga online especilitzada en vi i alimentaci\u00f3. Trameses puntuals i promocions","breadcrumb":{"@id":"https:\/\/aral2.cetrexmarketing.com\/ca\/producto\/belondrade-quinta-apolonia-magnum\/#breadcrumb"},"inLanguage":"ca","potentialAction":[{"@type":"ReadAction","target":["https:\/\/aral2.cetrexmarketing.com\/ca\/producto\/belondrade-quinta-apolonia-magnum\/"]}]},{"@type":"ImageObject","inLanguage":"ca","@id":"https:\/\/aral2.cetrexmarketing.com\/ca\/producto\/belondrade-quinta-apolonia-magnum\/#primaryimage","url":"https:\/\/aral2.cetrexmarketing.com\/wp-content\/uploads\/2025\/05\/belondrade-quinta-apolonia-magnum.jpg-1.png","contentUrl":"https:\/\/aral2.cetrexmarketing.com\/wp-content\/uploads\/2025\/05\/belondrade-quinta-apolonia-magnum.jpg-1.png","width":765,"height":1024},{"@type":"BreadcrumbList","@id":"https:\/\/aral2.cetrexmarketing.com\/ca\/producto\/belondrade-quinta-apolonia-magnum\/#breadcrumb","itemListElement":[{"@type":"ListItem","position":1,"name":"Home","item":"https:\/\/aral2.cetrexmarketing.com\/ca\/"},{"@type":"ListItem","position":2,"name":"Tienda","item":"https:\/\/aral2.cetrexmarketing.com\/ca\/tienda-2\/"},{"@type":"ListItem","position":3,"name":"Vino","item":"https:\/\/aral2.cetrexmarketing.com\/categoria-producto\/inicio\/vino\/"},{"@type":"ListItem","position":4,"name":"Belondrade Quinta Apolonia Magnum"}]},{"@type":"WebSite","@id":"https:\/\/aral2.cetrexmarketing.com\/#website","url":"https:\/\/aral2.cetrexmarketing.com\/","name":"M\u00f3n La Cata","description":"Tienda de vinos, licores, cervezas y gourmet","publisher":{"@id":"https:\/\/aral2.cetrexmarketing.com\/#organization"},"potentialAction":[{"@type":"SearchAction","target":{"@type":"EntryPoint","urlTemplate":"https:\/\/aral2.cetrexmarketing.com\/?s={search_term_string}"},"query-input":{"@type":"PropertyValueSpecification","valueRequired":true,"valueName":"search_term_string"}}],"inLanguage":"ca"},{"@type":"Organization","@id":"https:\/\/aral2.cetrexmarketing.com\/#organization","name":"M\u00f3n La Cata","url":"https:\/\/aral2.cetrexmarketing.com\/","logo":{"@type":"ImageObject","inLanguage":"ca","@id":"https:\/\/aral2.cetrexmarketing.com\/#\/schema\/logo\/image\/","url":"https:\/\/aral2.cetrexmarketing.com\/wp-content\/uploads\/2024\/10\/aral-logo-neg-1024x409-1.png","contentUrl":"https:\/\/aral2.cetrexmarketing.com\/wp-content\/uploads\/2024\/10\/aral-logo-neg-1024x409-1.png","width":1024,"height":409,"caption":"M\u00f3n La Cata"},"image":{"@id":"https:\/\/aral2.cetrexmarketing.com\/#\/schema\/logo\/image\/"}}]}},"brands":[{"id":45108,"name":"Belondrade","slug":"belondrade"},{"id":32871,"name":"Castilla y Le\u00f3n V.T.","slug":"castilla-y-leon-v-t"}],"_links":{"self":[{"href":"https:\/\/aral2.cetrexmarketing.com\/ca\/wp-json\/wp\/v2\/product\/110442","targetHints":{"allow":["GET"]}}],"collection":[{"href":"https:\/\/aral2.cetrexmarketing.com\/ca\/wp-json\/wp\/v2\/product"}],"about":[{"href":"https:\/\/aral2.cetrexmarketing.com\/ca\/wp-json\/wp\/v2\/types\/product"}],"replies":[{"embeddable":true,"href":"https:\/\/aral2.cetrexmarketing.com\/ca\/wp-json\/wp\/v2\/comments?post=110442"}],"wp:featuredmedia":[{"embeddable":true,"href":"https:\/\/aral2.cetrexmarketing.com\/ca\/wp-json\/wp\/v2\/media\/108681"}],"wp:attachment":[{"href":"https:\/\/aral2.cetrexmarketing.com\/ca\/wp-json\/wp\/v2\/media?parent=110442"}],"wp:term":[{"taxonomy":"pwb-brand","embeddable":true,"href":"https:\/\/aral2.cetrexmarketing.com\/ca\/wp-json\/wp\/v2\/pwb-brand?post=110442"},{"taxonomy":"product_brand","embeddable":true,"href":"https:\/\/aral2.cetrexmarketing.com\/ca\/wp-json\/wp\/v2\/product_brand?post=110442"},{"taxonomy":"product_cat","embeddable":true,"href":"https:\/\/aral2.cetrexmarketing.com\/ca\/wp-json\/wp\/v2\/product_cat?post=110442"},{"taxonomy":"product_tag","embeddable":true,"href":"https:\/\/aral2.cetrexmarketing.com\/ca\/wp-json\/wp\/v2\/product_tag?post=110442"}],"curies":[{"name":"wp","href":"https:\/\/api.w.org\/{rel}","templated":true}]}}