{"id":110248,"date":"2025-05-26T13:00:01","date_gmt":"2025-05-26T13:00:01","guid":{"rendered":"https:\/\/aral2.cetrexmarketing.com\/producto\/ritme-negre\/"},"modified":"2025-05-27T07:54:01","modified_gmt":"2025-05-27T07:54:01","slug":"ritme-negre","status":"publish","type":"product","link":"https:\/\/aral2.cetrexmarketing.com\/ca\/producto\/ritme-negre\/","title":{"rendered":"Ritme Negre"},"content":{"rendered":"<p data-start=\"0\" data-end=\"396\"><strong data-start=\"0\" data-end=\"15\">Ritme Negre<\/strong> \u00e9s un vi negre de la <strong data-start=\"37\" data-end=\"52\">DOQ Priorat<\/strong>, elaborat per <strong data-start=\"67\" data-end=\"83\">Celler Ritme<\/strong>, que reflecteix la singularitat i la complexitat del terrer d\u2019aquesta prestigiosa regi\u00f3. Aquest vi est\u00e0 composat principalment per <strong data-start=\"215\" data-end=\"227\">Garnatxa<\/strong> i <strong data-start=\"230\" data-end=\"243\" data-is-only-node=\"\">Carinyena<\/strong>, les varietats aut\u00f2ctones que millor expressen la identitat de la zona, amb una petita proporci\u00f3 de <strong data-start=\"344\" data-end=\"353\">Syrah<\/strong> que aporta un toc de frescor i estructura.<\/p>\n<p data-start=\"398\" data-end=\"753\">El proc\u00e9s d\u2019elaboraci\u00f3 segueix una filosofia de m\u00ednima intervenci\u00f3, respectant al m\u00e0xim les caracter\u00edstiques del ra\u00efm i el terreny. La vinificaci\u00f3 es realitza en dip\u00f2sits d&#8217;acer inoxidable per preservar els aromes primaris, i el vi es cria en b\u00f3tes de <strong data-start=\"650\" data-end=\"667\">roure franc\u00e8s<\/strong> i <strong data-start=\"670\" data-end=\"687\">roure americ\u00e0<\/strong> durant diversos mesos, fet que li atorga complexitat i eleg\u00e0ncia.<\/p>\n<p data-start=\"755\" data-end=\"1136\">Pel que fa a les <strong data-start=\"772\" data-end=\"789\">notes de cata<\/strong>, <strong data-start=\"791\" data-end=\"806\">Ritme Negre<\/strong> presenta un color <strong data-start=\"825\" data-end=\"845\">roig rub\u00ed intens<\/strong>, que denota la seva joventut i potencial. A la nas, destaca per la seva expressi\u00f3 afruitada, amb aromes de <strong data-start=\"953\" data-end=\"963\">cirera<\/strong>, <strong data-start=\"965\" data-end=\"974\">mores<\/strong> i <strong data-start=\"977\" data-end=\"987\">prunes<\/strong>, combinades amb notes <strong data-start=\"1010\" data-end=\"1021\">florals<\/strong> i un subtil toc <strong data-start=\"1038\" data-end=\"1049\">mineral<\/strong> caracter\u00edstic del Priorat, juntament amb lleugers matisos de <strong data-start=\"1111\" data-end=\"1120\">fusta<\/strong> i <strong data-start=\"1123\" data-end=\"1135\">esp\u00e8cies<\/strong>.<\/p>\n<p data-start=\"1138\" data-end=\"1523\">A la boca, \u00e9s un vi <strong data-start=\"1158\" data-end=\"1173\">estructurat<\/strong>, amb una <strong data-start=\"1183\" data-end=\"1206\">acidesa equilibrada<\/strong> i uns <strong data-start=\"1213\" data-end=\"1229\">tanins ferms<\/strong> per\u00f2 suaus, que li confereixen una textura aterciopelada. Els sabors de <strong data-start=\"1302\" data-end=\"1323\">fruites vermelles<\/strong> es combinen amb notes d\u2019<strong data-start=\"1348\" data-end=\"1372\">herbes mediterr\u00e0nies<\/strong> i un toc <strong data-start=\"1382\" data-end=\"1393\">terrosi<\/strong>, que reflecteix el car\u00e0cter del s\u00f2l de pissarra de la regi\u00f3. El final \u00e9s <strong data-start=\"1467\" data-end=\"1489\">llarg i persistent<\/strong>, amb un retrogust suau i mineral.<\/p>\n<p data-start=\"1525\" data-end=\"1812\" data-is-last-node=\"\" data-is-only-node=\"\"><strong data-start=\"1525\" data-end=\"1540\">Ritme Negre<\/strong> \u00e9s un vi ideal per acompanyar <strong data-start=\"1571\" data-end=\"1591\">carns a la brasa<\/strong>, <strong data-start=\"1593\" data-end=\"1609\">carn de ca\u00e7a<\/strong>, <strong data-start=\"1611\" data-end=\"1633\">guisos contundents<\/strong>, <strong data-start=\"1635\" data-end=\"1655\" data-is-only-node=\"\">formatges curats<\/strong> i plats mediterranis de gran intensitat. \u00c9s perfecte per a aquells que busquen un vi amb <strong data-start=\"1745\" data-end=\"1757\">car\u00e0cter<\/strong>, <strong data-start=\"1759\" data-end=\"1772\">eleg\u00e0ncia<\/strong> i una <strong data-start=\"1779\" data-end=\"1811\">gran capacitat d\u2019envelliment<\/strong>.<\/p>\n","protected":false},"excerpt":{"rendered":"<p><strong data-start=\"0\" data-end=\"15\" data-is-only-node=\"\">Ritme Negre<\/strong> \u00e9s un vi negre de la <strong data-start=\"37\" data-end=\"52\">DOQ Priorat<\/strong> elaborat per <strong data-start=\"66\" data-end=\"82\">Celler Ritme<\/strong> amb <strong data-start=\"87\" data-end=\"99\">Garnatxa<\/strong> i <strong data-start=\"102\" data-end=\"115\">Carinyena<\/strong>, complementat amb una petita proporci\u00f3 de <strong data-start=\"158\" data-end=\"167\">Syrah<\/strong>. Aquest vi es caracteritza per la seva <strong data-start=\"207\" data-end=\"221\">estructura<\/strong> i <strong data-start=\"224\" data-end=\"237\">eleg\u00e0ncia<\/strong>, amb una vinificaci\u00f3 de m\u00ednima intervenci\u00f3 i una crian\u00e7a en <strong data-start=\"298\" data-end=\"316\">b\u00f2tes de roure<\/strong>. A la vista, presenta un color <strong data-start=\"348\" data-end=\"368\">roig rub\u00ed intens<\/strong> i una nas fruitada amb aromes de <strong data-start=\"402\" data-end=\"412\">cirera<\/strong>, <strong data-start=\"414\" data-end=\"423\">mores<\/strong> i <strong data-start=\"426\" data-end=\"436\">prunes<\/strong>, juntament amb notes <strong data-start=\"458\" data-end=\"470\">minerals<\/strong> i de <strong data-start=\"476\" data-end=\"485\">fusta<\/strong>. En boca \u00e9s <strong data-start=\"498\" data-end=\"513\">estructurat<\/strong>, amb una <strong data-start=\"523\" data-end=\"546\">acidesa equilibrada<\/strong> i <strong data-start=\"549\" data-end=\"565\">tanins suaus<\/strong>, combinant sabors de <strong data-start=\"587\" data-end=\"606\">fruits vermells<\/strong> i <strong data-start=\"609\" data-end=\"633\">herbes mediterr\u00e0nies<\/strong>. Un vi amb <strong data-start=\"645\" data-end=\"657\">car\u00e0cter<\/strong>, ideal per acompanyar <strong data-start=\"680\" data-end=\"700\">carns a la brasa<\/strong>, <strong data-start=\"702\" data-end=\"712\">guisos<\/strong> i <strong data-start=\"715\" data-end=\"735\">formatges curats<\/strong>.<\/p>\n","protected":false},"featured_media":109169,"comment_status":"closed","ping_status":"closed","template":"","meta":{"_acf_changed":false},"pwb-brand":[32901,45310],"product_brand":[],"product_cat":[51670,51671],"product_tag":[14999,14996,48476,48475],"class_list":{"0":"post-110248","1":"product","2":"type-product","3":"status-publish","4":"has-post-thumbnail","6":"pwb-brand-priorat-d-o","7":"pwb-brand-ritme","8":"product_cat-vi","9":"product_cat-vi-negre","10":"product_tag-doq-priorat-ca","11":"product_tag-priorat-ca","12":"product_tag-ritme-ca","13":"product_tag-ritme-negre","14":"pa_anada-36211","15":"pa_bodega-ritme-celler","16":"pa_do-priorat-d-o-q-ca","17":"pa_formatoenml-38306","18":"pa_graduacion-15_0","19":"pa_maridaje-carn-roja","20":"pa_pais-espanya-ca","21":"pa_potente-negre-potent","22":"pa_pueblociudad-lavilellaaltatarragona","23":"pa_region-cataluna","24":"pa_variedad-principal-samso-ca","25":"entry","26":"has-media","28":"first","29":"instock","30":"taxable","31":"shipping-taxable","32":"purchasable","33":"product-type-simple"},"acf":[],"yoast_head":"<!-- This site is optimized with the Yoast SEO Premium plugin v23.1 (Yoast SEO v23.5) - https:\/\/yoast.com\/wordpress\/plugins\/seo\/ -->\n<title>Ritme Negre - M\u00f3n La Cata<\/title>\n<meta name=\"description\" content=\"Comprar vi Horizonte de Exopto Botiga online especialitzada en vins, destil\u00b7lats i alimentaci\u00f3 gurmet. Trameses puntuals i promocions\" \/>\n<meta name=\"robots\" content=\"noindex, follow, max-snippet:-1, max-image-preview:large, max-video-preview:-1\" \/>\n<meta property=\"og:locale\" content=\"ca_ES\" \/>\n<meta property=\"og:type\" content=\"article\" \/>\n<meta property=\"og:title\" content=\"Ritme Negre\" \/>\n<meta property=\"og:description\" content=\"Comprar vi Horizonte de Exopto Botiga online especialitzada en vins, destil\u00b7lats i alimentaci\u00f3 gurmet. Trameses puntuals i promocions\" \/>\n<meta property=\"og:url\" content=\"https:\/\/aral2.cetrexmarketing.com\/ca\/producto\/ritme-negre\/\" \/>\n<meta property=\"og:site_name\" content=\"M\u00f3n La Cata\" \/>\n<meta property=\"article:modified_time\" content=\"2025-05-27T07:54:01+00:00\" \/>\n<meta property=\"og:image\" content=\"https:\/\/aral2.cetrexmarketing.com\/wp-content\/uploads\/2025\/05\/ritme-tinto.jpg.png\" \/>\n\t<meta property=\"og:image:width\" content=\"765\" \/>\n\t<meta property=\"og:image:height\" content=\"1024\" \/>\n\t<meta property=\"og:image:type\" content=\"image\/png\" \/>\n<meta name=\"twitter:card\" content=\"summary_large_image\" \/>\n<meta name=\"twitter:label1\" content=\"Temps estimat de lectura\" \/>\n\t<meta name=\"twitter:data1\" content=\"2 minuts\" \/>\n<script type=\"application\/ld+json\" class=\"yoast-schema-graph\">{\"@context\":\"https:\/\/schema.org\",\"@graph\":[{\"@type\":\"WebPage\",\"@id\":\"https:\/\/aral2.cetrexmarketing.com\/ca\/producto\/ritme-negre\/\",\"url\":\"https:\/\/aral2.cetrexmarketing.com\/ca\/producto\/ritme-negre\/\",\"name\":\"Ritme Negre - M\u00f3n La Cata\",\"isPartOf\":{\"@id\":\"https:\/\/aral2.cetrexmarketing.com\/#website\"},\"primaryImageOfPage\":{\"@id\":\"https:\/\/aral2.cetrexmarketing.com\/ca\/producto\/ritme-negre\/#primaryimage\"},\"image\":{\"@id\":\"https:\/\/aral2.cetrexmarketing.com\/ca\/producto\/ritme-negre\/#primaryimage\"},\"thumbnailUrl\":\"https:\/\/aral2.cetrexmarketing.com\/wp-content\/uploads\/2025\/05\/ritme-tinto.jpg.png\",\"datePublished\":\"2025-05-26T13:00:01+00:00\",\"dateModified\":\"2025-05-27T07:54:01+00:00\",\"description\":\"Comprar vi Horizonte de Exopto Botiga online especialitzada en vins, destil\u00b7lats i alimentaci\u00f3 gurmet. Trameses puntuals i promocions\",\"breadcrumb\":{\"@id\":\"https:\/\/aral2.cetrexmarketing.com\/ca\/producto\/ritme-negre\/#breadcrumb\"},\"inLanguage\":\"ca\",\"potentialAction\":[{\"@type\":\"ReadAction\",\"target\":[\"https:\/\/aral2.cetrexmarketing.com\/ca\/producto\/ritme-negre\/\"]}]},{\"@type\":\"ImageObject\",\"inLanguage\":\"ca\",\"@id\":\"https:\/\/aral2.cetrexmarketing.com\/ca\/producto\/ritme-negre\/#primaryimage\",\"url\":\"https:\/\/aral2.cetrexmarketing.com\/wp-content\/uploads\/2025\/05\/ritme-tinto.jpg.png\",\"contentUrl\":\"https:\/\/aral2.cetrexmarketing.com\/wp-content\/uploads\/2025\/05\/ritme-tinto.jpg.png\",\"width\":765,\"height\":1024},{\"@type\":\"BreadcrumbList\",\"@id\":\"https:\/\/aral2.cetrexmarketing.com\/ca\/producto\/ritme-negre\/#breadcrumb\",\"itemListElement\":[{\"@type\":\"ListItem\",\"position\":1,\"name\":\"Home\",\"item\":\"https:\/\/aral2.cetrexmarketing.com\/ca\/\"},{\"@type\":\"ListItem\",\"position\":2,\"name\":\"Tienda\",\"item\":\"https:\/\/aral2.cetrexmarketing.com\/ca\/tienda-2\/\"},{\"@type\":\"ListItem\",\"position\":3,\"name\":\"Vino\",\"item\":\"https:\/\/aral2.cetrexmarketing.com\/categoria-producto\/inicio\/vino\/\"},{\"@type\":\"ListItem\",\"position\":4,\"name\":\"Ritme Negre\"}]},{\"@type\":\"WebSite\",\"@id\":\"https:\/\/aral2.cetrexmarketing.com\/#website\",\"url\":\"https:\/\/aral2.cetrexmarketing.com\/\",\"name\":\"M\u00f3n La Cata\",\"description\":\"Tienda de vinos, licores, cervezas y gourmet\",\"publisher\":{\"@id\":\"https:\/\/aral2.cetrexmarketing.com\/#organization\"},\"potentialAction\":[{\"@type\":\"SearchAction\",\"target\":{\"@type\":\"EntryPoint\",\"urlTemplate\":\"https:\/\/aral2.cetrexmarketing.com\/?s={search_term_string}\"},\"query-input\":{\"@type\":\"PropertyValueSpecification\",\"valueRequired\":true,\"valueName\":\"search_term_string\"}}],\"inLanguage\":\"ca\"},{\"@type\":\"Organization\",\"@id\":\"https:\/\/aral2.cetrexmarketing.com\/#organization\",\"name\":\"M\u00f3n La Cata\",\"url\":\"https:\/\/aral2.cetrexmarketing.com\/\",\"logo\":{\"@type\":\"ImageObject\",\"inLanguage\":\"ca\",\"@id\":\"https:\/\/aral2.cetrexmarketing.com\/#\/schema\/logo\/image\/\",\"url\":\"https:\/\/aral2.cetrexmarketing.com\/wp-content\/uploads\/2024\/10\/aral-logo-neg-1024x409-1.png\",\"contentUrl\":\"https:\/\/aral2.cetrexmarketing.com\/wp-content\/uploads\/2024\/10\/aral-logo-neg-1024x409-1.png\",\"width\":1024,\"height\":409,\"caption\":\"M\u00f3n La Cata\"},\"image\":{\"@id\":\"https:\/\/aral2.cetrexmarketing.com\/#\/schema\/logo\/image\/\"}}]}<\/script>\n<!-- \/ Yoast SEO Premium plugin. -->","yoast_head_json":{"title":"Ritme Negre - M\u00f3n La Cata","description":"Comprar vi Horizonte de Exopto Botiga online especialitzada en vins, destil\u00b7lats i alimentaci\u00f3 gurmet. Trameses puntuals i promocions","robots":{"index":"noindex","follow":"follow","max-snippet":"max-snippet:-1","max-image-preview":"max-image-preview:large","max-video-preview":"max-video-preview:-1"},"og_locale":"ca_ES","og_type":"article","og_title":"Ritme Negre","og_description":"Comprar vi Horizonte de Exopto Botiga online especialitzada en vins, destil\u00b7lats i alimentaci\u00f3 gurmet. Trameses puntuals i promocions","og_url":"https:\/\/aral2.cetrexmarketing.com\/ca\/producto\/ritme-negre\/","og_site_name":"M\u00f3n La Cata","article_modified_time":"2025-05-27T07:54:01+00:00","og_image":[{"width":765,"height":1024,"url":"https:\/\/aral2.cetrexmarketing.com\/wp-content\/uploads\/2025\/05\/ritme-tinto.jpg.png","type":"image\/png"}],"twitter_card":"summary_large_image","twitter_misc":{"Temps estimat de lectura":"2 minuts"},"schema":{"@context":"https:\/\/schema.org","@graph":[{"@type":"WebPage","@id":"https:\/\/aral2.cetrexmarketing.com\/ca\/producto\/ritme-negre\/","url":"https:\/\/aral2.cetrexmarketing.com\/ca\/producto\/ritme-negre\/","name":"Ritme Negre - M\u00f3n La Cata","isPartOf":{"@id":"https:\/\/aral2.cetrexmarketing.com\/#website"},"primaryImageOfPage":{"@id":"https:\/\/aral2.cetrexmarketing.com\/ca\/producto\/ritme-negre\/#primaryimage"},"image":{"@id":"https:\/\/aral2.cetrexmarketing.com\/ca\/producto\/ritme-negre\/#primaryimage"},"thumbnailUrl":"https:\/\/aral2.cetrexmarketing.com\/wp-content\/uploads\/2025\/05\/ritme-tinto.jpg.png","datePublished":"2025-05-26T13:00:01+00:00","dateModified":"2025-05-27T07:54:01+00:00","description":"Comprar vi Horizonte de Exopto Botiga online especialitzada en vins, destil\u00b7lats i alimentaci\u00f3 gurmet. Trameses puntuals i promocions","breadcrumb":{"@id":"https:\/\/aral2.cetrexmarketing.com\/ca\/producto\/ritme-negre\/#breadcrumb"},"inLanguage":"ca","potentialAction":[{"@type":"ReadAction","target":["https:\/\/aral2.cetrexmarketing.com\/ca\/producto\/ritme-negre\/"]}]},{"@type":"ImageObject","inLanguage":"ca","@id":"https:\/\/aral2.cetrexmarketing.com\/ca\/producto\/ritme-negre\/#primaryimage","url":"https:\/\/aral2.cetrexmarketing.com\/wp-content\/uploads\/2025\/05\/ritme-tinto.jpg.png","contentUrl":"https:\/\/aral2.cetrexmarketing.com\/wp-content\/uploads\/2025\/05\/ritme-tinto.jpg.png","width":765,"height":1024},{"@type":"BreadcrumbList","@id":"https:\/\/aral2.cetrexmarketing.com\/ca\/producto\/ritme-negre\/#breadcrumb","itemListElement":[{"@type":"ListItem","position":1,"name":"Home","item":"https:\/\/aral2.cetrexmarketing.com\/ca\/"},{"@type":"ListItem","position":2,"name":"Tienda","item":"https:\/\/aral2.cetrexmarketing.com\/ca\/tienda-2\/"},{"@type":"ListItem","position":3,"name":"Vino","item":"https:\/\/aral2.cetrexmarketing.com\/categoria-producto\/inicio\/vino\/"},{"@type":"ListItem","position":4,"name":"Ritme Negre"}]},{"@type":"WebSite","@id":"https:\/\/aral2.cetrexmarketing.com\/#website","url":"https:\/\/aral2.cetrexmarketing.com\/","name":"M\u00f3n La Cata","description":"Tienda de vinos, licores, cervezas y gourmet","publisher":{"@id":"https:\/\/aral2.cetrexmarketing.com\/#organization"},"potentialAction":[{"@type":"SearchAction","target":{"@type":"EntryPoint","urlTemplate":"https:\/\/aral2.cetrexmarketing.com\/?s={search_term_string}"},"query-input":{"@type":"PropertyValueSpecification","valueRequired":true,"valueName":"search_term_string"}}],"inLanguage":"ca"},{"@type":"Organization","@id":"https:\/\/aral2.cetrexmarketing.com\/#organization","name":"M\u00f3n La Cata","url":"https:\/\/aral2.cetrexmarketing.com\/","logo":{"@type":"ImageObject","inLanguage":"ca","@id":"https:\/\/aral2.cetrexmarketing.com\/#\/schema\/logo\/image\/","url":"https:\/\/aral2.cetrexmarketing.com\/wp-content\/uploads\/2024\/10\/aral-logo-neg-1024x409-1.png","contentUrl":"https:\/\/aral2.cetrexmarketing.com\/wp-content\/uploads\/2024\/10\/aral-logo-neg-1024x409-1.png","width":1024,"height":409,"caption":"M\u00f3n La Cata"},"image":{"@id":"https:\/\/aral2.cetrexmarketing.com\/#\/schema\/logo\/image\/"}}]}},"brands":[{"id":32901,"name":"Priorat D.O.","slug":"priorat-d-o"},{"id":45310,"name":"Ritme","slug":"ritme"}],"_links":{"self":[{"href":"https:\/\/aral2.cetrexmarketing.com\/ca\/wp-json\/wp\/v2\/product\/110248","targetHints":{"allow":["GET"]}}],"collection":[{"href":"https:\/\/aral2.cetrexmarketing.com\/ca\/wp-json\/wp\/v2\/product"}],"about":[{"href":"https:\/\/aral2.cetrexmarketing.com\/ca\/wp-json\/wp\/v2\/types\/product"}],"replies":[{"embeddable":true,"href":"https:\/\/aral2.cetrexmarketing.com\/ca\/wp-json\/wp\/v2\/comments?post=110248"}],"wp:featuredmedia":[{"embeddable":true,"href":"https:\/\/aral2.cetrexmarketing.com\/ca\/wp-json\/wp\/v2\/media\/109169"}],"wp:attachment":[{"href":"https:\/\/aral2.cetrexmarketing.com\/ca\/wp-json\/wp\/v2\/media?parent=110248"}],"wp:term":[{"taxonomy":"pwb-brand","embeddable":true,"href":"https:\/\/aral2.cetrexmarketing.com\/ca\/wp-json\/wp\/v2\/pwb-brand?post=110248"},{"taxonomy":"product_brand","embeddable":true,"href":"https:\/\/aral2.cetrexmarketing.com\/ca\/wp-json\/wp\/v2\/product_brand?post=110248"},{"taxonomy":"product_cat","embeddable":true,"href":"https:\/\/aral2.cetrexmarketing.com\/ca\/wp-json\/wp\/v2\/product_cat?post=110248"},{"taxonomy":"product_tag","embeddable":true,"href":"https:\/\/aral2.cetrexmarketing.com\/ca\/wp-json\/wp\/v2\/product_tag?post=110248"}],"curies":[{"name":"wp","href":"https:\/\/api.w.org\/{rel}","templated":true}]}}