{"id":108743,"date":"2025-05-26T12:51:55","date_gmt":"2025-05-26T12:51:55","guid":{"rendered":"https:\/\/aral2.cetrexmarketing.com\/producto\/can-rafols-dels-caus-climax-brut-nature\/"},"modified":"2025-05-27T07:51:52","modified_gmt":"2025-05-27T07:51:52","slug":"can-rafols-dels-caus-climax-brut-nature","status":"publish","type":"product","link":"https:\/\/aral2.cetrexmarketing.com\/ca\/producto\/can-rafols-dels-caus-climax-brut-nature\/","title":{"rendered":"Can R\u00e0fols dels Caus Cl\u00edmax Brut Nature"},"content":{"rendered":"<p><strong>Can R\u00e0fols dels Caus Cl\u00edmax Brut Nature<\/strong><\/p>\n","protected":false},"excerpt":{"rendered":"<p>Can R\u00e0fols dels Caus Cl\u00edmax Brut Nature<\/p>\n","protected":false},"featured_media":108741,"comment_status":"closed","ping_status":"closed","template":"","meta":{"_acf_changed":false},"pwb-brand":[44866],"product_brand":[],"product_cat":[51655,33037],"product_tag":[45129,45130,45131,38834],"class_list":{"0":"post-108743","1":"product","2":"type-product","3":"status-publish","4":"has-post-thumbnail","6":"pwb-brand-can-rafols-dels-caus","7":"product_cat-rebajas","8":"product_cat-vino-espumoso","9":"product_tag-can-rafols-dels-caus-climax-brut-nature","10":"product_tag-climax","11":"product_tag-vino-espumos-de-calidad","12":"product_tag-vino-espumoso","13":"pa_anada-36210","14":"pa_bodega-can-rafols-dels-caus","15":"pa_cantidaddeazucar-brutnature","16":"pa_do-sindo-ca-2","17":"pa_ecologico-vegano-natural-ecologico","18":"pa_ecologico-vegano-natural-vegano","19":"pa_formatoenml-38306","20":"pa_graduacion-11_5","21":"pa_pais-espana","22":"pa_pueblociudad-avinyonetdelpenedesbarcelona","23":"pa_region-cataluna","24":"entry","25":"has-media","27":"first","28":"instock","29":"sale","30":"taxable","31":"shipping-taxable","32":"purchasable","33":"product-type-simple"},"acf":[],"yoast_head":"<!-- This site is optimized with the Yoast SEO Premium plugin v23.1 (Yoast SEO v23.5) - https:\/\/yoast.com\/wordpress\/plugins\/seo\/ -->\n<title>Can R\u00e0fols dels Caus Cl\u00edmax Brut Nature - M\u00f3n La Cata<\/title>\n<meta name=\"description\" content=\"Comprar el vino espumoso de calidad Can R\u00e0fols dels Caus Cl\u00edmax Brut Nature en M\u00f3n La Cata . Tienda online especilizada en vino, licor y alimentaci\u00f3n.\" \/>\n<meta name=\"robots\" content=\"noindex, follow, max-snippet:-1, max-image-preview:large, max-video-preview:-1\" \/>\n<meta property=\"og:locale\" content=\"ca_ES\" \/>\n<meta property=\"og:type\" content=\"article\" \/>\n<meta property=\"og:title\" content=\"Can R\u00e0fols dels Caus Cl\u00edmax Brut Nature\" \/>\n<meta property=\"og:description\" content=\"Comprar el vino espumoso de calidad Can R\u00e0fols dels Caus Cl\u00edmax Brut Nature en M\u00f3n La Cata . Tienda online especilizada en vino, licor y alimentaci\u00f3n.\" \/>\n<meta property=\"og:url\" content=\"https:\/\/aral2.cetrexmarketing.com\/producto\/can-rafols-dels-caus-climax-brut-nature\/\" \/>\n<meta property=\"og:site_name\" content=\"M\u00f3n La Cata\" \/>\n<meta property=\"article:modified_time\" content=\"2025-05-27T07:51:52+00:00\" \/>\n<meta property=\"og:image\" content=\"https:\/\/aral2.cetrexmarketing.com\/wp-content\/uploads\/2025\/05\/can-rafols-dels-caus-climax.png\" \/>\n\t<meta property=\"og:image:width\" content=\"765\" \/>\n\t<meta property=\"og:image:height\" content=\"1024\" \/>\n\t<meta property=\"og:image:type\" content=\"image\/png\" \/>\n<meta name=\"twitter:card\" content=\"summary_large_image\" \/>\n<meta name=\"twitter:label1\" content=\"Temps estimat de lectura\" \/>\n\t<meta name=\"twitter:data1\" content=\"1 minut\" \/>\n<script type=\"application\/ld+json\" class=\"yoast-schema-graph\">{\"@context\":\"https:\/\/schema.org\",\"@graph\":[{\"@type\":\"WebPage\",\"@id\":\"https:\/\/aral2.cetrexmarketing.com\/producto\/can-rafols-dels-caus-climax-brut-nature\/\",\"url\":\"https:\/\/aral2.cetrexmarketing.com\/producto\/can-rafols-dels-caus-climax-brut-nature\/\",\"name\":\"Can R\u00e0fols dels Caus Cl\u00edmax Brut Nature - M\u00f3n La Cata\",\"isPartOf\":{\"@id\":\"https:\/\/aral2.cetrexmarketing.com\/#website\"},\"primaryImageOfPage\":{\"@id\":\"https:\/\/aral2.cetrexmarketing.com\/producto\/can-rafols-dels-caus-climax-brut-nature\/#primaryimage\"},\"image\":{\"@id\":\"https:\/\/aral2.cetrexmarketing.com\/producto\/can-rafols-dels-caus-climax-brut-nature\/#primaryimage\"},\"thumbnailUrl\":\"https:\/\/aral2.cetrexmarketing.com\/wp-content\/uploads\/2025\/05\/can-rafols-dels-caus-climax.png\",\"datePublished\":\"2025-05-26T12:51:55+00:00\",\"dateModified\":\"2025-05-27T07:51:52+00:00\",\"description\":\"Comprar el vino espumoso de calidad Can R\u00e0fols dels Caus Cl\u00edmax Brut Nature en M\u00f3n La Cata . Tienda online especilizada en vino, licor y alimentaci\u00f3n.\",\"breadcrumb\":{\"@id\":\"https:\/\/aral2.cetrexmarketing.com\/producto\/can-rafols-dels-caus-climax-brut-nature\/#breadcrumb\"},\"inLanguage\":\"ca\",\"potentialAction\":[{\"@type\":\"ReadAction\",\"target\":[\"https:\/\/aral2.cetrexmarketing.com\/producto\/can-rafols-dels-caus-climax-brut-nature\/\"]}]},{\"@type\":\"ImageObject\",\"inLanguage\":\"ca\",\"@id\":\"https:\/\/aral2.cetrexmarketing.com\/producto\/can-rafols-dels-caus-climax-brut-nature\/#primaryimage\",\"url\":\"https:\/\/aral2.cetrexmarketing.com\/wp-content\/uploads\/2025\/05\/can-rafols-dels-caus-climax.png\",\"contentUrl\":\"https:\/\/aral2.cetrexmarketing.com\/wp-content\/uploads\/2025\/05\/can-rafols-dels-caus-climax.png\",\"width\":765,\"height\":1024},{\"@type\":\"BreadcrumbList\",\"@id\":\"https:\/\/aral2.cetrexmarketing.com\/producto\/can-rafols-dels-caus-climax-brut-nature\/#breadcrumb\",\"itemListElement\":[{\"@type\":\"ListItem\",\"position\":1,\"name\":\"Home\",\"item\":\"https:\/\/aral2.cetrexmarketing.com\/ca\/\"},{\"@type\":\"ListItem\",\"position\":2,\"name\":\"Tienda\",\"item\":\"https:\/\/aral2.cetrexmarketing.com\/ca\/tienda-2\/\"},{\"@type\":\"ListItem\",\"position\":3,\"name\":\"Tienda\",\"item\":\"https:\/\/aral2.cetrexmarketing.com\/categoria-producto\/inicio\/\"},{\"@type\":\"ListItem\",\"position\":4,\"name\":\"Vino espumoso\",\"item\":\"https:\/\/aral2.cetrexmarketing.com\/categoria-producto\/inicio\/vino-espumoso\/\"},{\"@type\":\"ListItem\",\"position\":5,\"name\":\"Can R\u00e0fols dels Caus Cl\u00edmax Brut Nature\"}]},{\"@type\":\"WebSite\",\"@id\":\"https:\/\/aral2.cetrexmarketing.com\/#website\",\"url\":\"https:\/\/aral2.cetrexmarketing.com\/\",\"name\":\"M\u00f3n La Cata\",\"description\":\"Tienda de vinos, licores, cervezas y gourmet\",\"publisher\":{\"@id\":\"https:\/\/aral2.cetrexmarketing.com\/#organization\"},\"potentialAction\":[{\"@type\":\"SearchAction\",\"target\":{\"@type\":\"EntryPoint\",\"urlTemplate\":\"https:\/\/aral2.cetrexmarketing.com\/?s={search_term_string}\"},\"query-input\":{\"@type\":\"PropertyValueSpecification\",\"valueRequired\":true,\"valueName\":\"search_term_string\"}}],\"inLanguage\":\"ca\"},{\"@type\":\"Organization\",\"@id\":\"https:\/\/aral2.cetrexmarketing.com\/#organization\",\"name\":\"M\u00f3n La Cata\",\"url\":\"https:\/\/aral2.cetrexmarketing.com\/\",\"logo\":{\"@type\":\"ImageObject\",\"inLanguage\":\"ca\",\"@id\":\"https:\/\/aral2.cetrexmarketing.com\/#\/schema\/logo\/image\/\",\"url\":\"https:\/\/aral2.cetrexmarketing.com\/wp-content\/uploads\/2024\/10\/aral-logo-neg-1024x409-1.png\",\"contentUrl\":\"https:\/\/aral2.cetrexmarketing.com\/wp-content\/uploads\/2024\/10\/aral-logo-neg-1024x409-1.png\",\"width\":1024,\"height\":409,\"caption\":\"M\u00f3n La Cata\"},\"image\":{\"@id\":\"https:\/\/aral2.cetrexmarketing.com\/#\/schema\/logo\/image\/\"}}]}<\/script>\n<!-- \/ Yoast SEO Premium plugin. -->","yoast_head_json":{"title":"Can R\u00e0fols dels Caus Cl\u00edmax Brut Nature - M\u00f3n La Cata","description":"Comprar el vino espumoso de calidad Can R\u00e0fols dels Caus Cl\u00edmax Brut Nature en M\u00f3n La Cata . Tienda online especilizada en vino, licor y alimentaci\u00f3n.","robots":{"index":"noindex","follow":"follow","max-snippet":"max-snippet:-1","max-image-preview":"max-image-preview:large","max-video-preview":"max-video-preview:-1"},"og_locale":"ca_ES","og_type":"article","og_title":"Can R\u00e0fols dels Caus Cl\u00edmax Brut Nature","og_description":"Comprar el vino espumoso de calidad Can R\u00e0fols dels Caus Cl\u00edmax Brut Nature en M\u00f3n La Cata . Tienda online especilizada en vino, licor y alimentaci\u00f3n.","og_url":"https:\/\/aral2.cetrexmarketing.com\/producto\/can-rafols-dels-caus-climax-brut-nature\/","og_site_name":"M\u00f3n La Cata","article_modified_time":"2025-05-27T07:51:52+00:00","og_image":[{"width":765,"height":1024,"url":"https:\/\/aral2.cetrexmarketing.com\/wp-content\/uploads\/2025\/05\/can-rafols-dels-caus-climax.png","type":"image\/png"}],"twitter_card":"summary_large_image","twitter_misc":{"Temps estimat de lectura":"1 minut"},"schema":{"@context":"https:\/\/schema.org","@graph":[{"@type":"WebPage","@id":"https:\/\/aral2.cetrexmarketing.com\/producto\/can-rafols-dels-caus-climax-brut-nature\/","url":"https:\/\/aral2.cetrexmarketing.com\/producto\/can-rafols-dels-caus-climax-brut-nature\/","name":"Can R\u00e0fols dels Caus Cl\u00edmax Brut Nature - M\u00f3n La Cata","isPartOf":{"@id":"https:\/\/aral2.cetrexmarketing.com\/#website"},"primaryImageOfPage":{"@id":"https:\/\/aral2.cetrexmarketing.com\/producto\/can-rafols-dels-caus-climax-brut-nature\/#primaryimage"},"image":{"@id":"https:\/\/aral2.cetrexmarketing.com\/producto\/can-rafols-dels-caus-climax-brut-nature\/#primaryimage"},"thumbnailUrl":"https:\/\/aral2.cetrexmarketing.com\/wp-content\/uploads\/2025\/05\/can-rafols-dels-caus-climax.png","datePublished":"2025-05-26T12:51:55+00:00","dateModified":"2025-05-27T07:51:52+00:00","description":"Comprar el vino espumoso de calidad Can R\u00e0fols dels Caus Cl\u00edmax Brut Nature en M\u00f3n La Cata . Tienda online especilizada en vino, licor y alimentaci\u00f3n.","breadcrumb":{"@id":"https:\/\/aral2.cetrexmarketing.com\/producto\/can-rafols-dels-caus-climax-brut-nature\/#breadcrumb"},"inLanguage":"ca","potentialAction":[{"@type":"ReadAction","target":["https:\/\/aral2.cetrexmarketing.com\/producto\/can-rafols-dels-caus-climax-brut-nature\/"]}]},{"@type":"ImageObject","inLanguage":"ca","@id":"https:\/\/aral2.cetrexmarketing.com\/producto\/can-rafols-dels-caus-climax-brut-nature\/#primaryimage","url":"https:\/\/aral2.cetrexmarketing.com\/wp-content\/uploads\/2025\/05\/can-rafols-dels-caus-climax.png","contentUrl":"https:\/\/aral2.cetrexmarketing.com\/wp-content\/uploads\/2025\/05\/can-rafols-dels-caus-climax.png","width":765,"height":1024},{"@type":"BreadcrumbList","@id":"https:\/\/aral2.cetrexmarketing.com\/producto\/can-rafols-dels-caus-climax-brut-nature\/#breadcrumb","itemListElement":[{"@type":"ListItem","position":1,"name":"Home","item":"https:\/\/aral2.cetrexmarketing.com\/ca\/"},{"@type":"ListItem","position":2,"name":"Tienda","item":"https:\/\/aral2.cetrexmarketing.com\/ca\/tienda-2\/"},{"@type":"ListItem","position":3,"name":"Tienda","item":"https:\/\/aral2.cetrexmarketing.com\/categoria-producto\/inicio\/"},{"@type":"ListItem","position":4,"name":"Vino espumoso","item":"https:\/\/aral2.cetrexmarketing.com\/categoria-producto\/inicio\/vino-espumoso\/"},{"@type":"ListItem","position":5,"name":"Can R\u00e0fols dels Caus Cl\u00edmax Brut Nature"}]},{"@type":"WebSite","@id":"https:\/\/aral2.cetrexmarketing.com\/#website","url":"https:\/\/aral2.cetrexmarketing.com\/","name":"M\u00f3n La Cata","description":"Tienda de vinos, licores, cervezas y gourmet","publisher":{"@id":"https:\/\/aral2.cetrexmarketing.com\/#organization"},"potentialAction":[{"@type":"SearchAction","target":{"@type":"EntryPoint","urlTemplate":"https:\/\/aral2.cetrexmarketing.com\/?s={search_term_string}"},"query-input":{"@type":"PropertyValueSpecification","valueRequired":true,"valueName":"search_term_string"}}],"inLanguage":"ca"},{"@type":"Organization","@id":"https:\/\/aral2.cetrexmarketing.com\/#organization","name":"M\u00f3n La Cata","url":"https:\/\/aral2.cetrexmarketing.com\/","logo":{"@type":"ImageObject","inLanguage":"ca","@id":"https:\/\/aral2.cetrexmarketing.com\/#\/schema\/logo\/image\/","url":"https:\/\/aral2.cetrexmarketing.com\/wp-content\/uploads\/2024\/10\/aral-logo-neg-1024x409-1.png","contentUrl":"https:\/\/aral2.cetrexmarketing.com\/wp-content\/uploads\/2024\/10\/aral-logo-neg-1024x409-1.png","width":1024,"height":409,"caption":"M\u00f3n La Cata"},"image":{"@id":"https:\/\/aral2.cetrexmarketing.com\/#\/schema\/logo\/image\/"}}]}},"brands":[{"id":44866,"name":"Can R\u00e0fols dels Caus","slug":"can-rafols-dels-caus"}],"_links":{"self":[{"href":"https:\/\/aral2.cetrexmarketing.com\/ca\/wp-json\/wp\/v2\/product\/108743","targetHints":{"allow":["GET"]}}],"collection":[{"href":"https:\/\/aral2.cetrexmarketing.com\/ca\/wp-json\/wp\/v2\/product"}],"about":[{"href":"https:\/\/aral2.cetrexmarketing.com\/ca\/wp-json\/wp\/v2\/types\/product"}],"replies":[{"embeddable":true,"href":"https:\/\/aral2.cetrexmarketing.com\/ca\/wp-json\/wp\/v2\/comments?post=108743"}],"wp:featuredmedia":[{"embeddable":true,"href":"https:\/\/aral2.cetrexmarketing.com\/ca\/wp-json\/wp\/v2\/media\/108741"}],"wp:attachment":[{"href":"https:\/\/aral2.cetrexmarketing.com\/ca\/wp-json\/wp\/v2\/media?parent=108743"}],"wp:term":[{"taxonomy":"pwb-brand","embeddable":true,"href":"https:\/\/aral2.cetrexmarketing.com\/ca\/wp-json\/wp\/v2\/pwb-brand?post=108743"},{"taxonomy":"product_brand","embeddable":true,"href":"https:\/\/aral2.cetrexmarketing.com\/ca\/wp-json\/wp\/v2\/product_brand?post=108743"},{"taxonomy":"product_cat","embeddable":true,"href":"https:\/\/aral2.cetrexmarketing.com\/ca\/wp-json\/wp\/v2\/product_cat?post=108743"},{"taxonomy":"product_tag","embeddable":true,"href":"https:\/\/aral2.cetrexmarketing.com\/ca\/wp-json\/wp\/v2\/product_tag?post=108743"}],"curies":[{"name":"wp","href":"https:\/\/api.w.org\/{rel}","templated":true}]}}