{"id":108617,"date":"2025-05-26T12:50:31","date_gmt":"2025-05-26T12:50:31","guid":{"rendered":"https:\/\/aral2.cetrexmarketing.com\/producto\/dalmore-the-trio\/"},"modified":"2025-05-27T07:51:34","modified_gmt":"2025-05-27T07:51:34","slug":"dalmore-the-trio","status":"publish","type":"product","link":"https:\/\/aral2.cetrexmarketing.com\/ca\/producto\/dalmore-the-trio\/","title":{"rendered":"Dalmore The Trio"},"content":{"rendered":"<p><strong>Dalmore The Trio<\/strong><\/p>\n<p><span class=\"VIiyi\" lang=\"es\" xml:lang=\"es\"><span class=\"JLqJ4b ChMk0b\">Dalmore<\/span> <span class=\"JLqJ4b ChMk0b\">es una de<\/span> <span class=\"JLqJ4b ChMk0b\">las<\/span> <span class=\"JLqJ4b ChMk0b\">destiler\u00edas<\/span> <span class=\"JLqJ4b ChMk0b\">m\u00e1s<\/span> <span class=\"JLqJ4b ChMk0b\">tradicionales de<\/span> <span class=\"JLqJ4b ChMk0b\">Highland<\/span><span class=\"JLqJ4b ChMk0b\">, donde sus<\/span> <span class=\"JLqJ4b ChMk0b\">maltas<\/span> <span class=\"JLqJ4b ChMk0b\">provienen<\/span> <span class=\"JLqJ4b ChMk0b\">de una<\/span> <span class=\"JLqJ4b ChMk0b\">de las islas<\/span> <span class=\"JLqJ4b ChMk0b\">m\u00e1s<\/span> <span class=\"JLqJ4b ChMk0b\">f\u00e9rtiles y<\/span> <span class=\"JLqJ4b ChMk0b\">de m\u00e1s calidad<\/span><span class=\"JLqJ4b ChMk0b\">, la isla<\/span> <span class=\"JLqJ4b ChMk0b\">Negra<\/span><span class=\"JLqJ4b ChMk0b\">.<\/span> <span class=\"JLqJ4b ChMk0b\">Con<\/span> <span class=\"JLqJ4b ChMk0b\">unos<\/span> <span class=\"JLqJ4b ChMk0b\">alambiques<\/span> <span class=\"JLqJ4b ChMk0b\">datados del siglo<\/span> <span class=\"JLqJ4b ChMk0b\">XIX y<\/span> <span class=\"JLqJ4b ChMk0b\">que a\u00fan<\/span> <span class=\"JLqJ4b ChMk0b\">siguen<\/span> <span class=\"JLqJ4b ChMk0b\">funcionando.<\/span>\u00a0<\/span><\/p>\n","protected":false},"excerpt":{"rendered":"<p><strong>Dalmore The Trio<\/strong><\/p>\n<p><span class=\"VIiyi\" lang=\"es\" xml:lang=\"es\"><span class=\"JLqJ4b ChMk0b\">Dalmore<\/span> <span class=\"JLqJ4b ChMk0b\">es una de<\/span> <span class=\"JLqJ4b ChMk0b\">las<\/span> <span class=\"JLqJ4b ChMk0b\">destiler\u00edas<\/span> <span class=\"JLqJ4b ChMk0b\">m\u00e1s<\/span> <span class=\"JLqJ4b ChMk0b\">tradicionales de<\/span> <span class=\"JLqJ4b ChMk0b\">Highland<\/span><span class=\"JLqJ4b ChMk0b\">, donde sus<\/span> <span class=\"JLqJ4b ChMk0b\">maltas<\/span> <span class=\"JLqJ4b ChMk0b\">provienen<\/span> <span class=\"JLqJ4b ChMk0b\">de una<\/span> <span class=\"JLqJ4b ChMk0b\">de las islas<\/span> <span class=\"JLqJ4b ChMk0b\">m\u00e1s<\/span> <span class=\"JLqJ4b ChMk0b\">f\u00e9rtiles y<\/span> <span class=\"JLqJ4b ChMk0b\">de m\u00e1s calidad<\/span><span class=\"JLqJ4b ChMk0b\">, la isla<\/span> <span class=\"JLqJ4b ChMk0b\">Negra<\/span><span class=\"JLqJ4b ChMk0b\">.<\/span> <span class=\"JLqJ4b ChMk0b\">Con<\/span> <span class=\"JLqJ4b ChMk0b\">unos<\/span> <span class=\"JLqJ4b ChMk0b\">alambiques<\/span> <span class=\"JLqJ4b ChMk0b\">datados del siglo<\/span> <span class=\"JLqJ4b ChMk0b\">XIX y<\/span> <span class=\"JLqJ4b ChMk0b\">que a\u00fan<\/span> <span class=\"JLqJ4b ChMk0b\">siguen<\/span> <span class=\"JLqJ4b ChMk0b\">funcionando.<\/span>\u00a0<\/span><\/p>\n","protected":false},"featured_media":108615,"comment_status":"closed","ping_status":"closed","template":"","meta":{"_acf_changed":false},"pwb-brand":[32922,45025],"product_brand":[],"product_cat":[33039,33229,33243,33723],"product_tag":[45078,45077],"class_list":{"0":"post-108617","1":"product","2":"type-product","3":"status-publish","4":"has-post-thumbnail","6":"pwb-brand-ca-dalmore-ca","7":"pwb-brand-whisky","8":"product_cat-destilados","9":"product_cat-whisky","10":"product_cat-whisky-escocia","11":"product_cat-highland-single-malt-scotch-whisky","12":"product_tag-dalmore","13":"product_tag-dalmore-the-trio","14":"pa_destileria-dalmoredistillery","15":"pa_formatoenml-38308","16":"pa_graduacion-40_0","17":"pa_pais-escocia","18":"pa_region-highland","19":"pa_tipodewhisky-singlemaltscotchwhisky","20":"entry","21":"has-media","23":"first","24":"outofstock","25":"taxable","26":"shipping-taxable","27":"purchasable","28":"product-type-simple"},"acf":[],"yoast_head":"<!-- This site is optimized with the Yoast SEO Premium plugin v23.1 (Yoast SEO v23.5) - https:\/\/yoast.com\/wordpress\/plugins\/seo\/ -->\n<title>Dalmore The Trio - M\u00f3n La Cata<\/title>\n<meta name=\"description\" content=\"Comprar whisky Dalmore The Trio en M\u00f3n La Cata . Tienda online especilizada en vinos, licores y alimentaci\u00f3n gourmet. Env\u00edos puntuales y promociones\" \/>\n<meta name=\"robots\" content=\"noindex, follow, max-snippet:-1, max-image-preview:large, max-video-preview:-1\" \/>\n<meta property=\"og:locale\" content=\"ca_ES\" \/>\n<meta property=\"og:type\" content=\"article\" \/>\n<meta property=\"og:title\" content=\"Dalmore The Trio\" \/>\n<meta property=\"og:description\" content=\"Comprar whisky Dalmore The Trio en M\u00f3n La Cata . Tienda online especilizada en vinos, licores y alimentaci\u00f3n gourmet. Env\u00edos puntuales y promociones\" \/>\n<meta property=\"og:url\" content=\"https:\/\/aral2.cetrexmarketing.com\/producto\/dalmore-the-trio\/\" \/>\n<meta property=\"og:site_name\" content=\"M\u00f3n La Cata\" \/>\n<meta property=\"article:modified_time\" content=\"2025-05-27T07:51:34+00:00\" \/>\n<meta property=\"og:image\" content=\"https:\/\/aral2.cetrexmarketing.com\/wp-content\/uploads\/2025\/05\/DALMORE-THE-TRIO.jpg-1.png\" \/>\n\t<meta property=\"og:image:width\" content=\"765\" \/>\n\t<meta property=\"og:image:height\" content=\"1024\" \/>\n\t<meta property=\"og:image:type\" content=\"image\/png\" \/>\n<meta name=\"twitter:card\" content=\"summary_large_image\" \/>\n<meta name=\"twitter:label1\" content=\"Temps estimat de lectura\" \/>\n\t<meta name=\"twitter:data1\" content=\"1 minut\" \/>\n<script type=\"application\/ld+json\" class=\"yoast-schema-graph\">{\"@context\":\"https:\/\/schema.org\",\"@graph\":[{\"@type\":\"WebPage\",\"@id\":\"https:\/\/aral2.cetrexmarketing.com\/producto\/dalmore-the-trio\/\",\"url\":\"https:\/\/aral2.cetrexmarketing.com\/producto\/dalmore-the-trio\/\",\"name\":\"Dalmore The Trio - M\u00f3n La Cata\",\"isPartOf\":{\"@id\":\"https:\/\/aral2.cetrexmarketing.com\/#website\"},\"primaryImageOfPage\":{\"@id\":\"https:\/\/aral2.cetrexmarketing.com\/producto\/dalmore-the-trio\/#primaryimage\"},\"image\":{\"@id\":\"https:\/\/aral2.cetrexmarketing.com\/producto\/dalmore-the-trio\/#primaryimage\"},\"thumbnailUrl\":\"https:\/\/aral2.cetrexmarketing.com\/wp-content\/uploads\/2025\/05\/DALMORE-THE-TRIO.jpg-1.png\",\"datePublished\":\"2025-05-26T12:50:31+00:00\",\"dateModified\":\"2025-05-27T07:51:34+00:00\",\"description\":\"Comprar whisky Dalmore The Trio en M\u00f3n La Cata . Tienda online especilizada en vinos, licores y alimentaci\u00f3n gourmet. Env\u00edos puntuales y promociones\",\"breadcrumb\":{\"@id\":\"https:\/\/aral2.cetrexmarketing.com\/producto\/dalmore-the-trio\/#breadcrumb\"},\"inLanguage\":\"ca\",\"potentialAction\":[{\"@type\":\"ReadAction\",\"target\":[\"https:\/\/aral2.cetrexmarketing.com\/producto\/dalmore-the-trio\/\"]}]},{\"@type\":\"ImageObject\",\"inLanguage\":\"ca\",\"@id\":\"https:\/\/aral2.cetrexmarketing.com\/producto\/dalmore-the-trio\/#primaryimage\",\"url\":\"https:\/\/aral2.cetrexmarketing.com\/wp-content\/uploads\/2025\/05\/DALMORE-THE-TRIO.jpg-1.png\",\"contentUrl\":\"https:\/\/aral2.cetrexmarketing.com\/wp-content\/uploads\/2025\/05\/DALMORE-THE-TRIO.jpg-1.png\",\"width\":765,\"height\":1024},{\"@type\":\"BreadcrumbList\",\"@id\":\"https:\/\/aral2.cetrexmarketing.com\/producto\/dalmore-the-trio\/#breadcrumb\",\"itemListElement\":[{\"@type\":\"ListItem\",\"position\":1,\"name\":\"Home\",\"item\":\"https:\/\/aral2.cetrexmarketing.com\/ca\/\"},{\"@type\":\"ListItem\",\"position\":2,\"name\":\"Tienda\",\"item\":\"https:\/\/aral2.cetrexmarketing.com\/ca\/tienda-2\/\"},{\"@type\":\"ListItem\",\"position\":3,\"name\":\"Tienda\",\"item\":\"https:\/\/aral2.cetrexmarketing.com\/categoria-producto\/inicio\/\"},{\"@type\":\"ListItem\",\"position\":4,\"name\":\"Destilados\",\"item\":\"https:\/\/aral2.cetrexmarketing.com\/categoria-producto\/inicio\/destilados\/\"},{\"@type\":\"ListItem\",\"position\":5,\"name\":\"Dalmore The Trio\"}]},{\"@type\":\"WebSite\",\"@id\":\"https:\/\/aral2.cetrexmarketing.com\/#website\",\"url\":\"https:\/\/aral2.cetrexmarketing.com\/\",\"name\":\"M\u00f3n La Cata\",\"description\":\"Tienda de vinos, licores, cervezas y gourmet\",\"publisher\":{\"@id\":\"https:\/\/aral2.cetrexmarketing.com\/#organization\"},\"potentialAction\":[{\"@type\":\"SearchAction\",\"target\":{\"@type\":\"EntryPoint\",\"urlTemplate\":\"https:\/\/aral2.cetrexmarketing.com\/?s={search_term_string}\"},\"query-input\":{\"@type\":\"PropertyValueSpecification\",\"valueRequired\":true,\"valueName\":\"search_term_string\"}}],\"inLanguage\":\"ca\"},{\"@type\":\"Organization\",\"@id\":\"https:\/\/aral2.cetrexmarketing.com\/#organization\",\"name\":\"M\u00f3n La Cata\",\"url\":\"https:\/\/aral2.cetrexmarketing.com\/\",\"logo\":{\"@type\":\"ImageObject\",\"inLanguage\":\"ca\",\"@id\":\"https:\/\/aral2.cetrexmarketing.com\/#\/schema\/logo\/image\/\",\"url\":\"https:\/\/aral2.cetrexmarketing.com\/wp-content\/uploads\/2024\/10\/aral-logo-neg-1024x409-1.png\",\"contentUrl\":\"https:\/\/aral2.cetrexmarketing.com\/wp-content\/uploads\/2024\/10\/aral-logo-neg-1024x409-1.png\",\"width\":1024,\"height\":409,\"caption\":\"M\u00f3n La Cata\"},\"image\":{\"@id\":\"https:\/\/aral2.cetrexmarketing.com\/#\/schema\/logo\/image\/\"}}]}<\/script>\n<!-- \/ Yoast SEO Premium plugin. -->","yoast_head_json":{"title":"Dalmore The Trio - M\u00f3n La Cata","description":"Comprar whisky Dalmore The Trio en M\u00f3n La Cata . Tienda online especilizada en vinos, licores y alimentaci\u00f3n gourmet. Env\u00edos puntuales y promociones","robots":{"index":"noindex","follow":"follow","max-snippet":"max-snippet:-1","max-image-preview":"max-image-preview:large","max-video-preview":"max-video-preview:-1"},"og_locale":"ca_ES","og_type":"article","og_title":"Dalmore The Trio","og_description":"Comprar whisky Dalmore The Trio en M\u00f3n La Cata . Tienda online especilizada en vinos, licores y alimentaci\u00f3n gourmet. Env\u00edos puntuales y promociones","og_url":"https:\/\/aral2.cetrexmarketing.com\/producto\/dalmore-the-trio\/","og_site_name":"M\u00f3n La Cata","article_modified_time":"2025-05-27T07:51:34+00:00","og_image":[{"width":765,"height":1024,"url":"https:\/\/aral2.cetrexmarketing.com\/wp-content\/uploads\/2025\/05\/DALMORE-THE-TRIO.jpg-1.png","type":"image\/png"}],"twitter_card":"summary_large_image","twitter_misc":{"Temps estimat de lectura":"1 minut"},"schema":{"@context":"https:\/\/schema.org","@graph":[{"@type":"WebPage","@id":"https:\/\/aral2.cetrexmarketing.com\/producto\/dalmore-the-trio\/","url":"https:\/\/aral2.cetrexmarketing.com\/producto\/dalmore-the-trio\/","name":"Dalmore The Trio - M\u00f3n La Cata","isPartOf":{"@id":"https:\/\/aral2.cetrexmarketing.com\/#website"},"primaryImageOfPage":{"@id":"https:\/\/aral2.cetrexmarketing.com\/producto\/dalmore-the-trio\/#primaryimage"},"image":{"@id":"https:\/\/aral2.cetrexmarketing.com\/producto\/dalmore-the-trio\/#primaryimage"},"thumbnailUrl":"https:\/\/aral2.cetrexmarketing.com\/wp-content\/uploads\/2025\/05\/DALMORE-THE-TRIO.jpg-1.png","datePublished":"2025-05-26T12:50:31+00:00","dateModified":"2025-05-27T07:51:34+00:00","description":"Comprar whisky Dalmore The Trio en M\u00f3n La Cata . Tienda online especilizada en vinos, licores y alimentaci\u00f3n gourmet. Env\u00edos puntuales y promociones","breadcrumb":{"@id":"https:\/\/aral2.cetrexmarketing.com\/producto\/dalmore-the-trio\/#breadcrumb"},"inLanguage":"ca","potentialAction":[{"@type":"ReadAction","target":["https:\/\/aral2.cetrexmarketing.com\/producto\/dalmore-the-trio\/"]}]},{"@type":"ImageObject","inLanguage":"ca","@id":"https:\/\/aral2.cetrexmarketing.com\/producto\/dalmore-the-trio\/#primaryimage","url":"https:\/\/aral2.cetrexmarketing.com\/wp-content\/uploads\/2025\/05\/DALMORE-THE-TRIO.jpg-1.png","contentUrl":"https:\/\/aral2.cetrexmarketing.com\/wp-content\/uploads\/2025\/05\/DALMORE-THE-TRIO.jpg-1.png","width":765,"height":1024},{"@type":"BreadcrumbList","@id":"https:\/\/aral2.cetrexmarketing.com\/producto\/dalmore-the-trio\/#breadcrumb","itemListElement":[{"@type":"ListItem","position":1,"name":"Home","item":"https:\/\/aral2.cetrexmarketing.com\/ca\/"},{"@type":"ListItem","position":2,"name":"Tienda","item":"https:\/\/aral2.cetrexmarketing.com\/ca\/tienda-2\/"},{"@type":"ListItem","position":3,"name":"Tienda","item":"https:\/\/aral2.cetrexmarketing.com\/categoria-producto\/inicio\/"},{"@type":"ListItem","position":4,"name":"Destilados","item":"https:\/\/aral2.cetrexmarketing.com\/categoria-producto\/inicio\/destilados\/"},{"@type":"ListItem","position":5,"name":"Dalmore The Trio"}]},{"@type":"WebSite","@id":"https:\/\/aral2.cetrexmarketing.com\/#website","url":"https:\/\/aral2.cetrexmarketing.com\/","name":"M\u00f3n La Cata","description":"Tienda de vinos, licores, cervezas y gourmet","publisher":{"@id":"https:\/\/aral2.cetrexmarketing.com\/#organization"},"potentialAction":[{"@type":"SearchAction","target":{"@type":"EntryPoint","urlTemplate":"https:\/\/aral2.cetrexmarketing.com\/?s={search_term_string}"},"query-input":{"@type":"PropertyValueSpecification","valueRequired":true,"valueName":"search_term_string"}}],"inLanguage":"ca"},{"@type":"Organization","@id":"https:\/\/aral2.cetrexmarketing.com\/#organization","name":"M\u00f3n La Cata","url":"https:\/\/aral2.cetrexmarketing.com\/","logo":{"@type":"ImageObject","inLanguage":"ca","@id":"https:\/\/aral2.cetrexmarketing.com\/#\/schema\/logo\/image\/","url":"https:\/\/aral2.cetrexmarketing.com\/wp-content\/uploads\/2024\/10\/aral-logo-neg-1024x409-1.png","contentUrl":"https:\/\/aral2.cetrexmarketing.com\/wp-content\/uploads\/2024\/10\/aral-logo-neg-1024x409-1.png","width":1024,"height":409,"caption":"M\u00f3n La Cata"},"image":{"@id":"https:\/\/aral2.cetrexmarketing.com\/#\/schema\/logo\/image\/"}}]}},"brands":[{"id":32922,"name":"Dalmore","slug":"ca-dalmore-ca"},{"id":45025,"name":"Whisky","slug":"whisky"}],"_links":{"self":[{"href":"https:\/\/aral2.cetrexmarketing.com\/ca\/wp-json\/wp\/v2\/product\/108617","targetHints":{"allow":["GET"]}}],"collection":[{"href":"https:\/\/aral2.cetrexmarketing.com\/ca\/wp-json\/wp\/v2\/product"}],"about":[{"href":"https:\/\/aral2.cetrexmarketing.com\/ca\/wp-json\/wp\/v2\/types\/product"}],"replies":[{"embeddable":true,"href":"https:\/\/aral2.cetrexmarketing.com\/ca\/wp-json\/wp\/v2\/comments?post=108617"}],"wp:featuredmedia":[{"embeddable":true,"href":"https:\/\/aral2.cetrexmarketing.com\/ca\/wp-json\/wp\/v2\/media\/108615"}],"wp:attachment":[{"href":"https:\/\/aral2.cetrexmarketing.com\/ca\/wp-json\/wp\/v2\/media?parent=108617"}],"wp:term":[{"taxonomy":"pwb-brand","embeddable":true,"href":"https:\/\/aral2.cetrexmarketing.com\/ca\/wp-json\/wp\/v2\/pwb-brand?post=108617"},{"taxonomy":"product_brand","embeddable":true,"href":"https:\/\/aral2.cetrexmarketing.com\/ca\/wp-json\/wp\/v2\/product_brand?post=108617"},{"taxonomy":"product_cat","embeddable":true,"href":"https:\/\/aral2.cetrexmarketing.com\/ca\/wp-json\/wp\/v2\/product_cat?post=108617"},{"taxonomy":"product_tag","embeddable":true,"href":"https:\/\/aral2.cetrexmarketing.com\/ca\/wp-json\/wp\/v2\/product_tag?post=108617"}],"curies":[{"name":"wp","href":"https:\/\/api.w.org\/{rel}","templated":true}]}}