{"id":108479,"date":"2025-05-26T12:48:59","date_gmt":"2025-05-26T12:48:59","guid":{"rendered":"https:\/\/aral2.cetrexmarketing.com\/producto\/monin-sirope-sandia-watermelon-pet-1l\/"},"modified":"2025-05-27T07:51:09","modified_gmt":"2025-05-27T07:51:09","slug":"monin-sirope-sandia-watermelon-pet-1l","status":"publish","type":"product","link":"https:\/\/aral2.cetrexmarketing.com\/ca\/producto\/monin-sirope-sandia-watermelon-pet-1l\/","title":{"rendered":"Monin Sirope Sandia (Watermelon) Pet 1L"},"content":{"rendered":"<p><strong>Monin Sirope Sand\u00eda (Watermelon)<\/strong> es un sirope refrescante y arom\u00e1tico que captura el sabor jugoso y dulce de la sand\u00eda madura. Este sirope, en presentaci\u00f3n de 1 litro, es perfecto para a\u00f1adir un toque veraniego a tus bebidas y c\u00f3cteles, como mojitos, granizados y batidos. Tambi\u00e9n es ideal para realzar postres como helados, yogur y tartas. Fabricado con ingredientes de alta calidad, el sirope Monin Sand\u00eda proporciona un sabor aut\u00e9ntico y natural que se mezcla perfectamente con otras recetas.<\/p>\n","protected":false},"excerpt":{"rendered":"<p><strong>Monin Sirope Sandia (Watermelon) Pet 1L<\/strong><\/p>\n<p><span style=\"font-weight: 400;\">La sand\u00eda, con su irresistible dulzura y jugosidad, se ha convertido en el predilecto de los p\u00edcnics estivales, y hoy en d\u00eda puede ser disfrutado durante todas las estaciones. <\/span><\/p>\n<p><span style=\"font-weight: 400;\">Si deseas incorporar su delicioso sabor en tus bebidas, como limonadas, limas y margaritas, el Saborizante de Sand\u00eda Cl\u00e1sico es la elecci\u00f3n perfecta. <\/span><\/p>\n<p><span style=\"font-weight: 400;\">Aportar\u00e1 esa dulzura exquisita y suculenta que caracteriza a la sand\u00eda, transformando tus bebidas en aut\u00e9nticas delicias para el paladar.<\/span><\/p>\n<p>&nbsp;<\/p>\n","protected":false},"featured_media":108477,"comment_status":"closed","ping_status":"closed","template":"","meta":{"_acf_changed":false},"pwb-brand":[44883,44758],"product_brand":[],"product_cat":[33179],"product_tag":[44114,44843],"class_list":{"0":"post-108479","1":"product","2":"type-product","3":"status-publish","4":"has-post-thumbnail","6":"pwb-brand-francia","7":"pwb-brand-monin","8":"product_cat-jarabe","9":"product_tag-monin","10":"product_tag-monin-sirope-sandia-watermelon-pet-1l","11":"product_shipping_class-7-10-dias","12":"pa_elaborador-monin","13":"pa_formatoenml-38308","14":"pa_pais-francia","15":"entry","16":"has-media","18":"first","19":"onbackorder","20":"taxable","21":"shipping-taxable","22":"purchasable","23":"product-type-simple"},"acf":[],"yoast_head":"<!-- This site is optimized with the Yoast SEO Premium plugin v23.1 (Yoast SEO v23.5) - https:\/\/yoast.com\/wordpress\/plugins\/seo\/ -->\n<title>Monin Sirope Sandia (Watermelon) Pet 1L - M\u00f3n La Cata<\/title>\n<meta name=\"description\" content=\"Comprar Monin Sirope Sandia (Watermelon) Pet 1L en M\u00f3n La Cata . Tienda online especilizada en vino y alimentaci\u00f3n. Env\u00edos puntuales y promociones\" \/>\n<meta name=\"robots\" content=\"noindex, follow, max-snippet:-1, max-image-preview:large, max-video-preview:-1\" \/>\n<meta property=\"og:locale\" content=\"ca_ES\" \/>\n<meta property=\"og:type\" content=\"article\" \/>\n<meta property=\"og:title\" content=\"Monin Sirope Sandia (Watermelon) Pet 1L\" \/>\n<meta property=\"og:description\" content=\"Comprar Monin Sirope Sandia (Watermelon) Pet 1L en M\u00f3n La Cata . Tienda online especilizada en vino y alimentaci\u00f3n. Env\u00edos puntuales y promociones\" \/>\n<meta property=\"og:url\" content=\"https:\/\/aral2.cetrexmarketing.com\/ca\/producto\/monin-sirope-sandia-watermelon-pet-1l\/\" \/>\n<meta property=\"og:site_name\" content=\"M\u00f3n La Cata\" \/>\n<meta property=\"article:modified_time\" content=\"2025-05-27T07:51:09+00:00\" \/>\n<meta property=\"og:image\" content=\"https:\/\/aral2.cetrexmarketing.com\/wp-content\/uploads\/2025\/05\/MONIN-SIROPE-SANDIA-WATERMELON.jpg.png\" \/>\n\t<meta property=\"og:image:width\" content=\"765\" \/>\n\t<meta property=\"og:image:height\" content=\"1024\" \/>\n\t<meta property=\"og:image:type\" content=\"image\/png\" \/>\n<meta name=\"twitter:card\" content=\"summary_large_image\" \/>\n<meta name=\"twitter:label1\" content=\"Temps estimat de lectura\" \/>\n\t<meta name=\"twitter:data1\" content=\"1 minut\" \/>\n<script type=\"application\/ld+json\" class=\"yoast-schema-graph\">{\"@context\":\"https:\/\/schema.org\",\"@graph\":[{\"@type\":\"WebPage\",\"@id\":\"https:\/\/aral2.cetrexmarketing.com\/ca\/producto\/monin-sirope-sandia-watermelon-pet-1l\/\",\"url\":\"https:\/\/aral2.cetrexmarketing.com\/ca\/producto\/monin-sirope-sandia-watermelon-pet-1l\/\",\"name\":\"Monin Sirope Sandia (Watermelon) Pet 1L - M\u00f3n La Cata\",\"isPartOf\":{\"@id\":\"https:\/\/aral2.cetrexmarketing.com\/#website\"},\"primaryImageOfPage\":{\"@id\":\"https:\/\/aral2.cetrexmarketing.com\/ca\/producto\/monin-sirope-sandia-watermelon-pet-1l\/#primaryimage\"},\"image\":{\"@id\":\"https:\/\/aral2.cetrexmarketing.com\/ca\/producto\/monin-sirope-sandia-watermelon-pet-1l\/#primaryimage\"},\"thumbnailUrl\":\"https:\/\/aral2.cetrexmarketing.com\/wp-content\/uploads\/2025\/05\/MONIN-SIROPE-SANDIA-WATERMELON.jpg.png\",\"datePublished\":\"2025-05-26T12:48:59+00:00\",\"dateModified\":\"2025-05-27T07:51:09+00:00\",\"description\":\"Comprar Monin Sirope Sandia (Watermelon) Pet 1L en M\u00f3n La Cata . Tienda online especilizada en vino y alimentaci\u00f3n. Env\u00edos puntuales y promociones\",\"breadcrumb\":{\"@id\":\"https:\/\/aral2.cetrexmarketing.com\/ca\/producto\/monin-sirope-sandia-watermelon-pet-1l\/#breadcrumb\"},\"inLanguage\":\"ca\",\"potentialAction\":[{\"@type\":\"ReadAction\",\"target\":[\"https:\/\/aral2.cetrexmarketing.com\/ca\/producto\/monin-sirope-sandia-watermelon-pet-1l\/\"]}]},{\"@type\":\"ImageObject\",\"inLanguage\":\"ca\",\"@id\":\"https:\/\/aral2.cetrexmarketing.com\/ca\/producto\/monin-sirope-sandia-watermelon-pet-1l\/#primaryimage\",\"url\":\"https:\/\/aral2.cetrexmarketing.com\/wp-content\/uploads\/2025\/05\/MONIN-SIROPE-SANDIA-WATERMELON.jpg.png\",\"contentUrl\":\"https:\/\/aral2.cetrexmarketing.com\/wp-content\/uploads\/2025\/05\/MONIN-SIROPE-SANDIA-WATERMELON.jpg.png\",\"width\":765,\"height\":1024},{\"@type\":\"BreadcrumbList\",\"@id\":\"https:\/\/aral2.cetrexmarketing.com\/ca\/producto\/monin-sirope-sandia-watermelon-pet-1l\/#breadcrumb\",\"itemListElement\":[{\"@type\":\"ListItem\",\"position\":1,\"name\":\"Home\",\"item\":\"https:\/\/aral2.cetrexmarketing.com\/ca\/\"},{\"@type\":\"ListItem\",\"position\":2,\"name\":\"Tienda\",\"item\":\"https:\/\/aral2.cetrexmarketing.com\/ca\/tienda-2\/\"},{\"@type\":\"ListItem\",\"position\":3,\"name\":\"Destil\u00b7lats\",\"item\":\"https:\/\/aral2.cetrexmarketing.com\/categoria-producto\/home-ca\/destil-lats-ca\/\"},{\"@type\":\"ListItem\",\"position\":4,\"name\":\"Jarabe\",\"item\":\"https:\/\/aral2.cetrexmarketing.com\/categoria-producto\/inicio\/destilados\/jarabe\/\"},{\"@type\":\"ListItem\",\"position\":5,\"name\":\"Monin Sirope Sandia (Watermelon) Pet 1L\"}]},{\"@type\":\"WebSite\",\"@id\":\"https:\/\/aral2.cetrexmarketing.com\/#website\",\"url\":\"https:\/\/aral2.cetrexmarketing.com\/\",\"name\":\"M\u00f3n La Cata\",\"description\":\"Tienda de vinos, licores, cervezas y gourmet\",\"publisher\":{\"@id\":\"https:\/\/aral2.cetrexmarketing.com\/#organization\"},\"potentialAction\":[{\"@type\":\"SearchAction\",\"target\":{\"@type\":\"EntryPoint\",\"urlTemplate\":\"https:\/\/aral2.cetrexmarketing.com\/?s={search_term_string}\"},\"query-input\":{\"@type\":\"PropertyValueSpecification\",\"valueRequired\":true,\"valueName\":\"search_term_string\"}}],\"inLanguage\":\"ca\"},{\"@type\":\"Organization\",\"@id\":\"https:\/\/aral2.cetrexmarketing.com\/#organization\",\"name\":\"M\u00f3n La Cata\",\"url\":\"https:\/\/aral2.cetrexmarketing.com\/\",\"logo\":{\"@type\":\"ImageObject\",\"inLanguage\":\"ca\",\"@id\":\"https:\/\/aral2.cetrexmarketing.com\/#\/schema\/logo\/image\/\",\"url\":\"https:\/\/aral2.cetrexmarketing.com\/wp-content\/uploads\/2024\/10\/aral-logo-neg-1024x409-1.png\",\"contentUrl\":\"https:\/\/aral2.cetrexmarketing.com\/wp-content\/uploads\/2024\/10\/aral-logo-neg-1024x409-1.png\",\"width\":1024,\"height\":409,\"caption\":\"M\u00f3n La Cata\"},\"image\":{\"@id\":\"https:\/\/aral2.cetrexmarketing.com\/#\/schema\/logo\/image\/\"}}]}<\/script>\n<!-- \/ Yoast SEO Premium plugin. -->","yoast_head_json":{"title":"Monin Sirope Sandia (Watermelon) Pet 1L - M\u00f3n La Cata","description":"Comprar Monin Sirope Sandia (Watermelon) Pet 1L en M\u00f3n La Cata . Tienda online especilizada en vino y alimentaci\u00f3n. Env\u00edos puntuales y promociones","robots":{"index":"noindex","follow":"follow","max-snippet":"max-snippet:-1","max-image-preview":"max-image-preview:large","max-video-preview":"max-video-preview:-1"},"og_locale":"ca_ES","og_type":"article","og_title":"Monin Sirope Sandia (Watermelon) Pet 1L","og_description":"Comprar Monin Sirope Sandia (Watermelon) Pet 1L en M\u00f3n La Cata . Tienda online especilizada en vino y alimentaci\u00f3n. Env\u00edos puntuales y promociones","og_url":"https:\/\/aral2.cetrexmarketing.com\/ca\/producto\/monin-sirope-sandia-watermelon-pet-1l\/","og_site_name":"M\u00f3n La Cata","article_modified_time":"2025-05-27T07:51:09+00:00","og_image":[{"width":765,"height":1024,"url":"https:\/\/aral2.cetrexmarketing.com\/wp-content\/uploads\/2025\/05\/MONIN-SIROPE-SANDIA-WATERMELON.jpg.png","type":"image\/png"}],"twitter_card":"summary_large_image","twitter_misc":{"Temps estimat de lectura":"1 minut"},"schema":{"@context":"https:\/\/schema.org","@graph":[{"@type":"WebPage","@id":"https:\/\/aral2.cetrexmarketing.com\/ca\/producto\/monin-sirope-sandia-watermelon-pet-1l\/","url":"https:\/\/aral2.cetrexmarketing.com\/ca\/producto\/monin-sirope-sandia-watermelon-pet-1l\/","name":"Monin Sirope Sandia (Watermelon) Pet 1L - M\u00f3n La Cata","isPartOf":{"@id":"https:\/\/aral2.cetrexmarketing.com\/#website"},"primaryImageOfPage":{"@id":"https:\/\/aral2.cetrexmarketing.com\/ca\/producto\/monin-sirope-sandia-watermelon-pet-1l\/#primaryimage"},"image":{"@id":"https:\/\/aral2.cetrexmarketing.com\/ca\/producto\/monin-sirope-sandia-watermelon-pet-1l\/#primaryimage"},"thumbnailUrl":"https:\/\/aral2.cetrexmarketing.com\/wp-content\/uploads\/2025\/05\/MONIN-SIROPE-SANDIA-WATERMELON.jpg.png","datePublished":"2025-05-26T12:48:59+00:00","dateModified":"2025-05-27T07:51:09+00:00","description":"Comprar Monin Sirope Sandia (Watermelon) Pet 1L en M\u00f3n La Cata . Tienda online especilizada en vino y alimentaci\u00f3n. Env\u00edos puntuales y promociones","breadcrumb":{"@id":"https:\/\/aral2.cetrexmarketing.com\/ca\/producto\/monin-sirope-sandia-watermelon-pet-1l\/#breadcrumb"},"inLanguage":"ca","potentialAction":[{"@type":"ReadAction","target":["https:\/\/aral2.cetrexmarketing.com\/ca\/producto\/monin-sirope-sandia-watermelon-pet-1l\/"]}]},{"@type":"ImageObject","inLanguage":"ca","@id":"https:\/\/aral2.cetrexmarketing.com\/ca\/producto\/monin-sirope-sandia-watermelon-pet-1l\/#primaryimage","url":"https:\/\/aral2.cetrexmarketing.com\/wp-content\/uploads\/2025\/05\/MONIN-SIROPE-SANDIA-WATERMELON.jpg.png","contentUrl":"https:\/\/aral2.cetrexmarketing.com\/wp-content\/uploads\/2025\/05\/MONIN-SIROPE-SANDIA-WATERMELON.jpg.png","width":765,"height":1024},{"@type":"BreadcrumbList","@id":"https:\/\/aral2.cetrexmarketing.com\/ca\/producto\/monin-sirope-sandia-watermelon-pet-1l\/#breadcrumb","itemListElement":[{"@type":"ListItem","position":1,"name":"Home","item":"https:\/\/aral2.cetrexmarketing.com\/ca\/"},{"@type":"ListItem","position":2,"name":"Tienda","item":"https:\/\/aral2.cetrexmarketing.com\/ca\/tienda-2\/"},{"@type":"ListItem","position":3,"name":"Destil\u00b7lats","item":"https:\/\/aral2.cetrexmarketing.com\/categoria-producto\/home-ca\/destil-lats-ca\/"},{"@type":"ListItem","position":4,"name":"Jarabe","item":"https:\/\/aral2.cetrexmarketing.com\/categoria-producto\/inicio\/destilados\/jarabe\/"},{"@type":"ListItem","position":5,"name":"Monin Sirope Sandia (Watermelon) Pet 1L"}]},{"@type":"WebSite","@id":"https:\/\/aral2.cetrexmarketing.com\/#website","url":"https:\/\/aral2.cetrexmarketing.com\/","name":"M\u00f3n La Cata","description":"Tienda de vinos, licores, cervezas y gourmet","publisher":{"@id":"https:\/\/aral2.cetrexmarketing.com\/#organization"},"potentialAction":[{"@type":"SearchAction","target":{"@type":"EntryPoint","urlTemplate":"https:\/\/aral2.cetrexmarketing.com\/?s={search_term_string}"},"query-input":{"@type":"PropertyValueSpecification","valueRequired":true,"valueName":"search_term_string"}}],"inLanguage":"ca"},{"@type":"Organization","@id":"https:\/\/aral2.cetrexmarketing.com\/#organization","name":"M\u00f3n La Cata","url":"https:\/\/aral2.cetrexmarketing.com\/","logo":{"@type":"ImageObject","inLanguage":"ca","@id":"https:\/\/aral2.cetrexmarketing.com\/#\/schema\/logo\/image\/","url":"https:\/\/aral2.cetrexmarketing.com\/wp-content\/uploads\/2024\/10\/aral-logo-neg-1024x409-1.png","contentUrl":"https:\/\/aral2.cetrexmarketing.com\/wp-content\/uploads\/2024\/10\/aral-logo-neg-1024x409-1.png","width":1024,"height":409,"caption":"M\u00f3n La Cata"},"image":{"@id":"https:\/\/aral2.cetrexmarketing.com\/#\/schema\/logo\/image\/"}}]}},"brands":[{"id":44883,"name":"Francia","slug":"francia"},{"id":44758,"name":"monin","slug":"monin"}],"_links":{"self":[{"href":"https:\/\/aral2.cetrexmarketing.com\/ca\/wp-json\/wp\/v2\/product\/108479","targetHints":{"allow":["GET"]}}],"collection":[{"href":"https:\/\/aral2.cetrexmarketing.com\/ca\/wp-json\/wp\/v2\/product"}],"about":[{"href":"https:\/\/aral2.cetrexmarketing.com\/ca\/wp-json\/wp\/v2\/types\/product"}],"replies":[{"embeddable":true,"href":"https:\/\/aral2.cetrexmarketing.com\/ca\/wp-json\/wp\/v2\/comments?post=108479"}],"wp:featuredmedia":[{"embeddable":true,"href":"https:\/\/aral2.cetrexmarketing.com\/ca\/wp-json\/wp\/v2\/media\/108477"}],"wp:attachment":[{"href":"https:\/\/aral2.cetrexmarketing.com\/ca\/wp-json\/wp\/v2\/media?parent=108479"}],"wp:term":[{"taxonomy":"pwb-brand","embeddable":true,"href":"https:\/\/aral2.cetrexmarketing.com\/ca\/wp-json\/wp\/v2\/pwb-brand?post=108479"},{"taxonomy":"product_brand","embeddable":true,"href":"https:\/\/aral2.cetrexmarketing.com\/ca\/wp-json\/wp\/v2\/product_brand?post=108479"},{"taxonomy":"product_cat","embeddable":true,"href":"https:\/\/aral2.cetrexmarketing.com\/ca\/wp-json\/wp\/v2\/product_cat?post=108479"},{"taxonomy":"product_tag","embeddable":true,"href":"https:\/\/aral2.cetrexmarketing.com\/ca\/wp-json\/wp\/v2\/product_tag?post=108479"}],"curies":[{"name":"wp","href":"https:\/\/api.w.org\/{rel}","templated":true}]}}