{"id":108393,"date":"2025-05-26T12:48:05","date_gmt":"2025-05-26T12:48:05","guid":{"rendered":"https:\/\/aral2.cetrexmarketing.com\/producto\/monin-sirope-flor-de-sauco\/"},"modified":"2025-05-27T07:50:54","modified_gmt":"2025-05-27T07:50:54","slug":"monin-sirope-flor-de-sauco","status":"publish","type":"product","link":"https:\/\/aral2.cetrexmarketing.com\/ca\/producto\/monin-sirope-flor-de-sauco\/","title":{"rendered":"Monin Sirope Flor de Sauco"},"content":{"rendered":"<p><strong>Monin Sirope Flor de Sauco<\/strong> es un sirope que destaca por su delicado y floral sabor a flor de sauco. Presentado en una botella de 700 ml, este sirope ofrece una experiencia de sabor \u00fanica y elegante, ideal para c\u00f3cteles, mocktails, y otras bebidas. Su perfil sutil y fragante a\u00f1ade un toque sofisticado a tus mezclas, equilibrando dulzura con notas florales. Perfecto para quienes desean explorar sabores refinados y sofisticados en sus creaciones de bebidas.<\/p>\n","protected":false},"excerpt":{"rendered":"<p><strong>Monin Sirope Flor de Sauco<\/strong><\/p>\n<p><span style=\"font-weight: 400;\">Este cl\u00e1sico europeo aporta su fragancia delicada a una amplia gama de platos y bebidas apreciadas. <\/span><\/p>\n<p><span style=\"font-weight: 400;\">Gracias al Saborizante de Flor de Sa\u00faco, es posible a\u00f1adir sutiles notas florales a c\u00f3cteles de vino espumoso, y su equilibrada combinaci\u00f3n con el distintivo sabor a enebro de la ginebra crea una experiencia gustativa excepcional. <\/span><\/p>\n<p><span style=\"font-weight: 400;\">La esencia de la flor de sa\u00faco realza los sabores en cada sorbo, permitiendo que disfrutes de un toque floral dulce en tus bebidas preferidas.<\/span><\/p>\n","protected":false},"featured_media":108391,"comment_status":"closed","ping_status":"closed","template":"","meta":{"_acf_changed":false},"pwb-brand":[44883,44758],"product_brand":[],"product_cat":[33039,33179],"product_tag":[39062,44114,44845],"class_list":{"0":"post-108393","1":"product","2":"type-product","3":"status-publish","4":"has-post-thumbnail","6":"pwb-brand-francia","7":"pwb-brand-monin","8":"product_cat-destilados","9":"product_cat-jarabe","10":"product_tag-jarabe","11":"product_tag-monin","12":"product_tag-monin-sirope-flor-de-sauco","13":"pa_elaborador-monin","14":"pa_formatoenml-38307","15":"pa_graduacion-sinalcohol","16":"pa_pais-francia","17":"entry","18":"has-media","20":"first","21":"instock","22":"taxable","23":"shipping-taxable","24":"purchasable","25":"product-type-simple"},"acf":[],"yoast_head":"<!-- This site is optimized with the Yoast SEO Premium plugin v23.1 (Yoast SEO v23.5) - https:\/\/yoast.com\/wordpress\/plugins\/seo\/ -->\n<title>Monin Sirope Flor de Sauco - M\u00f3n La Cata<\/title>\n<meta name=\"description\" content=\"Comprar online al mejor precio Monin Sirope Flor de Sauco en www.monlacata.com. Tienda online especilaizada en vino y alimentaci\u00f3n. Env\u00edos puntuales\" \/>\n<meta name=\"robots\" content=\"noindex, follow, max-snippet:-1, max-image-preview:large, max-video-preview:-1\" \/>\n<meta property=\"og:locale\" content=\"ca_ES\" \/>\n<meta property=\"og:type\" content=\"article\" \/>\n<meta property=\"og:title\" content=\"Monin Sirope Flor de Sauco\" \/>\n<meta property=\"og:description\" content=\"Comprar online al mejor precio Monin Sirope Flor de Sauco en www.monlacata.com. Tienda online especilaizada en vino y alimentaci\u00f3n. Env\u00edos puntuales\" \/>\n<meta property=\"og:url\" content=\"https:\/\/aral2.cetrexmarketing.com\/ca\/producto\/monin-sirope-flor-de-sauco\/\" \/>\n<meta property=\"og:site_name\" content=\"M\u00f3n La Cata\" \/>\n<meta property=\"article:modified_time\" content=\"2025-05-27T07:50:54+00:00\" \/>\n<meta property=\"og:image\" content=\"https:\/\/aral2.cetrexmarketing.com\/wp-content\/uploads\/2025\/05\/MONIN-SIROPE-FLOR-DE-SAUCO.jpg.png\" \/>\n\t<meta property=\"og:image:width\" content=\"765\" \/>\n\t<meta property=\"og:image:height\" content=\"1024\" \/>\n\t<meta property=\"og:image:type\" content=\"image\/png\" \/>\n<meta name=\"twitter:card\" content=\"summary_large_image\" \/>\n<meta name=\"twitter:label1\" content=\"Temps estimat de lectura\" \/>\n\t<meta name=\"twitter:data1\" content=\"1 minut\" \/>\n<script type=\"application\/ld+json\" class=\"yoast-schema-graph\">{\"@context\":\"https:\/\/schema.org\",\"@graph\":[{\"@type\":\"WebPage\",\"@id\":\"https:\/\/aral2.cetrexmarketing.com\/ca\/producto\/monin-sirope-flor-de-sauco\/\",\"url\":\"https:\/\/aral2.cetrexmarketing.com\/ca\/producto\/monin-sirope-flor-de-sauco\/\",\"name\":\"Monin Sirope Flor de Sauco - M\u00f3n La Cata\",\"isPartOf\":{\"@id\":\"https:\/\/aral2.cetrexmarketing.com\/#website\"},\"primaryImageOfPage\":{\"@id\":\"https:\/\/aral2.cetrexmarketing.com\/ca\/producto\/monin-sirope-flor-de-sauco\/#primaryimage\"},\"image\":{\"@id\":\"https:\/\/aral2.cetrexmarketing.com\/ca\/producto\/monin-sirope-flor-de-sauco\/#primaryimage\"},\"thumbnailUrl\":\"https:\/\/aral2.cetrexmarketing.com\/wp-content\/uploads\/2025\/05\/MONIN-SIROPE-FLOR-DE-SAUCO.jpg.png\",\"datePublished\":\"2025-05-26T12:48:05+00:00\",\"dateModified\":\"2025-05-27T07:50:54+00:00\",\"description\":\"Comprar online al mejor precio Monin Sirope Flor de Sauco en www.monlacata.com. Tienda online especilaizada en vino y alimentaci\u00f3n. Env\u00edos puntuales\",\"breadcrumb\":{\"@id\":\"https:\/\/aral2.cetrexmarketing.com\/ca\/producto\/monin-sirope-flor-de-sauco\/#breadcrumb\"},\"inLanguage\":\"ca\",\"potentialAction\":[{\"@type\":\"ReadAction\",\"target\":[\"https:\/\/aral2.cetrexmarketing.com\/ca\/producto\/monin-sirope-flor-de-sauco\/\"]}]},{\"@type\":\"ImageObject\",\"inLanguage\":\"ca\",\"@id\":\"https:\/\/aral2.cetrexmarketing.com\/ca\/producto\/monin-sirope-flor-de-sauco\/#primaryimage\",\"url\":\"https:\/\/aral2.cetrexmarketing.com\/wp-content\/uploads\/2025\/05\/MONIN-SIROPE-FLOR-DE-SAUCO.jpg.png\",\"contentUrl\":\"https:\/\/aral2.cetrexmarketing.com\/wp-content\/uploads\/2025\/05\/MONIN-SIROPE-FLOR-DE-SAUCO.jpg.png\",\"width\":765,\"height\":1024},{\"@type\":\"BreadcrumbList\",\"@id\":\"https:\/\/aral2.cetrexmarketing.com\/ca\/producto\/monin-sirope-flor-de-sauco\/#breadcrumb\",\"itemListElement\":[{\"@type\":\"ListItem\",\"position\":1,\"name\":\"Home\",\"item\":\"https:\/\/aral2.cetrexmarketing.com\/ca\/\"},{\"@type\":\"ListItem\",\"position\":2,\"name\":\"Tienda\",\"item\":\"https:\/\/aral2.cetrexmarketing.com\/ca\/tienda-2\/\"},{\"@type\":\"ListItem\",\"position\":3,\"name\":\"Destilados\",\"item\":\"https:\/\/aral2.cetrexmarketing.com\/categoria-producto\/inicio\/destilados\/\"},{\"@type\":\"ListItem\",\"position\":4,\"name\":\"Monin Sirope Flor de Sauco\"}]},{\"@type\":\"WebSite\",\"@id\":\"https:\/\/aral2.cetrexmarketing.com\/#website\",\"url\":\"https:\/\/aral2.cetrexmarketing.com\/\",\"name\":\"M\u00f3n La Cata\",\"description\":\"Tienda de vinos, licores, cervezas y gourmet\",\"publisher\":{\"@id\":\"https:\/\/aral2.cetrexmarketing.com\/#organization\"},\"potentialAction\":[{\"@type\":\"SearchAction\",\"target\":{\"@type\":\"EntryPoint\",\"urlTemplate\":\"https:\/\/aral2.cetrexmarketing.com\/?s={search_term_string}\"},\"query-input\":{\"@type\":\"PropertyValueSpecification\",\"valueRequired\":true,\"valueName\":\"search_term_string\"}}],\"inLanguage\":\"ca\"},{\"@type\":\"Organization\",\"@id\":\"https:\/\/aral2.cetrexmarketing.com\/#organization\",\"name\":\"M\u00f3n La Cata\",\"url\":\"https:\/\/aral2.cetrexmarketing.com\/\",\"logo\":{\"@type\":\"ImageObject\",\"inLanguage\":\"ca\",\"@id\":\"https:\/\/aral2.cetrexmarketing.com\/#\/schema\/logo\/image\/\",\"url\":\"https:\/\/aral2.cetrexmarketing.com\/wp-content\/uploads\/2024\/10\/aral-logo-neg-1024x409-1.png\",\"contentUrl\":\"https:\/\/aral2.cetrexmarketing.com\/wp-content\/uploads\/2024\/10\/aral-logo-neg-1024x409-1.png\",\"width\":1024,\"height\":409,\"caption\":\"M\u00f3n La Cata\"},\"image\":{\"@id\":\"https:\/\/aral2.cetrexmarketing.com\/#\/schema\/logo\/image\/\"}}]}<\/script>\n<!-- \/ Yoast SEO Premium plugin. -->","yoast_head_json":{"title":"Monin Sirope Flor de Sauco - M\u00f3n La Cata","description":"Comprar online al mejor precio Monin Sirope Flor de Sauco en www.monlacata.com. Tienda online especilaizada en vino y alimentaci\u00f3n. Env\u00edos puntuales","robots":{"index":"noindex","follow":"follow","max-snippet":"max-snippet:-1","max-image-preview":"max-image-preview:large","max-video-preview":"max-video-preview:-1"},"og_locale":"ca_ES","og_type":"article","og_title":"Monin Sirope Flor de Sauco","og_description":"Comprar online al mejor precio Monin Sirope Flor de Sauco en www.monlacata.com. Tienda online especilaizada en vino y alimentaci\u00f3n. Env\u00edos puntuales","og_url":"https:\/\/aral2.cetrexmarketing.com\/ca\/producto\/monin-sirope-flor-de-sauco\/","og_site_name":"M\u00f3n La Cata","article_modified_time":"2025-05-27T07:50:54+00:00","og_image":[{"width":765,"height":1024,"url":"https:\/\/aral2.cetrexmarketing.com\/wp-content\/uploads\/2025\/05\/MONIN-SIROPE-FLOR-DE-SAUCO.jpg.png","type":"image\/png"}],"twitter_card":"summary_large_image","twitter_misc":{"Temps estimat de lectura":"1 minut"},"schema":{"@context":"https:\/\/schema.org","@graph":[{"@type":"WebPage","@id":"https:\/\/aral2.cetrexmarketing.com\/ca\/producto\/monin-sirope-flor-de-sauco\/","url":"https:\/\/aral2.cetrexmarketing.com\/ca\/producto\/monin-sirope-flor-de-sauco\/","name":"Monin Sirope Flor de Sauco - M\u00f3n La Cata","isPartOf":{"@id":"https:\/\/aral2.cetrexmarketing.com\/#website"},"primaryImageOfPage":{"@id":"https:\/\/aral2.cetrexmarketing.com\/ca\/producto\/monin-sirope-flor-de-sauco\/#primaryimage"},"image":{"@id":"https:\/\/aral2.cetrexmarketing.com\/ca\/producto\/monin-sirope-flor-de-sauco\/#primaryimage"},"thumbnailUrl":"https:\/\/aral2.cetrexmarketing.com\/wp-content\/uploads\/2025\/05\/MONIN-SIROPE-FLOR-DE-SAUCO.jpg.png","datePublished":"2025-05-26T12:48:05+00:00","dateModified":"2025-05-27T07:50:54+00:00","description":"Comprar online al mejor precio Monin Sirope Flor de Sauco en www.monlacata.com. Tienda online especilaizada en vino y alimentaci\u00f3n. Env\u00edos puntuales","breadcrumb":{"@id":"https:\/\/aral2.cetrexmarketing.com\/ca\/producto\/monin-sirope-flor-de-sauco\/#breadcrumb"},"inLanguage":"ca","potentialAction":[{"@type":"ReadAction","target":["https:\/\/aral2.cetrexmarketing.com\/ca\/producto\/monin-sirope-flor-de-sauco\/"]}]},{"@type":"ImageObject","inLanguage":"ca","@id":"https:\/\/aral2.cetrexmarketing.com\/ca\/producto\/monin-sirope-flor-de-sauco\/#primaryimage","url":"https:\/\/aral2.cetrexmarketing.com\/wp-content\/uploads\/2025\/05\/MONIN-SIROPE-FLOR-DE-SAUCO.jpg.png","contentUrl":"https:\/\/aral2.cetrexmarketing.com\/wp-content\/uploads\/2025\/05\/MONIN-SIROPE-FLOR-DE-SAUCO.jpg.png","width":765,"height":1024},{"@type":"BreadcrumbList","@id":"https:\/\/aral2.cetrexmarketing.com\/ca\/producto\/monin-sirope-flor-de-sauco\/#breadcrumb","itemListElement":[{"@type":"ListItem","position":1,"name":"Home","item":"https:\/\/aral2.cetrexmarketing.com\/ca\/"},{"@type":"ListItem","position":2,"name":"Tienda","item":"https:\/\/aral2.cetrexmarketing.com\/ca\/tienda-2\/"},{"@type":"ListItem","position":3,"name":"Destilados","item":"https:\/\/aral2.cetrexmarketing.com\/categoria-producto\/inicio\/destilados\/"},{"@type":"ListItem","position":4,"name":"Monin Sirope Flor de Sauco"}]},{"@type":"WebSite","@id":"https:\/\/aral2.cetrexmarketing.com\/#website","url":"https:\/\/aral2.cetrexmarketing.com\/","name":"M\u00f3n La Cata","description":"Tienda de vinos, licores, cervezas y gourmet","publisher":{"@id":"https:\/\/aral2.cetrexmarketing.com\/#organization"},"potentialAction":[{"@type":"SearchAction","target":{"@type":"EntryPoint","urlTemplate":"https:\/\/aral2.cetrexmarketing.com\/?s={search_term_string}"},"query-input":{"@type":"PropertyValueSpecification","valueRequired":true,"valueName":"search_term_string"}}],"inLanguage":"ca"},{"@type":"Organization","@id":"https:\/\/aral2.cetrexmarketing.com\/#organization","name":"M\u00f3n La Cata","url":"https:\/\/aral2.cetrexmarketing.com\/","logo":{"@type":"ImageObject","inLanguage":"ca","@id":"https:\/\/aral2.cetrexmarketing.com\/#\/schema\/logo\/image\/","url":"https:\/\/aral2.cetrexmarketing.com\/wp-content\/uploads\/2024\/10\/aral-logo-neg-1024x409-1.png","contentUrl":"https:\/\/aral2.cetrexmarketing.com\/wp-content\/uploads\/2024\/10\/aral-logo-neg-1024x409-1.png","width":1024,"height":409,"caption":"M\u00f3n La Cata"},"image":{"@id":"https:\/\/aral2.cetrexmarketing.com\/#\/schema\/logo\/image\/"}}]}},"brands":[{"id":44883,"name":"Francia","slug":"francia"},{"id":44758,"name":"monin","slug":"monin"}],"_links":{"self":[{"href":"https:\/\/aral2.cetrexmarketing.com\/ca\/wp-json\/wp\/v2\/product\/108393","targetHints":{"allow":["GET"]}}],"collection":[{"href":"https:\/\/aral2.cetrexmarketing.com\/ca\/wp-json\/wp\/v2\/product"}],"about":[{"href":"https:\/\/aral2.cetrexmarketing.com\/ca\/wp-json\/wp\/v2\/types\/product"}],"replies":[{"embeddable":true,"href":"https:\/\/aral2.cetrexmarketing.com\/ca\/wp-json\/wp\/v2\/comments?post=108393"}],"wp:featuredmedia":[{"embeddable":true,"href":"https:\/\/aral2.cetrexmarketing.com\/ca\/wp-json\/wp\/v2\/media\/108391"}],"wp:attachment":[{"href":"https:\/\/aral2.cetrexmarketing.com\/ca\/wp-json\/wp\/v2\/media?parent=108393"}],"wp:term":[{"taxonomy":"pwb-brand","embeddable":true,"href":"https:\/\/aral2.cetrexmarketing.com\/ca\/wp-json\/wp\/v2\/pwb-brand?post=108393"},{"taxonomy":"product_brand","embeddable":true,"href":"https:\/\/aral2.cetrexmarketing.com\/ca\/wp-json\/wp\/v2\/product_brand?post=108393"},{"taxonomy":"product_cat","embeddable":true,"href":"https:\/\/aral2.cetrexmarketing.com\/ca\/wp-json\/wp\/v2\/product_cat?post=108393"},{"taxonomy":"product_tag","embeddable":true,"href":"https:\/\/aral2.cetrexmarketing.com\/ca\/wp-json\/wp\/v2\/product_tag?post=108393"}],"curies":[{"name":"wp","href":"https:\/\/api.w.org\/{rel}","templated":true}]}}