{"id":108197,"date":"2025-05-26T12:46:09","date_gmt":"2025-05-26T12:46:09","guid":{"rendered":"https:\/\/aral2.cetrexmarketing.com\/producto\/malibu-1l\/"},"modified":"2025-05-27T07:50:36","modified_gmt":"2025-05-27T07:50:36","slug":"malibu-1l","status":"publish","type":"product","link":"https:\/\/aral2.cetrexmarketing.com\/ca\/producto\/malibu-1l\/","title":{"rendered":"Malibu 1L"},"content":{"rendered":"<div class=\"flex max-w-full flex-col flex-grow\">\n<div class=\"min-h-8 text-message flex w-full flex-col items-end gap-2 whitespace-normal break-words text-start [.text-message+&amp;]:mt-5\" dir=\"auto\" data-message-author-role=\"assistant\" data-message-id=\"ff01c915-3f18-444a-b77d-e097fe67dbfe\" data-message-model-slug=\"gpt-4o\">\n<div class=\"flex w-full flex-col gap-1 empty:hidden first:pt-[3px]\">\n<div class=\"markdown prose w-full break-words dark:prose-invert light\">\n<p><strong>Malibu 1L <\/strong>\u00e9s un licor de rom amb coco, reconegut pel seu sabor dol\u00e7 i tropical. S\u2019elabora a partir de rom caribeny i s\u2019infusiona amb un distintiu aroma de coco natural, cosa que el converteix en una opci\u00f3 popular per a c\u00f2ctels i begudes refrescants. <\/p>\n<h3><strong>Caracter\u00edques del producte:<\/strong><\/h3>\n<ul>\n<li><strong>Volum:<\/strong> 1 litre<\/li>\n<li><strong>Graduaci\u00f3 alcoh\u00f2lica:<\/strong> 21% ABV (Alcohol by Volume)<\/li>\n<li><strong>Sabor<\/strong>: Dol\u00e7, amb notes suaus de coco i un toc lleuger de vainilla<\/li>\n<li><strong>Textura<\/strong>: Suau i sedosa, f\u00e0cil de barrejar en c\u00f2ctels<\/li>\n<li><strong>Origen:<\/strong> Barbados<\/li>\n<\/ul>\n<h3><strong>Usos recomenats:<\/strong><\/h3>\n<p>Malibu \u00e9s un licor vers\u00e0til que es pot gaudir de diverses maneres:<\/p>\n<ul>\n<li><strong>C\u00f2ctels cl\u00e0ssics:<\/strong> S\u2019utilitza en begudes com Pi\u00f1a Colada, Malibu Sunset o Coco Libre (barrejat amb cola).\n<\/li>\n<li><strong>Begudes refrescants:<\/strong> Combinat amb sucs de fruita com pinya o taronja.\n<\/li>\n<li><strong>Shots o glops curts<\/strong>: Es pot beure sol o amb gel per apreciar la seva dol\u00e7or.<\/li>\n<\/ul>\n<\/div>\n<\/div>\n<\/div>\n<\/div>\n<div class=\"mt-3 w-full empty:hidden\">\n<div class=\"text-center\">\n<div class=\"mx-auto\">\n<div>\n<div class=\"inline-flex rounded-xl border border-gray-100 dark:border-gray-700\"><\/div>\n<\/div>\n<\/div>\n<\/div>\n<\/div>\n","protected":false},"excerpt":{"rendered":"<p>Malibu 1L \u00e9s un licor de rom amb coco, reconegut pel seu sabor dol\u00e7 i tropical. S\u2019elabora a partir de rom caribeny i s\u2019infusiona amb un distintiu aroma de coco natural, cosa que el converteix en una opci\u00f3 popular per a c\u00f2ctels i begudes refrescants. Caracter\u00edques del producte: Volum: 1 litre Graduaci\u00f3 alcoh\u00f2lica: 21% ABV&hellip;<\/p>\n","protected":false},"featured_media":108194,"comment_status":"closed","ping_status":"closed","template":"","meta":{"_acf_changed":false},"pwb-brand":[],"product_brand":[],"product_cat":[51692,51715],"product_tag":[16486,52315,52456,15214,52484,52424],"class_list":{"0":"post-108197","1":"product","2":"type-product","3":"status-publish","4":"has-post-thumbnail","6":"product_cat-destillats","7":"product_cat-licor-destillats","8":"product_tag-coco-ca","9":"product_tag-coconut-2","10":"product_tag-coconut-flavour-2","11":"product_tag-licor-ca","12":"product_tag-malibu-2","13":"product_tag-pernod-ricard-2","14":"pa_firmacomercial-pernodricard","15":"pa_formatoenl-36160","16":"pa_formatoenml-38308","17":"pa_graduacion-18_0","18":"entry","19":"has-media","21":"first","22":"instock","23":"taxable","24":"shipping-taxable","25":"purchasable","26":"product-type-simple"},"acf":[],"yoast_head":"<!-- This site is optimized with the Yoast SEO Premium plugin v23.1 (Yoast SEO v23.5) - https:\/\/yoast.com\/wordpress\/plugins\/seo\/ -->\n<title>Malibu licor<\/title>\n<meta name=\"description\" content=\"Comprar online licors i destil\u00b7lats, nacionals i internacionals.\" \/>\n<meta name=\"robots\" content=\"noindex, follow, max-snippet:-1, max-image-preview:large, max-video-preview:-1\" \/>\n<meta property=\"og:locale\" content=\"ca_ES\" \/>\n<meta property=\"og:type\" content=\"article\" \/>\n<meta property=\"og:title\" content=\"Malibu 1L\" \/>\n<meta property=\"og:description\" content=\"Comprar online licors i destil\u00b7lats, nacionals i internacionals.\" \/>\n<meta property=\"og:url\" content=\"https:\/\/aral2.cetrexmarketing.com\/ca\/producto\/malibu-1l\/\" \/>\n<meta property=\"og:site_name\" content=\"M\u00f3n La Cata\" \/>\n<meta property=\"article:modified_time\" content=\"2025-05-27T07:50:36+00:00\" \/>\n<meta property=\"og:image\" content=\"https:\/\/aral2.cetrexmarketing.com\/wp-content\/uploads\/2025\/05\/malibu-1L.jpg-1-1.png\" \/>\n\t<meta property=\"og:image:width\" content=\"765\" \/>\n\t<meta property=\"og:image:height\" content=\"1024\" \/>\n\t<meta property=\"og:image:type\" content=\"image\/png\" \/>\n<meta name=\"twitter:card\" content=\"summary_large_image\" \/>\n<meta name=\"twitter:label1\" content=\"Temps estimat de lectura\" \/>\n\t<meta name=\"twitter:data1\" content=\"1 minut\" \/>\n<script type=\"application\/ld+json\" class=\"yoast-schema-graph\">{\"@context\":\"https:\/\/schema.org\",\"@graph\":[{\"@type\":\"WebPage\",\"@id\":\"https:\/\/aral2.cetrexmarketing.com\/ca\/producto\/malibu-1l\/\",\"url\":\"https:\/\/aral2.cetrexmarketing.com\/ca\/producto\/malibu-1l\/\",\"name\":\"Malibu licor\",\"isPartOf\":{\"@id\":\"https:\/\/aral2.cetrexmarketing.com\/#website\"},\"primaryImageOfPage\":{\"@id\":\"https:\/\/aral2.cetrexmarketing.com\/ca\/producto\/malibu-1l\/#primaryimage\"},\"image\":{\"@id\":\"https:\/\/aral2.cetrexmarketing.com\/ca\/producto\/malibu-1l\/#primaryimage\"},\"thumbnailUrl\":\"https:\/\/aral2.cetrexmarketing.com\/wp-content\/uploads\/2025\/05\/malibu-1L.jpg-1-1.png\",\"datePublished\":\"2025-05-26T12:46:09+00:00\",\"dateModified\":\"2025-05-27T07:50:36+00:00\",\"description\":\"Comprar online licors i destil\u00b7lats, nacionals i internacionals.\",\"breadcrumb\":{\"@id\":\"https:\/\/aral2.cetrexmarketing.com\/ca\/producto\/malibu-1l\/#breadcrumb\"},\"inLanguage\":\"ca\",\"potentialAction\":[{\"@type\":\"ReadAction\",\"target\":[\"https:\/\/aral2.cetrexmarketing.com\/ca\/producto\/malibu-1l\/\"]}]},{\"@type\":\"ImageObject\",\"inLanguage\":\"ca\",\"@id\":\"https:\/\/aral2.cetrexmarketing.com\/ca\/producto\/malibu-1l\/#primaryimage\",\"url\":\"https:\/\/aral2.cetrexmarketing.com\/wp-content\/uploads\/2025\/05\/malibu-1L.jpg-1-1.png\",\"contentUrl\":\"https:\/\/aral2.cetrexmarketing.com\/wp-content\/uploads\/2025\/05\/malibu-1L.jpg-1-1.png\",\"width\":765,\"height\":1024},{\"@type\":\"BreadcrumbList\",\"@id\":\"https:\/\/aral2.cetrexmarketing.com\/ca\/producto\/malibu-1l\/#breadcrumb\",\"itemListElement\":[{\"@type\":\"ListItem\",\"position\":1,\"name\":\"Home\",\"item\":\"https:\/\/aral2.cetrexmarketing.com\/ca\/\"},{\"@type\":\"ListItem\",\"position\":2,\"name\":\"Tienda\",\"item\":\"https:\/\/aral2.cetrexmarketing.com\/ca\/tienda-2\/\"},{\"@type\":\"ListItem\",\"position\":3,\"name\":\"Destil\u00b7lats\",\"item\":\"https:\/\/aral2.cetrexmarketing.com\/categoria-producto\/home-ca\/destil-lats-ca\/\"},{\"@type\":\"ListItem\",\"position\":4,\"name\":\"Licor\",\"item\":\"https:\/\/aral2.cetrexmarketing.com\/categoria-producto\/inicio\/destilados\/licor\/\"},{\"@type\":\"ListItem\",\"position\":5,\"name\":\"Malibu 1L\"}]},{\"@type\":\"WebSite\",\"@id\":\"https:\/\/aral2.cetrexmarketing.com\/#website\",\"url\":\"https:\/\/aral2.cetrexmarketing.com\/\",\"name\":\"M\u00f3n La Cata\",\"description\":\"Tienda de vinos, licores, cervezas y gourmet\",\"publisher\":{\"@id\":\"https:\/\/aral2.cetrexmarketing.com\/#organization\"},\"potentialAction\":[{\"@type\":\"SearchAction\",\"target\":{\"@type\":\"EntryPoint\",\"urlTemplate\":\"https:\/\/aral2.cetrexmarketing.com\/?s={search_term_string}\"},\"query-input\":{\"@type\":\"PropertyValueSpecification\",\"valueRequired\":true,\"valueName\":\"search_term_string\"}}],\"inLanguage\":\"ca\"},{\"@type\":\"Organization\",\"@id\":\"https:\/\/aral2.cetrexmarketing.com\/#organization\",\"name\":\"M\u00f3n La Cata\",\"url\":\"https:\/\/aral2.cetrexmarketing.com\/\",\"logo\":{\"@type\":\"ImageObject\",\"inLanguage\":\"ca\",\"@id\":\"https:\/\/aral2.cetrexmarketing.com\/#\/schema\/logo\/image\/\",\"url\":\"https:\/\/aral2.cetrexmarketing.com\/wp-content\/uploads\/2024\/10\/aral-logo-neg-1024x409-1.png\",\"contentUrl\":\"https:\/\/aral2.cetrexmarketing.com\/wp-content\/uploads\/2024\/10\/aral-logo-neg-1024x409-1.png\",\"width\":1024,\"height\":409,\"caption\":\"M\u00f3n La Cata\"},\"image\":{\"@id\":\"https:\/\/aral2.cetrexmarketing.com\/#\/schema\/logo\/image\/\"}}]}<\/script>\n<!-- \/ Yoast SEO Premium plugin. -->","yoast_head_json":{"title":"Malibu licor","description":"Comprar online licors i destil\u00b7lats, nacionals i internacionals.","robots":{"index":"noindex","follow":"follow","max-snippet":"max-snippet:-1","max-image-preview":"max-image-preview:large","max-video-preview":"max-video-preview:-1"},"og_locale":"ca_ES","og_type":"article","og_title":"Malibu 1L","og_description":"Comprar online licors i destil\u00b7lats, nacionals i internacionals.","og_url":"https:\/\/aral2.cetrexmarketing.com\/ca\/producto\/malibu-1l\/","og_site_name":"M\u00f3n La Cata","article_modified_time":"2025-05-27T07:50:36+00:00","og_image":[{"width":765,"height":1024,"url":"https:\/\/aral2.cetrexmarketing.com\/wp-content\/uploads\/2025\/05\/malibu-1L.jpg-1-1.png","type":"image\/png"}],"twitter_card":"summary_large_image","twitter_misc":{"Temps estimat de lectura":"1 minut"},"schema":{"@context":"https:\/\/schema.org","@graph":[{"@type":"WebPage","@id":"https:\/\/aral2.cetrexmarketing.com\/ca\/producto\/malibu-1l\/","url":"https:\/\/aral2.cetrexmarketing.com\/ca\/producto\/malibu-1l\/","name":"Malibu licor","isPartOf":{"@id":"https:\/\/aral2.cetrexmarketing.com\/#website"},"primaryImageOfPage":{"@id":"https:\/\/aral2.cetrexmarketing.com\/ca\/producto\/malibu-1l\/#primaryimage"},"image":{"@id":"https:\/\/aral2.cetrexmarketing.com\/ca\/producto\/malibu-1l\/#primaryimage"},"thumbnailUrl":"https:\/\/aral2.cetrexmarketing.com\/wp-content\/uploads\/2025\/05\/malibu-1L.jpg-1-1.png","datePublished":"2025-05-26T12:46:09+00:00","dateModified":"2025-05-27T07:50:36+00:00","description":"Comprar online licors i destil\u00b7lats, nacionals i internacionals.","breadcrumb":{"@id":"https:\/\/aral2.cetrexmarketing.com\/ca\/producto\/malibu-1l\/#breadcrumb"},"inLanguage":"ca","potentialAction":[{"@type":"ReadAction","target":["https:\/\/aral2.cetrexmarketing.com\/ca\/producto\/malibu-1l\/"]}]},{"@type":"ImageObject","inLanguage":"ca","@id":"https:\/\/aral2.cetrexmarketing.com\/ca\/producto\/malibu-1l\/#primaryimage","url":"https:\/\/aral2.cetrexmarketing.com\/wp-content\/uploads\/2025\/05\/malibu-1L.jpg-1-1.png","contentUrl":"https:\/\/aral2.cetrexmarketing.com\/wp-content\/uploads\/2025\/05\/malibu-1L.jpg-1-1.png","width":765,"height":1024},{"@type":"BreadcrumbList","@id":"https:\/\/aral2.cetrexmarketing.com\/ca\/producto\/malibu-1l\/#breadcrumb","itemListElement":[{"@type":"ListItem","position":1,"name":"Home","item":"https:\/\/aral2.cetrexmarketing.com\/ca\/"},{"@type":"ListItem","position":2,"name":"Tienda","item":"https:\/\/aral2.cetrexmarketing.com\/ca\/tienda-2\/"},{"@type":"ListItem","position":3,"name":"Destil\u00b7lats","item":"https:\/\/aral2.cetrexmarketing.com\/categoria-producto\/home-ca\/destil-lats-ca\/"},{"@type":"ListItem","position":4,"name":"Licor","item":"https:\/\/aral2.cetrexmarketing.com\/categoria-producto\/inicio\/destilados\/licor\/"},{"@type":"ListItem","position":5,"name":"Malibu 1L"}]},{"@type":"WebSite","@id":"https:\/\/aral2.cetrexmarketing.com\/#website","url":"https:\/\/aral2.cetrexmarketing.com\/","name":"M\u00f3n La Cata","description":"Tienda de vinos, licores, cervezas y gourmet","publisher":{"@id":"https:\/\/aral2.cetrexmarketing.com\/#organization"},"potentialAction":[{"@type":"SearchAction","target":{"@type":"EntryPoint","urlTemplate":"https:\/\/aral2.cetrexmarketing.com\/?s={search_term_string}"},"query-input":{"@type":"PropertyValueSpecification","valueRequired":true,"valueName":"search_term_string"}}],"inLanguage":"ca"},{"@type":"Organization","@id":"https:\/\/aral2.cetrexmarketing.com\/#organization","name":"M\u00f3n La Cata","url":"https:\/\/aral2.cetrexmarketing.com\/","logo":{"@type":"ImageObject","inLanguage":"ca","@id":"https:\/\/aral2.cetrexmarketing.com\/#\/schema\/logo\/image\/","url":"https:\/\/aral2.cetrexmarketing.com\/wp-content\/uploads\/2024\/10\/aral-logo-neg-1024x409-1.png","contentUrl":"https:\/\/aral2.cetrexmarketing.com\/wp-content\/uploads\/2024\/10\/aral-logo-neg-1024x409-1.png","width":1024,"height":409,"caption":"M\u00f3n La Cata"},"image":{"@id":"https:\/\/aral2.cetrexmarketing.com\/#\/schema\/logo\/image\/"}}]}},"brands":[],"_links":{"self":[{"href":"https:\/\/aral2.cetrexmarketing.com\/ca\/wp-json\/wp\/v2\/product\/108197","targetHints":{"allow":["GET"]}}],"collection":[{"href":"https:\/\/aral2.cetrexmarketing.com\/ca\/wp-json\/wp\/v2\/product"}],"about":[{"href":"https:\/\/aral2.cetrexmarketing.com\/ca\/wp-json\/wp\/v2\/types\/product"}],"replies":[{"embeddable":true,"href":"https:\/\/aral2.cetrexmarketing.com\/ca\/wp-json\/wp\/v2\/comments?post=108197"}],"wp:featuredmedia":[{"embeddable":true,"href":"https:\/\/aral2.cetrexmarketing.com\/ca\/wp-json\/wp\/v2\/media\/108194"}],"wp:attachment":[{"href":"https:\/\/aral2.cetrexmarketing.com\/ca\/wp-json\/wp\/v2\/media?parent=108197"}],"wp:term":[{"taxonomy":"pwb-brand","embeddable":true,"href":"https:\/\/aral2.cetrexmarketing.com\/ca\/wp-json\/wp\/v2\/pwb-brand?post=108197"},{"taxonomy":"product_brand","embeddable":true,"href":"https:\/\/aral2.cetrexmarketing.com\/ca\/wp-json\/wp\/v2\/product_brand?post=108197"},{"taxonomy":"product_cat","embeddable":true,"href":"https:\/\/aral2.cetrexmarketing.com\/ca\/wp-json\/wp\/v2\/product_cat?post=108197"},{"taxonomy":"product_tag","embeddable":true,"href":"https:\/\/aral2.cetrexmarketing.com\/ca\/wp-json\/wp\/v2\/product_tag?post=108197"}],"curies":[{"name":"wp","href":"https:\/\/api.w.org\/{rel}","templated":true}]}}