{"id":108095,"date":"2025-05-26T12:44:51","date_gmt":"2025-05-26T12:44:51","guid":{"rendered":"https:\/\/aral2.cetrexmarketing.com\/producto\/el-polvori-de-raimat\/"},"modified":"2025-05-27T07:50:09","modified_gmt":"2025-05-27T07:50:09","slug":"el-polvori-de-raimat","status":"publish","type":"product","link":"https:\/\/aral2.cetrexmarketing.com\/ca\/producto\/el-polvori-de-raimat\/","title":{"rendered":"El Polvor\u00ed de Raimat"},"content":{"rendered":"<p>Vermut El Polvor\u00ed de Raimat \u00e9s una elegant beguda elaborada a La Rioja, Espanya, que combina tradici\u00f3 i sofisticaci\u00f3. De color ambre profund, aquest vermut destaca pel seu sabor complex, resultat d\u2019una infusi\u00f3 de vins seleccionats amb una cuidada mescla d\u2019herbes, esp\u00e8cies i bot\u00e0nics. El seu aroma ofereix notes d\u2019herbes arom\u00e0tiques, esp\u00e8cies i un subtil toc de caramel. \u00c9s ideal per gaudir-lo sol, amb gel i una rodanxa de taronja, o com a base en c\u00f2ctels sofisticats com el Manhattan o el Martini. Acompanya perfectament tapes i aperitius, afegint un toc refinat a qualsevol ocasi\u00f3.<\/p>\n","protected":false},"excerpt":{"rendered":"<p>Vermut El Polvor\u00ed de Raimat \u00e9s una elegant beguda elaborada a La Rioja, Espanya, que combina tradici\u00f3 i sofisticaci\u00f3. De color ambre profund, aquest vermut destaca pel seu sabor complex, resultat d\u2019una infusi\u00f3 de vins seleccionats amb una cuidada mescla d\u2019herbes, esp\u00e8cies i bot\u00e0nics. El seu aroma ofereix notes d\u2019herbes arom\u00e0tiques, esp\u00e8cies i un subtil&hellip;<\/p>\n","protected":false},"featured_media":108092,"comment_status":"closed","ping_status":"closed","template":"","meta":{"_acf_changed":false},"pwb-brand":[],"product_brand":[],"product_cat":[51692,51669,51729],"product_tag":[15139,14926,50377,51730],"class_list":{"0":"post-108095","1":"product","2":"type-product","3":"status-publish","4":"has-post-thumbnail","6":"product_cat-destillats","7":"product_cat-ecologic","8":"product_cat-vermut-negre","9":"product_tag-codorniu-ca","10":"product_tag-raimat-ca","11":"product_tag-sant-sadurni-danoia-ca","12":"product_tag-vermut-vermell","13":"pa_bodega-codorniu","14":"pa_certificado-certificat-dagricultura-ecologica-2","15":"pa_formatoenl-36158","16":"pa_formatoenml-38306","17":"pa_graduacion-15_5","18":"pa_pais-espanya-ca","19":"pa_pueblociudad-sant-sadurni-danoia-barcelona","20":"pa_region-cataluna","21":"entry","22":"has-media","24":"first","25":"instock","26":"taxable","27":"shipping-taxable","28":"purchasable","29":"product-type-simple"},"acf":[],"yoast_head":"<!-- This site is optimized with the Yoast SEO Premium plugin v23.1 (Yoast SEO v23.5) - https:\/\/yoast.com\/wordpress\/plugins\/seo\/ -->\n<title>El polvor\u00ed de Raimat Vermut<\/title>\n<meta name=\"description\" content=\"Comprar online al millor preu vermuts i aperitius, tant nacionals com internacionals. Elaborat per Codorn\u00edu a Sant Sadurn\u00ed d&#039;Anoia.\" \/>\n<meta name=\"robots\" content=\"noindex, follow, max-snippet:-1, max-image-preview:large, max-video-preview:-1\" \/>\n<meta property=\"og:locale\" content=\"ca_ES\" \/>\n<meta property=\"og:type\" content=\"article\" \/>\n<meta property=\"og:title\" content=\"El Polvor\u00ed de Raimat\" \/>\n<meta property=\"og:description\" content=\"Comprar online al millor preu vermuts i aperitius, tant nacionals com internacionals. Elaborat per Codorn\u00edu a Sant Sadurn\u00ed d&#039;Anoia.\" \/>\n<meta property=\"og:url\" content=\"https:\/\/aral2.cetrexmarketing.com\/ca\/producto\/el-polvori-de-raimat\/\" \/>\n<meta property=\"og:site_name\" content=\"M\u00f3n La Cata\" \/>\n<meta property=\"article:modified_time\" content=\"2025-05-27T07:50:09+00:00\" \/>\n<meta property=\"og:image\" content=\"https:\/\/aral2.cetrexmarketing.com\/wp-content\/uploads\/2025\/05\/VERMUT-EL-POLVORI-DE-RAIMAT.jpg-1.png\" \/>\n\t<meta property=\"og:image:width\" content=\"765\" \/>\n\t<meta property=\"og:image:height\" content=\"1024\" \/>\n\t<meta property=\"og:image:type\" content=\"image\/png\" \/>\n<meta name=\"twitter:card\" content=\"summary_large_image\" \/>\n<meta name=\"twitter:label1\" content=\"Temps estimat de lectura\" \/>\n\t<meta name=\"twitter:data1\" content=\"1 minut\" \/>\n<script type=\"application\/ld+json\" class=\"yoast-schema-graph\">{\"@context\":\"https:\/\/schema.org\",\"@graph\":[{\"@type\":\"WebPage\",\"@id\":\"https:\/\/aral2.cetrexmarketing.com\/ca\/producto\/el-polvori-de-raimat\/\",\"url\":\"https:\/\/aral2.cetrexmarketing.com\/ca\/producto\/el-polvori-de-raimat\/\",\"name\":\"El polvor\u00ed de Raimat Vermut\",\"isPartOf\":{\"@id\":\"https:\/\/aral2.cetrexmarketing.com\/#website\"},\"primaryImageOfPage\":{\"@id\":\"https:\/\/aral2.cetrexmarketing.com\/ca\/producto\/el-polvori-de-raimat\/#primaryimage\"},\"image\":{\"@id\":\"https:\/\/aral2.cetrexmarketing.com\/ca\/producto\/el-polvori-de-raimat\/#primaryimage\"},\"thumbnailUrl\":\"https:\/\/aral2.cetrexmarketing.com\/wp-content\/uploads\/2025\/05\/VERMUT-EL-POLVORI-DE-RAIMAT.jpg-1.png\",\"datePublished\":\"2025-05-26T12:44:51+00:00\",\"dateModified\":\"2025-05-27T07:50:09+00:00\",\"description\":\"Comprar online al millor preu vermuts i aperitius, tant nacionals com internacionals. Elaborat per Codorn\u00edu a Sant Sadurn\u00ed d'Anoia.\",\"breadcrumb\":{\"@id\":\"https:\/\/aral2.cetrexmarketing.com\/ca\/producto\/el-polvori-de-raimat\/#breadcrumb\"},\"inLanguage\":\"ca\",\"potentialAction\":[{\"@type\":\"ReadAction\",\"target\":[\"https:\/\/aral2.cetrexmarketing.com\/ca\/producto\/el-polvori-de-raimat\/\"]}]},{\"@type\":\"ImageObject\",\"inLanguage\":\"ca\",\"@id\":\"https:\/\/aral2.cetrexmarketing.com\/ca\/producto\/el-polvori-de-raimat\/#primaryimage\",\"url\":\"https:\/\/aral2.cetrexmarketing.com\/wp-content\/uploads\/2025\/05\/VERMUT-EL-POLVORI-DE-RAIMAT.jpg-1.png\",\"contentUrl\":\"https:\/\/aral2.cetrexmarketing.com\/wp-content\/uploads\/2025\/05\/VERMUT-EL-POLVORI-DE-RAIMAT.jpg-1.png\",\"width\":765,\"height\":1024},{\"@type\":\"BreadcrumbList\",\"@id\":\"https:\/\/aral2.cetrexmarketing.com\/ca\/producto\/el-polvori-de-raimat\/#breadcrumb\",\"itemListElement\":[{\"@type\":\"ListItem\",\"position\":1,\"name\":\"Home\",\"item\":\"https:\/\/aral2.cetrexmarketing.com\/ca\/\"},{\"@type\":\"ListItem\",\"position\":2,\"name\":\"Tienda\",\"item\":\"https:\/\/aral2.cetrexmarketing.com\/ca\/tienda-2\/\"},{\"@type\":\"ListItem\",\"position\":3,\"name\":\"Destilados\",\"item\":\"https:\/\/aral2.cetrexmarketing.com\/categoria-producto\/inicio\/destilados\/\"},{\"@type\":\"ListItem\",\"position\":4,\"name\":\"El Polvor\u00ed de Raimat\"}]},{\"@type\":\"WebSite\",\"@id\":\"https:\/\/aral2.cetrexmarketing.com\/#website\",\"url\":\"https:\/\/aral2.cetrexmarketing.com\/\",\"name\":\"M\u00f3n La Cata\",\"description\":\"Tienda de vinos, licores, cervezas y gourmet\",\"publisher\":{\"@id\":\"https:\/\/aral2.cetrexmarketing.com\/#organization\"},\"potentialAction\":[{\"@type\":\"SearchAction\",\"target\":{\"@type\":\"EntryPoint\",\"urlTemplate\":\"https:\/\/aral2.cetrexmarketing.com\/?s={search_term_string}\"},\"query-input\":{\"@type\":\"PropertyValueSpecification\",\"valueRequired\":true,\"valueName\":\"search_term_string\"}}],\"inLanguage\":\"ca\"},{\"@type\":\"Organization\",\"@id\":\"https:\/\/aral2.cetrexmarketing.com\/#organization\",\"name\":\"M\u00f3n La Cata\",\"url\":\"https:\/\/aral2.cetrexmarketing.com\/\",\"logo\":{\"@type\":\"ImageObject\",\"inLanguage\":\"ca\",\"@id\":\"https:\/\/aral2.cetrexmarketing.com\/#\/schema\/logo\/image\/\",\"url\":\"https:\/\/aral2.cetrexmarketing.com\/wp-content\/uploads\/2024\/10\/aral-logo-neg-1024x409-1.png\",\"contentUrl\":\"https:\/\/aral2.cetrexmarketing.com\/wp-content\/uploads\/2024\/10\/aral-logo-neg-1024x409-1.png\",\"width\":1024,\"height\":409,\"caption\":\"M\u00f3n La Cata\"},\"image\":{\"@id\":\"https:\/\/aral2.cetrexmarketing.com\/#\/schema\/logo\/image\/\"}}]}<\/script>\n<!-- \/ Yoast SEO Premium plugin. -->","yoast_head_json":{"title":"El polvor\u00ed de Raimat Vermut","description":"Comprar online al millor preu vermuts i aperitius, tant nacionals com internacionals. Elaborat per Codorn\u00edu a Sant Sadurn\u00ed d'Anoia.","robots":{"index":"noindex","follow":"follow","max-snippet":"max-snippet:-1","max-image-preview":"max-image-preview:large","max-video-preview":"max-video-preview:-1"},"og_locale":"ca_ES","og_type":"article","og_title":"El Polvor\u00ed de Raimat","og_description":"Comprar online al millor preu vermuts i aperitius, tant nacionals com internacionals. Elaborat per Codorn\u00edu a Sant Sadurn\u00ed d'Anoia.","og_url":"https:\/\/aral2.cetrexmarketing.com\/ca\/producto\/el-polvori-de-raimat\/","og_site_name":"M\u00f3n La Cata","article_modified_time":"2025-05-27T07:50:09+00:00","og_image":[{"width":765,"height":1024,"url":"https:\/\/aral2.cetrexmarketing.com\/wp-content\/uploads\/2025\/05\/VERMUT-EL-POLVORI-DE-RAIMAT.jpg-1.png","type":"image\/png"}],"twitter_card":"summary_large_image","twitter_misc":{"Temps estimat de lectura":"1 minut"},"schema":{"@context":"https:\/\/schema.org","@graph":[{"@type":"WebPage","@id":"https:\/\/aral2.cetrexmarketing.com\/ca\/producto\/el-polvori-de-raimat\/","url":"https:\/\/aral2.cetrexmarketing.com\/ca\/producto\/el-polvori-de-raimat\/","name":"El polvor\u00ed de Raimat Vermut","isPartOf":{"@id":"https:\/\/aral2.cetrexmarketing.com\/#website"},"primaryImageOfPage":{"@id":"https:\/\/aral2.cetrexmarketing.com\/ca\/producto\/el-polvori-de-raimat\/#primaryimage"},"image":{"@id":"https:\/\/aral2.cetrexmarketing.com\/ca\/producto\/el-polvori-de-raimat\/#primaryimage"},"thumbnailUrl":"https:\/\/aral2.cetrexmarketing.com\/wp-content\/uploads\/2025\/05\/VERMUT-EL-POLVORI-DE-RAIMAT.jpg-1.png","datePublished":"2025-05-26T12:44:51+00:00","dateModified":"2025-05-27T07:50:09+00:00","description":"Comprar online al millor preu vermuts i aperitius, tant nacionals com internacionals. Elaborat per Codorn\u00edu a Sant Sadurn\u00ed d'Anoia.","breadcrumb":{"@id":"https:\/\/aral2.cetrexmarketing.com\/ca\/producto\/el-polvori-de-raimat\/#breadcrumb"},"inLanguage":"ca","potentialAction":[{"@type":"ReadAction","target":["https:\/\/aral2.cetrexmarketing.com\/ca\/producto\/el-polvori-de-raimat\/"]}]},{"@type":"ImageObject","inLanguage":"ca","@id":"https:\/\/aral2.cetrexmarketing.com\/ca\/producto\/el-polvori-de-raimat\/#primaryimage","url":"https:\/\/aral2.cetrexmarketing.com\/wp-content\/uploads\/2025\/05\/VERMUT-EL-POLVORI-DE-RAIMAT.jpg-1.png","contentUrl":"https:\/\/aral2.cetrexmarketing.com\/wp-content\/uploads\/2025\/05\/VERMUT-EL-POLVORI-DE-RAIMAT.jpg-1.png","width":765,"height":1024},{"@type":"BreadcrumbList","@id":"https:\/\/aral2.cetrexmarketing.com\/ca\/producto\/el-polvori-de-raimat\/#breadcrumb","itemListElement":[{"@type":"ListItem","position":1,"name":"Home","item":"https:\/\/aral2.cetrexmarketing.com\/ca\/"},{"@type":"ListItem","position":2,"name":"Tienda","item":"https:\/\/aral2.cetrexmarketing.com\/ca\/tienda-2\/"},{"@type":"ListItem","position":3,"name":"Destilados","item":"https:\/\/aral2.cetrexmarketing.com\/categoria-producto\/inicio\/destilados\/"},{"@type":"ListItem","position":4,"name":"El Polvor\u00ed de Raimat"}]},{"@type":"WebSite","@id":"https:\/\/aral2.cetrexmarketing.com\/#website","url":"https:\/\/aral2.cetrexmarketing.com\/","name":"M\u00f3n La Cata","description":"Tienda de vinos, licores, cervezas y gourmet","publisher":{"@id":"https:\/\/aral2.cetrexmarketing.com\/#organization"},"potentialAction":[{"@type":"SearchAction","target":{"@type":"EntryPoint","urlTemplate":"https:\/\/aral2.cetrexmarketing.com\/?s={search_term_string}"},"query-input":{"@type":"PropertyValueSpecification","valueRequired":true,"valueName":"search_term_string"}}],"inLanguage":"ca"},{"@type":"Organization","@id":"https:\/\/aral2.cetrexmarketing.com\/#organization","name":"M\u00f3n La Cata","url":"https:\/\/aral2.cetrexmarketing.com\/","logo":{"@type":"ImageObject","inLanguage":"ca","@id":"https:\/\/aral2.cetrexmarketing.com\/#\/schema\/logo\/image\/","url":"https:\/\/aral2.cetrexmarketing.com\/wp-content\/uploads\/2024\/10\/aral-logo-neg-1024x409-1.png","contentUrl":"https:\/\/aral2.cetrexmarketing.com\/wp-content\/uploads\/2024\/10\/aral-logo-neg-1024x409-1.png","width":1024,"height":409,"caption":"M\u00f3n La Cata"},"image":{"@id":"https:\/\/aral2.cetrexmarketing.com\/#\/schema\/logo\/image\/"}}]}},"brands":[],"_links":{"self":[{"href":"https:\/\/aral2.cetrexmarketing.com\/ca\/wp-json\/wp\/v2\/product\/108095","targetHints":{"allow":["GET"]}}],"collection":[{"href":"https:\/\/aral2.cetrexmarketing.com\/ca\/wp-json\/wp\/v2\/product"}],"about":[{"href":"https:\/\/aral2.cetrexmarketing.com\/ca\/wp-json\/wp\/v2\/types\/product"}],"replies":[{"embeddable":true,"href":"https:\/\/aral2.cetrexmarketing.com\/ca\/wp-json\/wp\/v2\/comments?post=108095"}],"wp:featuredmedia":[{"embeddable":true,"href":"https:\/\/aral2.cetrexmarketing.com\/ca\/wp-json\/wp\/v2\/media\/108092"}],"wp:attachment":[{"href":"https:\/\/aral2.cetrexmarketing.com\/ca\/wp-json\/wp\/v2\/media?parent=108095"}],"wp:term":[{"taxonomy":"pwb-brand","embeddable":true,"href":"https:\/\/aral2.cetrexmarketing.com\/ca\/wp-json\/wp\/v2\/pwb-brand?post=108095"},{"taxonomy":"product_brand","embeddable":true,"href":"https:\/\/aral2.cetrexmarketing.com\/ca\/wp-json\/wp\/v2\/product_brand?post=108095"},{"taxonomy":"product_cat","embeddable":true,"href":"https:\/\/aral2.cetrexmarketing.com\/ca\/wp-json\/wp\/v2\/product_cat?post=108095"},{"taxonomy":"product_tag","embeddable":true,"href":"https:\/\/aral2.cetrexmarketing.com\/ca\/wp-json\/wp\/v2\/product_tag?post=108095"}],"curies":[{"name":"wp","href":"https:\/\/api.w.org\/{rel}","templated":true}]}}