{"id":107517,"date":"2025-05-26T12:38:37","date_gmt":"2025-05-26T12:38:37","guid":{"rendered":"https:\/\/aral2.cetrexmarketing.com\/producto\/i-grotti\/"},"modified":"2025-05-27T07:48:42","modified_gmt":"2025-05-27T07:48:42","slug":"i-grotti","status":"publish","type":"product","link":"https:\/\/aral2.cetrexmarketing.com\/ca\/producto\/i-grotti\/","title":{"rendered":"I Grotti"},"content":{"rendered":"<p><strong>Chianti I Grotti<\/strong><\/p>\n<p>Chianti I Grotti \u00e9s un vi negre de la regi\u00f3 <strong>toscana<\/strong>, dins la prestigiosa <strong>D.O.C.G. Chianti<\/strong>. Est\u00e0 elaborat principalment amb ra\u00efm <strong>Sangiovese<\/strong>, acompanyat d\u2019una petita proporci\u00f3 de <strong>Colorino<\/strong>, conreat a les suaus colines de clima mediterrani de la zona. Es vinifica en dip\u00f2sits d\u2019acer inoxidable i rep una breu crian\u00e7a en b\u00f3ta per preservar el seu car\u00e0cter afruitat i fresc.<\/p>\n<p>Al nas ofereix aromes intensos de <strong>pruna, m\u00f3ra, cireres madures, violetes i subtils tocs especiats<\/strong>. En boca \u00e9s equilibrat, amb tanins suaus, acidesa viva i un final persistent que reflecteix fidelment el seu origen tosc\u00e0.<\/p>\n<p>\u00c9s un vi vers\u00e0til i elegant, ideal per acompanyar <strong>pastes, carns a la brasa, embotits, pizzes i formatges curats.<\/strong><\/p>\n<p>Pertany al celler I Grotti, integrat dins la fam\u00edlia <strong>Campagnola<\/strong>, una casa vin\u00edcola amb arrels a Verona des de 1926 i actualment en mans de la cinquena generaci\u00f3. I Grotti forma part de la seva gamma de vins procedents de diverses regions italianes, mantenint sempre el comprom\u00eds amb la tradici\u00f3 i la qualitat.<\/p>\n","protected":false},"excerpt":{"rendered":"<p>Chianti I Grotti Chianti I Grotti \u00e9s un vi negre de la regi\u00f3 toscana, dins la prestigiosa D.O.C.G. Chianti. Est\u00e0 elaborat principalment amb ra\u00efm Sangiovese, acompanyat d\u2019una petita proporci\u00f3 de Colorino, conreat a les suaus colines de clima mediterrani de la zona. Es vinifica en dip\u00f2sits d\u2019acer inoxidable i rep una breu crian\u00e7a en b\u00f3ta&hellip;<\/p>\n","protected":false},"featured_media":107514,"comment_status":"closed","ping_status":"closed","template":"","meta":{"_acf_changed":false},"pwb-brand":[32977],"product_brand":[],"product_cat":[51670,51671],"product_tag":[16519,15101],"class_list":{"0":"post-107517","1":"product","2":"type-product","3":"status-publish","4":"has-post-thumbnail","6":"pwb-brand-chianti-d-o-c-g","7":"product_cat-vi","8":"product_cat-vi-negre","9":"product_tag-chianti-ca","10":"product_tag-italia-ca","11":"pa_anada-45483","12":"pa_do-chiantidocgitalia-ca","13":"pa_formatoenml-38306","14":"pa_maridaje-carn-roja","15":"pa_pais-italia-ca-2","16":"pa_potente-negre-potent","17":"pa_region-toscana","18":"pa_tipodevino-vi-tranquil","19":"entry","20":"has-media","22":"first","23":"instock","24":"taxable","25":"shipping-taxable","26":"purchasable","27":"product-type-simple"},"acf":[],"yoast_head":"<!-- This site is optimized with the Yoast SEO Premium plugin v23.1 (Yoast SEO v23.5) - https:\/\/yoast.com\/wordpress\/plugins\/seo\/ -->\n<title>I Grotti Chianti vi<\/title>\n<meta name=\"description\" content=\"Comprar online al millor preu vins negres d&#039;Italia i d&#039;arreu del m\u00f3n. Chianti D.O.C.G. 75cl.\" \/>\n<meta name=\"robots\" content=\"noindex, follow, max-snippet:-1, max-image-preview:large, max-video-preview:-1\" \/>\n<meta property=\"og:locale\" content=\"ca_ES\" \/>\n<meta property=\"og:type\" content=\"article\" \/>\n<meta property=\"og:title\" content=\"I Grotti\" \/>\n<meta property=\"og:description\" content=\"Comprar online al millor preu vins negres d&#039;Italia i d&#039;arreu del m\u00f3n. Chianti D.O.C.G. 75cl.\" \/>\n<meta property=\"og:url\" content=\"https:\/\/aral2.cetrexmarketing.com\/ca\/producto\/i-grotti\/\" \/>\n<meta property=\"og:site_name\" content=\"M\u00f3n La Cata\" \/>\n<meta property=\"article:modified_time\" content=\"2025-05-27T07:48:42+00:00\" \/>\n<meta property=\"og:image\" content=\"https:\/\/aral2.cetrexmarketing.com\/wp-content\/uploads\/2025\/05\/I-Grotti-Chianti.jpg-3.png\" \/>\n\t<meta property=\"og:image:width\" content=\"765\" \/>\n\t<meta property=\"og:image:height\" content=\"1024\" \/>\n\t<meta property=\"og:image:type\" content=\"image\/png\" \/>\n<meta name=\"twitter:card\" content=\"summary_large_image\" \/>\n<meta name=\"twitter:label1\" content=\"Temps estimat de lectura\" \/>\n\t<meta name=\"twitter:data1\" content=\"2 minuts\" \/>\n<script type=\"application\/ld+json\" class=\"yoast-schema-graph\">{\"@context\":\"https:\/\/schema.org\",\"@graph\":[{\"@type\":\"WebPage\",\"@id\":\"https:\/\/aral2.cetrexmarketing.com\/ca\/producto\/i-grotti\/\",\"url\":\"https:\/\/aral2.cetrexmarketing.com\/ca\/producto\/i-grotti\/\",\"name\":\"I Grotti Chianti vi\",\"isPartOf\":{\"@id\":\"https:\/\/aral2.cetrexmarketing.com\/#website\"},\"primaryImageOfPage\":{\"@id\":\"https:\/\/aral2.cetrexmarketing.com\/ca\/producto\/i-grotti\/#primaryimage\"},\"image\":{\"@id\":\"https:\/\/aral2.cetrexmarketing.com\/ca\/producto\/i-grotti\/#primaryimage\"},\"thumbnailUrl\":\"https:\/\/aral2.cetrexmarketing.com\/wp-content\/uploads\/2025\/05\/I-Grotti-Chianti.jpg-3.png\",\"datePublished\":\"2025-05-26T12:38:37+00:00\",\"dateModified\":\"2025-05-27T07:48:42+00:00\",\"description\":\"Comprar online al millor preu vins negres d'Italia i d'arreu del m\u00f3n. Chianti D.O.C.G. 75cl.\",\"breadcrumb\":{\"@id\":\"https:\/\/aral2.cetrexmarketing.com\/ca\/producto\/i-grotti\/#breadcrumb\"},\"inLanguage\":\"ca\",\"potentialAction\":[{\"@type\":\"ReadAction\",\"target\":[\"https:\/\/aral2.cetrexmarketing.com\/ca\/producto\/i-grotti\/\"]}]},{\"@type\":\"ImageObject\",\"inLanguage\":\"ca\",\"@id\":\"https:\/\/aral2.cetrexmarketing.com\/ca\/producto\/i-grotti\/#primaryimage\",\"url\":\"https:\/\/aral2.cetrexmarketing.com\/wp-content\/uploads\/2025\/05\/I-Grotti-Chianti.jpg-3.png\",\"contentUrl\":\"https:\/\/aral2.cetrexmarketing.com\/wp-content\/uploads\/2025\/05\/I-Grotti-Chianti.jpg-3.png\",\"width\":765,\"height\":1024},{\"@type\":\"BreadcrumbList\",\"@id\":\"https:\/\/aral2.cetrexmarketing.com\/ca\/producto\/i-grotti\/#breadcrumb\",\"itemListElement\":[{\"@type\":\"ListItem\",\"position\":1,\"name\":\"Home\",\"item\":\"https:\/\/aral2.cetrexmarketing.com\/ca\/\"},{\"@type\":\"ListItem\",\"position\":2,\"name\":\"Tienda\",\"item\":\"https:\/\/aral2.cetrexmarketing.com\/ca\/tienda-2\/\"},{\"@type\":\"ListItem\",\"position\":3,\"name\":\"Vi\",\"item\":\"https:\/\/aral2.cetrexmarketing.com\/categoria-producto\/vi\/\"},{\"@type\":\"ListItem\",\"position\":4,\"name\":\"Vi Negre\",\"item\":\"https:\/\/aral2.cetrexmarketing.com\/categoria-producto\/vi\/vi-negre\/\"},{\"@type\":\"ListItem\",\"position\":5,\"name\":\"I Grotti\"}]},{\"@type\":\"WebSite\",\"@id\":\"https:\/\/aral2.cetrexmarketing.com\/#website\",\"url\":\"https:\/\/aral2.cetrexmarketing.com\/\",\"name\":\"M\u00f3n La Cata\",\"description\":\"Tienda de vinos, licores, cervezas y gourmet\",\"publisher\":{\"@id\":\"https:\/\/aral2.cetrexmarketing.com\/#organization\"},\"potentialAction\":[{\"@type\":\"SearchAction\",\"target\":{\"@type\":\"EntryPoint\",\"urlTemplate\":\"https:\/\/aral2.cetrexmarketing.com\/?s={search_term_string}\"},\"query-input\":{\"@type\":\"PropertyValueSpecification\",\"valueRequired\":true,\"valueName\":\"search_term_string\"}}],\"inLanguage\":\"ca\"},{\"@type\":\"Organization\",\"@id\":\"https:\/\/aral2.cetrexmarketing.com\/#organization\",\"name\":\"M\u00f3n La Cata\",\"url\":\"https:\/\/aral2.cetrexmarketing.com\/\",\"logo\":{\"@type\":\"ImageObject\",\"inLanguage\":\"ca\",\"@id\":\"https:\/\/aral2.cetrexmarketing.com\/#\/schema\/logo\/image\/\",\"url\":\"https:\/\/aral2.cetrexmarketing.com\/wp-content\/uploads\/2024\/10\/aral-logo-neg-1024x409-1.png\",\"contentUrl\":\"https:\/\/aral2.cetrexmarketing.com\/wp-content\/uploads\/2024\/10\/aral-logo-neg-1024x409-1.png\",\"width\":1024,\"height\":409,\"caption\":\"M\u00f3n La Cata\"},\"image\":{\"@id\":\"https:\/\/aral2.cetrexmarketing.com\/#\/schema\/logo\/image\/\"}}]}<\/script>\n<!-- \/ Yoast SEO Premium plugin. -->","yoast_head_json":{"title":"I Grotti Chianti vi","description":"Comprar online al millor preu vins negres d'Italia i d'arreu del m\u00f3n. Chianti D.O.C.G. 75cl.","robots":{"index":"noindex","follow":"follow","max-snippet":"max-snippet:-1","max-image-preview":"max-image-preview:large","max-video-preview":"max-video-preview:-1"},"og_locale":"ca_ES","og_type":"article","og_title":"I Grotti","og_description":"Comprar online al millor preu vins negres d'Italia i d'arreu del m\u00f3n. Chianti D.O.C.G. 75cl.","og_url":"https:\/\/aral2.cetrexmarketing.com\/ca\/producto\/i-grotti\/","og_site_name":"M\u00f3n La Cata","article_modified_time":"2025-05-27T07:48:42+00:00","og_image":[{"width":765,"height":1024,"url":"https:\/\/aral2.cetrexmarketing.com\/wp-content\/uploads\/2025\/05\/I-Grotti-Chianti.jpg-3.png","type":"image\/png"}],"twitter_card":"summary_large_image","twitter_misc":{"Temps estimat de lectura":"2 minuts"},"schema":{"@context":"https:\/\/schema.org","@graph":[{"@type":"WebPage","@id":"https:\/\/aral2.cetrexmarketing.com\/ca\/producto\/i-grotti\/","url":"https:\/\/aral2.cetrexmarketing.com\/ca\/producto\/i-grotti\/","name":"I Grotti Chianti vi","isPartOf":{"@id":"https:\/\/aral2.cetrexmarketing.com\/#website"},"primaryImageOfPage":{"@id":"https:\/\/aral2.cetrexmarketing.com\/ca\/producto\/i-grotti\/#primaryimage"},"image":{"@id":"https:\/\/aral2.cetrexmarketing.com\/ca\/producto\/i-grotti\/#primaryimage"},"thumbnailUrl":"https:\/\/aral2.cetrexmarketing.com\/wp-content\/uploads\/2025\/05\/I-Grotti-Chianti.jpg-3.png","datePublished":"2025-05-26T12:38:37+00:00","dateModified":"2025-05-27T07:48:42+00:00","description":"Comprar online al millor preu vins negres d'Italia i d'arreu del m\u00f3n. Chianti D.O.C.G. 75cl.","breadcrumb":{"@id":"https:\/\/aral2.cetrexmarketing.com\/ca\/producto\/i-grotti\/#breadcrumb"},"inLanguage":"ca","potentialAction":[{"@type":"ReadAction","target":["https:\/\/aral2.cetrexmarketing.com\/ca\/producto\/i-grotti\/"]}]},{"@type":"ImageObject","inLanguage":"ca","@id":"https:\/\/aral2.cetrexmarketing.com\/ca\/producto\/i-grotti\/#primaryimage","url":"https:\/\/aral2.cetrexmarketing.com\/wp-content\/uploads\/2025\/05\/I-Grotti-Chianti.jpg-3.png","contentUrl":"https:\/\/aral2.cetrexmarketing.com\/wp-content\/uploads\/2025\/05\/I-Grotti-Chianti.jpg-3.png","width":765,"height":1024},{"@type":"BreadcrumbList","@id":"https:\/\/aral2.cetrexmarketing.com\/ca\/producto\/i-grotti\/#breadcrumb","itemListElement":[{"@type":"ListItem","position":1,"name":"Home","item":"https:\/\/aral2.cetrexmarketing.com\/ca\/"},{"@type":"ListItem","position":2,"name":"Tienda","item":"https:\/\/aral2.cetrexmarketing.com\/ca\/tienda-2\/"},{"@type":"ListItem","position":3,"name":"Vi","item":"https:\/\/aral2.cetrexmarketing.com\/categoria-producto\/vi\/"},{"@type":"ListItem","position":4,"name":"Vi Negre","item":"https:\/\/aral2.cetrexmarketing.com\/categoria-producto\/vi\/vi-negre\/"},{"@type":"ListItem","position":5,"name":"I Grotti"}]},{"@type":"WebSite","@id":"https:\/\/aral2.cetrexmarketing.com\/#website","url":"https:\/\/aral2.cetrexmarketing.com\/","name":"M\u00f3n La Cata","description":"Tienda de vinos, licores, cervezas y gourmet","publisher":{"@id":"https:\/\/aral2.cetrexmarketing.com\/#organization"},"potentialAction":[{"@type":"SearchAction","target":{"@type":"EntryPoint","urlTemplate":"https:\/\/aral2.cetrexmarketing.com\/?s={search_term_string}"},"query-input":{"@type":"PropertyValueSpecification","valueRequired":true,"valueName":"search_term_string"}}],"inLanguage":"ca"},{"@type":"Organization","@id":"https:\/\/aral2.cetrexmarketing.com\/#organization","name":"M\u00f3n La Cata","url":"https:\/\/aral2.cetrexmarketing.com\/","logo":{"@type":"ImageObject","inLanguage":"ca","@id":"https:\/\/aral2.cetrexmarketing.com\/#\/schema\/logo\/image\/","url":"https:\/\/aral2.cetrexmarketing.com\/wp-content\/uploads\/2024\/10\/aral-logo-neg-1024x409-1.png","contentUrl":"https:\/\/aral2.cetrexmarketing.com\/wp-content\/uploads\/2024\/10\/aral-logo-neg-1024x409-1.png","width":1024,"height":409,"caption":"M\u00f3n La Cata"},"image":{"@id":"https:\/\/aral2.cetrexmarketing.com\/#\/schema\/logo\/image\/"}}]}},"brands":[{"id":32977,"name":"Chianti D.O.C.G.","slug":"chianti-d-o-c-g"}],"_links":{"self":[{"href":"https:\/\/aral2.cetrexmarketing.com\/ca\/wp-json\/wp\/v2\/product\/107517","targetHints":{"allow":["GET"]}}],"collection":[{"href":"https:\/\/aral2.cetrexmarketing.com\/ca\/wp-json\/wp\/v2\/product"}],"about":[{"href":"https:\/\/aral2.cetrexmarketing.com\/ca\/wp-json\/wp\/v2\/types\/product"}],"replies":[{"embeddable":true,"href":"https:\/\/aral2.cetrexmarketing.com\/ca\/wp-json\/wp\/v2\/comments?post=107517"}],"wp:featuredmedia":[{"embeddable":true,"href":"https:\/\/aral2.cetrexmarketing.com\/ca\/wp-json\/wp\/v2\/media\/107514"}],"wp:attachment":[{"href":"https:\/\/aral2.cetrexmarketing.com\/ca\/wp-json\/wp\/v2\/media?parent=107517"}],"wp:term":[{"taxonomy":"pwb-brand","embeddable":true,"href":"https:\/\/aral2.cetrexmarketing.com\/ca\/wp-json\/wp\/v2\/pwb-brand?post=107517"},{"taxonomy":"product_brand","embeddable":true,"href":"https:\/\/aral2.cetrexmarketing.com\/ca\/wp-json\/wp\/v2\/product_brand?post=107517"},{"taxonomy":"product_cat","embeddable":true,"href":"https:\/\/aral2.cetrexmarketing.com\/ca\/wp-json\/wp\/v2\/product_cat?post=107517"},{"taxonomy":"product_tag","embeddable":true,"href":"https:\/\/aral2.cetrexmarketing.com\/ca\/wp-json\/wp\/v2\/product_tag?post=107517"}],"curies":[{"name":"wp","href":"https:\/\/api.w.org\/{rel}","templated":true}]}}