{"id":106545,"date":"2025-05-26T08:11:03","date_gmt":"2025-05-26T08:11:03","guid":{"rendered":"https:\/\/aral2.cetrexmarketing.com\/producto\/mezcal-los-danzantes-espadin\/"},"modified":"2025-05-27T07:45:20","modified_gmt":"2025-05-27T07:45:20","slug":"mezcal-los-danzantes-espadin","status":"publish","type":"product","link":"https:\/\/aral2.cetrexmarketing.com\/ca\/producto\/mezcal-los-danzantes-espadin\/","title":{"rendered":"Mezcal Los Danzantes Espad\u00edn"},"content":{"rendered":"<p>Mezcal Los Danzantes Espad\u00edn \u00e9s una expressi\u00f3 refinada de mescal que captura l&#8217;ess\u00e8ncia de l&#8217;agave Espad\u00edn, una varietat popular per el seu equilibri i complexitat. Originari de Oaxaca, M\u00e8xic, aquest mezcal es produeix utilitzant t\u00e8cniques tradicionals perfeccionades al llarg de generacions. L&#8217;Espad\u00edn, un agave de creixement relativament r\u00e0pid, proporciona un perfil de sabor distintiu amb notes herbals, terrenoses i un lleuger toc afumat. El seu acabament \u00e9s suau i elegant, cosa que el converteix en una excel\u00b7lent opci\u00f3 per a qui busca gaudir d&#8217;un mescal aut\u00e8ntic i vers\u00e0til, tant sol com en c\u00f2ctels.<\/p>\n","protected":false},"excerpt":{"rendered":"<p>Mezcal Los Danzantes Espad\u00edn \u00e9s una expressi\u00f3 refinada de mescal que captura l&#8217;ess\u00e8ncia de l&#8217;agave Espad\u00edn, una varietat popular per el seu equilibri i complexitat. Originari de Oaxaca, M\u00e8xic, aquest mezcal es produeix utilitzant t\u00e8cniques tradicionals perfeccionades al llarg de generacions. L&#8217;Espad\u00edn, un agave de creixement relativament r\u00e0pid, proporciona un perfil de sabor distintiu amb&hellip;<\/p>\n","protected":false},"featured_media":106542,"comment_status":"closed","ping_status":"closed","template":"","meta":{"_acf_changed":false},"pwb-brand":[],"product_brand":[],"product_cat":[51692,51884],"product_tag":[17161,17246,42069,39261],"class_list":{"0":"post-106545","1":"product","2":"type-product","3":"status-publish","4":"has-post-thumbnail","6":"product_cat-destillats","7":"product_cat-mescal","8":"product_tag-espadin-ca","9":"product_tag-los-danzantes-ca","10":"product_tag-mescal","11":"product_tag-mexic","12":"pa_destileria-destilerialosdanzantes-ca","13":"pa_formatoenl-36167","14":"pa_formatoenml-38307","15":"pa_graduacion-47_0","16":"pa_pais-mexic","17":"pa_pesoenkg-10-ca","18":"pa_pueblociudad-oaxaca","19":"entry","20":"has-media","22":"first","23":"instock","24":"taxable","25":"shipping-taxable","26":"purchasable","27":"product-type-simple"},"acf":[],"yoast_head":"<!-- This site is optimized with the Yoast SEO Premium plugin v23.1 (Yoast SEO v23.5) - https:\/\/yoast.com\/wordpress\/plugins\/seo\/ -->\n<title>Mezcal Los Danzantes Espad\u00edn 70cl<\/title>\n<meta name=\"description\" content=\"Comprar online al millor preu licors i destil\u00b7lats d&#039;arreu del m\u00f3n.\" \/>\n<meta name=\"robots\" content=\"noindex, follow, max-snippet:-1, max-image-preview:large, max-video-preview:-1\" \/>\n<meta property=\"og:locale\" content=\"ca_ES\" \/>\n<meta property=\"og:type\" content=\"article\" \/>\n<meta property=\"og:title\" content=\"Mezcal Los Danzantes Espad\u00edn\" \/>\n<meta property=\"og:description\" content=\"Comprar online al millor preu licors i destil\u00b7lats d&#039;arreu del m\u00f3n.\" \/>\n<meta property=\"og:url\" content=\"https:\/\/aral2.cetrexmarketing.com\/ca\/producto\/mezcal-los-danzantes-espadin\/\" \/>\n<meta property=\"og:site_name\" content=\"M\u00f3n La Cata\" \/>\n<meta property=\"article:modified_time\" content=\"2025-05-27T07:45:20+00:00\" \/>\n<meta property=\"og:image\" content=\"https:\/\/aral2.cetrexmarketing.com\/wp-content\/uploads\/2025\/05\/mezcal-los-danzantes-espadin.png\" \/>\n\t<meta property=\"og:image:width\" content=\"765\" \/>\n\t<meta property=\"og:image:height\" content=\"1024\" \/>\n\t<meta property=\"og:image:type\" content=\"image\/png\" \/>\n<meta name=\"twitter:card\" content=\"summary_large_image\" \/>\n<meta name=\"twitter:label1\" content=\"Temps estimat de lectura\" \/>\n\t<meta name=\"twitter:data1\" content=\"1 minut\" \/>\n<script type=\"application\/ld+json\" class=\"yoast-schema-graph\">{\"@context\":\"https:\/\/schema.org\",\"@graph\":[{\"@type\":\"WebPage\",\"@id\":\"https:\/\/aral2.cetrexmarketing.com\/ca\/producto\/mezcal-los-danzantes-espadin\/\",\"url\":\"https:\/\/aral2.cetrexmarketing.com\/ca\/producto\/mezcal-los-danzantes-espadin\/\",\"name\":\"Mezcal Los Danzantes Espad\u00edn 70cl\",\"isPartOf\":{\"@id\":\"https:\/\/aral2.cetrexmarketing.com\/#website\"},\"primaryImageOfPage\":{\"@id\":\"https:\/\/aral2.cetrexmarketing.com\/ca\/producto\/mezcal-los-danzantes-espadin\/#primaryimage\"},\"image\":{\"@id\":\"https:\/\/aral2.cetrexmarketing.com\/ca\/producto\/mezcal-los-danzantes-espadin\/#primaryimage\"},\"thumbnailUrl\":\"https:\/\/aral2.cetrexmarketing.com\/wp-content\/uploads\/2025\/05\/mezcal-los-danzantes-espadin.png\",\"datePublished\":\"2025-05-26T08:11:03+00:00\",\"dateModified\":\"2025-05-27T07:45:20+00:00\",\"description\":\"Comprar online al millor preu licors i destil\u00b7lats d'arreu del m\u00f3n.\",\"breadcrumb\":{\"@id\":\"https:\/\/aral2.cetrexmarketing.com\/ca\/producto\/mezcal-los-danzantes-espadin\/#breadcrumb\"},\"inLanguage\":\"ca\",\"potentialAction\":[{\"@type\":\"ReadAction\",\"target\":[\"https:\/\/aral2.cetrexmarketing.com\/ca\/producto\/mezcal-los-danzantes-espadin\/\"]}]},{\"@type\":\"ImageObject\",\"inLanguage\":\"ca\",\"@id\":\"https:\/\/aral2.cetrexmarketing.com\/ca\/producto\/mezcal-los-danzantes-espadin\/#primaryimage\",\"url\":\"https:\/\/aral2.cetrexmarketing.com\/wp-content\/uploads\/2025\/05\/mezcal-los-danzantes-espadin.png\",\"contentUrl\":\"https:\/\/aral2.cetrexmarketing.com\/wp-content\/uploads\/2025\/05\/mezcal-los-danzantes-espadin.png\",\"width\":765,\"height\":1024},{\"@type\":\"BreadcrumbList\",\"@id\":\"https:\/\/aral2.cetrexmarketing.com\/ca\/producto\/mezcal-los-danzantes-espadin\/#breadcrumb\",\"itemListElement\":[{\"@type\":\"ListItem\",\"position\":1,\"name\":\"Home\",\"item\":\"https:\/\/aral2.cetrexmarketing.com\/ca\/\"},{\"@type\":\"ListItem\",\"position\":2,\"name\":\"Tienda\",\"item\":\"https:\/\/aral2.cetrexmarketing.com\/ca\/tienda-2\/\"},{\"@type\":\"ListItem\",\"position\":3,\"name\":\"Destil\u00b7lats\",\"item\":\"https:\/\/aral2.cetrexmarketing.com\/categoria-producto\/home-ca\/destil-lats-ca\/\"},{\"@type\":\"ListItem\",\"position\":4,\"name\":\"Mezcal\",\"item\":\"https:\/\/aral2.cetrexmarketing.com\/categoria-producto\/inicio\/destilados\/mezcal\/\"},{\"@type\":\"ListItem\",\"position\":5,\"name\":\"Mezcal Los Danzantes Espad\u00edn\"}]},{\"@type\":\"WebSite\",\"@id\":\"https:\/\/aral2.cetrexmarketing.com\/#website\",\"url\":\"https:\/\/aral2.cetrexmarketing.com\/\",\"name\":\"M\u00f3n La Cata\",\"description\":\"Tienda de vinos, licores, cervezas y gourmet\",\"publisher\":{\"@id\":\"https:\/\/aral2.cetrexmarketing.com\/#organization\"},\"potentialAction\":[{\"@type\":\"SearchAction\",\"target\":{\"@type\":\"EntryPoint\",\"urlTemplate\":\"https:\/\/aral2.cetrexmarketing.com\/?s={search_term_string}\"},\"query-input\":{\"@type\":\"PropertyValueSpecification\",\"valueRequired\":true,\"valueName\":\"search_term_string\"}}],\"inLanguage\":\"ca\"},{\"@type\":\"Organization\",\"@id\":\"https:\/\/aral2.cetrexmarketing.com\/#organization\",\"name\":\"M\u00f3n La Cata\",\"url\":\"https:\/\/aral2.cetrexmarketing.com\/\",\"logo\":{\"@type\":\"ImageObject\",\"inLanguage\":\"ca\",\"@id\":\"https:\/\/aral2.cetrexmarketing.com\/#\/schema\/logo\/image\/\",\"url\":\"https:\/\/aral2.cetrexmarketing.com\/wp-content\/uploads\/2024\/10\/aral-logo-neg-1024x409-1.png\",\"contentUrl\":\"https:\/\/aral2.cetrexmarketing.com\/wp-content\/uploads\/2024\/10\/aral-logo-neg-1024x409-1.png\",\"width\":1024,\"height\":409,\"caption\":\"M\u00f3n La Cata\"},\"image\":{\"@id\":\"https:\/\/aral2.cetrexmarketing.com\/#\/schema\/logo\/image\/\"}}]}<\/script>\n<!-- \/ Yoast SEO Premium plugin. -->","yoast_head_json":{"title":"Mezcal Los Danzantes Espad\u00edn 70cl","description":"Comprar online al millor preu licors i destil\u00b7lats d'arreu del m\u00f3n.","robots":{"index":"noindex","follow":"follow","max-snippet":"max-snippet:-1","max-image-preview":"max-image-preview:large","max-video-preview":"max-video-preview:-1"},"og_locale":"ca_ES","og_type":"article","og_title":"Mezcal Los Danzantes Espad\u00edn","og_description":"Comprar online al millor preu licors i destil\u00b7lats d'arreu del m\u00f3n.","og_url":"https:\/\/aral2.cetrexmarketing.com\/ca\/producto\/mezcal-los-danzantes-espadin\/","og_site_name":"M\u00f3n La Cata","article_modified_time":"2025-05-27T07:45:20+00:00","og_image":[{"width":765,"height":1024,"url":"https:\/\/aral2.cetrexmarketing.com\/wp-content\/uploads\/2025\/05\/mezcal-los-danzantes-espadin.png","type":"image\/png"}],"twitter_card":"summary_large_image","twitter_misc":{"Temps estimat de lectura":"1 minut"},"schema":{"@context":"https:\/\/schema.org","@graph":[{"@type":"WebPage","@id":"https:\/\/aral2.cetrexmarketing.com\/ca\/producto\/mezcal-los-danzantes-espadin\/","url":"https:\/\/aral2.cetrexmarketing.com\/ca\/producto\/mezcal-los-danzantes-espadin\/","name":"Mezcal Los Danzantes Espad\u00edn 70cl","isPartOf":{"@id":"https:\/\/aral2.cetrexmarketing.com\/#website"},"primaryImageOfPage":{"@id":"https:\/\/aral2.cetrexmarketing.com\/ca\/producto\/mezcal-los-danzantes-espadin\/#primaryimage"},"image":{"@id":"https:\/\/aral2.cetrexmarketing.com\/ca\/producto\/mezcal-los-danzantes-espadin\/#primaryimage"},"thumbnailUrl":"https:\/\/aral2.cetrexmarketing.com\/wp-content\/uploads\/2025\/05\/mezcal-los-danzantes-espadin.png","datePublished":"2025-05-26T08:11:03+00:00","dateModified":"2025-05-27T07:45:20+00:00","description":"Comprar online al millor preu licors i destil\u00b7lats d'arreu del m\u00f3n.","breadcrumb":{"@id":"https:\/\/aral2.cetrexmarketing.com\/ca\/producto\/mezcal-los-danzantes-espadin\/#breadcrumb"},"inLanguage":"ca","potentialAction":[{"@type":"ReadAction","target":["https:\/\/aral2.cetrexmarketing.com\/ca\/producto\/mezcal-los-danzantes-espadin\/"]}]},{"@type":"ImageObject","inLanguage":"ca","@id":"https:\/\/aral2.cetrexmarketing.com\/ca\/producto\/mezcal-los-danzantes-espadin\/#primaryimage","url":"https:\/\/aral2.cetrexmarketing.com\/wp-content\/uploads\/2025\/05\/mezcal-los-danzantes-espadin.png","contentUrl":"https:\/\/aral2.cetrexmarketing.com\/wp-content\/uploads\/2025\/05\/mezcal-los-danzantes-espadin.png","width":765,"height":1024},{"@type":"BreadcrumbList","@id":"https:\/\/aral2.cetrexmarketing.com\/ca\/producto\/mezcal-los-danzantes-espadin\/#breadcrumb","itemListElement":[{"@type":"ListItem","position":1,"name":"Home","item":"https:\/\/aral2.cetrexmarketing.com\/ca\/"},{"@type":"ListItem","position":2,"name":"Tienda","item":"https:\/\/aral2.cetrexmarketing.com\/ca\/tienda-2\/"},{"@type":"ListItem","position":3,"name":"Destil\u00b7lats","item":"https:\/\/aral2.cetrexmarketing.com\/categoria-producto\/home-ca\/destil-lats-ca\/"},{"@type":"ListItem","position":4,"name":"Mezcal","item":"https:\/\/aral2.cetrexmarketing.com\/categoria-producto\/inicio\/destilados\/mezcal\/"},{"@type":"ListItem","position":5,"name":"Mezcal Los Danzantes Espad\u00edn"}]},{"@type":"WebSite","@id":"https:\/\/aral2.cetrexmarketing.com\/#website","url":"https:\/\/aral2.cetrexmarketing.com\/","name":"M\u00f3n La Cata","description":"Tienda de vinos, licores, cervezas y gourmet","publisher":{"@id":"https:\/\/aral2.cetrexmarketing.com\/#organization"},"potentialAction":[{"@type":"SearchAction","target":{"@type":"EntryPoint","urlTemplate":"https:\/\/aral2.cetrexmarketing.com\/?s={search_term_string}"},"query-input":{"@type":"PropertyValueSpecification","valueRequired":true,"valueName":"search_term_string"}}],"inLanguage":"ca"},{"@type":"Organization","@id":"https:\/\/aral2.cetrexmarketing.com\/#organization","name":"M\u00f3n La Cata","url":"https:\/\/aral2.cetrexmarketing.com\/","logo":{"@type":"ImageObject","inLanguage":"ca","@id":"https:\/\/aral2.cetrexmarketing.com\/#\/schema\/logo\/image\/","url":"https:\/\/aral2.cetrexmarketing.com\/wp-content\/uploads\/2024\/10\/aral-logo-neg-1024x409-1.png","contentUrl":"https:\/\/aral2.cetrexmarketing.com\/wp-content\/uploads\/2024\/10\/aral-logo-neg-1024x409-1.png","width":1024,"height":409,"caption":"M\u00f3n La Cata"},"image":{"@id":"https:\/\/aral2.cetrexmarketing.com\/#\/schema\/logo\/image\/"}}]}},"brands":[],"_links":{"self":[{"href":"https:\/\/aral2.cetrexmarketing.com\/ca\/wp-json\/wp\/v2\/product\/106545","targetHints":{"allow":["GET"]}}],"collection":[{"href":"https:\/\/aral2.cetrexmarketing.com\/ca\/wp-json\/wp\/v2\/product"}],"about":[{"href":"https:\/\/aral2.cetrexmarketing.com\/ca\/wp-json\/wp\/v2\/types\/product"}],"replies":[{"embeddable":true,"href":"https:\/\/aral2.cetrexmarketing.com\/ca\/wp-json\/wp\/v2\/comments?post=106545"}],"wp:featuredmedia":[{"embeddable":true,"href":"https:\/\/aral2.cetrexmarketing.com\/ca\/wp-json\/wp\/v2\/media\/106542"}],"wp:attachment":[{"href":"https:\/\/aral2.cetrexmarketing.com\/ca\/wp-json\/wp\/v2\/media?parent=106545"}],"wp:term":[{"taxonomy":"pwb-brand","embeddable":true,"href":"https:\/\/aral2.cetrexmarketing.com\/ca\/wp-json\/wp\/v2\/pwb-brand?post=106545"},{"taxonomy":"product_brand","embeddable":true,"href":"https:\/\/aral2.cetrexmarketing.com\/ca\/wp-json\/wp\/v2\/product_brand?post=106545"},{"taxonomy":"product_cat","embeddable":true,"href":"https:\/\/aral2.cetrexmarketing.com\/ca\/wp-json\/wp\/v2\/product_cat?post=106545"},{"taxonomy":"product_tag","embeddable":true,"href":"https:\/\/aral2.cetrexmarketing.com\/ca\/wp-json\/wp\/v2\/product_tag?post=106545"}],"curies":[{"name":"wp","href":"https:\/\/api.w.org\/{rel}","templated":true}]}}