{"id":103260,"date":"2025-05-26T07:18:59","date_gmt":"2025-05-26T07:18:59","guid":{"rendered":"https:\/\/aral2.cetrexmarketing.com\/producto\/pilsner-urquell\/"},"modified":"2025-05-27T07:38:57","modified_gmt":"2025-05-27T07:38:57","slug":"pilsner-urquell","status":"publish","type":"product","link":"https:\/\/aral2.cetrexmarketing.com\/ca\/producto\/pilsner-urquell\/","title":{"rendered":"Pilsner Urquell"},"content":{"rendered":"<p data-start=\"0\" data-end=\"355\"><strong data-start=\"0\" data-end=\"19\">Pilsner Urquell<\/strong> \u00e9s una cervesa txeca d&#8217;estil <strong data-start=\"49\" data-end=\"60\">pilsner<\/strong> (lager), considerada com la primera cervesa lager del m\u00f3n. Va ser creada l&#8217;any <strong data-start=\"140\" data-end=\"148\">1842<\/strong> a la ciutat de <strong data-start=\"164\" data-end=\"182\">Plze\u0148 (Pilsen)<\/strong>, a la <strong data-start=\"189\" data-end=\"208\">Rep\u00fablica Txeca<\/strong>. Aquesta cervesa \u00e9s famosa pel seu sabor fresc, lleugerament amarg i la seva tradici\u00f3 com una de les cerveses m\u00e9s emblem\u00e0tiques del estil pilsner.<\/p>\n<h3 data-start=\"362\" data-end=\"398\"><strong data-start=\"366\" data-end=\"398\">Caracter\u00edstiques principals:<\/strong><\/h3>\n<ul data-start=\"399\" data-end=\"771\">\n<li data-start=\"399\" data-end=\"432\"><strong data-start=\"401\" data-end=\"411\">Estil:<\/strong> <strong data-start=\"412\" data-end=\"423\">Pilsner<\/strong> (lager).<\/li>\n<li data-start=\"433\" data-end=\"473\"><strong data-start=\"435\" data-end=\"445\">Color:<\/strong> <strong data-start=\"446\" data-end=\"472\">Dorado clar i brillant<\/strong>.<\/li>\n<li data-start=\"474\" data-end=\"555\"><strong data-start=\"476\" data-end=\"486\">Aroma:<\/strong> Fresc i <strong data-start=\"495\" data-end=\"505\">herbal<\/strong>, amb notes florals i un toc de <strong data-start=\"537\" data-end=\"554\">malta torrada<\/strong>.<\/li>\n<li data-start=\"556\" data-end=\"729\"><strong data-start=\"558\" data-end=\"568\">Sabor:<\/strong> Equilibrat entre <strong data-start=\"586\" data-end=\"595\">malta<\/strong> i <strong data-start=\"598\" data-end=\"609\">amargor<\/strong>, amb un lleuger sabor a <strong data-start=\"634\" data-end=\"643\">l\u00fapul<\/strong>. El seu amargor \u00e9s subtil per\u00f2 present, donant-li una sensaci\u00f3 refrescant al paladar.<\/li>\n<li data-start=\"730\" data-end=\"771\"><strong data-start=\"732\" data-end=\"757\">Graduaci\u00f3 alcoh\u00f2lica:<\/strong> <strong data-start=\"758\" data-end=\"771\">4,4% vol.<\/strong><\/li>\n<\/ul>\n<h3 data-start=\"778\" data-end=\"800\"><strong data-start=\"782\" data-end=\"800\">Notes de cata:<\/strong><\/h3>\n<ul data-start=\"801\" data-end=\"1064\">\n<li data-start=\"801\" data-end=\"894\"><strong data-start=\"803\" data-end=\"813\">Aroma:<\/strong> Refrescant, amb notes florals de <strong data-start=\"847\" data-end=\"856\">l\u00fapul<\/strong>, i un toc suau de <strong data-start=\"875\" data-end=\"881\">pa<\/strong> i <strong data-start=\"884\" data-end=\"893\">malta<\/strong>.<\/li>\n<li data-start=\"895\" data-end=\"1064\"><strong data-start=\"897\" data-end=\"907\">Sabor:<\/strong> Net i refrescant, amb una amargor moderada provinent del <strong data-start=\"965\" data-end=\"979\">l\u00fapul Saaz<\/strong>, t\u00edpic del estil pilsner. El final \u00e9s lleugerament sec i amb un toc subtil de malta.<\/li>\n<\/ul>\n<h3 data-start=\"1071\" data-end=\"1095\"><strong data-start=\"1075\" data-end=\"1095\">Usos recomanats:<\/strong><\/h3>\n<p data-start=\"1096\" data-end=\"1311\">\u2705 Perfecta com a <strong data-start=\"1113\" data-end=\"1125\">aperitiu<\/strong> o per acompanyar una gran varietat de plats, com <strong data-start=\"1175\" data-end=\"1187\">amanides<\/strong>, <strong data-start=\"1189\" data-end=\"1199\">marisc<\/strong>, <strong data-start=\"1201\" data-end=\"1209\">peix<\/strong>, <strong data-start=\"1211\" data-end=\"1234\">aletes de pollastre<\/strong> o <strong data-start=\"1237\" data-end=\"1253\">hamburgueses<\/strong>.<br data-start=\"1254\" data-end=\"1257\" \/>\u2705 Ideal per acompanyar menjars m\u00e9s lleugers i frescos.<\/p>\n<h3 data-start=\"1318\" data-end=\"1352\"><strong data-start=\"1322\" data-end=\"1352\">Presentaci\u00f3 i conservaci\u00f3:<\/strong><\/h3>\n<ul data-start=\"1353\" data-end=\"1502\">\n<li data-start=\"1353\" data-end=\"1409\">Disponible en <strong data-start=\"1369\" data-end=\"1391\">ampolles de 330 ml<\/strong> i en <strong data-start=\"1397\" data-end=\"1408\">barrils<\/strong>.<\/li>\n<li data-start=\"1410\" data-end=\"1502\">Es recomana servir ben freda, entre <strong data-start=\"1448\" data-end=\"1461\">4\u00b0C i 7\u00b0C<\/strong>, per gaudir al m\u00e0xim de la seva frescor.<\/li>\n<\/ul>\n<p data-start=\"1509\" data-end=\"1719\" data-is-last-node=\"\" data-is-only-node=\"\"><strong data-start=\"1509\" data-end=\"1528\">Pilsner Urquell<\/strong> \u00e9s un referent de l&#8217;estil <strong data-start=\"1555\" data-end=\"1564\">lager<\/strong> i segueix sent una de les cerveses m\u00e9s populars i respectades a nivell mundial, coneguda pel seu sabor <strong data-start=\"1668\" data-end=\"1683\">refrescante<\/strong>, <strong data-start=\"1685\" data-end=\"1692\">net<\/strong> i perfectament equilibrat.<\/p>\n","protected":false},"excerpt":{"rendered":"<p>Pilsner Urquell \u00e9s una cervesa txeca d&#8217;estil pilsner (lager), considerada com la primera cervesa lager del m\u00f3n. Va ser creada l&#8217;any 1842 a la ciutat de Plze\u0148 (Pilsen), a la Rep\u00fablica Txeca. Aquesta cervesa \u00e9s famosa pel seu sabor fresc, lleugerament amarg i la seva tradici\u00f3 com una de les cerveses m\u00e9s emblem\u00e0tiques del estil&hellip;<\/p>\n","protected":false},"featured_media":103257,"comment_status":"closed","ping_status":"closed","template":"","meta":{"_acf_changed":false},"pwb-brand":[],"product_brand":[],"product_cat":[51736,51916],"product_tag":[18455],"class_list":{"0":"post-103260","1":"product","2":"type-product","3":"status-publish","4":"has-post-thumbnail","6":"product_cat-cervesa","7":"product_cat-cervesa-republica-txeca","8":"product_tag-pilsner-urquell-ca","9":"pa_formatoenl-36159","10":"pa_formatoenml-38312","11":"pa_graduacion-36138","12":"pa_pais-republica-txeca","13":"pa_pesoengramos-38355","14":"pa_pesoenkg-03-ca","15":"entry","16":"has-media","18":"first","19":"instock","20":"taxable","21":"shipping-taxable","22":"purchasable","23":"product-type-simple"},"acf":[],"yoast_head":"<!-- This site is optimized with the Yoast SEO Premium plugin v23.1 (Yoast SEO v23.5) - https:\/\/yoast.com\/wordpress\/plugins\/seo\/ -->\n<title>Pilsner Urquell cervesa de la Rep\u00fablica Txeca<\/title>\n<meta name=\"description\" content=\"Comprar online al millor preu cerveses nacionals i internacionals.\" \/>\n<meta name=\"robots\" content=\"noindex, follow, max-snippet:-1, max-image-preview:large, max-video-preview:-1\" \/>\n<meta property=\"og:locale\" content=\"ca_ES\" \/>\n<meta property=\"og:type\" content=\"article\" \/>\n<meta property=\"og:title\" content=\"Pilsner Urquell\" \/>\n<meta property=\"og:description\" content=\"Comprar online al millor preu cerveses nacionals i internacionals.\" \/>\n<meta property=\"og:url\" content=\"https:\/\/aral2.cetrexmarketing.com\/ca\/producto\/pilsner-urquell\/\" \/>\n<meta property=\"og:site_name\" content=\"M\u00f3n La Cata\" \/>\n<meta property=\"article:modified_time\" content=\"2025-05-27T07:38:57+00:00\" \/>\n<meta property=\"og:image\" content=\"https:\/\/aral2.cetrexmarketing.com\/wp-content\/uploads\/2025\/05\/Pilsner-Urquell.png\" \/>\n\t<meta property=\"og:image:width\" content=\"765\" \/>\n\t<meta property=\"og:image:height\" content=\"1024\" \/>\n\t<meta property=\"og:image:type\" content=\"image\/png\" \/>\n<meta name=\"twitter:card\" content=\"summary_large_image\" \/>\n<meta name=\"twitter:label1\" content=\"Temps estimat de lectura\" \/>\n\t<meta name=\"twitter:data1\" content=\"2 minuts\" \/>\n<script type=\"application\/ld+json\" class=\"yoast-schema-graph\">{\"@context\":\"https:\/\/schema.org\",\"@graph\":[{\"@type\":\"WebPage\",\"@id\":\"https:\/\/aral2.cetrexmarketing.com\/ca\/producto\/pilsner-urquell\/\",\"url\":\"https:\/\/aral2.cetrexmarketing.com\/ca\/producto\/pilsner-urquell\/\",\"name\":\"Pilsner Urquell cervesa de la Rep\u00fablica Txeca\",\"isPartOf\":{\"@id\":\"https:\/\/aral2.cetrexmarketing.com\/#website\"},\"primaryImageOfPage\":{\"@id\":\"https:\/\/aral2.cetrexmarketing.com\/ca\/producto\/pilsner-urquell\/#primaryimage\"},\"image\":{\"@id\":\"https:\/\/aral2.cetrexmarketing.com\/ca\/producto\/pilsner-urquell\/#primaryimage\"},\"thumbnailUrl\":\"https:\/\/aral2.cetrexmarketing.com\/wp-content\/uploads\/2025\/05\/Pilsner-Urquell.png\",\"datePublished\":\"2025-05-26T07:18:59+00:00\",\"dateModified\":\"2025-05-27T07:38:57+00:00\",\"description\":\"Comprar online al millor preu cerveses nacionals i internacionals.\",\"breadcrumb\":{\"@id\":\"https:\/\/aral2.cetrexmarketing.com\/ca\/producto\/pilsner-urquell\/#breadcrumb\"},\"inLanguage\":\"ca\",\"potentialAction\":[{\"@type\":\"ReadAction\",\"target\":[\"https:\/\/aral2.cetrexmarketing.com\/ca\/producto\/pilsner-urquell\/\"]}]},{\"@type\":\"ImageObject\",\"inLanguage\":\"ca\",\"@id\":\"https:\/\/aral2.cetrexmarketing.com\/ca\/producto\/pilsner-urquell\/#primaryimage\",\"url\":\"https:\/\/aral2.cetrexmarketing.com\/wp-content\/uploads\/2025\/05\/Pilsner-Urquell.png\",\"contentUrl\":\"https:\/\/aral2.cetrexmarketing.com\/wp-content\/uploads\/2025\/05\/Pilsner-Urquell.png\",\"width\":765,\"height\":1024},{\"@type\":\"BreadcrumbList\",\"@id\":\"https:\/\/aral2.cetrexmarketing.com\/ca\/producto\/pilsner-urquell\/#breadcrumb\",\"itemListElement\":[{\"@type\":\"ListItem\",\"position\":1,\"name\":\"Home\",\"item\":\"https:\/\/aral2.cetrexmarketing.com\/ca\/\"},{\"@type\":\"ListItem\",\"position\":2,\"name\":\"Tienda\",\"item\":\"https:\/\/aral2.cetrexmarketing.com\/ca\/tienda-2\/\"},{\"@type\":\"ListItem\",\"position\":3,\"name\":\"Cervesa\",\"item\":\"https:\/\/aral2.cetrexmarketing.com\/categoria-producto\/home-ca\/cervesa-ca\/\"},{\"@type\":\"ListItem\",\"position\":4,\"name\":\"Cerveza Republica Checa\",\"item\":\"https:\/\/aral2.cetrexmarketing.com\/categoria-producto\/inicio\/cerveza\/cerveza-republica-checa\/\"},{\"@type\":\"ListItem\",\"position\":5,\"name\":\"Pilsner Urquell\"}]},{\"@type\":\"WebSite\",\"@id\":\"https:\/\/aral2.cetrexmarketing.com\/#website\",\"url\":\"https:\/\/aral2.cetrexmarketing.com\/\",\"name\":\"M\u00f3n La Cata\",\"description\":\"Tienda de vinos, licores, cervezas y gourmet\",\"publisher\":{\"@id\":\"https:\/\/aral2.cetrexmarketing.com\/#organization\"},\"potentialAction\":[{\"@type\":\"SearchAction\",\"target\":{\"@type\":\"EntryPoint\",\"urlTemplate\":\"https:\/\/aral2.cetrexmarketing.com\/?s={search_term_string}\"},\"query-input\":{\"@type\":\"PropertyValueSpecification\",\"valueRequired\":true,\"valueName\":\"search_term_string\"}}],\"inLanguage\":\"ca\"},{\"@type\":\"Organization\",\"@id\":\"https:\/\/aral2.cetrexmarketing.com\/#organization\",\"name\":\"M\u00f3n La Cata\",\"url\":\"https:\/\/aral2.cetrexmarketing.com\/\",\"logo\":{\"@type\":\"ImageObject\",\"inLanguage\":\"ca\",\"@id\":\"https:\/\/aral2.cetrexmarketing.com\/#\/schema\/logo\/image\/\",\"url\":\"https:\/\/aral2.cetrexmarketing.com\/wp-content\/uploads\/2024\/10\/aral-logo-neg-1024x409-1.png\",\"contentUrl\":\"https:\/\/aral2.cetrexmarketing.com\/wp-content\/uploads\/2024\/10\/aral-logo-neg-1024x409-1.png\",\"width\":1024,\"height\":409,\"caption\":\"M\u00f3n La Cata\"},\"image\":{\"@id\":\"https:\/\/aral2.cetrexmarketing.com\/#\/schema\/logo\/image\/\"}}]}<\/script>\n<!-- \/ Yoast SEO Premium plugin. -->","yoast_head_json":{"title":"Pilsner Urquell cervesa de la Rep\u00fablica Txeca","description":"Comprar online al millor preu cerveses nacionals i internacionals.","robots":{"index":"noindex","follow":"follow","max-snippet":"max-snippet:-1","max-image-preview":"max-image-preview:large","max-video-preview":"max-video-preview:-1"},"og_locale":"ca_ES","og_type":"article","og_title":"Pilsner Urquell","og_description":"Comprar online al millor preu cerveses nacionals i internacionals.","og_url":"https:\/\/aral2.cetrexmarketing.com\/ca\/producto\/pilsner-urquell\/","og_site_name":"M\u00f3n La Cata","article_modified_time":"2025-05-27T07:38:57+00:00","og_image":[{"width":765,"height":1024,"url":"https:\/\/aral2.cetrexmarketing.com\/wp-content\/uploads\/2025\/05\/Pilsner-Urquell.png","type":"image\/png"}],"twitter_card":"summary_large_image","twitter_misc":{"Temps estimat de lectura":"2 minuts"},"schema":{"@context":"https:\/\/schema.org","@graph":[{"@type":"WebPage","@id":"https:\/\/aral2.cetrexmarketing.com\/ca\/producto\/pilsner-urquell\/","url":"https:\/\/aral2.cetrexmarketing.com\/ca\/producto\/pilsner-urquell\/","name":"Pilsner Urquell cervesa de la Rep\u00fablica Txeca","isPartOf":{"@id":"https:\/\/aral2.cetrexmarketing.com\/#website"},"primaryImageOfPage":{"@id":"https:\/\/aral2.cetrexmarketing.com\/ca\/producto\/pilsner-urquell\/#primaryimage"},"image":{"@id":"https:\/\/aral2.cetrexmarketing.com\/ca\/producto\/pilsner-urquell\/#primaryimage"},"thumbnailUrl":"https:\/\/aral2.cetrexmarketing.com\/wp-content\/uploads\/2025\/05\/Pilsner-Urquell.png","datePublished":"2025-05-26T07:18:59+00:00","dateModified":"2025-05-27T07:38:57+00:00","description":"Comprar online al millor preu cerveses nacionals i internacionals.","breadcrumb":{"@id":"https:\/\/aral2.cetrexmarketing.com\/ca\/producto\/pilsner-urquell\/#breadcrumb"},"inLanguage":"ca","potentialAction":[{"@type":"ReadAction","target":["https:\/\/aral2.cetrexmarketing.com\/ca\/producto\/pilsner-urquell\/"]}]},{"@type":"ImageObject","inLanguage":"ca","@id":"https:\/\/aral2.cetrexmarketing.com\/ca\/producto\/pilsner-urquell\/#primaryimage","url":"https:\/\/aral2.cetrexmarketing.com\/wp-content\/uploads\/2025\/05\/Pilsner-Urquell.png","contentUrl":"https:\/\/aral2.cetrexmarketing.com\/wp-content\/uploads\/2025\/05\/Pilsner-Urquell.png","width":765,"height":1024},{"@type":"BreadcrumbList","@id":"https:\/\/aral2.cetrexmarketing.com\/ca\/producto\/pilsner-urquell\/#breadcrumb","itemListElement":[{"@type":"ListItem","position":1,"name":"Home","item":"https:\/\/aral2.cetrexmarketing.com\/ca\/"},{"@type":"ListItem","position":2,"name":"Tienda","item":"https:\/\/aral2.cetrexmarketing.com\/ca\/tienda-2\/"},{"@type":"ListItem","position":3,"name":"Cervesa","item":"https:\/\/aral2.cetrexmarketing.com\/categoria-producto\/home-ca\/cervesa-ca\/"},{"@type":"ListItem","position":4,"name":"Cerveza Republica Checa","item":"https:\/\/aral2.cetrexmarketing.com\/categoria-producto\/inicio\/cerveza\/cerveza-republica-checa\/"},{"@type":"ListItem","position":5,"name":"Pilsner Urquell"}]},{"@type":"WebSite","@id":"https:\/\/aral2.cetrexmarketing.com\/#website","url":"https:\/\/aral2.cetrexmarketing.com\/","name":"M\u00f3n La Cata","description":"Tienda de vinos, licores, cervezas y gourmet","publisher":{"@id":"https:\/\/aral2.cetrexmarketing.com\/#organization"},"potentialAction":[{"@type":"SearchAction","target":{"@type":"EntryPoint","urlTemplate":"https:\/\/aral2.cetrexmarketing.com\/?s={search_term_string}"},"query-input":{"@type":"PropertyValueSpecification","valueRequired":true,"valueName":"search_term_string"}}],"inLanguage":"ca"},{"@type":"Organization","@id":"https:\/\/aral2.cetrexmarketing.com\/#organization","name":"M\u00f3n La Cata","url":"https:\/\/aral2.cetrexmarketing.com\/","logo":{"@type":"ImageObject","inLanguage":"ca","@id":"https:\/\/aral2.cetrexmarketing.com\/#\/schema\/logo\/image\/","url":"https:\/\/aral2.cetrexmarketing.com\/wp-content\/uploads\/2024\/10\/aral-logo-neg-1024x409-1.png","contentUrl":"https:\/\/aral2.cetrexmarketing.com\/wp-content\/uploads\/2024\/10\/aral-logo-neg-1024x409-1.png","width":1024,"height":409,"caption":"M\u00f3n La Cata"},"image":{"@id":"https:\/\/aral2.cetrexmarketing.com\/#\/schema\/logo\/image\/"}}]}},"brands":[],"_links":{"self":[{"href":"https:\/\/aral2.cetrexmarketing.com\/ca\/wp-json\/wp\/v2\/product\/103260","targetHints":{"allow":["GET"]}}],"collection":[{"href":"https:\/\/aral2.cetrexmarketing.com\/ca\/wp-json\/wp\/v2\/product"}],"about":[{"href":"https:\/\/aral2.cetrexmarketing.com\/ca\/wp-json\/wp\/v2\/types\/product"}],"replies":[{"embeddable":true,"href":"https:\/\/aral2.cetrexmarketing.com\/ca\/wp-json\/wp\/v2\/comments?post=103260"}],"wp:featuredmedia":[{"embeddable":true,"href":"https:\/\/aral2.cetrexmarketing.com\/ca\/wp-json\/wp\/v2\/media\/103257"}],"wp:attachment":[{"href":"https:\/\/aral2.cetrexmarketing.com\/ca\/wp-json\/wp\/v2\/media?parent=103260"}],"wp:term":[{"taxonomy":"pwb-brand","embeddable":true,"href":"https:\/\/aral2.cetrexmarketing.com\/ca\/wp-json\/wp\/v2\/pwb-brand?post=103260"},{"taxonomy":"product_brand","embeddable":true,"href":"https:\/\/aral2.cetrexmarketing.com\/ca\/wp-json\/wp\/v2\/product_brand?post=103260"},{"taxonomy":"product_cat","embeddable":true,"href":"https:\/\/aral2.cetrexmarketing.com\/ca\/wp-json\/wp\/v2\/product_cat?post=103260"},{"taxonomy":"product_tag","embeddable":true,"href":"https:\/\/aral2.cetrexmarketing.com\/ca\/wp-json\/wp\/v2\/product_tag?post=103260"}],"curies":[{"name":"wp","href":"https:\/\/api.w.org\/{rel}","templated":true}]}}