{"id":103252,"date":"2025-05-26T07:18:48","date_gmt":"2025-05-26T07:18:48","guid":{"rendered":"https:\/\/aral2.cetrexmarketing.com\/producto\/la-bella-lola\/"},"modified":"2025-05-27T07:38:49","modified_gmt":"2025-05-27T07:38:49","slug":"la-bella-lola","status":"publish","type":"product","link":"https:\/\/aral2.cetrexmarketing.com\/ca\/producto\/la-bella-lola\/","title":{"rendered":"La Bella Lola"},"content":{"rendered":"<p data-start=\"0\" data-end=\"412\"><strong data-start=\"0\" data-end=\"17\">La Bella Lola<\/strong> \u00e9s una cervesa artesanal espanyola, coneguda per el seu sabor \u00fanic i el seu enfocament en ingredients de qualitat. \u00c9s una cervesa de tipus <strong data-start=\"157\" data-end=\"171\">blonde ale<\/strong>, que es caracteritza per la seva suavitat, frescor i un toc lleuger d&#8217;amargor. Aquesta cervesa ha estat creada per la cervesera artesanal <strong data-start=\"310\" data-end=\"327\">La Bella Lola<\/strong>, que es dedica a produir cerveses amb un enfocament en l&#8217;autenticitat i la qualitat.<\/p>\n<h3 data-start=\"419\" data-end=\"455\"><strong data-start=\"423\" data-end=\"455\">Caracter\u00edstiques principals:<\/strong><\/h3>\n<ul data-start=\"456\" data-end=\"892\">\n<li data-start=\"456\" data-end=\"517\"><strong data-start=\"458\" data-end=\"468\">Estil:<\/strong> <strong data-start=\"469\" data-end=\"483\">Blonde Ale<\/strong> (cervesa rubia de estil lleuger).<\/li>\n<li data-start=\"518\" data-end=\"572\"><strong data-start=\"520\" data-end=\"530\">Color:<\/strong> <strong data-start=\"531\" data-end=\"550\">Dorado brillant<\/strong>, lleugerament t\u00e8rbol.<\/li>\n<li data-start=\"573\" data-end=\"651\"><strong data-start=\"575\" data-end=\"585\">Aroma:<\/strong> Notes suaus de <strong data-start=\"601\" data-end=\"610\">malta<\/strong>, un toc floral i un lleu mat\u00eds afruitat.<\/li>\n<li data-start=\"652\" data-end=\"799\"><strong data-start=\"654\" data-end=\"664\">Sabor:<\/strong> Suau, equilibrat, amb un toc lleuger d&#8217;amargor. T\u00e9 un sabor refrescant i lleugerament malt\u00f3s, amb tocs de <strong data-start=\"771\" data-end=\"782\">cereals<\/strong> i un final suau.<\/li>\n<li data-start=\"800\" data-end=\"892\"><strong data-start=\"802\" data-end=\"827\">Graduaci\u00f3 alcoh\u00f2lica:<\/strong> Aproximadament <strong data-start=\"843\" data-end=\"856\">4,5% vol.<\/strong> (pot variar depenent de la versi\u00f3).<\/li>\n<\/ul>\n<h3 data-start=\"899\" data-end=\"921\"><strong data-start=\"903\" data-end=\"921\">Notes de cata:<\/strong><\/h3>\n<ul data-start=\"922\" data-end=\"1102\">\n<li data-start=\"922\" data-end=\"997\"><strong data-start=\"924\" data-end=\"934\">Aroma:<\/strong> Fresc i subtil, amb aromes a <strong data-start=\"964\" data-end=\"981\">malta torrada<\/strong> i tocs florals.<\/li>\n<li data-start=\"998\" data-end=\"1102\"><strong data-start=\"1000\" data-end=\"1010\">Sabor:<\/strong> Lleuger i refrescant, amb un sabor maltat, lleugerament dol\u00e7 i un toc d&#8217;amargor equilibrat.<\/li>\n<\/ul>\n<h3 data-start=\"1109\" data-end=\"1133\"><strong data-start=\"1113\" data-end=\"1133\">Usos recomanats:<\/strong><\/h3>\n<p data-start=\"1134\" data-end=\"1330\">\u00a0Perfecta per gaudir com a <strong data-start=\"1162\" data-end=\"1174\">aperitiu<\/strong> o acompanyant plats lleugers com <strong data-start=\"1208\" data-end=\"1220\">amanides<\/strong>, <strong data-start=\"1222\" data-end=\"1232\">marisc<\/strong> o <strong data-start=\"1235\" data-end=\"1256\">peix a la graella<\/strong>.<br data-start=\"1257\" data-end=\"1260\" \/>\u00a0Ideal per acompanyar <strong data-start=\"1283\" data-end=\"1299\">menjar fresc<\/strong>, com <strong data-start=\"1305\" data-end=\"1314\">tapes<\/strong> o <strong data-start=\"1317\" data-end=\"1329\">embotits<\/strong>.<\/p>\n<h3 data-start=\"1337\" data-end=\"1371\"><strong data-start=\"1341\" data-end=\"1371\">Presentaci\u00f3 i conservaci\u00f3:<\/strong><\/h3>\n<ul data-start=\"1372\" data-end=\"1497\">\n<li data-start=\"1372\" data-end=\"1449\">Es presenta en <strong data-start=\"1389\" data-end=\"1411\">ampolles de 330 ml<\/strong> o en <strong data-start=\"1417\" data-end=\"1428\">paquets<\/strong> de diverses unitats.<\/li>\n<li data-start=\"1450\" data-end=\"1497\">Es recomana conservar en un lloc fresc i sec.<\/li>\n<\/ul>\n<p data-start=\"1504\" data-end=\"1674\" data-is-last-node=\"\" data-is-only-node=\"\"><strong data-start=\"1504\" data-end=\"1521\">La Bella Lola<\/strong> \u00e9s una cervesa perfecta per a qui busquen una opci\u00f3 lleugera, f\u00e0cil de beure i amb un perfil de sabor accessible per acompanyar una varietat de menjars.<\/p>\n","protected":false},"excerpt":{"rendered":"<p>La Bella Lola \u00e9s una cervesa artesanal espanyola, coneguda per el seu sabor \u00fanic i el seu enfocament en ingredients de qualitat. \u00c9s una cervesa de tipus blonde ale, que es caracteritza per la seva suavitat, frescor i un toc lleuger d&#8217;amargor. Aquesta cervesa ha estat creada per la cervesera artesanal La Bella Lola, que&hellip;<\/p>\n","protected":false},"featured_media":103249,"comment_status":"closed","ping_status":"closed","template":"","meta":{"_acf_changed":false},"pwb-brand":[],"product_brand":[],"product_cat":[51736,51737],"product_tag":[18453],"class_list":{"0":"post-103252","1":"product","2":"type-product","3":"status-publish","4":"has-post-thumbnail","6":"product_cat-cervesa","7":"product_cat-cervesa-catalunya-cervesa","8":"product_tag-la-bella-lola-ca","9":"pa_elaborador-barcelonabeercompany-ca","10":"pa_formatoenl-36159","11":"pa_formatoenml-38312","12":"pa_graduacion-4_0","13":"pa_pais-espanya-ca","14":"pa_pesoengramos-38355","15":"pa_pesoenkg-03-ca","16":"pa_pueblociudad-llinarsdelvallesbarcelona","17":"pa_region-cantabria","18":"entry","19":"has-media","21":"first","22":"instock","23":"taxable","24":"shipping-taxable","25":"purchasable","26":"product-type-simple"},"acf":[],"yoast_head":"<!-- This site is optimized with the Yoast SEO Premium plugin v23.1 (Yoast SEO v23.5) - https:\/\/yoast.com\/wordpress\/plugins\/seo\/ -->\n<title>La Bella Lola Cervesa de Barcelona<\/title>\n<meta name=\"description\" content=\"Comprar online al millor preu cerveses nacionals i internacionals.\" \/>\n<meta name=\"robots\" content=\"noindex, follow, max-snippet:-1, max-image-preview:large, max-video-preview:-1\" \/>\n<meta property=\"og:locale\" content=\"ca_ES\" \/>\n<meta property=\"og:type\" content=\"article\" \/>\n<meta property=\"og:title\" content=\"La Bella Lola\" \/>\n<meta property=\"og:description\" content=\"Comprar online al millor preu cerveses nacionals i internacionals.\" \/>\n<meta property=\"og:url\" content=\"https:\/\/aral2.cetrexmarketing.com\/ca\/producto\/la-bella-lola\/\" \/>\n<meta property=\"og:site_name\" content=\"M\u00f3n La Cata\" \/>\n<meta property=\"article:modified_time\" content=\"2025-05-27T07:38:49+00:00\" \/>\n<meta property=\"og:image\" content=\"https:\/\/aral2.cetrexmarketing.com\/wp-content\/uploads\/2025\/05\/bella-lola.jpg.png\" \/>\n\t<meta property=\"og:image:width\" content=\"765\" \/>\n\t<meta property=\"og:image:height\" content=\"1024\" \/>\n\t<meta property=\"og:image:type\" content=\"image\/png\" \/>\n<meta name=\"twitter:card\" content=\"summary_large_image\" \/>\n<meta name=\"twitter:label1\" content=\"Temps estimat de lectura\" \/>\n\t<meta name=\"twitter:data1\" content=\"2 minuts\" \/>\n<script type=\"application\/ld+json\" class=\"yoast-schema-graph\">{\"@context\":\"https:\/\/schema.org\",\"@graph\":[{\"@type\":\"WebPage\",\"@id\":\"https:\/\/aral2.cetrexmarketing.com\/ca\/producto\/la-bella-lola\/\",\"url\":\"https:\/\/aral2.cetrexmarketing.com\/ca\/producto\/la-bella-lola\/\",\"name\":\"La Bella Lola Cervesa de Barcelona\",\"isPartOf\":{\"@id\":\"https:\/\/aral2.cetrexmarketing.com\/#website\"},\"primaryImageOfPage\":{\"@id\":\"https:\/\/aral2.cetrexmarketing.com\/ca\/producto\/la-bella-lola\/#primaryimage\"},\"image\":{\"@id\":\"https:\/\/aral2.cetrexmarketing.com\/ca\/producto\/la-bella-lola\/#primaryimage\"},\"thumbnailUrl\":\"https:\/\/aral2.cetrexmarketing.com\/wp-content\/uploads\/2025\/05\/bella-lola.jpg.png\",\"datePublished\":\"2025-05-26T07:18:48+00:00\",\"dateModified\":\"2025-05-27T07:38:49+00:00\",\"description\":\"Comprar online al millor preu cerveses nacionals i internacionals.\",\"breadcrumb\":{\"@id\":\"https:\/\/aral2.cetrexmarketing.com\/ca\/producto\/la-bella-lola\/#breadcrumb\"},\"inLanguage\":\"ca\",\"potentialAction\":[{\"@type\":\"ReadAction\",\"target\":[\"https:\/\/aral2.cetrexmarketing.com\/ca\/producto\/la-bella-lola\/\"]}]},{\"@type\":\"ImageObject\",\"inLanguage\":\"ca\",\"@id\":\"https:\/\/aral2.cetrexmarketing.com\/ca\/producto\/la-bella-lola\/#primaryimage\",\"url\":\"https:\/\/aral2.cetrexmarketing.com\/wp-content\/uploads\/2025\/05\/bella-lola.jpg.png\",\"contentUrl\":\"https:\/\/aral2.cetrexmarketing.com\/wp-content\/uploads\/2025\/05\/bella-lola.jpg.png\",\"width\":765,\"height\":1024},{\"@type\":\"BreadcrumbList\",\"@id\":\"https:\/\/aral2.cetrexmarketing.com\/ca\/producto\/la-bella-lola\/#breadcrumb\",\"itemListElement\":[{\"@type\":\"ListItem\",\"position\":1,\"name\":\"Home\",\"item\":\"https:\/\/aral2.cetrexmarketing.com\/ca\/\"},{\"@type\":\"ListItem\",\"position\":2,\"name\":\"Tienda\",\"item\":\"https:\/\/aral2.cetrexmarketing.com\/ca\/tienda-2\/\"},{\"@type\":\"ListItem\",\"position\":3,\"name\":\"Cervesa\",\"item\":\"https:\/\/aral2.cetrexmarketing.com\/categoria-producto\/home-ca\/cervesa-ca\/\"},{\"@type\":\"ListItem\",\"position\":4,\"name\":\"Cerveza Catalu\u00f1a\",\"item\":\"https:\/\/aral2.cetrexmarketing.com\/categoria-producto\/inicio\/cerveza\/cerveza-cataluna\/\"},{\"@type\":\"ListItem\",\"position\":5,\"name\":\"La Bella Lola\"}]},{\"@type\":\"WebSite\",\"@id\":\"https:\/\/aral2.cetrexmarketing.com\/#website\",\"url\":\"https:\/\/aral2.cetrexmarketing.com\/\",\"name\":\"M\u00f3n La Cata\",\"description\":\"Tienda de vinos, licores, cervezas y gourmet\",\"publisher\":{\"@id\":\"https:\/\/aral2.cetrexmarketing.com\/#organization\"},\"potentialAction\":[{\"@type\":\"SearchAction\",\"target\":{\"@type\":\"EntryPoint\",\"urlTemplate\":\"https:\/\/aral2.cetrexmarketing.com\/?s={search_term_string}\"},\"query-input\":{\"@type\":\"PropertyValueSpecification\",\"valueRequired\":true,\"valueName\":\"search_term_string\"}}],\"inLanguage\":\"ca\"},{\"@type\":\"Organization\",\"@id\":\"https:\/\/aral2.cetrexmarketing.com\/#organization\",\"name\":\"M\u00f3n La Cata\",\"url\":\"https:\/\/aral2.cetrexmarketing.com\/\",\"logo\":{\"@type\":\"ImageObject\",\"inLanguage\":\"ca\",\"@id\":\"https:\/\/aral2.cetrexmarketing.com\/#\/schema\/logo\/image\/\",\"url\":\"https:\/\/aral2.cetrexmarketing.com\/wp-content\/uploads\/2024\/10\/aral-logo-neg-1024x409-1.png\",\"contentUrl\":\"https:\/\/aral2.cetrexmarketing.com\/wp-content\/uploads\/2024\/10\/aral-logo-neg-1024x409-1.png\",\"width\":1024,\"height\":409,\"caption\":\"M\u00f3n La Cata\"},\"image\":{\"@id\":\"https:\/\/aral2.cetrexmarketing.com\/#\/schema\/logo\/image\/\"}}]}<\/script>\n<!-- \/ Yoast SEO Premium plugin. -->","yoast_head_json":{"title":"La Bella Lola Cervesa de Barcelona","description":"Comprar online al millor preu cerveses nacionals i internacionals.","robots":{"index":"noindex","follow":"follow","max-snippet":"max-snippet:-1","max-image-preview":"max-image-preview:large","max-video-preview":"max-video-preview:-1"},"og_locale":"ca_ES","og_type":"article","og_title":"La Bella Lola","og_description":"Comprar online al millor preu cerveses nacionals i internacionals.","og_url":"https:\/\/aral2.cetrexmarketing.com\/ca\/producto\/la-bella-lola\/","og_site_name":"M\u00f3n La Cata","article_modified_time":"2025-05-27T07:38:49+00:00","og_image":[{"width":765,"height":1024,"url":"https:\/\/aral2.cetrexmarketing.com\/wp-content\/uploads\/2025\/05\/bella-lola.jpg.png","type":"image\/png"}],"twitter_card":"summary_large_image","twitter_misc":{"Temps estimat de lectura":"2 minuts"},"schema":{"@context":"https:\/\/schema.org","@graph":[{"@type":"WebPage","@id":"https:\/\/aral2.cetrexmarketing.com\/ca\/producto\/la-bella-lola\/","url":"https:\/\/aral2.cetrexmarketing.com\/ca\/producto\/la-bella-lola\/","name":"La Bella Lola Cervesa de Barcelona","isPartOf":{"@id":"https:\/\/aral2.cetrexmarketing.com\/#website"},"primaryImageOfPage":{"@id":"https:\/\/aral2.cetrexmarketing.com\/ca\/producto\/la-bella-lola\/#primaryimage"},"image":{"@id":"https:\/\/aral2.cetrexmarketing.com\/ca\/producto\/la-bella-lola\/#primaryimage"},"thumbnailUrl":"https:\/\/aral2.cetrexmarketing.com\/wp-content\/uploads\/2025\/05\/bella-lola.jpg.png","datePublished":"2025-05-26T07:18:48+00:00","dateModified":"2025-05-27T07:38:49+00:00","description":"Comprar online al millor preu cerveses nacionals i internacionals.","breadcrumb":{"@id":"https:\/\/aral2.cetrexmarketing.com\/ca\/producto\/la-bella-lola\/#breadcrumb"},"inLanguage":"ca","potentialAction":[{"@type":"ReadAction","target":["https:\/\/aral2.cetrexmarketing.com\/ca\/producto\/la-bella-lola\/"]}]},{"@type":"ImageObject","inLanguage":"ca","@id":"https:\/\/aral2.cetrexmarketing.com\/ca\/producto\/la-bella-lola\/#primaryimage","url":"https:\/\/aral2.cetrexmarketing.com\/wp-content\/uploads\/2025\/05\/bella-lola.jpg.png","contentUrl":"https:\/\/aral2.cetrexmarketing.com\/wp-content\/uploads\/2025\/05\/bella-lola.jpg.png","width":765,"height":1024},{"@type":"BreadcrumbList","@id":"https:\/\/aral2.cetrexmarketing.com\/ca\/producto\/la-bella-lola\/#breadcrumb","itemListElement":[{"@type":"ListItem","position":1,"name":"Home","item":"https:\/\/aral2.cetrexmarketing.com\/ca\/"},{"@type":"ListItem","position":2,"name":"Tienda","item":"https:\/\/aral2.cetrexmarketing.com\/ca\/tienda-2\/"},{"@type":"ListItem","position":3,"name":"Cervesa","item":"https:\/\/aral2.cetrexmarketing.com\/categoria-producto\/home-ca\/cervesa-ca\/"},{"@type":"ListItem","position":4,"name":"Cerveza Catalu\u00f1a","item":"https:\/\/aral2.cetrexmarketing.com\/categoria-producto\/inicio\/cerveza\/cerveza-cataluna\/"},{"@type":"ListItem","position":5,"name":"La Bella Lola"}]},{"@type":"WebSite","@id":"https:\/\/aral2.cetrexmarketing.com\/#website","url":"https:\/\/aral2.cetrexmarketing.com\/","name":"M\u00f3n La Cata","description":"Tienda de vinos, licores, cervezas y gourmet","publisher":{"@id":"https:\/\/aral2.cetrexmarketing.com\/#organization"},"potentialAction":[{"@type":"SearchAction","target":{"@type":"EntryPoint","urlTemplate":"https:\/\/aral2.cetrexmarketing.com\/?s={search_term_string}"},"query-input":{"@type":"PropertyValueSpecification","valueRequired":true,"valueName":"search_term_string"}}],"inLanguage":"ca"},{"@type":"Organization","@id":"https:\/\/aral2.cetrexmarketing.com\/#organization","name":"M\u00f3n La Cata","url":"https:\/\/aral2.cetrexmarketing.com\/","logo":{"@type":"ImageObject","inLanguage":"ca","@id":"https:\/\/aral2.cetrexmarketing.com\/#\/schema\/logo\/image\/","url":"https:\/\/aral2.cetrexmarketing.com\/wp-content\/uploads\/2024\/10\/aral-logo-neg-1024x409-1.png","contentUrl":"https:\/\/aral2.cetrexmarketing.com\/wp-content\/uploads\/2024\/10\/aral-logo-neg-1024x409-1.png","width":1024,"height":409,"caption":"M\u00f3n La Cata"},"image":{"@id":"https:\/\/aral2.cetrexmarketing.com\/#\/schema\/logo\/image\/"}}]}},"brands":[],"_links":{"self":[{"href":"https:\/\/aral2.cetrexmarketing.com\/ca\/wp-json\/wp\/v2\/product\/103252","targetHints":{"allow":["GET"]}}],"collection":[{"href":"https:\/\/aral2.cetrexmarketing.com\/ca\/wp-json\/wp\/v2\/product"}],"about":[{"href":"https:\/\/aral2.cetrexmarketing.com\/ca\/wp-json\/wp\/v2\/types\/product"}],"replies":[{"embeddable":true,"href":"https:\/\/aral2.cetrexmarketing.com\/ca\/wp-json\/wp\/v2\/comments?post=103252"}],"wp:featuredmedia":[{"embeddable":true,"href":"https:\/\/aral2.cetrexmarketing.com\/ca\/wp-json\/wp\/v2\/media\/103249"}],"wp:attachment":[{"href":"https:\/\/aral2.cetrexmarketing.com\/ca\/wp-json\/wp\/v2\/media?parent=103252"}],"wp:term":[{"taxonomy":"pwb-brand","embeddable":true,"href":"https:\/\/aral2.cetrexmarketing.com\/ca\/wp-json\/wp\/v2\/pwb-brand?post=103252"},{"taxonomy":"product_brand","embeddable":true,"href":"https:\/\/aral2.cetrexmarketing.com\/ca\/wp-json\/wp\/v2\/product_brand?post=103252"},{"taxonomy":"product_cat","embeddable":true,"href":"https:\/\/aral2.cetrexmarketing.com\/ca\/wp-json\/wp\/v2\/product_cat?post=103252"},{"taxonomy":"product_tag","embeddable":true,"href":"https:\/\/aral2.cetrexmarketing.com\/ca\/wp-json\/wp\/v2\/product_tag?post=103252"}],"curies":[{"name":"wp","href":"https:\/\/api.w.org\/{rel}","templated":true}]}}