{"id":103015,"date":"2025-05-26T07:15:22","date_gmt":"2025-05-26T07:15:22","guid":{"rendered":"https:\/\/aral2.cetrexmarketing.com\/producto\/miracielo-reserva-especial\/"},"modified":"2025-05-27T07:38:11","modified_gmt":"2025-05-27T07:38:11","slug":"miracielo-reserva-especial","status":"publish","type":"product","link":"https:\/\/aral2.cetrexmarketing.com\/ca\/producto\/miracielo-reserva-especial\/","title":{"rendered":"Miracielo Reserva Especial"},"content":{"rendered":"<p class=\"\" data-start=\"1539\" data-end=\"1836\"><strong data-start=\"1539\" data-end=\"1569\">Miracielo Reserva Especial<\/strong> \u00e9s un vi negre elegant i estructurat, elaborat amb cura a partir de ra\u00efm seleccionat i criat amb paci\u00e8ncia per oferir una experi\u00e8ncia complexa i equilibrada. Representa la uni\u00f3 entre la tradici\u00f3 i la modernitat enol\u00f2gica, ideal per als amants dels vins amb car\u00e0cter.<\/p>\n<p class=\"\" data-start=\"1838\" data-end=\"1872\"><strong data-start=\"1838\" data-end=\"1872\">Caracter\u00edstiques del producte:<\/strong><\/p>\n<ul data-start=\"1873\" data-end=\"2126\">\n<li class=\"\" data-start=\"1873\" data-end=\"1902\">\n<p class=\"\" data-start=\"1875\" data-end=\"1902\"><strong data-start=\"1875\" data-end=\"1885\">Tipus:<\/strong> Vi negre reserva<\/p>\n<\/li>\n<li class=\"\" data-start=\"1903\" data-end=\"1924\">\n<p class=\"\" data-start=\"1905\" data-end=\"1924\"><strong data-start=\"1905\" data-end=\"1916\">Origen:<\/strong> Espanya<\/p>\n<\/li>\n<li class=\"\" data-start=\"1925\" data-end=\"1982\">\n<p class=\"\" data-start=\"1927\" data-end=\"1982\"><strong data-start=\"1927\" data-end=\"1949\">Varietats de ra\u00efm:<\/strong> Tempranillo, Garnatxa i Graciano<\/p>\n<\/li>\n<li class=\"\" data-start=\"1983\" data-end=\"2034\">\n<p class=\"\" data-start=\"1985\" data-end=\"2034\"><strong data-start=\"1985\" data-end=\"2010\">Graduaci\u00f3 alcoh\u00f2lica:<\/strong> Aproximadament 14% vol.<\/p>\n<\/li>\n<li class=\"\" data-start=\"2035\" data-end=\"2126\">\n<p class=\"\" data-start=\"2037\" data-end=\"2126\"><strong data-start=\"2037\" data-end=\"2049\">Crian\u00e7a:<\/strong> 18 mesos en b\u00f3tes de roure franc\u00e8s i americ\u00e0, seguits d\u2019afinament en ampolla<\/p>\n<\/li>\n<\/ul>\n<p class=\"\" data-start=\"2128\" data-end=\"2146\"><strong data-start=\"2128\" data-end=\"2146\">Notes de tast:<\/strong><\/p>\n<ul data-start=\"2147\" data-end=\"2432\">\n<li class=\"\" data-start=\"2147\" data-end=\"2190\">\n<p class=\"\" data-start=\"2149\" data-end=\"2190\"><strong data-start=\"2149\" data-end=\"2159\">Color:<\/strong> Rob\u00ed intens amb reflexos teula<\/p>\n<\/li>\n<li class=\"\" data-start=\"2191\" data-end=\"2296\">\n<p class=\"\" data-start=\"2193\" data-end=\"2296\"><strong data-start=\"2193\" data-end=\"2203\">Aroma:<\/strong> Fruita madura com pruna i cirera negra, amb notes de vainilla, cuir, tabac i esp\u00e8cies dolces<\/p>\n<\/li>\n<li class=\"\" data-start=\"2297\" data-end=\"2432\">\n<p class=\"\" data-start=\"2299\" data-end=\"2432\"><strong data-start=\"2299\" data-end=\"2308\">Gust:<\/strong> A la boca \u00e9s rod\u00f3 i vellutat, amb tanins ben integrats, bona acidesa i un final llarg amb records de fruita i fusta torrada<\/p>\n<\/li>\n<\/ul>\n<p class=\"\" data-start=\"2434\" data-end=\"2650\"><strong data-start=\"2434\" data-end=\"2458\">Maridatge recomanat:<\/strong><\/p>\n<p>Perfecte per acompanyar carns vermelles, rostits, xai, guisats contundents i formatges curats. Ideal tamb\u00e9 per a celebracions o moments especials que requereixin un vi amb cos i personalitat.<\/p>\n<p class=\"\" data-start=\"2652\" data-end=\"2844\"><strong data-start=\"2652\" data-end=\"2666\">Conclusi\u00f3:<\/strong><\/p>\n<p>Miracielo Reserva Especial \u00e9s un vi que destaca per la seva profunditat, eleg\u00e0ncia i equilibri, ideal per a qui cerca un negre amb complexitat i capacitat d\u2019evoluci\u00f3 en ampolla.<\/p>\n","protected":false},"excerpt":{"rendered":"<p>Miracielo Reserva Especial \u00e9s un vi negre elegant i estructurat, elaborat amb cura a partir de ra\u00efm seleccionat i criat amb paci\u00e8ncia per oferir una experi\u00e8ncia complexa i equilibrada. Representa la uni\u00f3 entre la tradici\u00f3 i la modernitat enol\u00f2gica, ideal per als amants dels vins amb car\u00e0cter. Caracter\u00edstiques del producte: Tipus: Vi negre reserva Origen:&hellip;<\/p>\n","protected":false},"featured_media":103012,"comment_status":"closed","ping_status":"closed","template":"","meta":{"_acf_changed":false},"pwb-brand":[],"product_brand":[],"product_cat":[51692,51720],"product_tag":[18129,15516,18431,16042,38940,16514],"class_list":{"0":"post-103015","1":"product","2":"type-product","3":"status-publish","4":"has-post-thumbnail","6":"product_cat-destillats","7":"product_cat-rom","8":"product_tag-artesanal-ca","9":"product_tag-guatemala-ca","10":"product_tag-miracielo-ca","11":"product_tag-reserva-especial-ca","12":"product_tag-rom","13":"product_tag-spiced-ca","14":"pa_bodega-industrialicoreraquezaleca","15":"pa_formatoenl-36167","16":"pa_formatoenml-38307","17":"pa_graduacion-38_0","18":"pa_pais-guatemala-ca","19":"pa_pesoengramos-38342","20":"pa_pesoenkg-10-ca","21":"entry","22":"has-media","24":"first","25":"outofstock","26":"taxable","27":"shipping-taxable","28":"purchasable","29":"product-type-simple"},"acf":[],"yoast_head":"<!-- This site is optimized with the Yoast SEO Premium plugin v23.1 (Yoast SEO v23.5) - https:\/\/yoast.com\/wordpress\/plugins\/seo\/ -->\n<title>Miracielo Reserva Especial Artesanal rom de Guatemala<\/title>\n<meta name=\"description\" content=\"Comprar online al millor preu roms d&#039;arreu del m\u00f3n.\" \/>\n<meta name=\"robots\" content=\"noindex, follow, max-snippet:-1, max-image-preview:large, max-video-preview:-1\" \/>\n<meta property=\"og:locale\" content=\"ca_ES\" \/>\n<meta property=\"og:type\" content=\"article\" \/>\n<meta property=\"og:title\" content=\"Miracielo Reserva Especial\" \/>\n<meta property=\"og:description\" content=\"Comprar online al millor preu roms d&#039;arreu del m\u00f3n.\" \/>\n<meta property=\"og:url\" content=\"https:\/\/aral2.cetrexmarketing.com\/ca\/producto\/miracielo-reserva-especial\/\" \/>\n<meta property=\"og:site_name\" content=\"M\u00f3n La Cata\" \/>\n<meta property=\"article:modified_time\" content=\"2025-05-27T07:38:11+00:00\" \/>\n<meta property=\"og:image\" content=\"https:\/\/aral2.cetrexmarketing.com\/wp-content\/uploads\/2025\/05\/RON-MIRACIELO-RESERVA-ESPECIAL.jpg-1.png\" \/>\n\t<meta property=\"og:image:width\" content=\"765\" \/>\n\t<meta property=\"og:image:height\" content=\"1024\" \/>\n\t<meta property=\"og:image:type\" content=\"image\/png\" \/>\n<meta name=\"twitter:card\" content=\"summary_large_image\" \/>\n<meta name=\"twitter:label1\" content=\"Temps estimat de lectura\" \/>\n\t<meta name=\"twitter:data1\" content=\"2 minuts\" \/>\n<script type=\"application\/ld+json\" class=\"yoast-schema-graph\">{\"@context\":\"https:\/\/schema.org\",\"@graph\":[{\"@type\":\"WebPage\",\"@id\":\"https:\/\/aral2.cetrexmarketing.com\/ca\/producto\/miracielo-reserva-especial\/\",\"url\":\"https:\/\/aral2.cetrexmarketing.com\/ca\/producto\/miracielo-reserva-especial\/\",\"name\":\"Miracielo Reserva Especial Artesanal rom de Guatemala\",\"isPartOf\":{\"@id\":\"https:\/\/aral2.cetrexmarketing.com\/#website\"},\"primaryImageOfPage\":{\"@id\":\"https:\/\/aral2.cetrexmarketing.com\/ca\/producto\/miracielo-reserva-especial\/#primaryimage\"},\"image\":{\"@id\":\"https:\/\/aral2.cetrexmarketing.com\/ca\/producto\/miracielo-reserva-especial\/#primaryimage\"},\"thumbnailUrl\":\"https:\/\/aral2.cetrexmarketing.com\/wp-content\/uploads\/2025\/05\/RON-MIRACIELO-RESERVA-ESPECIAL.jpg-1.png\",\"datePublished\":\"2025-05-26T07:15:22+00:00\",\"dateModified\":\"2025-05-27T07:38:11+00:00\",\"description\":\"Comprar online al millor preu roms d'arreu del m\u00f3n.\",\"breadcrumb\":{\"@id\":\"https:\/\/aral2.cetrexmarketing.com\/ca\/producto\/miracielo-reserva-especial\/#breadcrumb\"},\"inLanguage\":\"ca\",\"potentialAction\":[{\"@type\":\"ReadAction\",\"target\":[\"https:\/\/aral2.cetrexmarketing.com\/ca\/producto\/miracielo-reserva-especial\/\"]}]},{\"@type\":\"ImageObject\",\"inLanguage\":\"ca\",\"@id\":\"https:\/\/aral2.cetrexmarketing.com\/ca\/producto\/miracielo-reserva-especial\/#primaryimage\",\"url\":\"https:\/\/aral2.cetrexmarketing.com\/wp-content\/uploads\/2025\/05\/RON-MIRACIELO-RESERVA-ESPECIAL.jpg-1.png\",\"contentUrl\":\"https:\/\/aral2.cetrexmarketing.com\/wp-content\/uploads\/2025\/05\/RON-MIRACIELO-RESERVA-ESPECIAL.jpg-1.png\",\"width\":765,\"height\":1024},{\"@type\":\"BreadcrumbList\",\"@id\":\"https:\/\/aral2.cetrexmarketing.com\/ca\/producto\/miracielo-reserva-especial\/#breadcrumb\",\"itemListElement\":[{\"@type\":\"ListItem\",\"position\":1,\"name\":\"Home\",\"item\":\"https:\/\/aral2.cetrexmarketing.com\/ca\/\"},{\"@type\":\"ListItem\",\"position\":2,\"name\":\"Tienda\",\"item\":\"https:\/\/aral2.cetrexmarketing.com\/ca\/tienda-2\/\"},{\"@type\":\"ListItem\",\"position\":3,\"name\":\"Destil\u00b7lats\",\"item\":\"https:\/\/aral2.cetrexmarketing.com\/categoria-producto\/destil%c2%b7lats\/\"},{\"@type\":\"ListItem\",\"position\":4,\"name\":\"Rom\",\"item\":\"https:\/\/aral2.cetrexmarketing.com\/categoria-producto\/destil%c2%b7lats\/rom\/\"},{\"@type\":\"ListItem\",\"position\":5,\"name\":\"Miracielo Reserva Especial\"}]},{\"@type\":\"WebSite\",\"@id\":\"https:\/\/aral2.cetrexmarketing.com\/#website\",\"url\":\"https:\/\/aral2.cetrexmarketing.com\/\",\"name\":\"M\u00f3n La Cata\",\"description\":\"Tienda de vinos, licores, cervezas y gourmet\",\"publisher\":{\"@id\":\"https:\/\/aral2.cetrexmarketing.com\/#organization\"},\"potentialAction\":[{\"@type\":\"SearchAction\",\"target\":{\"@type\":\"EntryPoint\",\"urlTemplate\":\"https:\/\/aral2.cetrexmarketing.com\/?s={search_term_string}\"},\"query-input\":{\"@type\":\"PropertyValueSpecification\",\"valueRequired\":true,\"valueName\":\"search_term_string\"}}],\"inLanguage\":\"ca\"},{\"@type\":\"Organization\",\"@id\":\"https:\/\/aral2.cetrexmarketing.com\/#organization\",\"name\":\"M\u00f3n La Cata\",\"url\":\"https:\/\/aral2.cetrexmarketing.com\/\",\"logo\":{\"@type\":\"ImageObject\",\"inLanguage\":\"ca\",\"@id\":\"https:\/\/aral2.cetrexmarketing.com\/#\/schema\/logo\/image\/\",\"url\":\"https:\/\/aral2.cetrexmarketing.com\/wp-content\/uploads\/2024\/10\/aral-logo-neg-1024x409-1.png\",\"contentUrl\":\"https:\/\/aral2.cetrexmarketing.com\/wp-content\/uploads\/2024\/10\/aral-logo-neg-1024x409-1.png\",\"width\":1024,\"height\":409,\"caption\":\"M\u00f3n La Cata\"},\"image\":{\"@id\":\"https:\/\/aral2.cetrexmarketing.com\/#\/schema\/logo\/image\/\"}}]}<\/script>\n<!-- \/ Yoast SEO Premium plugin. -->","yoast_head_json":{"title":"Miracielo Reserva Especial Artesanal rom de Guatemala","description":"Comprar online al millor preu roms d'arreu del m\u00f3n.","robots":{"index":"noindex","follow":"follow","max-snippet":"max-snippet:-1","max-image-preview":"max-image-preview:large","max-video-preview":"max-video-preview:-1"},"og_locale":"ca_ES","og_type":"article","og_title":"Miracielo Reserva Especial","og_description":"Comprar online al millor preu roms d'arreu del m\u00f3n.","og_url":"https:\/\/aral2.cetrexmarketing.com\/ca\/producto\/miracielo-reserva-especial\/","og_site_name":"M\u00f3n La Cata","article_modified_time":"2025-05-27T07:38:11+00:00","og_image":[{"width":765,"height":1024,"url":"https:\/\/aral2.cetrexmarketing.com\/wp-content\/uploads\/2025\/05\/RON-MIRACIELO-RESERVA-ESPECIAL.jpg-1.png","type":"image\/png"}],"twitter_card":"summary_large_image","twitter_misc":{"Temps estimat de lectura":"2 minuts"},"schema":{"@context":"https:\/\/schema.org","@graph":[{"@type":"WebPage","@id":"https:\/\/aral2.cetrexmarketing.com\/ca\/producto\/miracielo-reserva-especial\/","url":"https:\/\/aral2.cetrexmarketing.com\/ca\/producto\/miracielo-reserva-especial\/","name":"Miracielo Reserva Especial Artesanal rom de Guatemala","isPartOf":{"@id":"https:\/\/aral2.cetrexmarketing.com\/#website"},"primaryImageOfPage":{"@id":"https:\/\/aral2.cetrexmarketing.com\/ca\/producto\/miracielo-reserva-especial\/#primaryimage"},"image":{"@id":"https:\/\/aral2.cetrexmarketing.com\/ca\/producto\/miracielo-reserva-especial\/#primaryimage"},"thumbnailUrl":"https:\/\/aral2.cetrexmarketing.com\/wp-content\/uploads\/2025\/05\/RON-MIRACIELO-RESERVA-ESPECIAL.jpg-1.png","datePublished":"2025-05-26T07:15:22+00:00","dateModified":"2025-05-27T07:38:11+00:00","description":"Comprar online al millor preu roms d'arreu del m\u00f3n.","breadcrumb":{"@id":"https:\/\/aral2.cetrexmarketing.com\/ca\/producto\/miracielo-reserva-especial\/#breadcrumb"},"inLanguage":"ca","potentialAction":[{"@type":"ReadAction","target":["https:\/\/aral2.cetrexmarketing.com\/ca\/producto\/miracielo-reserva-especial\/"]}]},{"@type":"ImageObject","inLanguage":"ca","@id":"https:\/\/aral2.cetrexmarketing.com\/ca\/producto\/miracielo-reserva-especial\/#primaryimage","url":"https:\/\/aral2.cetrexmarketing.com\/wp-content\/uploads\/2025\/05\/RON-MIRACIELO-RESERVA-ESPECIAL.jpg-1.png","contentUrl":"https:\/\/aral2.cetrexmarketing.com\/wp-content\/uploads\/2025\/05\/RON-MIRACIELO-RESERVA-ESPECIAL.jpg-1.png","width":765,"height":1024},{"@type":"BreadcrumbList","@id":"https:\/\/aral2.cetrexmarketing.com\/ca\/producto\/miracielo-reserva-especial\/#breadcrumb","itemListElement":[{"@type":"ListItem","position":1,"name":"Home","item":"https:\/\/aral2.cetrexmarketing.com\/ca\/"},{"@type":"ListItem","position":2,"name":"Tienda","item":"https:\/\/aral2.cetrexmarketing.com\/ca\/tienda-2\/"},{"@type":"ListItem","position":3,"name":"Destil\u00b7lats","item":"https:\/\/aral2.cetrexmarketing.com\/categoria-producto\/destil%c2%b7lats\/"},{"@type":"ListItem","position":4,"name":"Rom","item":"https:\/\/aral2.cetrexmarketing.com\/categoria-producto\/destil%c2%b7lats\/rom\/"},{"@type":"ListItem","position":5,"name":"Miracielo Reserva Especial"}]},{"@type":"WebSite","@id":"https:\/\/aral2.cetrexmarketing.com\/#website","url":"https:\/\/aral2.cetrexmarketing.com\/","name":"M\u00f3n La Cata","description":"Tienda de vinos, licores, cervezas y gourmet","publisher":{"@id":"https:\/\/aral2.cetrexmarketing.com\/#organization"},"potentialAction":[{"@type":"SearchAction","target":{"@type":"EntryPoint","urlTemplate":"https:\/\/aral2.cetrexmarketing.com\/?s={search_term_string}"},"query-input":{"@type":"PropertyValueSpecification","valueRequired":true,"valueName":"search_term_string"}}],"inLanguage":"ca"},{"@type":"Organization","@id":"https:\/\/aral2.cetrexmarketing.com\/#organization","name":"M\u00f3n La Cata","url":"https:\/\/aral2.cetrexmarketing.com\/","logo":{"@type":"ImageObject","inLanguage":"ca","@id":"https:\/\/aral2.cetrexmarketing.com\/#\/schema\/logo\/image\/","url":"https:\/\/aral2.cetrexmarketing.com\/wp-content\/uploads\/2024\/10\/aral-logo-neg-1024x409-1.png","contentUrl":"https:\/\/aral2.cetrexmarketing.com\/wp-content\/uploads\/2024\/10\/aral-logo-neg-1024x409-1.png","width":1024,"height":409,"caption":"M\u00f3n La Cata"},"image":{"@id":"https:\/\/aral2.cetrexmarketing.com\/#\/schema\/logo\/image\/"}}]}},"brands":[],"_links":{"self":[{"href":"https:\/\/aral2.cetrexmarketing.com\/ca\/wp-json\/wp\/v2\/product\/103015","targetHints":{"allow":["GET"]}}],"collection":[{"href":"https:\/\/aral2.cetrexmarketing.com\/ca\/wp-json\/wp\/v2\/product"}],"about":[{"href":"https:\/\/aral2.cetrexmarketing.com\/ca\/wp-json\/wp\/v2\/types\/product"}],"replies":[{"embeddable":true,"href":"https:\/\/aral2.cetrexmarketing.com\/ca\/wp-json\/wp\/v2\/comments?post=103015"}],"wp:featuredmedia":[{"embeddable":true,"href":"https:\/\/aral2.cetrexmarketing.com\/ca\/wp-json\/wp\/v2\/media\/103012"}],"wp:attachment":[{"href":"https:\/\/aral2.cetrexmarketing.com\/ca\/wp-json\/wp\/v2\/media?parent=103015"}],"wp:term":[{"taxonomy":"pwb-brand","embeddable":true,"href":"https:\/\/aral2.cetrexmarketing.com\/ca\/wp-json\/wp\/v2\/pwb-brand?post=103015"},{"taxonomy":"product_brand","embeddable":true,"href":"https:\/\/aral2.cetrexmarketing.com\/ca\/wp-json\/wp\/v2\/product_brand?post=103015"},{"taxonomy":"product_cat","embeddable":true,"href":"https:\/\/aral2.cetrexmarketing.com\/ca\/wp-json\/wp\/v2\/product_cat?post=103015"},{"taxonomy":"product_tag","embeddable":true,"href":"https:\/\/aral2.cetrexmarketing.com\/ca\/wp-json\/wp\/v2\/product_tag?post=103015"}],"curies":[{"name":"wp","href":"https:\/\/api.w.org\/{rel}","templated":true}]}}