{"id":102930,"date":"2025-05-26T07:14:07","date_gmt":"2025-05-26T07:14:07","guid":{"rendered":"https:\/\/aral2.cetrexmarketing.com\/producto\/la-vicalanda-gran-reserva\/"},"modified":"2025-05-27T07:38:03","modified_gmt":"2025-05-27T07:38:03","slug":"la-vicalanda-gran-reserva","status":"publish","type":"product","link":"https:\/\/aral2.cetrexmarketing.com\/ca\/producto\/la-vicalanda-gran-reserva\/","title":{"rendered":"La Vicalanda Gran Reserva"},"content":{"rendered":"<p id=\"tw-target-text\" class=\"tw-data-text tw-text-large tw-ta\" dir=\"ltr\" data-placeholder=\"Traducci\u00f3\" data-ved=\"2ahUKEwiYiNWyreeEAxVbX_EDHWK6AysQ3ewLegQIDhAV\"><span class=\"Y2IQFc\" lang=\"ca\">La Vicalanda Gran Reserva \u00e9s un vi que s&#8217;elabora a una petita parcel\u00b7la d&#8217;Haro. I \u00e9s ideal per als amants dels vins amb cos i car\u00e0cter. Ens aporta una aroma magn\u00edfica de fruits negres amb la posterior boca estructurada, carnosa i vellutada.<\/span><\/p>\n<p class=\"tw-data-text tw-text-large tw-ta\" dir=\"ltr\" data-placeholder=\"Traducci\u00f3\" data-ved=\"2ahUKEwiYiNWyreeEAxVbX_EDHWK6AysQ3ewLegQIDhAV\"><span class=\"Y2IQFc\" lang=\"ca\">Aleshores aquest monovarietal d&#8217;Ull de Llebre marida perfectament amb segons plats o primers potents. Per exemple com a carns de ca\u00e7a a la brasa o amb formatges curats.<\/span><\/p>\n<p class=\"tw-data-text tw-text-large tw-ta\" dir=\"ltr\" data-placeholder=\"Traducci\u00f3\" data-ved=\"2ahUKEwiYiNWyreeEAxVbX_EDHWK6AysQ3ewLegQIDhAV\"><span class=\"Y2IQFc\" lang=\"ca\"> I \u00e9s perqu\u00e8 els millors ra\u00efms d&#8217;aquesta petita finca es fan servir per crear aquest vi de gran capacitat d&#8217;envelliment. Pel que aquesta joia de Cellers Bilba\u00efnes, \u00e9s un vi que no ha de passar per alt a qualsevol amant dels DOQ Rioja.<\/span><\/p>\n<h2 class=\"tw-data-text tw-text-large tw-ta\" dir=\"ltr\" data-placeholder=\"Traducci\u00f3\" data-ved=\"2ahUKEwiYiNWyreeEAxVbX_EDHWK6AysQ3ewLegQIDhAV\"><span class=\"Y2IQFc\" lang=\"ca\">Premis anyades recents de La Vicalanda Gran Reserva:<\/span><\/h2>\n<p class=\"tw-data-text tw-text-large tw-ta\" dir=\"ltr\" data-placeholder=\"Traducci\u00f3\" data-ved=\"2ahUKEwiYiNWyreeEAxVbX_EDHWK6AysQ3ewLegQIDhAV\"><span class=\"Y2IQFc\" lang=\"ca\"> Com a resultat d&#8217;aquest treball l&#8217;anyada 2015 va ser premiada el 2021 amb 93 punts James Suckling.<\/span><\/p>\n<p class=\"tw-data-text tw-text-large tw-ta\" dir=\"ltr\" data-placeholder=\"Traducci\u00f3\" data-ved=\"2ahUKEwiYiNWyreeEAxVbX_EDHWK6AysQ3ewLegQIDhAV\"><span class=\"Y2IQFc\" lang=\"ca\">I van seguir l&#8217;anyada 2012 va ser premiada el 2020 amb 95 Punts de la Guia Pe\u00f1\u00edn i tamb\u00e9 amb 96 Punts de la Guia Proensa.<\/span><\/p>\n<p class=\"tw-data-text tw-text-large tw-ta\" dir=\"ltr\" data-placeholder=\"Traducci\u00f3\" data-ved=\"2ahUKEwiYiNWyreeEAxVbX_EDHWK6AysQ3ewLegQIDhAV\"><span class=\"Y2IQFc\" lang=\"ca\">Aleshores l&#8217;anyada 2011 va ser premiada el 2019 amb 93 Punts Guia Pe\u00f1\u00edn, 93 Punts Anuari Vins del Pa\u00eds i 96 Punts Guia Proensa.<\/span><\/p>\n<p class=\"tw-data-text tw-text-large tw-ta\" dir=\"ltr\" data-placeholder=\"Traducci\u00f3\" data-ved=\"2ahUKEwiYiNWyreeEAxVbX_EDHWK6AysQ3ewLegQIDhAV\"><span class=\"Y2IQFc\" lang=\"ca\">La anyada 2010 va ser premiada el 2018 amb 92 Punts del cr\u00edtic brit\u00e0nic Tim Atkin i amb 91 Punts del fam\u00f3s cr\u00edtic internacional Robert Parker.<\/span><\/p>\n<h2 class=\"tw-data-text tw-text-large tw-ta\" dir=\"ltr\" data-placeholder=\"Traducci\u00f3\" data-ved=\"2ahUKEwiYiNWyreeEAxVbX_EDHWK6AysQ3ewLegQIDhAV\"><span class=\"Y2IQFc\" lang=\"ca\">Premis anyades m\u00e9s antigues: <\/span><\/h2>\n<p class=\"tw-data-text tw-text-large tw-ta\" dir=\"ltr\" data-placeholder=\"Traducci\u00f3\" data-ved=\"2ahUKEwiYiNWyreeEAxVbX_EDHWK6AysQ3ewLegQIDhAV\"><span class=\"Y2IQFc\" lang=\"ca\">Com a resultat l&#8217;anyada 2009 va ser premiada el 2017 amb 93 Punts Guia Pe\u00f1\u00edn i el 2016 amb 90 Punts Robert Parker.<\/span><\/p>\n<p class=\"tw-data-text tw-text-large tw-ta\" dir=\"ltr\" data-placeholder=\"Traducci\u00f3\" data-ved=\"2ahUKEwiYiNWyreeEAxVbX_EDHWK6AysQ3ewLegQIDhAV\"><span class=\"Y2IQFc\" lang=\"ca\">Per\u00f2 aix\u00f2 no s&#8217;acaba aqu\u00ed! La Vicalanda Gran Reserva 2008 va ser premiat el 2016 amb 96 Punts Guia Proensa, 95 Punts Guia Gourmets i 94 Punts Guia Pe\u00f1\u00edn.<\/span><\/p>\n<p class=\"tw-data-text tw-text-large tw-ta\" dir=\"ltr\" data-placeholder=\"Traducci\u00f3\" data-ved=\"2ahUKEwiYiNWyreeEAxVbX_EDHWK6AysQ3ewLegQIDhAV\"><span class=\"Y2IQFc\" lang=\"ca\">I aquesta mateixa anyada el 2015 va ser premiada amb 90 Punts Robert Parker, 94 Punts Guia Pe\u00f1\u00edn, Decanter Medalla de Plata World Wine Awards,<\/span><\/p>\n<p class=\"tw-data-text tw-text-large tw-ta\" dir=\"ltr\" data-placeholder=\"Traducci\u00f3\" data-ved=\"2ahUKEwiYiNWyreeEAxVbX_EDHWK6AysQ3ewLegQIDhAV\"><span class=\"Y2IQFc\" lang=\"ca\">Aleshores tamb\u00e9 Medalla de Plata als International Wine &amp; Spritis Competition i Medalla de Plata a l&#8217;International Wine Challenge.<\/span><\/p>\n","protected":false},"excerpt":{"rendered":"<p>La Vicalanda Gran Reserva \u00e9s un vi que s&#8217;elabora a una petita parcel\u00b7la d&#8217;Haro. I \u00e9s ideal per als amants dels vins amb cos i car\u00e0cter. Ens aporta una aroma magn\u00edfica de fruits negres amb la posterior boca estructurada, carnosa i vellutada. Aleshores aquest monovarietal d&#8217;Ull de Llebre marida perfectament amb segons plats o primers&hellip;<\/p>\n","protected":false},"featured_media":102927,"comment_status":"closed","ping_status":"closed","template":"","meta":{"_acf_changed":false},"pwb-brand":[44737,32907],"product_brand":[],"product_cat":[51670,51671],"product_tag":[14904,15147,16187,18428,14900],"class_list":{"0":"post-102930","1":"product","2":"type-product","3":"status-publish","4":"has-post-thumbnail","6":"pwb-brand-bodegas-bilbainas","7":"pwb-brand-rioja-d-o","8":"product_cat-vi","9":"product_cat-vi-negre","10":"product_tag-doca-rioja-ca","11":"product_tag-gran-reserva-ca","12":"product_tag-la-rioja-ca","13":"product_tag-la-vicalanda-gran-reserva-ca","14":"product_tag-rioja-ca","15":"product_shipping_class-7-10-dias-2","16":"pa_anada-36192","17":"pa_bodega-bodegasbilbainas","18":"pa_do-rioja-d-o-ca-ca","19":"pa_formatoenml-38306","20":"pa_graduacion-14_5","21":"pa_maridaje-carn-roja","22":"pa_pais-espanya-ca","23":"pa_potente-negre-potent","24":"pa_pueblociudad-harolarioja","25":"pa_variedad-principal-tempranillo-ca","26":"entry","27":"has-media","29":"first","30":"onbackorder","31":"taxable","32":"shipping-taxable","33":"purchasable","34":"product-type-simple"},"acf":[],"yoast_head":"<!-- This site is optimized with the Yoast SEO Premium plugin v23.1 (Yoast SEO v23.5) - https:\/\/yoast.com\/wordpress\/plugins\/seo\/ -->\n<title>La Vicalanda Gran Reserva<\/title>\n<meta name=\"description\" content=\"Comprar online La Vicalanda Gran Reserva, vins negres de la DOCa Rioja al millor preu. Bodegas Bilba\u00ednas. 75cl. Botiga especialitzada al teu costat.\" \/>\n<meta name=\"robots\" content=\"noindex, follow, max-snippet:-1, max-image-preview:large, max-video-preview:-1\" \/>\n<meta property=\"og:locale\" content=\"ca_ES\" \/>\n<meta property=\"og:type\" content=\"article\" \/>\n<meta property=\"og:title\" content=\"La Vicalanda Gran Reserva\" \/>\n<meta property=\"og:description\" content=\"Comprar online La Vicalanda Gran Reserva, vins negres de la DOCa Rioja al millor preu. Bodegas Bilba\u00ednas. 75cl. Botiga especialitzada al teu costat.\" \/>\n<meta property=\"og:url\" content=\"https:\/\/aral2.cetrexmarketing.com\/ca\/producto\/la-vicalanda-gran-reserva\/\" \/>\n<meta property=\"og:site_name\" content=\"M\u00f3n La Cata\" \/>\n<meta property=\"article:modified_time\" content=\"2025-05-27T07:38:03+00:00\" \/>\n<meta property=\"og:image\" content=\"https:\/\/aral2.cetrexmarketing.com\/wp-content\/uploads\/2025\/05\/la-vicalanda-gran-reserva.png\" \/>\n\t<meta property=\"og:image:width\" content=\"765\" \/>\n\t<meta property=\"og:image:height\" content=\"1024\" \/>\n\t<meta property=\"og:image:type\" content=\"image\/png\" \/>\n<meta name=\"twitter:card\" content=\"summary_large_image\" \/>\n<meta name=\"twitter:label1\" content=\"Temps estimat de lectura\" \/>\n\t<meta name=\"twitter:data1\" content=\"2 minuts\" \/>\n<script type=\"application\/ld+json\" class=\"yoast-schema-graph\">{\"@context\":\"https:\/\/schema.org\",\"@graph\":[{\"@type\":\"WebPage\",\"@id\":\"https:\/\/aral2.cetrexmarketing.com\/ca\/producto\/la-vicalanda-gran-reserva\/\",\"url\":\"https:\/\/aral2.cetrexmarketing.com\/ca\/producto\/la-vicalanda-gran-reserva\/\",\"name\":\"La Vicalanda Gran Reserva\",\"isPartOf\":{\"@id\":\"https:\/\/aral2.cetrexmarketing.com\/#website\"},\"primaryImageOfPage\":{\"@id\":\"https:\/\/aral2.cetrexmarketing.com\/ca\/producto\/la-vicalanda-gran-reserva\/#primaryimage\"},\"image\":{\"@id\":\"https:\/\/aral2.cetrexmarketing.com\/ca\/producto\/la-vicalanda-gran-reserva\/#primaryimage\"},\"thumbnailUrl\":\"https:\/\/aral2.cetrexmarketing.com\/wp-content\/uploads\/2025\/05\/la-vicalanda-gran-reserva.png\",\"datePublished\":\"2025-05-26T07:14:07+00:00\",\"dateModified\":\"2025-05-27T07:38:03+00:00\",\"description\":\"Comprar online La Vicalanda Gran Reserva, vins negres de la DOCa Rioja al millor preu. Bodegas Bilba\u00ednas. 75cl. Botiga especialitzada al teu costat.\",\"breadcrumb\":{\"@id\":\"https:\/\/aral2.cetrexmarketing.com\/ca\/producto\/la-vicalanda-gran-reserva\/#breadcrumb\"},\"inLanguage\":\"ca\",\"potentialAction\":[{\"@type\":\"ReadAction\",\"target\":[\"https:\/\/aral2.cetrexmarketing.com\/ca\/producto\/la-vicalanda-gran-reserva\/\"]}]},{\"@type\":\"ImageObject\",\"inLanguage\":\"ca\",\"@id\":\"https:\/\/aral2.cetrexmarketing.com\/ca\/producto\/la-vicalanda-gran-reserva\/#primaryimage\",\"url\":\"https:\/\/aral2.cetrexmarketing.com\/wp-content\/uploads\/2025\/05\/la-vicalanda-gran-reserva.png\",\"contentUrl\":\"https:\/\/aral2.cetrexmarketing.com\/wp-content\/uploads\/2025\/05\/la-vicalanda-gran-reserva.png\",\"width\":765,\"height\":1024},{\"@type\":\"BreadcrumbList\",\"@id\":\"https:\/\/aral2.cetrexmarketing.com\/ca\/producto\/la-vicalanda-gran-reserva\/#breadcrumb\",\"itemListElement\":[{\"@type\":\"ListItem\",\"position\":1,\"name\":\"Home\",\"item\":\"https:\/\/aral2.cetrexmarketing.com\/ca\/\"},{\"@type\":\"ListItem\",\"position\":2,\"name\":\"Tienda\",\"item\":\"https:\/\/aral2.cetrexmarketing.com\/ca\/tienda-2\/\"},{\"@type\":\"ListItem\",\"position\":3,\"name\":\"Vi\",\"item\":\"https:\/\/aral2.cetrexmarketing.com\/categoria-producto\/vi\/\"},{\"@type\":\"ListItem\",\"position\":4,\"name\":\"Vi Negre\",\"item\":\"https:\/\/aral2.cetrexmarketing.com\/categoria-producto\/vi\/vi-negre\/\"},{\"@type\":\"ListItem\",\"position\":5,\"name\":\"La Vicalanda Gran Reserva\"}]},{\"@type\":\"WebSite\",\"@id\":\"https:\/\/aral2.cetrexmarketing.com\/#website\",\"url\":\"https:\/\/aral2.cetrexmarketing.com\/\",\"name\":\"M\u00f3n La Cata\",\"description\":\"Tienda de vinos, licores, cervezas y gourmet\",\"publisher\":{\"@id\":\"https:\/\/aral2.cetrexmarketing.com\/#organization\"},\"potentialAction\":[{\"@type\":\"SearchAction\",\"target\":{\"@type\":\"EntryPoint\",\"urlTemplate\":\"https:\/\/aral2.cetrexmarketing.com\/?s={search_term_string}\"},\"query-input\":{\"@type\":\"PropertyValueSpecification\",\"valueRequired\":true,\"valueName\":\"search_term_string\"}}],\"inLanguage\":\"ca\"},{\"@type\":\"Organization\",\"@id\":\"https:\/\/aral2.cetrexmarketing.com\/#organization\",\"name\":\"M\u00f3n La Cata\",\"url\":\"https:\/\/aral2.cetrexmarketing.com\/\",\"logo\":{\"@type\":\"ImageObject\",\"inLanguage\":\"ca\",\"@id\":\"https:\/\/aral2.cetrexmarketing.com\/#\/schema\/logo\/image\/\",\"url\":\"https:\/\/aral2.cetrexmarketing.com\/wp-content\/uploads\/2024\/10\/aral-logo-neg-1024x409-1.png\",\"contentUrl\":\"https:\/\/aral2.cetrexmarketing.com\/wp-content\/uploads\/2024\/10\/aral-logo-neg-1024x409-1.png\",\"width\":1024,\"height\":409,\"caption\":\"M\u00f3n La Cata\"},\"image\":{\"@id\":\"https:\/\/aral2.cetrexmarketing.com\/#\/schema\/logo\/image\/\"}}]}<\/script>\n<!-- \/ Yoast SEO Premium plugin. -->","yoast_head_json":{"title":"La Vicalanda Gran Reserva","description":"Comprar online La Vicalanda Gran Reserva, vins negres de la DOCa Rioja al millor preu. Bodegas Bilba\u00ednas. 75cl. Botiga especialitzada al teu costat.","robots":{"index":"noindex","follow":"follow","max-snippet":"max-snippet:-1","max-image-preview":"max-image-preview:large","max-video-preview":"max-video-preview:-1"},"og_locale":"ca_ES","og_type":"article","og_title":"La Vicalanda Gran Reserva","og_description":"Comprar online La Vicalanda Gran Reserva, vins negres de la DOCa Rioja al millor preu. Bodegas Bilba\u00ednas. 75cl. Botiga especialitzada al teu costat.","og_url":"https:\/\/aral2.cetrexmarketing.com\/ca\/producto\/la-vicalanda-gran-reserva\/","og_site_name":"M\u00f3n La Cata","article_modified_time":"2025-05-27T07:38:03+00:00","og_image":[{"width":765,"height":1024,"url":"https:\/\/aral2.cetrexmarketing.com\/wp-content\/uploads\/2025\/05\/la-vicalanda-gran-reserva.png","type":"image\/png"}],"twitter_card":"summary_large_image","twitter_misc":{"Temps estimat de lectura":"2 minuts"},"schema":{"@context":"https:\/\/schema.org","@graph":[{"@type":"WebPage","@id":"https:\/\/aral2.cetrexmarketing.com\/ca\/producto\/la-vicalanda-gran-reserva\/","url":"https:\/\/aral2.cetrexmarketing.com\/ca\/producto\/la-vicalanda-gran-reserva\/","name":"La Vicalanda Gran Reserva","isPartOf":{"@id":"https:\/\/aral2.cetrexmarketing.com\/#website"},"primaryImageOfPage":{"@id":"https:\/\/aral2.cetrexmarketing.com\/ca\/producto\/la-vicalanda-gran-reserva\/#primaryimage"},"image":{"@id":"https:\/\/aral2.cetrexmarketing.com\/ca\/producto\/la-vicalanda-gran-reserva\/#primaryimage"},"thumbnailUrl":"https:\/\/aral2.cetrexmarketing.com\/wp-content\/uploads\/2025\/05\/la-vicalanda-gran-reserva.png","datePublished":"2025-05-26T07:14:07+00:00","dateModified":"2025-05-27T07:38:03+00:00","description":"Comprar online La Vicalanda Gran Reserva, vins negres de la DOCa Rioja al millor preu. Bodegas Bilba\u00ednas. 75cl. Botiga especialitzada al teu costat.","breadcrumb":{"@id":"https:\/\/aral2.cetrexmarketing.com\/ca\/producto\/la-vicalanda-gran-reserva\/#breadcrumb"},"inLanguage":"ca","potentialAction":[{"@type":"ReadAction","target":["https:\/\/aral2.cetrexmarketing.com\/ca\/producto\/la-vicalanda-gran-reserva\/"]}]},{"@type":"ImageObject","inLanguage":"ca","@id":"https:\/\/aral2.cetrexmarketing.com\/ca\/producto\/la-vicalanda-gran-reserva\/#primaryimage","url":"https:\/\/aral2.cetrexmarketing.com\/wp-content\/uploads\/2025\/05\/la-vicalanda-gran-reserva.png","contentUrl":"https:\/\/aral2.cetrexmarketing.com\/wp-content\/uploads\/2025\/05\/la-vicalanda-gran-reserva.png","width":765,"height":1024},{"@type":"BreadcrumbList","@id":"https:\/\/aral2.cetrexmarketing.com\/ca\/producto\/la-vicalanda-gran-reserva\/#breadcrumb","itemListElement":[{"@type":"ListItem","position":1,"name":"Home","item":"https:\/\/aral2.cetrexmarketing.com\/ca\/"},{"@type":"ListItem","position":2,"name":"Tienda","item":"https:\/\/aral2.cetrexmarketing.com\/ca\/tienda-2\/"},{"@type":"ListItem","position":3,"name":"Vi","item":"https:\/\/aral2.cetrexmarketing.com\/categoria-producto\/vi\/"},{"@type":"ListItem","position":4,"name":"Vi Negre","item":"https:\/\/aral2.cetrexmarketing.com\/categoria-producto\/vi\/vi-negre\/"},{"@type":"ListItem","position":5,"name":"La Vicalanda Gran Reserva"}]},{"@type":"WebSite","@id":"https:\/\/aral2.cetrexmarketing.com\/#website","url":"https:\/\/aral2.cetrexmarketing.com\/","name":"M\u00f3n La Cata","description":"Tienda de vinos, licores, cervezas y gourmet","publisher":{"@id":"https:\/\/aral2.cetrexmarketing.com\/#organization"},"potentialAction":[{"@type":"SearchAction","target":{"@type":"EntryPoint","urlTemplate":"https:\/\/aral2.cetrexmarketing.com\/?s={search_term_string}"},"query-input":{"@type":"PropertyValueSpecification","valueRequired":true,"valueName":"search_term_string"}}],"inLanguage":"ca"},{"@type":"Organization","@id":"https:\/\/aral2.cetrexmarketing.com\/#organization","name":"M\u00f3n La Cata","url":"https:\/\/aral2.cetrexmarketing.com\/","logo":{"@type":"ImageObject","inLanguage":"ca","@id":"https:\/\/aral2.cetrexmarketing.com\/#\/schema\/logo\/image\/","url":"https:\/\/aral2.cetrexmarketing.com\/wp-content\/uploads\/2024\/10\/aral-logo-neg-1024x409-1.png","contentUrl":"https:\/\/aral2.cetrexmarketing.com\/wp-content\/uploads\/2024\/10\/aral-logo-neg-1024x409-1.png","width":1024,"height":409,"caption":"M\u00f3n La Cata"},"image":{"@id":"https:\/\/aral2.cetrexmarketing.com\/#\/schema\/logo\/image\/"}}]}},"brands":[{"id":44737,"name":"Bodegas Bilba\u00ednas","slug":"bodegas-bilbainas"},{"id":32907,"name":"Rioja D.O.","slug":"rioja-d-o"}],"_links":{"self":[{"href":"https:\/\/aral2.cetrexmarketing.com\/ca\/wp-json\/wp\/v2\/product\/102930","targetHints":{"allow":["GET"]}}],"collection":[{"href":"https:\/\/aral2.cetrexmarketing.com\/ca\/wp-json\/wp\/v2\/product"}],"about":[{"href":"https:\/\/aral2.cetrexmarketing.com\/ca\/wp-json\/wp\/v2\/types\/product"}],"replies":[{"embeddable":true,"href":"https:\/\/aral2.cetrexmarketing.com\/ca\/wp-json\/wp\/v2\/comments?post=102930"}],"wp:featuredmedia":[{"embeddable":true,"href":"https:\/\/aral2.cetrexmarketing.com\/ca\/wp-json\/wp\/v2\/media\/102927"}],"wp:attachment":[{"href":"https:\/\/aral2.cetrexmarketing.com\/ca\/wp-json\/wp\/v2\/media?parent=102930"}],"wp:term":[{"taxonomy":"pwb-brand","embeddable":true,"href":"https:\/\/aral2.cetrexmarketing.com\/ca\/wp-json\/wp\/v2\/pwb-brand?post=102930"},{"taxonomy":"product_brand","embeddable":true,"href":"https:\/\/aral2.cetrexmarketing.com\/ca\/wp-json\/wp\/v2\/product_brand?post=102930"},{"taxonomy":"product_cat","embeddable":true,"href":"https:\/\/aral2.cetrexmarketing.com\/ca\/wp-json\/wp\/v2\/product_cat?post=102930"},{"taxonomy":"product_tag","embeddable":true,"href":"https:\/\/aral2.cetrexmarketing.com\/ca\/wp-json\/wp\/v2\/product_tag?post=102930"}],"curies":[{"name":"wp","href":"https:\/\/api.w.org\/{rel}","templated":true}]}}