{"id":102548,"date":"2025-05-26T07:09:17","date_gmt":"2025-05-26T07:09:17","guid":{"rendered":"https:\/\/aral2.cetrexmarketing.com\/producto\/alion\/"},"modified":"2025-05-27T07:37:28","modified_gmt":"2025-05-27T07:37:28","slug":"alion","status":"publish","type":"product","link":"https:\/\/aral2.cetrexmarketing.com\/ca\/producto\/alion\/","title":{"rendered":"Alion"},"content":{"rendered":"<p><strong> ali\u00f3 <\/strong><br \/>\n n<br \/>\n n <span style = \"font-weight: 400;\"> Alion \u00e9s un vi vermell espanyol fet per Vega Sic\u00edlia a la regi\u00f3 de Ribera del Duero. <\/s\n n\n n <span style = \"font-weight: 400;\" <\/s\n n\n n <span style = \"font-weight: 400;\" \u00e9s un vi de tot el cos amb aromes de fruites vermelles madures, esp\u00e8cies i cuir. <\/s\n n\n n <span style = \"font-weight: 400;\" <\/s\n n\n n <span style = \"font-weight: 400;\"> Alion \u00e9s un vi de gran qualitat que es pot gaudir amb diversos plats, com ara carn vermella, ca\u00e7a i plaques de pasta.<br \/>\n N <\/p>\n<ul>\n n <\/p>\n<li style = \"font-weight: 400;\" Aria-level = \"1\"> <span style = \"font-weight: 400;\"> vista: vermell cirera fosc amb violeta retall <\/li>\n<\/li>\n<p> n <\/p>\n<li style = \"font-weight: 400;\" Aria-level = \"1\"> <span style = \"font-weight: 400;\" olor: fruites vermelles madures, esp\u00e8cies, cuir <\/s span> <\/li>\n<p> n <\/p>\n<li style = \"font-weight: 400;\" Aria-level = \"1\"> <span style = \"font-weight: 400;\"> boca: suaus i rodons, tanins sedosos, final i persistent final <\/li>\n<\/li>\n<p> n <\/p>\n<li style = \"font-weight: 400;\" Aria-Level = \"1\"> <span style = \"font-weight: 400;\"> cua: carn vermella, ca\u00e7a, plaques de pasta <\/li>\n<\/li>\n<p> N <\/ul>\n","protected":false},"excerpt":{"rendered":"<p><strong> ali\u00f3 <\/strong><br \/>\n n<br \/>\n n <span style = \"font-weight: 400;\"> Alion \u00e9s un vi vermell espanyol fet per Vega Sic\u00edlia a la regi\u00f3 de Ribera del Duero. <\/s\n n\n n <span style = \"font-weight: 400;\" <\/s\n n\n n <span style = \"font-weight: 400;\" \u00e9s un vi de tot el cos amb aromes de fruites vermelles madures, esp\u00e8cies i cuir. <\/s\n n\n n <span style = \"font-weight: 400;\" <\/s\n n\n n <span style = \"font-weight: 400;\"> Alion \u00e9s un vi de gran qualitat que es pot gaudir amb diversos plats, com ara carn vermella, ca\u00e7a i plaques de pasta.<br \/>\n N <\/p>\n<ul>\n n <\/p>\n<li style = \"font-weight: 400;\" Aria-level = \"1\"> <span style = \"font-weight: 400;\"> vista: vermell cirera fosc amb violeta retall <\/li>\n<\/li>\n<p> n <\/p>\n<li style = \"font-weight: 400;\" Aria-level = \"1\"> <span style = \"font-weight: 400;\" olor: fruites vermelles madures, esp\u00e8cies, cuir <\/s span> <\/li>\n<p> n <\/p>\n<li style = \"font-weight: 400;\" Aria-level = \"1\"> <span style = \"font-weight: 400;\"> boca: suaus i rodons, tanins sedosos, final i persistent final <\/li>\n<\/li>\n<p> n <\/p>\n<li style = \"font-weight: 400;\" Aria-Level = \"1\"> <span style = \"font-weight: 400;\"> cua: carn vermella, ca\u00e7a, plaques de pasta <\/li>\n<\/li>\n<p> N <\/ul>\n","protected":false},"featured_media":102545,"comment_status":"closed","ping_status":"closed","template":"","meta":{"_acf_changed":false},"pwb-brand":[44880,32905],"product_brand":[],"product_cat":[51670,51671],"product_tag":[18411,18412,16566,15008,16226,16147],"class_list":{"0":"post-102548","1":"product","2":"type-product","3":"status-publish","4":"has-post-thumbnail","6":"pwb-brand-alion","7":"pwb-brand-ribera-del-duero-d-o","8":"product_cat-vi","9":"product_cat-vi-negre","10":"product_tag-alion-ca","11":"product_tag-bodegas-y-vinedos-alion-ca","12":"product_tag-penafiel-ca","13":"product_tag-ribera-del-duero-ca","14":"product_tag-tempos-ca","15":"product_tag-vega-sicilia-ca","16":"pa_anada-36208","17":"pa_bodega-bodegasyvinedosalion","18":"pa_do-riberadelduerodo-ca","19":"pa_formatoenml-38306","20":"pa_graduacion-15_0","21":"pa_maridaje-carn-roja","22":"pa_pais-espanya-ca","23":"pa_potente-negre-potent","24":"pa_pueblociudad-penafielvalladolid","25":"pa_variedad-principal-tempranillo-ca","26":"entry","27":"has-media","29":"first","30":"instock","31":"taxable","32":"shipping-taxable","33":"purchasable","34":"product-type-simple"},"acf":[],"yoast_head":"<!-- This site is optimized with the Yoast SEO Premium plugin v23.1 (Yoast SEO v23.5) - https:\/\/yoast.com\/wordpress\/plugins\/seo\/ -->\n<title>Alion vi negre de la DO Ribera del Duero<\/title>\n<meta name=\"description\" content=\"Comprar online al millor preu vins negres de la DO Ribera del Duero\" \/>\n<meta name=\"robots\" content=\"noindex, follow, max-snippet:-1, max-image-preview:large, max-video-preview:-1\" \/>\n<meta property=\"og:locale\" content=\"ca_ES\" \/>\n<meta property=\"og:type\" content=\"article\" \/>\n<meta property=\"og:title\" content=\"Alion\" \/>\n<meta property=\"og:description\" content=\"Comprar online al millor preu vins negres de la DO Ribera del Duero\" \/>\n<meta property=\"og:url\" content=\"https:\/\/aral2.cetrexmarketing.com\/ca\/producto\/alion\/\" \/>\n<meta property=\"og:site_name\" content=\"M\u00f3n La Cata\" \/>\n<meta property=\"article:modified_time\" content=\"2025-05-27T07:37:28+00:00\" \/>\n<meta property=\"og:image\" content=\"https:\/\/aral2.cetrexmarketing.com\/wp-content\/uploads\/2025\/05\/Alion.jpg.png\" \/>\n\t<meta property=\"og:image:width\" content=\"765\" \/>\n\t<meta property=\"og:image:height\" content=\"1024\" \/>\n\t<meta property=\"og:image:type\" content=\"image\/png\" \/>\n<meta name=\"twitter:card\" content=\"summary_large_image\" \/>\n<script type=\"application\/ld+json\" class=\"yoast-schema-graph\">{\"@context\":\"https:\/\/schema.org\",\"@graph\":[{\"@type\":\"WebPage\",\"@id\":\"https:\/\/aral2.cetrexmarketing.com\/ca\/producto\/alion\/\",\"url\":\"https:\/\/aral2.cetrexmarketing.com\/ca\/producto\/alion\/\",\"name\":\"Alion vi negre de la DO Ribera del Duero\",\"isPartOf\":{\"@id\":\"https:\/\/aral2.cetrexmarketing.com\/#website\"},\"primaryImageOfPage\":{\"@id\":\"https:\/\/aral2.cetrexmarketing.com\/ca\/producto\/alion\/#primaryimage\"},\"image\":{\"@id\":\"https:\/\/aral2.cetrexmarketing.com\/ca\/producto\/alion\/#primaryimage\"},\"thumbnailUrl\":\"https:\/\/aral2.cetrexmarketing.com\/wp-content\/uploads\/2025\/05\/Alion.jpg.png\",\"datePublished\":\"2025-05-26T07:09:17+00:00\",\"dateModified\":\"2025-05-27T07:37:28+00:00\",\"description\":\"Comprar online al millor preu vins negres de la DO Ribera del Duero\",\"breadcrumb\":{\"@id\":\"https:\/\/aral2.cetrexmarketing.com\/ca\/producto\/alion\/#breadcrumb\"},\"inLanguage\":\"ca\",\"potentialAction\":[{\"@type\":\"ReadAction\",\"target\":[\"https:\/\/aral2.cetrexmarketing.com\/ca\/producto\/alion\/\"]}]},{\"@type\":\"ImageObject\",\"inLanguage\":\"ca\",\"@id\":\"https:\/\/aral2.cetrexmarketing.com\/ca\/producto\/alion\/#primaryimage\",\"url\":\"https:\/\/aral2.cetrexmarketing.com\/wp-content\/uploads\/2025\/05\/Alion.jpg.png\",\"contentUrl\":\"https:\/\/aral2.cetrexmarketing.com\/wp-content\/uploads\/2025\/05\/Alion.jpg.png\",\"width\":765,\"height\":1024},{\"@type\":\"BreadcrumbList\",\"@id\":\"https:\/\/aral2.cetrexmarketing.com\/ca\/producto\/alion\/#breadcrumb\",\"itemListElement\":[{\"@type\":\"ListItem\",\"position\":1,\"name\":\"Home\",\"item\":\"https:\/\/aral2.cetrexmarketing.com\/ca\/\"},{\"@type\":\"ListItem\",\"position\":2,\"name\":\"Tienda\",\"item\":\"https:\/\/aral2.cetrexmarketing.com\/ca\/tienda-2\/\"},{\"@type\":\"ListItem\",\"position\":3,\"name\":\"Vi\",\"item\":\"https:\/\/aral2.cetrexmarketing.com\/categoria-producto\/vi\/\"},{\"@type\":\"ListItem\",\"position\":4,\"name\":\"Vi Negre\",\"item\":\"https:\/\/aral2.cetrexmarketing.com\/categoria-producto\/vi\/vi-negre\/\"},{\"@type\":\"ListItem\",\"position\":5,\"name\":\"Alion\"}]},{\"@type\":\"WebSite\",\"@id\":\"https:\/\/aral2.cetrexmarketing.com\/#website\",\"url\":\"https:\/\/aral2.cetrexmarketing.com\/\",\"name\":\"M\u00f3n La Cata\",\"description\":\"Tienda de vinos, licores, cervezas y gourmet\",\"publisher\":{\"@id\":\"https:\/\/aral2.cetrexmarketing.com\/#organization\"},\"potentialAction\":[{\"@type\":\"SearchAction\",\"target\":{\"@type\":\"EntryPoint\",\"urlTemplate\":\"https:\/\/aral2.cetrexmarketing.com\/?s={search_term_string}\"},\"query-input\":{\"@type\":\"PropertyValueSpecification\",\"valueRequired\":true,\"valueName\":\"search_term_string\"}}],\"inLanguage\":\"ca\"},{\"@type\":\"Organization\",\"@id\":\"https:\/\/aral2.cetrexmarketing.com\/#organization\",\"name\":\"M\u00f3n La Cata\",\"url\":\"https:\/\/aral2.cetrexmarketing.com\/\",\"logo\":{\"@type\":\"ImageObject\",\"inLanguage\":\"ca\",\"@id\":\"https:\/\/aral2.cetrexmarketing.com\/#\/schema\/logo\/image\/\",\"url\":\"https:\/\/aral2.cetrexmarketing.com\/wp-content\/uploads\/2024\/10\/aral-logo-neg-1024x409-1.png\",\"contentUrl\":\"https:\/\/aral2.cetrexmarketing.com\/wp-content\/uploads\/2024\/10\/aral-logo-neg-1024x409-1.png\",\"width\":1024,\"height\":409,\"caption\":\"M\u00f3n La Cata\"},\"image\":{\"@id\":\"https:\/\/aral2.cetrexmarketing.com\/#\/schema\/logo\/image\/\"}}]}<\/script>\n<!-- \/ Yoast SEO Premium plugin. -->","yoast_head_json":{"title":"Alion vi negre de la DO Ribera del Duero","description":"Comprar online al millor preu vins negres de la DO Ribera del Duero","robots":{"index":"noindex","follow":"follow","max-snippet":"max-snippet:-1","max-image-preview":"max-image-preview:large","max-video-preview":"max-video-preview:-1"},"og_locale":"ca_ES","og_type":"article","og_title":"Alion","og_description":"Comprar online al millor preu vins negres de la DO Ribera del Duero","og_url":"https:\/\/aral2.cetrexmarketing.com\/ca\/producto\/alion\/","og_site_name":"M\u00f3n La Cata","article_modified_time":"2025-05-27T07:37:28+00:00","og_image":[{"width":765,"height":1024,"url":"https:\/\/aral2.cetrexmarketing.com\/wp-content\/uploads\/2025\/05\/Alion.jpg.png","type":"image\/png"}],"twitter_card":"summary_large_image","schema":{"@context":"https:\/\/schema.org","@graph":[{"@type":"WebPage","@id":"https:\/\/aral2.cetrexmarketing.com\/ca\/producto\/alion\/","url":"https:\/\/aral2.cetrexmarketing.com\/ca\/producto\/alion\/","name":"Alion vi negre de la DO Ribera del Duero","isPartOf":{"@id":"https:\/\/aral2.cetrexmarketing.com\/#website"},"primaryImageOfPage":{"@id":"https:\/\/aral2.cetrexmarketing.com\/ca\/producto\/alion\/#primaryimage"},"image":{"@id":"https:\/\/aral2.cetrexmarketing.com\/ca\/producto\/alion\/#primaryimage"},"thumbnailUrl":"https:\/\/aral2.cetrexmarketing.com\/wp-content\/uploads\/2025\/05\/Alion.jpg.png","datePublished":"2025-05-26T07:09:17+00:00","dateModified":"2025-05-27T07:37:28+00:00","description":"Comprar online al millor preu vins negres de la DO Ribera del Duero","breadcrumb":{"@id":"https:\/\/aral2.cetrexmarketing.com\/ca\/producto\/alion\/#breadcrumb"},"inLanguage":"ca","potentialAction":[{"@type":"ReadAction","target":["https:\/\/aral2.cetrexmarketing.com\/ca\/producto\/alion\/"]}]},{"@type":"ImageObject","inLanguage":"ca","@id":"https:\/\/aral2.cetrexmarketing.com\/ca\/producto\/alion\/#primaryimage","url":"https:\/\/aral2.cetrexmarketing.com\/wp-content\/uploads\/2025\/05\/Alion.jpg.png","contentUrl":"https:\/\/aral2.cetrexmarketing.com\/wp-content\/uploads\/2025\/05\/Alion.jpg.png","width":765,"height":1024},{"@type":"BreadcrumbList","@id":"https:\/\/aral2.cetrexmarketing.com\/ca\/producto\/alion\/#breadcrumb","itemListElement":[{"@type":"ListItem","position":1,"name":"Home","item":"https:\/\/aral2.cetrexmarketing.com\/ca\/"},{"@type":"ListItem","position":2,"name":"Tienda","item":"https:\/\/aral2.cetrexmarketing.com\/ca\/tienda-2\/"},{"@type":"ListItem","position":3,"name":"Vi","item":"https:\/\/aral2.cetrexmarketing.com\/categoria-producto\/vi\/"},{"@type":"ListItem","position":4,"name":"Vi Negre","item":"https:\/\/aral2.cetrexmarketing.com\/categoria-producto\/vi\/vi-negre\/"},{"@type":"ListItem","position":5,"name":"Alion"}]},{"@type":"WebSite","@id":"https:\/\/aral2.cetrexmarketing.com\/#website","url":"https:\/\/aral2.cetrexmarketing.com\/","name":"M\u00f3n La Cata","description":"Tienda de vinos, licores, cervezas y gourmet","publisher":{"@id":"https:\/\/aral2.cetrexmarketing.com\/#organization"},"potentialAction":[{"@type":"SearchAction","target":{"@type":"EntryPoint","urlTemplate":"https:\/\/aral2.cetrexmarketing.com\/?s={search_term_string}"},"query-input":{"@type":"PropertyValueSpecification","valueRequired":true,"valueName":"search_term_string"}}],"inLanguage":"ca"},{"@type":"Organization","@id":"https:\/\/aral2.cetrexmarketing.com\/#organization","name":"M\u00f3n La Cata","url":"https:\/\/aral2.cetrexmarketing.com\/","logo":{"@type":"ImageObject","inLanguage":"ca","@id":"https:\/\/aral2.cetrexmarketing.com\/#\/schema\/logo\/image\/","url":"https:\/\/aral2.cetrexmarketing.com\/wp-content\/uploads\/2024\/10\/aral-logo-neg-1024x409-1.png","contentUrl":"https:\/\/aral2.cetrexmarketing.com\/wp-content\/uploads\/2024\/10\/aral-logo-neg-1024x409-1.png","width":1024,"height":409,"caption":"M\u00f3n La Cata"},"image":{"@id":"https:\/\/aral2.cetrexmarketing.com\/#\/schema\/logo\/image\/"}}]}},"brands":[{"id":44880,"name":"Alion","slug":"alion"},{"id":32905,"name":"Ribera del Duero D.O.","slug":"ribera-del-duero-d-o"}],"_links":{"self":[{"href":"https:\/\/aral2.cetrexmarketing.com\/ca\/wp-json\/wp\/v2\/product\/102548","targetHints":{"allow":["GET"]}}],"collection":[{"href":"https:\/\/aral2.cetrexmarketing.com\/ca\/wp-json\/wp\/v2\/product"}],"about":[{"href":"https:\/\/aral2.cetrexmarketing.com\/ca\/wp-json\/wp\/v2\/types\/product"}],"replies":[{"embeddable":true,"href":"https:\/\/aral2.cetrexmarketing.com\/ca\/wp-json\/wp\/v2\/comments?post=102548"}],"wp:featuredmedia":[{"embeddable":true,"href":"https:\/\/aral2.cetrexmarketing.com\/ca\/wp-json\/wp\/v2\/media\/102545"}],"wp:attachment":[{"href":"https:\/\/aral2.cetrexmarketing.com\/ca\/wp-json\/wp\/v2\/media?parent=102548"}],"wp:term":[{"taxonomy":"pwb-brand","embeddable":true,"href":"https:\/\/aral2.cetrexmarketing.com\/ca\/wp-json\/wp\/v2\/pwb-brand?post=102548"},{"taxonomy":"product_brand","embeddable":true,"href":"https:\/\/aral2.cetrexmarketing.com\/ca\/wp-json\/wp\/v2\/product_brand?post=102548"},{"taxonomy":"product_cat","embeddable":true,"href":"https:\/\/aral2.cetrexmarketing.com\/ca\/wp-json\/wp\/v2\/product_cat?post=102548"},{"taxonomy":"product_tag","embeddable":true,"href":"https:\/\/aral2.cetrexmarketing.com\/ca\/wp-json\/wp\/v2\/product_tag?post=102548"}],"curies":[{"name":"wp","href":"https:\/\/api.w.org\/{rel}","templated":true}]}}