{"id":101980,"date":"2025-05-26T06:59:18","date_gmt":"2025-05-26T06:59:18","guid":{"rendered":"https:\/\/aral2.cetrexmarketing.com\/producto\/baron-de-ley-martin-zurbano-crianca\/"},"modified":"2025-05-27T07:35:31","modified_gmt":"2025-05-27T07:35:31","slug":"baron-de-ley-martin-zurbano-crianca","status":"publish","type":"product","link":"https:\/\/aral2.cetrexmarketing.com\/ca\/producto\/baron-de-ley-martin-zurbano-crianca\/","title":{"rendered":"Bar\u00f3n de Ley Mart\u00edn Zurbano Crian\u00e7a"},"content":{"rendered":"<p><strong>Bar\u00f3n de Ley Mart\u00edn Zurbano<\/strong> \u00e9s un vi negre produ\u00eft per la bodega <strong>Bar\u00f3n de Ley<\/strong>, situada a la Rioja, Espanya. Aquest vi, el nom del qual honra la tradici\u00f3 familiar, s&#8217;elabora a partir de <strong>ra\u00efms de la varietat Tempranillo<\/strong>, una de les m\u00e9s representatives de la regi\u00f3. El terme &#8220;Mart\u00edn Zurbano&#8221; fa refer\u00e8ncia a una l\u00ednia espec\u00edfica dins de la bodega, destacant-se pel seu car\u00e0cter i la seva crian\u00e7a en b\u00f3tes de roure.<\/p>\n<p>El proc\u00e9s de vinificaci\u00f3 i envelliment del Bar\u00f3n de Ley Mart\u00edn Zurbano es realitza curosament, cosa que li atorga una <strong>estructura complexa i elegant<\/strong>, amb notes de fruites vermelles madures, esp\u00e8cies i un toc subtil de fusta. Aquest vi \u00e9s reconegut per la seva <strong>bona acidesa i tanins ferms<\/strong>, cosa que li permet envellir b\u00e9 a l&#8217;ampolla.<\/p>\n","protected":false},"excerpt":{"rendered":"<p><strong>Bar\u00f3n de Ley Mart\u00edn Zurbano<\/strong> \u00e9s un vi negre de la Rioja elaborat amb Tempranillo, destacant pel seu car\u00e0cter i crian\u00e7a en b\u00f3tes de roure. Ofereix una estructura complexa i elegant, amb notes de fruita vermella madura, esp\u00e8cies i un toc subtil de fusta, complementats per una bona acidesa i tanins ferms que li garanteixen un bon envelliment.<\/p>\n","protected":false},"featured_media":101977,"comment_status":"closed","ping_status":"closed","template":"","meta":{"_acf_changed":false},"pwb-brand":[44733,32907],"product_brand":[],"product_cat":[51670,51671],"product_tag":[14910,51910,18343,16558,14900],"class_list":{"0":"post-101980","1":"product","2":"type-product","3":"status-publish","4":"has-post-thumbnail","6":"pwb-brand-bodegas-baron-de-ley","7":"pwb-brand-rioja-d-o","8":"product_cat-vi","9":"product_cat-vi-negre","10":"product_tag-baron-de-ley-ca","11":"product_tag-baron-de-ley-martin-zurbano-crianca","12":"product_tag-martin-zurbano-ca","13":"product_tag-mendavia-ca","14":"product_tag-rioja-ca","15":"pa_anada-36210","16":"pa_bodega-barondeley","17":"pa_do-rioja-d-o-ca-ca","18":"pa_envejecimiento-crianca","19":"pa_floral-negre-floral","20":"pa_formatoenml-38306","21":"pa_graduacion-14_0","22":"pa_maridaje-carn-blanca","23":"pa_maridaje-embotits","24":"pa_maridaje-midons","25":"pa_maridaje-verdures","26":"pa_pueblociudad-mendavianavarra","27":"pa_tipodevino-vi-tranquil","28":"pa_variedad-principal-garnacha-tinta-ca","29":"pa_variedad-principal-tempranillo-ca","30":"entry","31":"has-media","33":"first","34":"instock","35":"taxable","36":"shipping-taxable","37":"purchasable","38":"product-type-simple"},"acf":[],"yoast_head":"<!-- This site is optimized with the Yoast SEO Premium plugin v23.1 (Yoast SEO v23.5) - https:\/\/yoast.com\/wordpress\/plugins\/seo\/ -->\n<title>Bar\u00f3n de Ley Mart\u00edn Zurbano Crian\u00e7a DOCa Rioja<\/title>\n<meta name=\"description\" content=\"Comprar vins de la DOCa Rioja a M\u00f3n La Cata . Botiga especialitzada en vins, licors, destil\u00b7lats, cerveses i productes gourmet.\" \/>\n<meta name=\"robots\" content=\"noindex, follow, max-snippet:-1, max-image-preview:large, max-video-preview:-1\" \/>\n<meta property=\"og:locale\" content=\"ca_ES\" \/>\n<meta property=\"og:type\" content=\"article\" \/>\n<meta property=\"og:title\" content=\"Bar\u00f3n de Ley Mart\u00edn Zurbano Crian\u00e7a\" \/>\n<meta property=\"og:description\" content=\"Comprar vins de la DOCa Rioja a M\u00f3n La Cata . Botiga especialitzada en vins, licors, destil\u00b7lats, cerveses i productes gourmet.\" \/>\n<meta property=\"og:url\" content=\"https:\/\/aral2.cetrexmarketing.com\/ca\/producto\/baron-de-ley-martin-zurbano-crianca\/\" \/>\n<meta property=\"og:site_name\" content=\"M\u00f3n La Cata\" \/>\n<meta property=\"article:modified_time\" content=\"2025-05-27T07:35:31+00:00\" \/>\n<meta property=\"og:image\" content=\"https:\/\/aral2.cetrexmarketing.com\/wp-content\/uploads\/2025\/05\/Baron-de-Ley-Martin-Zurbano-Crianza.jpg.png\" \/>\n\t<meta property=\"og:image:width\" content=\"765\" \/>\n\t<meta property=\"og:image:height\" content=\"1024\" \/>\n\t<meta property=\"og:image:type\" content=\"image\/png\" \/>\n<meta name=\"twitter:card\" content=\"summary_large_image\" \/>\n<meta name=\"twitter:label1\" content=\"Temps estimat de lectura\" \/>\n\t<meta name=\"twitter:data1\" content=\"1 minut\" \/>\n<script type=\"application\/ld+json\" class=\"yoast-schema-graph\">{\"@context\":\"https:\/\/schema.org\",\"@graph\":[{\"@type\":\"WebPage\",\"@id\":\"https:\/\/aral2.cetrexmarketing.com\/ca\/producto\/baron-de-ley-martin-zurbano-crianca\/\",\"url\":\"https:\/\/aral2.cetrexmarketing.com\/ca\/producto\/baron-de-ley-martin-zurbano-crianca\/\",\"name\":\"Bar\u00f3n de Ley Mart\u00edn Zurbano Crian\u00e7a DOCa Rioja\",\"isPartOf\":{\"@id\":\"https:\/\/aral2.cetrexmarketing.com\/#website\"},\"primaryImageOfPage\":{\"@id\":\"https:\/\/aral2.cetrexmarketing.com\/ca\/producto\/baron-de-ley-martin-zurbano-crianca\/#primaryimage\"},\"image\":{\"@id\":\"https:\/\/aral2.cetrexmarketing.com\/ca\/producto\/baron-de-ley-martin-zurbano-crianca\/#primaryimage\"},\"thumbnailUrl\":\"https:\/\/aral2.cetrexmarketing.com\/wp-content\/uploads\/2025\/05\/Baron-de-Ley-Martin-Zurbano-Crianza.jpg.png\",\"datePublished\":\"2025-05-26T06:59:18+00:00\",\"dateModified\":\"2025-05-27T07:35:31+00:00\",\"description\":\"Comprar vins de la DOCa Rioja a M\u00f3n La Cata . Botiga especialitzada en vins, licors, destil\u00b7lats, cerveses i productes gourmet.\",\"breadcrumb\":{\"@id\":\"https:\/\/aral2.cetrexmarketing.com\/ca\/producto\/baron-de-ley-martin-zurbano-crianca\/#breadcrumb\"},\"inLanguage\":\"ca\",\"potentialAction\":[{\"@type\":\"ReadAction\",\"target\":[\"https:\/\/aral2.cetrexmarketing.com\/ca\/producto\/baron-de-ley-martin-zurbano-crianca\/\"]}]},{\"@type\":\"ImageObject\",\"inLanguage\":\"ca\",\"@id\":\"https:\/\/aral2.cetrexmarketing.com\/ca\/producto\/baron-de-ley-martin-zurbano-crianca\/#primaryimage\",\"url\":\"https:\/\/aral2.cetrexmarketing.com\/wp-content\/uploads\/2025\/05\/Baron-de-Ley-Martin-Zurbano-Crianza.jpg.png\",\"contentUrl\":\"https:\/\/aral2.cetrexmarketing.com\/wp-content\/uploads\/2025\/05\/Baron-de-Ley-Martin-Zurbano-Crianza.jpg.png\",\"width\":765,\"height\":1024},{\"@type\":\"BreadcrumbList\",\"@id\":\"https:\/\/aral2.cetrexmarketing.com\/ca\/producto\/baron-de-ley-martin-zurbano-crianca\/#breadcrumb\",\"itemListElement\":[{\"@type\":\"ListItem\",\"position\":1,\"name\":\"Home\",\"item\":\"https:\/\/aral2.cetrexmarketing.com\/ca\/\"},{\"@type\":\"ListItem\",\"position\":2,\"name\":\"Tienda\",\"item\":\"https:\/\/aral2.cetrexmarketing.com\/ca\/tienda-2\/\"},{\"@type\":\"ListItem\",\"position\":3,\"name\":\"Vi\",\"item\":\"https:\/\/aral2.cetrexmarketing.com\/categoria-producto\/vi\/\"},{\"@type\":\"ListItem\",\"position\":4,\"name\":\"Vi Negre\",\"item\":\"https:\/\/aral2.cetrexmarketing.com\/categoria-producto\/vi\/vi-negre\/\"},{\"@type\":\"ListItem\",\"position\":5,\"name\":\"Bar\u00f3n de Ley Mart\u00edn Zurbano Crian\u00e7a\"}]},{\"@type\":\"WebSite\",\"@id\":\"https:\/\/aral2.cetrexmarketing.com\/#website\",\"url\":\"https:\/\/aral2.cetrexmarketing.com\/\",\"name\":\"M\u00f3n La Cata\",\"description\":\"Tienda de vinos, licores, cervezas y gourmet\",\"publisher\":{\"@id\":\"https:\/\/aral2.cetrexmarketing.com\/#organization\"},\"potentialAction\":[{\"@type\":\"SearchAction\",\"target\":{\"@type\":\"EntryPoint\",\"urlTemplate\":\"https:\/\/aral2.cetrexmarketing.com\/?s={search_term_string}\"},\"query-input\":{\"@type\":\"PropertyValueSpecification\",\"valueRequired\":true,\"valueName\":\"search_term_string\"}}],\"inLanguage\":\"ca\"},{\"@type\":\"Organization\",\"@id\":\"https:\/\/aral2.cetrexmarketing.com\/#organization\",\"name\":\"M\u00f3n La Cata\",\"url\":\"https:\/\/aral2.cetrexmarketing.com\/\",\"logo\":{\"@type\":\"ImageObject\",\"inLanguage\":\"ca\",\"@id\":\"https:\/\/aral2.cetrexmarketing.com\/#\/schema\/logo\/image\/\",\"url\":\"https:\/\/aral2.cetrexmarketing.com\/wp-content\/uploads\/2024\/10\/aral-logo-neg-1024x409-1.png\",\"contentUrl\":\"https:\/\/aral2.cetrexmarketing.com\/wp-content\/uploads\/2024\/10\/aral-logo-neg-1024x409-1.png\",\"width\":1024,\"height\":409,\"caption\":\"M\u00f3n La Cata\"},\"image\":{\"@id\":\"https:\/\/aral2.cetrexmarketing.com\/#\/schema\/logo\/image\/\"}}]}<\/script>\n<!-- \/ Yoast SEO Premium plugin. -->","yoast_head_json":{"title":"Bar\u00f3n de Ley Mart\u00edn Zurbano Crian\u00e7a DOCa Rioja","description":"Comprar vins de la DOCa Rioja a M\u00f3n La Cata . Botiga especialitzada en vins, licors, destil\u00b7lats, cerveses i productes gourmet.","robots":{"index":"noindex","follow":"follow","max-snippet":"max-snippet:-1","max-image-preview":"max-image-preview:large","max-video-preview":"max-video-preview:-1"},"og_locale":"ca_ES","og_type":"article","og_title":"Bar\u00f3n de Ley Mart\u00edn Zurbano Crian\u00e7a","og_description":"Comprar vins de la DOCa Rioja a M\u00f3n La Cata . Botiga especialitzada en vins, licors, destil\u00b7lats, cerveses i productes gourmet.","og_url":"https:\/\/aral2.cetrexmarketing.com\/ca\/producto\/baron-de-ley-martin-zurbano-crianca\/","og_site_name":"M\u00f3n La Cata","article_modified_time":"2025-05-27T07:35:31+00:00","og_image":[{"width":765,"height":1024,"url":"https:\/\/aral2.cetrexmarketing.com\/wp-content\/uploads\/2025\/05\/Baron-de-Ley-Martin-Zurbano-Crianza.jpg.png","type":"image\/png"}],"twitter_card":"summary_large_image","twitter_misc":{"Temps estimat de lectura":"1 minut"},"schema":{"@context":"https:\/\/schema.org","@graph":[{"@type":"WebPage","@id":"https:\/\/aral2.cetrexmarketing.com\/ca\/producto\/baron-de-ley-martin-zurbano-crianca\/","url":"https:\/\/aral2.cetrexmarketing.com\/ca\/producto\/baron-de-ley-martin-zurbano-crianca\/","name":"Bar\u00f3n de Ley Mart\u00edn Zurbano Crian\u00e7a DOCa Rioja","isPartOf":{"@id":"https:\/\/aral2.cetrexmarketing.com\/#website"},"primaryImageOfPage":{"@id":"https:\/\/aral2.cetrexmarketing.com\/ca\/producto\/baron-de-ley-martin-zurbano-crianca\/#primaryimage"},"image":{"@id":"https:\/\/aral2.cetrexmarketing.com\/ca\/producto\/baron-de-ley-martin-zurbano-crianca\/#primaryimage"},"thumbnailUrl":"https:\/\/aral2.cetrexmarketing.com\/wp-content\/uploads\/2025\/05\/Baron-de-Ley-Martin-Zurbano-Crianza.jpg.png","datePublished":"2025-05-26T06:59:18+00:00","dateModified":"2025-05-27T07:35:31+00:00","description":"Comprar vins de la DOCa Rioja a M\u00f3n La Cata . Botiga especialitzada en vins, licors, destil\u00b7lats, cerveses i productes gourmet.","breadcrumb":{"@id":"https:\/\/aral2.cetrexmarketing.com\/ca\/producto\/baron-de-ley-martin-zurbano-crianca\/#breadcrumb"},"inLanguage":"ca","potentialAction":[{"@type":"ReadAction","target":["https:\/\/aral2.cetrexmarketing.com\/ca\/producto\/baron-de-ley-martin-zurbano-crianca\/"]}]},{"@type":"ImageObject","inLanguage":"ca","@id":"https:\/\/aral2.cetrexmarketing.com\/ca\/producto\/baron-de-ley-martin-zurbano-crianca\/#primaryimage","url":"https:\/\/aral2.cetrexmarketing.com\/wp-content\/uploads\/2025\/05\/Baron-de-Ley-Martin-Zurbano-Crianza.jpg.png","contentUrl":"https:\/\/aral2.cetrexmarketing.com\/wp-content\/uploads\/2025\/05\/Baron-de-Ley-Martin-Zurbano-Crianza.jpg.png","width":765,"height":1024},{"@type":"BreadcrumbList","@id":"https:\/\/aral2.cetrexmarketing.com\/ca\/producto\/baron-de-ley-martin-zurbano-crianca\/#breadcrumb","itemListElement":[{"@type":"ListItem","position":1,"name":"Home","item":"https:\/\/aral2.cetrexmarketing.com\/ca\/"},{"@type":"ListItem","position":2,"name":"Tienda","item":"https:\/\/aral2.cetrexmarketing.com\/ca\/tienda-2\/"},{"@type":"ListItem","position":3,"name":"Vi","item":"https:\/\/aral2.cetrexmarketing.com\/categoria-producto\/vi\/"},{"@type":"ListItem","position":4,"name":"Vi Negre","item":"https:\/\/aral2.cetrexmarketing.com\/categoria-producto\/vi\/vi-negre\/"},{"@type":"ListItem","position":5,"name":"Bar\u00f3n de Ley Mart\u00edn Zurbano Crian\u00e7a"}]},{"@type":"WebSite","@id":"https:\/\/aral2.cetrexmarketing.com\/#website","url":"https:\/\/aral2.cetrexmarketing.com\/","name":"M\u00f3n La Cata","description":"Tienda de vinos, licores, cervezas y gourmet","publisher":{"@id":"https:\/\/aral2.cetrexmarketing.com\/#organization"},"potentialAction":[{"@type":"SearchAction","target":{"@type":"EntryPoint","urlTemplate":"https:\/\/aral2.cetrexmarketing.com\/?s={search_term_string}"},"query-input":{"@type":"PropertyValueSpecification","valueRequired":true,"valueName":"search_term_string"}}],"inLanguage":"ca"},{"@type":"Organization","@id":"https:\/\/aral2.cetrexmarketing.com\/#organization","name":"M\u00f3n La Cata","url":"https:\/\/aral2.cetrexmarketing.com\/","logo":{"@type":"ImageObject","inLanguage":"ca","@id":"https:\/\/aral2.cetrexmarketing.com\/#\/schema\/logo\/image\/","url":"https:\/\/aral2.cetrexmarketing.com\/wp-content\/uploads\/2024\/10\/aral-logo-neg-1024x409-1.png","contentUrl":"https:\/\/aral2.cetrexmarketing.com\/wp-content\/uploads\/2024\/10\/aral-logo-neg-1024x409-1.png","width":1024,"height":409,"caption":"M\u00f3n La Cata"},"image":{"@id":"https:\/\/aral2.cetrexmarketing.com\/#\/schema\/logo\/image\/"}}]}},"brands":[{"id":44733,"name":"Bodegas Bar\u00f3n de Ley","slug":"bodegas-baron-de-ley"},{"id":32907,"name":"Rioja D.O.","slug":"rioja-d-o"}],"_links":{"self":[{"href":"https:\/\/aral2.cetrexmarketing.com\/ca\/wp-json\/wp\/v2\/product\/101980","targetHints":{"allow":["GET"]}}],"collection":[{"href":"https:\/\/aral2.cetrexmarketing.com\/ca\/wp-json\/wp\/v2\/product"}],"about":[{"href":"https:\/\/aral2.cetrexmarketing.com\/ca\/wp-json\/wp\/v2\/types\/product"}],"replies":[{"embeddable":true,"href":"https:\/\/aral2.cetrexmarketing.com\/ca\/wp-json\/wp\/v2\/comments?post=101980"}],"wp:featuredmedia":[{"embeddable":true,"href":"https:\/\/aral2.cetrexmarketing.com\/ca\/wp-json\/wp\/v2\/media\/101977"}],"wp:attachment":[{"href":"https:\/\/aral2.cetrexmarketing.com\/ca\/wp-json\/wp\/v2\/media?parent=101980"}],"wp:term":[{"taxonomy":"pwb-brand","embeddable":true,"href":"https:\/\/aral2.cetrexmarketing.com\/ca\/wp-json\/wp\/v2\/pwb-brand?post=101980"},{"taxonomy":"product_brand","embeddable":true,"href":"https:\/\/aral2.cetrexmarketing.com\/ca\/wp-json\/wp\/v2\/product_brand?post=101980"},{"taxonomy":"product_cat","embeddable":true,"href":"https:\/\/aral2.cetrexmarketing.com\/ca\/wp-json\/wp\/v2\/product_cat?post=101980"},{"taxonomy":"product_tag","embeddable":true,"href":"https:\/\/aral2.cetrexmarketing.com\/ca\/wp-json\/wp\/v2\/product_tag?post=101980"}],"curies":[{"name":"wp","href":"https:\/\/api.w.org\/{rel}","templated":true}]}}