{"id":101573,"date":"2025-05-26T06:52:59","date_gmt":"2025-05-26T06:52:59","guid":{"rendered":"https:\/\/aral2.cetrexmarketing.com\/producto\/pago-de-los-capellanes-crianca-magnum\/"},"modified":"2025-05-27T07:34:03","modified_gmt":"2025-05-27T07:34:03","slug":"pago-de-los-capellanes-crianca-magnum","status":"publish","type":"product","link":"https:\/\/aral2.cetrexmarketing.com\/ca\/producto\/pago-de-los-capellanes-crianca-magnum\/","title":{"rendered":"Pago de los Capellanes Crian\u00e7a Magnum"},"content":{"rendered":"<p><strong>Pago de los Capellanes Crian\u00e7a Magnum<\/strong><\/p>\n<p>Aquest vi representa un dels pilars fonamentals del celler de Pedrosa de Duero, un negre que, tot i compartir escenari amb quatre negres de renom m\u00e9s, ha sabut destacar per si mateix gr\u00e0cies a la seva personalitat distintiva. S&#8217;ha convertit en un cl\u00e0ssic indiscutible de la Ribera del Duero, un vi de cos mitj\u00e0, llarg, equilibrat i tremendament addictiu. Pagament dels Capellans Crian\u00e7a, vi noble i sincer revela la seva grandesa al nas, amb aromes de fruites perfectament integrades amb els matisos aportats per la crian\u00e7a. Es perceben una harmoniosa combinaci\u00f3 de prunes, m\u00f3res, vainilla, pebre i notes torrades. Juntament amb la caracter\u00edstica aroma de regal\u00e8ssia pr\u00f2pia de la varietat ull de llebre. A la boca, mostra una delicadesa ferma i cremosa alhora, amb un car\u00e0cter bals\u00e0mic que ho fa veritablement \u00fanic.<\/p>\n","protected":false},"excerpt":{"rendered":"<p>Aquest vi representa un dels pilars fonamentals del celler de Pedrosa de Duero, un negre que, tot i compartir escenari amb quatre negres de renom m\u00e9s, ha sabut destacar per si mateix gr\u00e0cies a la seva personalitat distintiva. S&#8217;ha convertit en un cl\u00e0ssic indiscutible de la Ribera del Duero, un vi de cos mitj\u00e0, llarg, equilibrat i tremendament addictiu. Pagament dels Capellans Crian\u00e7a, vi noble i sincer revela la seva grandesa al nas, amb aromes de fruites perfectament integrades amb els matisos aportats per la crian\u00e7a. Es perceben una harmoniosa combinaci\u00f3 de prunes, m\u00f3res, vainilla, pebre i notes torrades. Juntament amb la caracter\u00edstica aroma de regal\u00e8ssia pr\u00f2pia de la varietat ull de llebre. A la boca, mostra una delicadesa ferma i cremosa alhora, amb un car\u00e0cter bals\u00e0mic que ho fa veritablement \u00fanic.<\/p>\n","protected":false},"featured_media":101570,"comment_status":"closed","ping_status":"closed","template":"","meta":{"_acf_changed":false},"pwb-brand":[45096],"product_brand":[],"product_cat":[51677,51701,51670,51671],"product_tag":[16040,15010,15008],"class_list":{"0":"post-101573","1":"product","2":"type-product","3":"status-publish","4":"has-post-thumbnail","6":"pwb-brand-pago-de-los-capellanes","7":"product_cat-lots-i-estoigs","8":"product_cat-lots-nadal","9":"product_cat-vi","10":"product_cat-vi-negre","11":"product_tag-magnum-ca","12":"product_tag-pago-de-los-capellanes-ca","13":"product_tag-ribera-del-duero-ca","14":"pa_anada-36211","15":"pa_bodega-pagodeloscapellanes","16":"pa_do-riberadelduerodo-ca","17":"pa_formatoenml-38316","18":"pa_graduacion-13_5","19":"pa_maridaje-carn-roja","20":"pa_pais-espanya-ca","21":"pa_potente-negre-potent","22":"pa_variedad-principal-negre-fi","23":"entry","24":"has-media","26":"first","27":"instock","28":"taxable","29":"shipping-taxable","30":"purchasable","31":"product-type-simple"},"acf":[],"yoast_head":"<!-- This site is optimized with the Yoast SEO Premium plugin v23.1 (Yoast SEO v23.5) - https:\/\/yoast.com\/wordpress\/plugins\/seo\/ -->\n<title>Pago de los Capellanes Crian\u00e7a Magnum<\/title>\n<meta name=\"description\" content=\"Comprar online al millor preu el vi negre Pago de los Capellanes Crian\u00e7a Magnum de la DO Ribera del Duero. Web especialitzada en vins i destil\u00b7lats.\" \/>\n<meta name=\"robots\" content=\"noindex, follow, max-snippet:-1, max-image-preview:large, max-video-preview:-1\" \/>\n<meta property=\"og:locale\" content=\"ca_ES\" \/>\n<meta property=\"og:type\" content=\"article\" \/>\n<meta property=\"og:title\" content=\"Pago de los Capellanes Crian\u00e7a Magnum\" \/>\n<meta property=\"og:description\" content=\"Comprar online al millor preu el vi negre Pago de los Capellanes Crian\u00e7a Magnum de la DO Ribera del Duero. Web especialitzada en vins i destil\u00b7lats.\" \/>\n<meta property=\"og:url\" content=\"https:\/\/aral2.cetrexmarketing.com\/ca\/producto\/pago-de-los-capellanes-crianca-magnum\/\" \/>\n<meta property=\"og:site_name\" content=\"M\u00f3n La Cata\" \/>\n<meta property=\"article:modified_time\" content=\"2025-05-27T07:34:03+00:00\" \/>\n<meta property=\"og:image\" content=\"https:\/\/aral2.cetrexmarketing.com\/wp-content\/uploads\/2025\/05\/PAGO-DE-LOS-CAPELLANES-CRIANZA-MAGNUM-ESTUCHE.png\" \/>\n\t<meta property=\"og:image:width\" content=\"765\" \/>\n\t<meta property=\"og:image:height\" content=\"1024\" \/>\n\t<meta property=\"og:image:type\" content=\"image\/png\" \/>\n<meta name=\"twitter:card\" content=\"summary_large_image\" \/>\n<meta name=\"twitter:label1\" content=\"Temps estimat de lectura\" \/>\n\t<meta name=\"twitter:data1\" content=\"1 minut\" \/>\n<script type=\"application\/ld+json\" class=\"yoast-schema-graph\">{\"@context\":\"https:\/\/schema.org\",\"@graph\":[{\"@type\":\"WebPage\",\"@id\":\"https:\/\/aral2.cetrexmarketing.com\/ca\/producto\/pago-de-los-capellanes-crianca-magnum\/\",\"url\":\"https:\/\/aral2.cetrexmarketing.com\/ca\/producto\/pago-de-los-capellanes-crianca-magnum\/\",\"name\":\"Pago de los Capellanes Crian\u00e7a Magnum\",\"isPartOf\":{\"@id\":\"https:\/\/aral2.cetrexmarketing.com\/#website\"},\"primaryImageOfPage\":{\"@id\":\"https:\/\/aral2.cetrexmarketing.com\/ca\/producto\/pago-de-los-capellanes-crianca-magnum\/#primaryimage\"},\"image\":{\"@id\":\"https:\/\/aral2.cetrexmarketing.com\/ca\/producto\/pago-de-los-capellanes-crianca-magnum\/#primaryimage\"},\"thumbnailUrl\":\"https:\/\/aral2.cetrexmarketing.com\/wp-content\/uploads\/2025\/05\/PAGO-DE-LOS-CAPELLANES-CRIANZA-MAGNUM-ESTUCHE.png\",\"datePublished\":\"2025-05-26T06:52:59+00:00\",\"dateModified\":\"2025-05-27T07:34:03+00:00\",\"description\":\"Comprar online al millor preu el vi negre Pago de los Capellanes Crian\u00e7a Magnum de la DO Ribera del Duero. Web especialitzada en vins i destil\u00b7lats.\",\"breadcrumb\":{\"@id\":\"https:\/\/aral2.cetrexmarketing.com\/ca\/producto\/pago-de-los-capellanes-crianca-magnum\/#breadcrumb\"},\"inLanguage\":\"ca\",\"potentialAction\":[{\"@type\":\"ReadAction\",\"target\":[\"https:\/\/aral2.cetrexmarketing.com\/ca\/producto\/pago-de-los-capellanes-crianca-magnum\/\"]}]},{\"@type\":\"ImageObject\",\"inLanguage\":\"ca\",\"@id\":\"https:\/\/aral2.cetrexmarketing.com\/ca\/producto\/pago-de-los-capellanes-crianca-magnum\/#primaryimage\",\"url\":\"https:\/\/aral2.cetrexmarketing.com\/wp-content\/uploads\/2025\/05\/PAGO-DE-LOS-CAPELLANES-CRIANZA-MAGNUM-ESTUCHE.png\",\"contentUrl\":\"https:\/\/aral2.cetrexmarketing.com\/wp-content\/uploads\/2025\/05\/PAGO-DE-LOS-CAPELLANES-CRIANZA-MAGNUM-ESTUCHE.png\",\"width\":765,\"height\":1024},{\"@type\":\"BreadcrumbList\",\"@id\":\"https:\/\/aral2.cetrexmarketing.com\/ca\/producto\/pago-de-los-capellanes-crianca-magnum\/#breadcrumb\",\"itemListElement\":[{\"@type\":\"ListItem\",\"position\":1,\"name\":\"Home\",\"item\":\"https:\/\/aral2.cetrexmarketing.com\/ca\/\"},{\"@type\":\"ListItem\",\"position\":2,\"name\":\"Tienda\",\"item\":\"https:\/\/aral2.cetrexmarketing.com\/ca\/tienda-2\/\"},{\"@type\":\"ListItem\",\"position\":3,\"name\":\"Vino\",\"item\":\"https:\/\/aral2.cetrexmarketing.com\/categoria-producto\/inicio\/vino\/\"},{\"@type\":\"ListItem\",\"position\":4,\"name\":\"Pago de los Capellanes Crian\u00e7a Magnum\"}]},{\"@type\":\"WebSite\",\"@id\":\"https:\/\/aral2.cetrexmarketing.com\/#website\",\"url\":\"https:\/\/aral2.cetrexmarketing.com\/\",\"name\":\"M\u00f3n La Cata\",\"description\":\"Tienda de vinos, licores, cervezas y gourmet\",\"publisher\":{\"@id\":\"https:\/\/aral2.cetrexmarketing.com\/#organization\"},\"potentialAction\":[{\"@type\":\"SearchAction\",\"target\":{\"@type\":\"EntryPoint\",\"urlTemplate\":\"https:\/\/aral2.cetrexmarketing.com\/?s={search_term_string}\"},\"query-input\":{\"@type\":\"PropertyValueSpecification\",\"valueRequired\":true,\"valueName\":\"search_term_string\"}}],\"inLanguage\":\"ca\"},{\"@type\":\"Organization\",\"@id\":\"https:\/\/aral2.cetrexmarketing.com\/#organization\",\"name\":\"M\u00f3n La Cata\",\"url\":\"https:\/\/aral2.cetrexmarketing.com\/\",\"logo\":{\"@type\":\"ImageObject\",\"inLanguage\":\"ca\",\"@id\":\"https:\/\/aral2.cetrexmarketing.com\/#\/schema\/logo\/image\/\",\"url\":\"https:\/\/aral2.cetrexmarketing.com\/wp-content\/uploads\/2024\/10\/aral-logo-neg-1024x409-1.png\",\"contentUrl\":\"https:\/\/aral2.cetrexmarketing.com\/wp-content\/uploads\/2024\/10\/aral-logo-neg-1024x409-1.png\",\"width\":1024,\"height\":409,\"caption\":\"M\u00f3n La Cata\"},\"image\":{\"@id\":\"https:\/\/aral2.cetrexmarketing.com\/#\/schema\/logo\/image\/\"}}]}<\/script>\n<!-- \/ Yoast SEO Premium plugin. -->","yoast_head_json":{"title":"Pago de los Capellanes Crian\u00e7a Magnum","description":"Comprar online al millor preu el vi negre Pago de los Capellanes Crian\u00e7a Magnum de la DO Ribera del Duero. Web especialitzada en vins i destil\u00b7lats.","robots":{"index":"noindex","follow":"follow","max-snippet":"max-snippet:-1","max-image-preview":"max-image-preview:large","max-video-preview":"max-video-preview:-1"},"og_locale":"ca_ES","og_type":"article","og_title":"Pago de los Capellanes Crian\u00e7a Magnum","og_description":"Comprar online al millor preu el vi negre Pago de los Capellanes Crian\u00e7a Magnum de la DO Ribera del Duero. Web especialitzada en vins i destil\u00b7lats.","og_url":"https:\/\/aral2.cetrexmarketing.com\/ca\/producto\/pago-de-los-capellanes-crianca-magnum\/","og_site_name":"M\u00f3n La Cata","article_modified_time":"2025-05-27T07:34:03+00:00","og_image":[{"width":765,"height":1024,"url":"https:\/\/aral2.cetrexmarketing.com\/wp-content\/uploads\/2025\/05\/PAGO-DE-LOS-CAPELLANES-CRIANZA-MAGNUM-ESTUCHE.png","type":"image\/png"}],"twitter_card":"summary_large_image","twitter_misc":{"Temps estimat de lectura":"1 minut"},"schema":{"@context":"https:\/\/schema.org","@graph":[{"@type":"WebPage","@id":"https:\/\/aral2.cetrexmarketing.com\/ca\/producto\/pago-de-los-capellanes-crianca-magnum\/","url":"https:\/\/aral2.cetrexmarketing.com\/ca\/producto\/pago-de-los-capellanes-crianca-magnum\/","name":"Pago de los Capellanes Crian\u00e7a Magnum","isPartOf":{"@id":"https:\/\/aral2.cetrexmarketing.com\/#website"},"primaryImageOfPage":{"@id":"https:\/\/aral2.cetrexmarketing.com\/ca\/producto\/pago-de-los-capellanes-crianca-magnum\/#primaryimage"},"image":{"@id":"https:\/\/aral2.cetrexmarketing.com\/ca\/producto\/pago-de-los-capellanes-crianca-magnum\/#primaryimage"},"thumbnailUrl":"https:\/\/aral2.cetrexmarketing.com\/wp-content\/uploads\/2025\/05\/PAGO-DE-LOS-CAPELLANES-CRIANZA-MAGNUM-ESTUCHE.png","datePublished":"2025-05-26T06:52:59+00:00","dateModified":"2025-05-27T07:34:03+00:00","description":"Comprar online al millor preu el vi negre Pago de los Capellanes Crian\u00e7a Magnum de la DO Ribera del Duero. Web especialitzada en vins i destil\u00b7lats.","breadcrumb":{"@id":"https:\/\/aral2.cetrexmarketing.com\/ca\/producto\/pago-de-los-capellanes-crianca-magnum\/#breadcrumb"},"inLanguage":"ca","potentialAction":[{"@type":"ReadAction","target":["https:\/\/aral2.cetrexmarketing.com\/ca\/producto\/pago-de-los-capellanes-crianca-magnum\/"]}]},{"@type":"ImageObject","inLanguage":"ca","@id":"https:\/\/aral2.cetrexmarketing.com\/ca\/producto\/pago-de-los-capellanes-crianca-magnum\/#primaryimage","url":"https:\/\/aral2.cetrexmarketing.com\/wp-content\/uploads\/2025\/05\/PAGO-DE-LOS-CAPELLANES-CRIANZA-MAGNUM-ESTUCHE.png","contentUrl":"https:\/\/aral2.cetrexmarketing.com\/wp-content\/uploads\/2025\/05\/PAGO-DE-LOS-CAPELLANES-CRIANZA-MAGNUM-ESTUCHE.png","width":765,"height":1024},{"@type":"BreadcrumbList","@id":"https:\/\/aral2.cetrexmarketing.com\/ca\/producto\/pago-de-los-capellanes-crianca-magnum\/#breadcrumb","itemListElement":[{"@type":"ListItem","position":1,"name":"Home","item":"https:\/\/aral2.cetrexmarketing.com\/ca\/"},{"@type":"ListItem","position":2,"name":"Tienda","item":"https:\/\/aral2.cetrexmarketing.com\/ca\/tienda-2\/"},{"@type":"ListItem","position":3,"name":"Vino","item":"https:\/\/aral2.cetrexmarketing.com\/categoria-producto\/inicio\/vino\/"},{"@type":"ListItem","position":4,"name":"Pago de los Capellanes Crian\u00e7a Magnum"}]},{"@type":"WebSite","@id":"https:\/\/aral2.cetrexmarketing.com\/#website","url":"https:\/\/aral2.cetrexmarketing.com\/","name":"M\u00f3n La Cata","description":"Tienda de vinos, licores, cervezas y gourmet","publisher":{"@id":"https:\/\/aral2.cetrexmarketing.com\/#organization"},"potentialAction":[{"@type":"SearchAction","target":{"@type":"EntryPoint","urlTemplate":"https:\/\/aral2.cetrexmarketing.com\/?s={search_term_string}"},"query-input":{"@type":"PropertyValueSpecification","valueRequired":true,"valueName":"search_term_string"}}],"inLanguage":"ca"},{"@type":"Organization","@id":"https:\/\/aral2.cetrexmarketing.com\/#organization","name":"M\u00f3n La Cata","url":"https:\/\/aral2.cetrexmarketing.com\/","logo":{"@type":"ImageObject","inLanguage":"ca","@id":"https:\/\/aral2.cetrexmarketing.com\/#\/schema\/logo\/image\/","url":"https:\/\/aral2.cetrexmarketing.com\/wp-content\/uploads\/2024\/10\/aral-logo-neg-1024x409-1.png","contentUrl":"https:\/\/aral2.cetrexmarketing.com\/wp-content\/uploads\/2024\/10\/aral-logo-neg-1024x409-1.png","width":1024,"height":409,"caption":"M\u00f3n La Cata"},"image":{"@id":"https:\/\/aral2.cetrexmarketing.com\/#\/schema\/logo\/image\/"}}]}},"brands":[{"id":45096,"name":"Pago de los Capellanes","slug":"pago-de-los-capellanes"}],"_links":{"self":[{"href":"https:\/\/aral2.cetrexmarketing.com\/ca\/wp-json\/wp\/v2\/product\/101573","targetHints":{"allow":["GET"]}}],"collection":[{"href":"https:\/\/aral2.cetrexmarketing.com\/ca\/wp-json\/wp\/v2\/product"}],"about":[{"href":"https:\/\/aral2.cetrexmarketing.com\/ca\/wp-json\/wp\/v2\/types\/product"}],"replies":[{"embeddable":true,"href":"https:\/\/aral2.cetrexmarketing.com\/ca\/wp-json\/wp\/v2\/comments?post=101573"}],"wp:featuredmedia":[{"embeddable":true,"href":"https:\/\/aral2.cetrexmarketing.com\/ca\/wp-json\/wp\/v2\/media\/101570"}],"wp:attachment":[{"href":"https:\/\/aral2.cetrexmarketing.com\/ca\/wp-json\/wp\/v2\/media?parent=101573"}],"wp:term":[{"taxonomy":"pwb-brand","embeddable":true,"href":"https:\/\/aral2.cetrexmarketing.com\/ca\/wp-json\/wp\/v2\/pwb-brand?post=101573"},{"taxonomy":"product_brand","embeddable":true,"href":"https:\/\/aral2.cetrexmarketing.com\/ca\/wp-json\/wp\/v2\/product_brand?post=101573"},{"taxonomy":"product_cat","embeddable":true,"href":"https:\/\/aral2.cetrexmarketing.com\/ca\/wp-json\/wp\/v2\/product_cat?post=101573"},{"taxonomy":"product_tag","embeddable":true,"href":"https:\/\/aral2.cetrexmarketing.com\/ca\/wp-json\/wp\/v2\/product_tag?post=101573"}],"curies":[{"name":"wp","href":"https:\/\/api.w.org\/{rel}","templated":true}]}}