{"id":101569,"date":"2025-05-26T06:52:53","date_gmt":"2025-05-26T06:52:53","guid":{"rendered":"https:\/\/aral2.cetrexmarketing.com\/producto\/anima-del-priorat\/"},"modified":"2025-05-27T07:34:00","modified_gmt":"2025-05-27T07:34:00","slug":"anima-del-priorat","status":"publish","type":"product","link":"https:\/\/aral2.cetrexmarketing.com\/ca\/producto\/anima-del-priorat\/","title":{"rendered":"\u00c0nima del Priorat"},"content":{"rendered":"<p>El &#8220;Anima del Priorat&#8221; \u00e9s un vi negre amb (DOQ) Priorat que captura l&#8217;ess\u00e8ncia mateixa d&#8217;aquesta regi\u00f3 vin\u00edcola \u00fanica i prestigiosa. El Priorat, situat a la regi\u00f3 de Catalunya, \u00e9s conegut per produir alguns dels vins m\u00e9s distingits i potents del m\u00f3n, i &#8220;Anima del Priorat&#8221; no \u00e9s cap excepci\u00f3.<\/p>\n<p>Aquest vi negre est\u00e0 elaborat amb una cuidada selecci\u00f3 de ra\u00efm de les varietats <strong>Garnatxa<\/strong> i <strong>Carinyena. <\/strong>Les quals s\u00f3n t\u00edpiques del Priorat i reflecteixen el car\u00e0cter distintiu dels seus terrers. Les vinyes del Priorat, plantades en pendents escarpats i s\u00f2ls pedregosos. Proporcionen un entorn \u00fanic que influeix en la qualitat i el car\u00e0cter del ra\u00efm.<\/p>\n<p>El proc\u00e9s d&#8217;elaboraci\u00f3 de &#8220;Anima del Priorat&#8221; \u00e9s meticul\u00f3s i tradicional. Seguint els principis de vinificaci\u00f3 que han estat transmesos de generaci\u00f3 en generaci\u00f3 a la regi\u00f3. Despr\u00e9s de la verema manual i la selecci\u00f3 dels millors grans. El ra\u00efm \u00e9s fermentat en dip\u00f2sits d&#8217;acer inoxidable amb un control prec\u00eds de la temperatura per preservar els aromes i sabors.<\/p>\n<p>El resultat \u00e9s un vi negre intens i concentrat. Amb una profunda complexitat arom\u00e0tica que revela notes de fruites vermelles i negres, <strong>esp\u00e8cies<\/strong>, i tocs subtils de <strong>minerals<\/strong>. En boca, \u00e9s ric i <strong>estructurat<\/strong>, amb tanins sedosos i una acidesa equilibrada que aporta frescor i vitalitat al vi. El final \u00e9s llarg i persistent, deixant una empremta memorable al paladar.<\/p>\n<p>&#8220;Anima del Priorat&#8221; \u00e9s un vi que expressa amb excel\u00b7l\u00e8ncia el car\u00e0cter \u00fanic del Priorat i \u00e9s una excel\u00b7lent opci\u00f3 per als amants dels vins plens de profunditat i intensitat. Ja sigui degustat per si mateix o acompanyat d&#8217;una bona <strong>carn a la brasa<\/strong> o formatges curats, aquest vi captivar\u00e0 els paladars m\u00e9s exigents i deixar\u00e0 una experi\u00e8ncia inoblidable.<\/p>\n","protected":false},"excerpt":{"rendered":"<p>El &#8220;Anima del Priorat&#8221; \u00e9s un vi negre amb (DOQ) Priorat que captura l&#8217;ess\u00e8ncia mateixa d&#8217;aquesta regi\u00f3 vin\u00edcola \u00fanica i prestigiosa. El Priorat, situat a la regi\u00f3 de Catalunya, \u00e9s conegut per produir alguns dels vins m\u00e9s distingits i potents del m\u00f3n, i &#8220;Anima del Priorat&#8221; no \u00e9s cap excepci\u00f3.<\/p>\n","protected":false},"featured_media":101566,"comment_status":"closed","ping_status":"closed","template":"","meta":{"_acf_changed":false},"pwb-brand":[32901],"product_brand":[],"product_cat":[51670,51671],"product_tag":[18285,16608,14997,14999,14996],"class_list":{"0":"post-101569","1":"product","2":"type-product","3":"status-publish","4":"has-post-thumbnail","6":"pwb-brand-priorat-d-o","7":"product_cat-vi","8":"product_cat-vi-negre","9":"product_tag-anima-del-priorat-ca","10":"product_tag-bellmunt-ca","11":"product_tag-casa-gran-del-siurana-ca","12":"product_tag-doq-priorat-ca","13":"product_tag-priorat-ca","14":"pa_anada-45483","15":"pa_bodega-casagrandelsiurana","16":"pa_do-priorat-d-o-q-ca","17":"pa_floral-negre-floral","18":"pa_formatoenml-38306","19":"pa_graduacion-14_0","20":"pa_maridaje-carn-blanca","21":"pa_maridaje-carn-roja","22":"pa_maridaje-midons","23":"pa_maridaje-verdures","24":"pa_pais-espanya-ca","25":"pa_pueblociudad-bellmuntdelpriorattarragona","26":"pa_region-cataluna","27":"pa_tipodevino-vi-tranquil","28":"pa_variedad-principal-cabernet-sauvignon-ca","29":"pa_variedad-principal-garnacha-tinta-ca","30":"pa_variedad-principal-samso-ca","31":"pa_variedad-principal-syrah-ca","32":"entry","33":"has-media","35":"first","36":"instock","37":"taxable","38":"shipping-taxable","39":"purchasable","40":"product-type-simple"},"acf":[],"yoast_head":"<!-- This site is optimized with the Yoast SEO Premium plugin v23.1 (Yoast SEO v23.5) - https:\/\/yoast.com\/wordpress\/plugins\/seo\/ -->\n<title>\u00c0nima del Priorat<\/title>\n<meta name=\"description\" content=\"Comprar online al millor preu el vi negre \u00c0nima del Priorat. Web especialitzada en vins, destil\u00b7lats i alimentaci\u00f3 gourmet.\" \/>\n<meta name=\"robots\" content=\"noindex, follow, max-snippet:-1, max-image-preview:large, max-video-preview:-1\" \/>\n<meta property=\"og:locale\" content=\"ca_ES\" \/>\n<meta property=\"og:type\" content=\"article\" \/>\n<meta property=\"og:title\" content=\"\u00c0nima del Priorat\" \/>\n<meta property=\"og:description\" content=\"Comprar online al millor preu el vi negre \u00c0nima del Priorat. Web especialitzada en vins, destil\u00b7lats i alimentaci\u00f3 gourmet.\" \/>\n<meta property=\"og:url\" content=\"https:\/\/aral2.cetrexmarketing.com\/ca\/producto\/anima-del-priorat\/\" \/>\n<meta property=\"og:site_name\" content=\"M\u00f3n La Cata\" \/>\n<meta property=\"article:modified_time\" content=\"2025-05-27T07:34:00+00:00\" \/>\n<meta property=\"og:image\" content=\"https:\/\/aral2.cetrexmarketing.com\/wp-content\/uploads\/2025\/05\/Anima-del-Priorat.jpg-1.png\" \/>\n\t<meta property=\"og:image:width\" content=\"765\" \/>\n\t<meta property=\"og:image:height\" content=\"1024\" \/>\n\t<meta property=\"og:image:type\" content=\"image\/png\" \/>\n<meta name=\"twitter:card\" content=\"summary_large_image\" \/>\n<meta name=\"twitter:label1\" content=\"Temps estimat de lectura\" \/>\n\t<meta name=\"twitter:data1\" content=\"2 minuts\" \/>\n<script type=\"application\/ld+json\" class=\"yoast-schema-graph\">{\"@context\":\"https:\/\/schema.org\",\"@graph\":[{\"@type\":\"WebPage\",\"@id\":\"https:\/\/aral2.cetrexmarketing.com\/ca\/producto\/anima-del-priorat\/\",\"url\":\"https:\/\/aral2.cetrexmarketing.com\/ca\/producto\/anima-del-priorat\/\",\"name\":\"\u00c0nima del Priorat\",\"isPartOf\":{\"@id\":\"https:\/\/aral2.cetrexmarketing.com\/#website\"},\"primaryImageOfPage\":{\"@id\":\"https:\/\/aral2.cetrexmarketing.com\/ca\/producto\/anima-del-priorat\/#primaryimage\"},\"image\":{\"@id\":\"https:\/\/aral2.cetrexmarketing.com\/ca\/producto\/anima-del-priorat\/#primaryimage\"},\"thumbnailUrl\":\"https:\/\/aral2.cetrexmarketing.com\/wp-content\/uploads\/2025\/05\/Anima-del-Priorat.jpg-1.png\",\"datePublished\":\"2025-05-26T06:52:53+00:00\",\"dateModified\":\"2025-05-27T07:34:00+00:00\",\"description\":\"Comprar online al millor preu el vi negre \u00c0nima del Priorat. Web especialitzada en vins, destil\u00b7lats i alimentaci\u00f3 gourmet.\",\"breadcrumb\":{\"@id\":\"https:\/\/aral2.cetrexmarketing.com\/ca\/producto\/anima-del-priorat\/#breadcrumb\"},\"inLanguage\":\"ca\",\"potentialAction\":[{\"@type\":\"ReadAction\",\"target\":[\"https:\/\/aral2.cetrexmarketing.com\/ca\/producto\/anima-del-priorat\/\"]}]},{\"@type\":\"ImageObject\",\"inLanguage\":\"ca\",\"@id\":\"https:\/\/aral2.cetrexmarketing.com\/ca\/producto\/anima-del-priorat\/#primaryimage\",\"url\":\"https:\/\/aral2.cetrexmarketing.com\/wp-content\/uploads\/2025\/05\/Anima-del-Priorat.jpg-1.png\",\"contentUrl\":\"https:\/\/aral2.cetrexmarketing.com\/wp-content\/uploads\/2025\/05\/Anima-del-Priorat.jpg-1.png\",\"width\":765,\"height\":1024},{\"@type\":\"BreadcrumbList\",\"@id\":\"https:\/\/aral2.cetrexmarketing.com\/ca\/producto\/anima-del-priorat\/#breadcrumb\",\"itemListElement\":[{\"@type\":\"ListItem\",\"position\":1,\"name\":\"Home\",\"item\":\"https:\/\/aral2.cetrexmarketing.com\/ca\/\"},{\"@type\":\"ListItem\",\"position\":2,\"name\":\"Tienda\",\"item\":\"https:\/\/aral2.cetrexmarketing.com\/ca\/tienda-2\/\"},{\"@type\":\"ListItem\",\"position\":3,\"name\":\"Vi\",\"item\":\"https:\/\/aral2.cetrexmarketing.com\/categoria-producto\/vi\/\"},{\"@type\":\"ListItem\",\"position\":4,\"name\":\"Vi Negre\",\"item\":\"https:\/\/aral2.cetrexmarketing.com\/categoria-producto\/vi\/vi-negre\/\"},{\"@type\":\"ListItem\",\"position\":5,\"name\":\"\u00c0nima del Priorat\"}]},{\"@type\":\"WebSite\",\"@id\":\"https:\/\/aral2.cetrexmarketing.com\/#website\",\"url\":\"https:\/\/aral2.cetrexmarketing.com\/\",\"name\":\"M\u00f3n La Cata\",\"description\":\"Tienda de vinos, licores, cervezas y gourmet\",\"publisher\":{\"@id\":\"https:\/\/aral2.cetrexmarketing.com\/#organization\"},\"potentialAction\":[{\"@type\":\"SearchAction\",\"target\":{\"@type\":\"EntryPoint\",\"urlTemplate\":\"https:\/\/aral2.cetrexmarketing.com\/?s={search_term_string}\"},\"query-input\":{\"@type\":\"PropertyValueSpecification\",\"valueRequired\":true,\"valueName\":\"search_term_string\"}}],\"inLanguage\":\"ca\"},{\"@type\":\"Organization\",\"@id\":\"https:\/\/aral2.cetrexmarketing.com\/#organization\",\"name\":\"M\u00f3n La Cata\",\"url\":\"https:\/\/aral2.cetrexmarketing.com\/\",\"logo\":{\"@type\":\"ImageObject\",\"inLanguage\":\"ca\",\"@id\":\"https:\/\/aral2.cetrexmarketing.com\/#\/schema\/logo\/image\/\",\"url\":\"https:\/\/aral2.cetrexmarketing.com\/wp-content\/uploads\/2024\/10\/aral-logo-neg-1024x409-1.png\",\"contentUrl\":\"https:\/\/aral2.cetrexmarketing.com\/wp-content\/uploads\/2024\/10\/aral-logo-neg-1024x409-1.png\",\"width\":1024,\"height\":409,\"caption\":\"M\u00f3n La Cata\"},\"image\":{\"@id\":\"https:\/\/aral2.cetrexmarketing.com\/#\/schema\/logo\/image\/\"}}]}<\/script>\n<!-- \/ Yoast SEO Premium plugin. -->","yoast_head_json":{"title":"\u00c0nima del Priorat","description":"Comprar online al millor preu el vi negre \u00c0nima del Priorat. Web especialitzada en vins, destil\u00b7lats i alimentaci\u00f3 gourmet.","robots":{"index":"noindex","follow":"follow","max-snippet":"max-snippet:-1","max-image-preview":"max-image-preview:large","max-video-preview":"max-video-preview:-1"},"og_locale":"ca_ES","og_type":"article","og_title":"\u00c0nima del Priorat","og_description":"Comprar online al millor preu el vi negre \u00c0nima del Priorat. Web especialitzada en vins, destil\u00b7lats i alimentaci\u00f3 gourmet.","og_url":"https:\/\/aral2.cetrexmarketing.com\/ca\/producto\/anima-del-priorat\/","og_site_name":"M\u00f3n La Cata","article_modified_time":"2025-05-27T07:34:00+00:00","og_image":[{"width":765,"height":1024,"url":"https:\/\/aral2.cetrexmarketing.com\/wp-content\/uploads\/2025\/05\/Anima-del-Priorat.jpg-1.png","type":"image\/png"}],"twitter_card":"summary_large_image","twitter_misc":{"Temps estimat de lectura":"2 minuts"},"schema":{"@context":"https:\/\/schema.org","@graph":[{"@type":"WebPage","@id":"https:\/\/aral2.cetrexmarketing.com\/ca\/producto\/anima-del-priorat\/","url":"https:\/\/aral2.cetrexmarketing.com\/ca\/producto\/anima-del-priorat\/","name":"\u00c0nima del Priorat","isPartOf":{"@id":"https:\/\/aral2.cetrexmarketing.com\/#website"},"primaryImageOfPage":{"@id":"https:\/\/aral2.cetrexmarketing.com\/ca\/producto\/anima-del-priorat\/#primaryimage"},"image":{"@id":"https:\/\/aral2.cetrexmarketing.com\/ca\/producto\/anima-del-priorat\/#primaryimage"},"thumbnailUrl":"https:\/\/aral2.cetrexmarketing.com\/wp-content\/uploads\/2025\/05\/Anima-del-Priorat.jpg-1.png","datePublished":"2025-05-26T06:52:53+00:00","dateModified":"2025-05-27T07:34:00+00:00","description":"Comprar online al millor preu el vi negre \u00c0nima del Priorat. Web especialitzada en vins, destil\u00b7lats i alimentaci\u00f3 gourmet.","breadcrumb":{"@id":"https:\/\/aral2.cetrexmarketing.com\/ca\/producto\/anima-del-priorat\/#breadcrumb"},"inLanguage":"ca","potentialAction":[{"@type":"ReadAction","target":["https:\/\/aral2.cetrexmarketing.com\/ca\/producto\/anima-del-priorat\/"]}]},{"@type":"ImageObject","inLanguage":"ca","@id":"https:\/\/aral2.cetrexmarketing.com\/ca\/producto\/anima-del-priorat\/#primaryimage","url":"https:\/\/aral2.cetrexmarketing.com\/wp-content\/uploads\/2025\/05\/Anima-del-Priorat.jpg-1.png","contentUrl":"https:\/\/aral2.cetrexmarketing.com\/wp-content\/uploads\/2025\/05\/Anima-del-Priorat.jpg-1.png","width":765,"height":1024},{"@type":"BreadcrumbList","@id":"https:\/\/aral2.cetrexmarketing.com\/ca\/producto\/anima-del-priorat\/#breadcrumb","itemListElement":[{"@type":"ListItem","position":1,"name":"Home","item":"https:\/\/aral2.cetrexmarketing.com\/ca\/"},{"@type":"ListItem","position":2,"name":"Tienda","item":"https:\/\/aral2.cetrexmarketing.com\/ca\/tienda-2\/"},{"@type":"ListItem","position":3,"name":"Vi","item":"https:\/\/aral2.cetrexmarketing.com\/categoria-producto\/vi\/"},{"@type":"ListItem","position":4,"name":"Vi Negre","item":"https:\/\/aral2.cetrexmarketing.com\/categoria-producto\/vi\/vi-negre\/"},{"@type":"ListItem","position":5,"name":"\u00c0nima del Priorat"}]},{"@type":"WebSite","@id":"https:\/\/aral2.cetrexmarketing.com\/#website","url":"https:\/\/aral2.cetrexmarketing.com\/","name":"M\u00f3n La Cata","description":"Tienda de vinos, licores, cervezas y gourmet","publisher":{"@id":"https:\/\/aral2.cetrexmarketing.com\/#organization"},"potentialAction":[{"@type":"SearchAction","target":{"@type":"EntryPoint","urlTemplate":"https:\/\/aral2.cetrexmarketing.com\/?s={search_term_string}"},"query-input":{"@type":"PropertyValueSpecification","valueRequired":true,"valueName":"search_term_string"}}],"inLanguage":"ca"},{"@type":"Organization","@id":"https:\/\/aral2.cetrexmarketing.com\/#organization","name":"M\u00f3n La Cata","url":"https:\/\/aral2.cetrexmarketing.com\/","logo":{"@type":"ImageObject","inLanguage":"ca","@id":"https:\/\/aral2.cetrexmarketing.com\/#\/schema\/logo\/image\/","url":"https:\/\/aral2.cetrexmarketing.com\/wp-content\/uploads\/2024\/10\/aral-logo-neg-1024x409-1.png","contentUrl":"https:\/\/aral2.cetrexmarketing.com\/wp-content\/uploads\/2024\/10\/aral-logo-neg-1024x409-1.png","width":1024,"height":409,"caption":"M\u00f3n La Cata"},"image":{"@id":"https:\/\/aral2.cetrexmarketing.com\/#\/schema\/logo\/image\/"}}]}},"brands":[{"id":32901,"name":"Priorat D.O.","slug":"priorat-d-o"}],"_links":{"self":[{"href":"https:\/\/aral2.cetrexmarketing.com\/ca\/wp-json\/wp\/v2\/product\/101569","targetHints":{"allow":["GET"]}}],"collection":[{"href":"https:\/\/aral2.cetrexmarketing.com\/ca\/wp-json\/wp\/v2\/product"}],"about":[{"href":"https:\/\/aral2.cetrexmarketing.com\/ca\/wp-json\/wp\/v2\/types\/product"}],"replies":[{"embeddable":true,"href":"https:\/\/aral2.cetrexmarketing.com\/ca\/wp-json\/wp\/v2\/comments?post=101569"}],"wp:featuredmedia":[{"embeddable":true,"href":"https:\/\/aral2.cetrexmarketing.com\/ca\/wp-json\/wp\/v2\/media\/101566"}],"wp:attachment":[{"href":"https:\/\/aral2.cetrexmarketing.com\/ca\/wp-json\/wp\/v2\/media?parent=101569"}],"wp:term":[{"taxonomy":"pwb-brand","embeddable":true,"href":"https:\/\/aral2.cetrexmarketing.com\/ca\/wp-json\/wp\/v2\/pwb-brand?post=101569"},{"taxonomy":"product_brand","embeddable":true,"href":"https:\/\/aral2.cetrexmarketing.com\/ca\/wp-json\/wp\/v2\/product_brand?post=101569"},{"taxonomy":"product_cat","embeddable":true,"href":"https:\/\/aral2.cetrexmarketing.com\/ca\/wp-json\/wp\/v2\/product_cat?post=101569"},{"taxonomy":"product_tag","embeddable":true,"href":"https:\/\/aral2.cetrexmarketing.com\/ca\/wp-json\/wp\/v2\/product_tag?post=101569"}],"curies":[{"name":"wp","href":"https:\/\/api.w.org\/{rel}","templated":true}]}}