{"id":100789,"date":"2025-05-26T06:37:49","date_gmt":"2025-05-26T06:37:49","guid":{"rendered":"https:\/\/aral2.cetrexmarketing.com\/producto\/seagrams-whisky\/"},"modified":"2025-05-27T07:32:00","modified_gmt":"2025-05-27T07:32:00","slug":"seagrams-whisky","status":"publish","type":"product","link":"https:\/\/aral2.cetrexmarketing.com\/ca\/producto\/seagrams-whisky\/","title":{"rendered":"Seagram&#8217;s Whisky"},"content":{"rendered":"<p data-start=\"0\" data-end=\"478\"><strong data-start=\"0\" data-end=\"20\">Seagram&#8217;s Whisky<\/strong> \u00e9s una marca de whisky coneguda per la seva suavitat i versatilitat, ideal tant per gaudir-lo sol com per barrejar-lo en c\u00f2ctels. Originari dels Estats Units, el <strong data-start=\"183\" data-end=\"204\">Seagram&#8217;s 7 Crown<\/strong> \u00e9s un dels productes m\u00e9s emblem\u00e0tics de la marca, un <strong data-start=\"258\" data-end=\"281\" data-is-only-node=\"\">whisky nord-americ\u00e0<\/strong> que es caracteritza pel seu sabor suau i pel seu perfil f\u00e0cil de beure. S&#8217;elabora a partir d&#8217;una mescla de <strong data-start=\"389\" data-end=\"406\">whisky de gra<\/strong> i <strong data-start=\"409\" data-end=\"428\">whisky de malta<\/strong>, la qual cosa li d\u00f3na un toc subtil i equilibrat.<\/p>\n<p data-start=\"480\" data-end=\"935\">Aquest whisky presenta un color <strong data-start=\"512\" data-end=\"526\">\u00e0mbar clar<\/strong> i ofereix aromes <strong data-start=\"544\" data-end=\"568\">lleugers i afruitats<\/strong>, amb notes de <strong data-start=\"583\" data-end=\"595\">vainilla<\/strong>, <strong data-start=\"597\" data-end=\"614\">fusta torrada<\/strong> i un toc de <strong data-start=\"627\" data-end=\"638\">caramel<\/strong>. En boca, \u00e9s suau, amb una <strong data-start=\"666\" data-end=\"686\">acidesa moderada<\/strong> i un sabor a <strong data-start=\"700\" data-end=\"715\">fruits secs<\/strong> i <strong data-start=\"718\" data-end=\"727\">fusta<\/strong>, la qual cosa el converteix en una opci\u00f3 agradable i f\u00e0cil de gaudir. El seu final \u00e9s <strong data-start=\"814\" data-end=\"846\">suau i lleugerament especiat<\/strong>, fet que el fa perfecte per a c\u00f2ctels cl\u00e0ssics com el <strong data-start=\"901\" data-end=\"916\">whisky sour<\/strong> o el <strong data-start=\"922\" data-end=\"934\">Highball<\/strong>.<\/p>\n<p data-start=\"937\" data-end=\"1121\" data-is-last-node=\"\" data-is-only-node=\"\">En resum, <strong data-start=\"947\" data-end=\"967\">Seagram&#8217;s Whisky<\/strong> \u00e9s un whisky accessible, de bon preu i amb un sabor suau, ideal tant per a principiants com per a aquells amb m\u00e9s experi\u00e8ncia en la degustaci\u00f3 de whisky.<\/p>\n<p>&nbsp;<\/p>\n","protected":false},"excerpt":{"rendered":"<p><strong data-start=\"0\" data-end=\"20\" data-is-only-node=\"\">Seagram&#8217;s Whisky<\/strong> \u00e9s una marca nord-americana coneguda per la seva suavitat i versatilitat, ideal tant per gaudir-lo sol com en c\u00f2ctels. El <strong data-start=\"143\" data-end=\"164\">Seagram&#8217;s 7 Crown<\/strong> \u00e9s el seu producte m\u00e9s emblem\u00e0tic, un whisky suau elaborat amb una mescla de <strong data-start=\"242\" data-end=\"259\">whisky de gra<\/strong> i <strong data-start=\"262\" data-end=\"281\">whisky de malta<\/strong>, que li atorga un sabor equilibrat i f\u00e0cil de beure. Amb un color <strong data-start=\"348\" data-end=\"362\">\u00e0mbar clar<\/strong>, presenta aromes a <strong data-start=\"382\" data-end=\"394\">vainilla<\/strong>, <strong data-start=\"396\" data-end=\"413\">fusta torrada<\/strong> i <strong data-start=\"416\" data-end=\"427\">caramel<\/strong>, mentre que en boca \u00e9s <strong data-start=\"451\" data-end=\"459\">suau<\/strong>, amb notes de <strong data-start=\"474\" data-end=\"489\">fruits secs<\/strong> i un <strong data-start=\"495\" data-end=\"526\">final lleugerament especiat<\/strong>. \u00c9s una opci\u00f3 accessible i ideal per a c\u00f2ctels cl\u00e0ssics com el <strong data-start=\"590\" data-end=\"605\">whisky sour<\/strong> i el <strong data-start=\"611\" data-end=\"623\">Highball<\/strong>.<\/p>\n","protected":false},"featured_media":100786,"comment_status":"closed","ping_status":"closed","template":"","meta":{"_acf_changed":false},"pwb-brand":[],"product_brand":[],"product_cat":[51692,51722],"product_tag":[50745,18069,15261],"class_list":{"0":"post-100789","1":"product","2":"type-product","3":"status-publish","4":"has-post-thumbnail","6":"product_cat-destillats","7":"product_cat-whisky-destillats","8":"product_tag-seagrams-whisky-ca","9":"product_tag-seagrams-ca","10":"product_tag-whisky-ca","11":"pa_destileria-joseph-e-seagram-sons-ca","12":"pa_firmacomercial-pernodricard","13":"pa_formatoenml-38307","14":"pa_graduacion-40_0","15":"pa_pais-estats-units","16":"entry","17":"has-media","19":"first","20":"outofstock","21":"taxable","22":"shipping-taxable","23":"purchasable","24":"product-type-simple"},"acf":[],"yoast_head":"<!-- This site is optimized with the Yoast SEO Premium plugin v23.1 (Yoast SEO v23.5) - https:\/\/yoast.com\/wordpress\/plugins\/seo\/ -->\n<title>Seagram&#039;s Whisky<\/title>\n<meta name=\"description\" content=\"Comprar online whisky Seagram&#039;s Web especialitzada en destil\u00b7lats, vins i alimentaci\u00f3.\" \/>\n<meta name=\"robots\" content=\"noindex, follow, max-snippet:-1, max-image-preview:large, max-video-preview:-1\" \/>\n<meta property=\"og:locale\" content=\"ca_ES\" \/>\n<meta property=\"og:type\" content=\"article\" \/>\n<meta property=\"og:title\" content=\"Seagram&#039;s Whisky\" \/>\n<meta property=\"og:description\" content=\"Comprar online whisky Seagram&#039;s Web especialitzada en destil\u00b7lats, vins i alimentaci\u00f3.\" \/>\n<meta property=\"og:url\" content=\"https:\/\/aral2.cetrexmarketing.com\/ca\/producto\/seagrams-whisky\/\" \/>\n<meta property=\"og:site_name\" content=\"M\u00f3n La Cata\" \/>\n<meta property=\"article:modified_time\" content=\"2025-05-27T07:32:00+00:00\" \/>\n<meta property=\"og:image\" content=\"https:\/\/aral2.cetrexmarketing.com\/wp-content\/uploads\/2025\/05\/SEAGRAMS-WHISKY.jpeg.png\" \/>\n\t<meta property=\"og:image:width\" content=\"765\" \/>\n\t<meta property=\"og:image:height\" content=\"1024\" \/>\n\t<meta property=\"og:image:type\" content=\"image\/png\" \/>\n<meta name=\"twitter:card\" content=\"summary_large_image\" \/>\n<meta name=\"twitter:label1\" content=\"Temps estimat de lectura\" \/>\n\t<meta name=\"twitter:data1\" content=\"2 minuts\" \/>\n<script type=\"application\/ld+json\" class=\"yoast-schema-graph\">{\"@context\":\"https:\/\/schema.org\",\"@graph\":[{\"@type\":\"WebPage\",\"@id\":\"https:\/\/aral2.cetrexmarketing.com\/ca\/producto\/seagrams-whisky\/\",\"url\":\"https:\/\/aral2.cetrexmarketing.com\/ca\/producto\/seagrams-whisky\/\",\"name\":\"Seagram's Whisky\",\"isPartOf\":{\"@id\":\"https:\/\/aral2.cetrexmarketing.com\/#website\"},\"primaryImageOfPage\":{\"@id\":\"https:\/\/aral2.cetrexmarketing.com\/ca\/producto\/seagrams-whisky\/#primaryimage\"},\"image\":{\"@id\":\"https:\/\/aral2.cetrexmarketing.com\/ca\/producto\/seagrams-whisky\/#primaryimage\"},\"thumbnailUrl\":\"https:\/\/aral2.cetrexmarketing.com\/wp-content\/uploads\/2025\/05\/SEAGRAMS-WHISKY.jpeg.png\",\"datePublished\":\"2025-05-26T06:37:49+00:00\",\"dateModified\":\"2025-05-27T07:32:00+00:00\",\"description\":\"Comprar online whisky Seagram's Web especialitzada en destil\u00b7lats, vins i alimentaci\u00f3.\",\"breadcrumb\":{\"@id\":\"https:\/\/aral2.cetrexmarketing.com\/ca\/producto\/seagrams-whisky\/#breadcrumb\"},\"inLanguage\":\"ca\",\"potentialAction\":[{\"@type\":\"ReadAction\",\"target\":[\"https:\/\/aral2.cetrexmarketing.com\/ca\/producto\/seagrams-whisky\/\"]}]},{\"@type\":\"ImageObject\",\"inLanguage\":\"ca\",\"@id\":\"https:\/\/aral2.cetrexmarketing.com\/ca\/producto\/seagrams-whisky\/#primaryimage\",\"url\":\"https:\/\/aral2.cetrexmarketing.com\/wp-content\/uploads\/2025\/05\/SEAGRAMS-WHISKY.jpeg.png\",\"contentUrl\":\"https:\/\/aral2.cetrexmarketing.com\/wp-content\/uploads\/2025\/05\/SEAGRAMS-WHISKY.jpeg.png\",\"width\":765,\"height\":1024},{\"@type\":\"BreadcrumbList\",\"@id\":\"https:\/\/aral2.cetrexmarketing.com\/ca\/producto\/seagrams-whisky\/#breadcrumb\",\"itemListElement\":[{\"@type\":\"ListItem\",\"position\":1,\"name\":\"Home\",\"item\":\"https:\/\/aral2.cetrexmarketing.com\/ca\/\"},{\"@type\":\"ListItem\",\"position\":2,\"name\":\"Tienda\",\"item\":\"https:\/\/aral2.cetrexmarketing.com\/ca\/tienda-2\/\"},{\"@type\":\"ListItem\",\"position\":3,\"name\":\"Destil\u00b7lats\",\"item\":\"https:\/\/aral2.cetrexmarketing.com\/categoria-producto\/home-ca\/destil-lats-ca\/\"},{\"@type\":\"ListItem\",\"position\":4,\"name\":\"Whisky\",\"item\":\"https:\/\/aral2.cetrexmarketing.com\/categoria-producto\/inicio\/destilados\/whisky\/\"},{\"@type\":\"ListItem\",\"position\":5,\"name\":\"Seagram&#8217;s Whisky\"}]},{\"@type\":\"WebSite\",\"@id\":\"https:\/\/aral2.cetrexmarketing.com\/#website\",\"url\":\"https:\/\/aral2.cetrexmarketing.com\/\",\"name\":\"M\u00f3n La Cata\",\"description\":\"Tienda de vinos, licores, cervezas y gourmet\",\"publisher\":{\"@id\":\"https:\/\/aral2.cetrexmarketing.com\/#organization\"},\"potentialAction\":[{\"@type\":\"SearchAction\",\"target\":{\"@type\":\"EntryPoint\",\"urlTemplate\":\"https:\/\/aral2.cetrexmarketing.com\/?s={search_term_string}\"},\"query-input\":{\"@type\":\"PropertyValueSpecification\",\"valueRequired\":true,\"valueName\":\"search_term_string\"}}],\"inLanguage\":\"ca\"},{\"@type\":\"Organization\",\"@id\":\"https:\/\/aral2.cetrexmarketing.com\/#organization\",\"name\":\"M\u00f3n La Cata\",\"url\":\"https:\/\/aral2.cetrexmarketing.com\/\",\"logo\":{\"@type\":\"ImageObject\",\"inLanguage\":\"ca\",\"@id\":\"https:\/\/aral2.cetrexmarketing.com\/#\/schema\/logo\/image\/\",\"url\":\"https:\/\/aral2.cetrexmarketing.com\/wp-content\/uploads\/2024\/10\/aral-logo-neg-1024x409-1.png\",\"contentUrl\":\"https:\/\/aral2.cetrexmarketing.com\/wp-content\/uploads\/2024\/10\/aral-logo-neg-1024x409-1.png\",\"width\":1024,\"height\":409,\"caption\":\"M\u00f3n La Cata\"},\"image\":{\"@id\":\"https:\/\/aral2.cetrexmarketing.com\/#\/schema\/logo\/image\/\"}}]}<\/script>\n<!-- \/ Yoast SEO Premium plugin. -->","yoast_head_json":{"title":"Seagram's Whisky","description":"Comprar online whisky Seagram's Web especialitzada en destil\u00b7lats, vins i alimentaci\u00f3.","robots":{"index":"noindex","follow":"follow","max-snippet":"max-snippet:-1","max-image-preview":"max-image-preview:large","max-video-preview":"max-video-preview:-1"},"og_locale":"ca_ES","og_type":"article","og_title":"Seagram's Whisky","og_description":"Comprar online whisky Seagram's Web especialitzada en destil\u00b7lats, vins i alimentaci\u00f3.","og_url":"https:\/\/aral2.cetrexmarketing.com\/ca\/producto\/seagrams-whisky\/","og_site_name":"M\u00f3n La Cata","article_modified_time":"2025-05-27T07:32:00+00:00","og_image":[{"width":765,"height":1024,"url":"https:\/\/aral2.cetrexmarketing.com\/wp-content\/uploads\/2025\/05\/SEAGRAMS-WHISKY.jpeg.png","type":"image\/png"}],"twitter_card":"summary_large_image","twitter_misc":{"Temps estimat de lectura":"2 minuts"},"schema":{"@context":"https:\/\/schema.org","@graph":[{"@type":"WebPage","@id":"https:\/\/aral2.cetrexmarketing.com\/ca\/producto\/seagrams-whisky\/","url":"https:\/\/aral2.cetrexmarketing.com\/ca\/producto\/seagrams-whisky\/","name":"Seagram's Whisky","isPartOf":{"@id":"https:\/\/aral2.cetrexmarketing.com\/#website"},"primaryImageOfPage":{"@id":"https:\/\/aral2.cetrexmarketing.com\/ca\/producto\/seagrams-whisky\/#primaryimage"},"image":{"@id":"https:\/\/aral2.cetrexmarketing.com\/ca\/producto\/seagrams-whisky\/#primaryimage"},"thumbnailUrl":"https:\/\/aral2.cetrexmarketing.com\/wp-content\/uploads\/2025\/05\/SEAGRAMS-WHISKY.jpeg.png","datePublished":"2025-05-26T06:37:49+00:00","dateModified":"2025-05-27T07:32:00+00:00","description":"Comprar online whisky Seagram's Web especialitzada en destil\u00b7lats, vins i alimentaci\u00f3.","breadcrumb":{"@id":"https:\/\/aral2.cetrexmarketing.com\/ca\/producto\/seagrams-whisky\/#breadcrumb"},"inLanguage":"ca","potentialAction":[{"@type":"ReadAction","target":["https:\/\/aral2.cetrexmarketing.com\/ca\/producto\/seagrams-whisky\/"]}]},{"@type":"ImageObject","inLanguage":"ca","@id":"https:\/\/aral2.cetrexmarketing.com\/ca\/producto\/seagrams-whisky\/#primaryimage","url":"https:\/\/aral2.cetrexmarketing.com\/wp-content\/uploads\/2025\/05\/SEAGRAMS-WHISKY.jpeg.png","contentUrl":"https:\/\/aral2.cetrexmarketing.com\/wp-content\/uploads\/2025\/05\/SEAGRAMS-WHISKY.jpeg.png","width":765,"height":1024},{"@type":"BreadcrumbList","@id":"https:\/\/aral2.cetrexmarketing.com\/ca\/producto\/seagrams-whisky\/#breadcrumb","itemListElement":[{"@type":"ListItem","position":1,"name":"Home","item":"https:\/\/aral2.cetrexmarketing.com\/ca\/"},{"@type":"ListItem","position":2,"name":"Tienda","item":"https:\/\/aral2.cetrexmarketing.com\/ca\/tienda-2\/"},{"@type":"ListItem","position":3,"name":"Destil\u00b7lats","item":"https:\/\/aral2.cetrexmarketing.com\/categoria-producto\/home-ca\/destil-lats-ca\/"},{"@type":"ListItem","position":4,"name":"Whisky","item":"https:\/\/aral2.cetrexmarketing.com\/categoria-producto\/inicio\/destilados\/whisky\/"},{"@type":"ListItem","position":5,"name":"Seagram&#8217;s Whisky"}]},{"@type":"WebSite","@id":"https:\/\/aral2.cetrexmarketing.com\/#website","url":"https:\/\/aral2.cetrexmarketing.com\/","name":"M\u00f3n La Cata","description":"Tienda de vinos, licores, cervezas y gourmet","publisher":{"@id":"https:\/\/aral2.cetrexmarketing.com\/#organization"},"potentialAction":[{"@type":"SearchAction","target":{"@type":"EntryPoint","urlTemplate":"https:\/\/aral2.cetrexmarketing.com\/?s={search_term_string}"},"query-input":{"@type":"PropertyValueSpecification","valueRequired":true,"valueName":"search_term_string"}}],"inLanguage":"ca"},{"@type":"Organization","@id":"https:\/\/aral2.cetrexmarketing.com\/#organization","name":"M\u00f3n La Cata","url":"https:\/\/aral2.cetrexmarketing.com\/","logo":{"@type":"ImageObject","inLanguage":"ca","@id":"https:\/\/aral2.cetrexmarketing.com\/#\/schema\/logo\/image\/","url":"https:\/\/aral2.cetrexmarketing.com\/wp-content\/uploads\/2024\/10\/aral-logo-neg-1024x409-1.png","contentUrl":"https:\/\/aral2.cetrexmarketing.com\/wp-content\/uploads\/2024\/10\/aral-logo-neg-1024x409-1.png","width":1024,"height":409,"caption":"M\u00f3n La Cata"},"image":{"@id":"https:\/\/aral2.cetrexmarketing.com\/#\/schema\/logo\/image\/"}}]}},"brands":[],"_links":{"self":[{"href":"https:\/\/aral2.cetrexmarketing.com\/ca\/wp-json\/wp\/v2\/product\/100789","targetHints":{"allow":["GET"]}}],"collection":[{"href":"https:\/\/aral2.cetrexmarketing.com\/ca\/wp-json\/wp\/v2\/product"}],"about":[{"href":"https:\/\/aral2.cetrexmarketing.com\/ca\/wp-json\/wp\/v2\/types\/product"}],"replies":[{"embeddable":true,"href":"https:\/\/aral2.cetrexmarketing.com\/ca\/wp-json\/wp\/v2\/comments?post=100789"}],"wp:featuredmedia":[{"embeddable":true,"href":"https:\/\/aral2.cetrexmarketing.com\/ca\/wp-json\/wp\/v2\/media\/100786"}],"wp:attachment":[{"href":"https:\/\/aral2.cetrexmarketing.com\/ca\/wp-json\/wp\/v2\/media?parent=100789"}],"wp:term":[{"taxonomy":"pwb-brand","embeddable":true,"href":"https:\/\/aral2.cetrexmarketing.com\/ca\/wp-json\/wp\/v2\/pwb-brand?post=100789"},{"taxonomy":"product_brand","embeddable":true,"href":"https:\/\/aral2.cetrexmarketing.com\/ca\/wp-json\/wp\/v2\/product_brand?post=100789"},{"taxonomy":"product_cat","embeddable":true,"href":"https:\/\/aral2.cetrexmarketing.com\/ca\/wp-json\/wp\/v2\/product_cat?post=100789"},{"taxonomy":"product_tag","embeddable":true,"href":"https:\/\/aral2.cetrexmarketing.com\/ca\/wp-json\/wp\/v2\/product_tag?post=100789"}],"curies":[{"name":"wp","href":"https:\/\/api.w.org\/{rel}","templated":true}]}}