{"id":100191,"date":"2025-05-26T06:30:47","date_gmt":"2025-05-26T06:30:47","guid":{"rendered":"https:\/\/aral2.cetrexmarketing.com\/producto\/absolut-mandrin-1l\/"},"modified":"2025-05-27T07:31:16","modified_gmt":"2025-05-27T07:31:16","slug":"absolut-mandrin-1l","status":"publish","type":"product","link":"https:\/\/aral2.cetrexmarketing.com\/ca\/producto\/absolut-mandrin-1l\/","title":{"rendered":"Absolut Mandrin 1L"},"content":{"rendered":"<p><strong>Absolut Mandrin 1L<\/strong><\/p>\n<p data-sourcepos=\"26:1-26:317\"><strong>Origen:<\/strong> Absolut Vodka es produeix a \u00c5hus, Su\u00e8cia, utilitzant blat d&#8217;hivern suec i aigua pura de pou. Absolut Mandrin \u00e9s una de les moltes varietats aromatitzades d&#8217;Absolut, llan\u00e7ada el 1999, que combina el sabor suau i pur del vodka Absolut amb l&#8217;intens i refrescant sabor de mandarines i taronges.<\/p>\n<p data-sourcepos=\"28:1-28:18\"><strong>Notes de Cata:<\/strong><\/p>\n<ul data-sourcepos=\"30:1-32:0\">\n<li data-sourcepos=\"30:1-30:180\"><strong>Aroma:<\/strong> Predominen les notes c\u00edtriques brillants i fresques de mandarina i taronja, amb una lleugera dol\u00e7or i un subtil rerefons alcoh\u00f2lic net caracter\u00edstic del vodka Absolut.<\/li>\n<li data-sourcepos=\"31:1-32:0\"><strong>Sabor:<\/strong> En boca, ofereix una explosi\u00f3 de sabor a mandarina sucosa i taronja dol\u00e7a, equilibrat per la puresa i la suavitat del vodka. No \u00e9s excessivament dol\u00e7, cosa que permet que els sabors c\u00edtrics naturals brillin. El final \u00e9s net, refrescant i deixa un agradable record a c\u00edtrics.<\/li>\n<\/ul>\n<p data-sourcepos=\"33:1-33:21\"><strong>Caracter\u00edstiques:<\/strong><\/p>\n<ul data-sourcepos=\"35:1-40:0\">\n<li data-sourcepos=\"35:1-35:78\"><strong>Base:<\/strong> Vodka Absolut elaborat amb blat d&#8217;hivern suec i aigua de pou.<\/li>\n<li data-sourcepos=\"36:1-36:65\"><strong>Aromatitzaci\u00f3:<\/strong> Ess\u00e8ncies naturals de mandarines i taronges.<\/li>\n<li data-sourcepos=\"37:1-37:122\"><strong>Presentaci\u00f3:<\/strong> Ampolla de vidre transparent ic\u00f2nica d&#8217;Absolut amb l&#8217;etiqueta distintiva &#8220;Mandrin&#8221;.<\/li>\n<li data-sourcepos=\"38:1-38:47\"><strong>Grau Alcoh\u00f2lic:<\/strong> Generalment 40% Alc.\/Vol.<\/li>\n<\/ul>\n<p>&nbsp;<\/p>\n<p>\u00c9s un vodka aromatitzat molt vers\u00e0til, ideal per prendre sol amb gel, barrejat amb refrescos o sucs, o com a base per a c\u00f2ctels c\u00edtrics i refrescants com el Cosmopolitan o l&#8217;Screwdriver amb un toc extra de mandarina.<\/p>\n","protected":false},"excerpt":{"rendered":"<p>Absolut Mandrin 1L Origen: Absolut Vodka es produeix a \u00c5hus, Su\u00e8cia, utilitzant blat d&#8217;hivern suec i aigua pura de pou. Absolut Mandrin \u00e9s una de les moltes varietats aromatitzades d&#8217;Absolut, llan\u00e7ada el 1999, que combina el sabor suau i pur del vodka Absolut amb l&#8217;intens i refrescant sabor de mandarines i taronges. Notes de Cata:&hellip;<\/p>\n","protected":false},"featured_media":100188,"comment_status":"closed","ping_status":"closed","template":"","meta":{"_acf_changed":false},"pwb-brand":[],"product_brand":[],"product_cat":[51692,51732],"product_tag":[15553,18219,18220,49306,15252],"class_list":{"0":"post-100191","1":"product","2":"type-product","3":"status-publish","4":"has-post-thumbnail","6":"product_cat-destillats","7":"product_cat-vodka-destillats","8":"product_tag-absolut-ca","9":"product_tag-mandarina-ca","10":"product_tag-mandrin-ca","11":"product_tag-suecia-ca","12":"product_tag-vodka-ca","13":"pa_bodega-theabsolutcompany","14":"pa_formatoenl-36160","15":"pa_formatoenml-38308","16":"pa_graduacion-40_0","17":"pa_pais-suecia-ca-2","18":"pa_pesoengramos-38337","19":"pa_pesoenkg-125-ca","20":"entry","21":"has-media","23":"first","24":"outofstock","25":"taxable","26":"shipping-taxable","27":"purchasable","28":"product-type-simple"},"acf":[],"yoast_head":"<!-- This site is optimized with the Yoast SEO Premium plugin v23.1 (Yoast SEO v23.5) - https:\/\/yoast.com\/wordpress\/plugins\/seo\/ -->\n<title>Absolut Mandrin Vodka de Su\u00e8cia<\/title>\n<meta name=\"description\" content=\"Comprar online al millor preu vodka i molts altres destil\u00b7lats d&#039;arreu del m\u00f3n.\" \/>\n<meta name=\"robots\" content=\"noindex, follow, max-snippet:-1, max-image-preview:large, max-video-preview:-1\" \/>\n<meta property=\"og:locale\" content=\"ca_ES\" \/>\n<meta property=\"og:type\" content=\"article\" \/>\n<meta property=\"og:title\" content=\"Absolut Mandrin 1L\" \/>\n<meta property=\"og:description\" content=\"Comprar online al millor preu vodka i molts altres destil\u00b7lats d&#039;arreu del m\u00f3n.\" \/>\n<meta property=\"og:url\" content=\"https:\/\/aral2.cetrexmarketing.com\/ca\/producto\/absolut-mandrin-1l\/\" \/>\n<meta property=\"og:site_name\" content=\"M\u00f3n La Cata\" \/>\n<meta property=\"article:modified_time\" content=\"2025-05-27T07:31:16+00:00\" \/>\n<meta property=\"og:image\" content=\"https:\/\/aral2.cetrexmarketing.com\/wp-content\/uploads\/2025\/05\/ABSOLUT-MANDARIN-1L-1.png\" \/>\n\t<meta property=\"og:image:width\" content=\"765\" \/>\n\t<meta property=\"og:image:height\" content=\"1024\" \/>\n\t<meta property=\"og:image:type\" content=\"image\/png\" \/>\n<meta name=\"twitter:card\" content=\"summary_large_image\" \/>\n<meta name=\"twitter:label1\" content=\"Temps estimat de lectura\" \/>\n\t<meta name=\"twitter:data1\" content=\"2 minuts\" \/>\n<script type=\"application\/ld+json\" class=\"yoast-schema-graph\">{\"@context\":\"https:\/\/schema.org\",\"@graph\":[{\"@type\":\"WebPage\",\"@id\":\"https:\/\/aral2.cetrexmarketing.com\/ca\/producto\/absolut-mandrin-1l\/\",\"url\":\"https:\/\/aral2.cetrexmarketing.com\/ca\/producto\/absolut-mandrin-1l\/\",\"name\":\"Absolut Mandrin Vodka de Su\u00e8cia\",\"isPartOf\":{\"@id\":\"https:\/\/aral2.cetrexmarketing.com\/#website\"},\"primaryImageOfPage\":{\"@id\":\"https:\/\/aral2.cetrexmarketing.com\/ca\/producto\/absolut-mandrin-1l\/#primaryimage\"},\"image\":{\"@id\":\"https:\/\/aral2.cetrexmarketing.com\/ca\/producto\/absolut-mandrin-1l\/#primaryimage\"},\"thumbnailUrl\":\"https:\/\/aral2.cetrexmarketing.com\/wp-content\/uploads\/2025\/05\/ABSOLUT-MANDARIN-1L-1.png\",\"datePublished\":\"2025-05-26T06:30:47+00:00\",\"dateModified\":\"2025-05-27T07:31:16+00:00\",\"description\":\"Comprar online al millor preu vodka i molts altres destil\u00b7lats d'arreu del m\u00f3n.\",\"breadcrumb\":{\"@id\":\"https:\/\/aral2.cetrexmarketing.com\/ca\/producto\/absolut-mandrin-1l\/#breadcrumb\"},\"inLanguage\":\"ca\",\"potentialAction\":[{\"@type\":\"ReadAction\",\"target\":[\"https:\/\/aral2.cetrexmarketing.com\/ca\/producto\/absolut-mandrin-1l\/\"]}]},{\"@type\":\"ImageObject\",\"inLanguage\":\"ca\",\"@id\":\"https:\/\/aral2.cetrexmarketing.com\/ca\/producto\/absolut-mandrin-1l\/#primaryimage\",\"url\":\"https:\/\/aral2.cetrexmarketing.com\/wp-content\/uploads\/2025\/05\/ABSOLUT-MANDARIN-1L-1.png\",\"contentUrl\":\"https:\/\/aral2.cetrexmarketing.com\/wp-content\/uploads\/2025\/05\/ABSOLUT-MANDARIN-1L-1.png\",\"width\":765,\"height\":1024},{\"@type\":\"BreadcrumbList\",\"@id\":\"https:\/\/aral2.cetrexmarketing.com\/ca\/producto\/absolut-mandrin-1l\/#breadcrumb\",\"itemListElement\":[{\"@type\":\"ListItem\",\"position\":1,\"name\":\"Home\",\"item\":\"https:\/\/aral2.cetrexmarketing.com\/ca\/\"},{\"@type\":\"ListItem\",\"position\":2,\"name\":\"Tienda\",\"item\":\"https:\/\/aral2.cetrexmarketing.com\/ca\/tienda-2\/\"},{\"@type\":\"ListItem\",\"position\":3,\"name\":\"Destil\u00b7lats\",\"item\":\"https:\/\/aral2.cetrexmarketing.com\/categoria-producto\/destil%c2%b7lats\/\"},{\"@type\":\"ListItem\",\"position\":4,\"name\":\"Vodka\",\"item\":\"https:\/\/aral2.cetrexmarketing.com\/categoria-producto\/destil%c2%b7lats\/vodka-destil%c2%b7lats\/\"},{\"@type\":\"ListItem\",\"position\":5,\"name\":\"Absolut Mandrin 1L\"}]},{\"@type\":\"WebSite\",\"@id\":\"https:\/\/aral2.cetrexmarketing.com\/#website\",\"url\":\"https:\/\/aral2.cetrexmarketing.com\/\",\"name\":\"M\u00f3n La Cata\",\"description\":\"Tienda de vinos, licores, cervezas y gourmet\",\"publisher\":{\"@id\":\"https:\/\/aral2.cetrexmarketing.com\/#organization\"},\"potentialAction\":[{\"@type\":\"SearchAction\",\"target\":{\"@type\":\"EntryPoint\",\"urlTemplate\":\"https:\/\/aral2.cetrexmarketing.com\/?s={search_term_string}\"},\"query-input\":{\"@type\":\"PropertyValueSpecification\",\"valueRequired\":true,\"valueName\":\"search_term_string\"}}],\"inLanguage\":\"ca\"},{\"@type\":\"Organization\",\"@id\":\"https:\/\/aral2.cetrexmarketing.com\/#organization\",\"name\":\"M\u00f3n La Cata\",\"url\":\"https:\/\/aral2.cetrexmarketing.com\/\",\"logo\":{\"@type\":\"ImageObject\",\"inLanguage\":\"ca\",\"@id\":\"https:\/\/aral2.cetrexmarketing.com\/#\/schema\/logo\/image\/\",\"url\":\"https:\/\/aral2.cetrexmarketing.com\/wp-content\/uploads\/2024\/10\/aral-logo-neg-1024x409-1.png\",\"contentUrl\":\"https:\/\/aral2.cetrexmarketing.com\/wp-content\/uploads\/2024\/10\/aral-logo-neg-1024x409-1.png\",\"width\":1024,\"height\":409,\"caption\":\"M\u00f3n La Cata\"},\"image\":{\"@id\":\"https:\/\/aral2.cetrexmarketing.com\/#\/schema\/logo\/image\/\"}}]}<\/script>\n<!-- \/ Yoast SEO Premium plugin. -->","yoast_head_json":{"title":"Absolut Mandrin Vodka de Su\u00e8cia","description":"Comprar online al millor preu vodka i molts altres destil\u00b7lats d'arreu del m\u00f3n.","robots":{"index":"noindex","follow":"follow","max-snippet":"max-snippet:-1","max-image-preview":"max-image-preview:large","max-video-preview":"max-video-preview:-1"},"og_locale":"ca_ES","og_type":"article","og_title":"Absolut Mandrin 1L","og_description":"Comprar online al millor preu vodka i molts altres destil\u00b7lats d'arreu del m\u00f3n.","og_url":"https:\/\/aral2.cetrexmarketing.com\/ca\/producto\/absolut-mandrin-1l\/","og_site_name":"M\u00f3n La Cata","article_modified_time":"2025-05-27T07:31:16+00:00","og_image":[{"width":765,"height":1024,"url":"https:\/\/aral2.cetrexmarketing.com\/wp-content\/uploads\/2025\/05\/ABSOLUT-MANDARIN-1L-1.png","type":"image\/png"}],"twitter_card":"summary_large_image","twitter_misc":{"Temps estimat de lectura":"2 minuts"},"schema":{"@context":"https:\/\/schema.org","@graph":[{"@type":"WebPage","@id":"https:\/\/aral2.cetrexmarketing.com\/ca\/producto\/absolut-mandrin-1l\/","url":"https:\/\/aral2.cetrexmarketing.com\/ca\/producto\/absolut-mandrin-1l\/","name":"Absolut Mandrin Vodka de Su\u00e8cia","isPartOf":{"@id":"https:\/\/aral2.cetrexmarketing.com\/#website"},"primaryImageOfPage":{"@id":"https:\/\/aral2.cetrexmarketing.com\/ca\/producto\/absolut-mandrin-1l\/#primaryimage"},"image":{"@id":"https:\/\/aral2.cetrexmarketing.com\/ca\/producto\/absolut-mandrin-1l\/#primaryimage"},"thumbnailUrl":"https:\/\/aral2.cetrexmarketing.com\/wp-content\/uploads\/2025\/05\/ABSOLUT-MANDARIN-1L-1.png","datePublished":"2025-05-26T06:30:47+00:00","dateModified":"2025-05-27T07:31:16+00:00","description":"Comprar online al millor preu vodka i molts altres destil\u00b7lats d'arreu del m\u00f3n.","breadcrumb":{"@id":"https:\/\/aral2.cetrexmarketing.com\/ca\/producto\/absolut-mandrin-1l\/#breadcrumb"},"inLanguage":"ca","potentialAction":[{"@type":"ReadAction","target":["https:\/\/aral2.cetrexmarketing.com\/ca\/producto\/absolut-mandrin-1l\/"]}]},{"@type":"ImageObject","inLanguage":"ca","@id":"https:\/\/aral2.cetrexmarketing.com\/ca\/producto\/absolut-mandrin-1l\/#primaryimage","url":"https:\/\/aral2.cetrexmarketing.com\/wp-content\/uploads\/2025\/05\/ABSOLUT-MANDARIN-1L-1.png","contentUrl":"https:\/\/aral2.cetrexmarketing.com\/wp-content\/uploads\/2025\/05\/ABSOLUT-MANDARIN-1L-1.png","width":765,"height":1024},{"@type":"BreadcrumbList","@id":"https:\/\/aral2.cetrexmarketing.com\/ca\/producto\/absolut-mandrin-1l\/#breadcrumb","itemListElement":[{"@type":"ListItem","position":1,"name":"Home","item":"https:\/\/aral2.cetrexmarketing.com\/ca\/"},{"@type":"ListItem","position":2,"name":"Tienda","item":"https:\/\/aral2.cetrexmarketing.com\/ca\/tienda-2\/"},{"@type":"ListItem","position":3,"name":"Destil\u00b7lats","item":"https:\/\/aral2.cetrexmarketing.com\/categoria-producto\/destil%c2%b7lats\/"},{"@type":"ListItem","position":4,"name":"Vodka","item":"https:\/\/aral2.cetrexmarketing.com\/categoria-producto\/destil%c2%b7lats\/vodka-destil%c2%b7lats\/"},{"@type":"ListItem","position":5,"name":"Absolut Mandrin 1L"}]},{"@type":"WebSite","@id":"https:\/\/aral2.cetrexmarketing.com\/#website","url":"https:\/\/aral2.cetrexmarketing.com\/","name":"M\u00f3n La Cata","description":"Tienda de vinos, licores, cervezas y gourmet","publisher":{"@id":"https:\/\/aral2.cetrexmarketing.com\/#organization"},"potentialAction":[{"@type":"SearchAction","target":{"@type":"EntryPoint","urlTemplate":"https:\/\/aral2.cetrexmarketing.com\/?s={search_term_string}"},"query-input":{"@type":"PropertyValueSpecification","valueRequired":true,"valueName":"search_term_string"}}],"inLanguage":"ca"},{"@type":"Organization","@id":"https:\/\/aral2.cetrexmarketing.com\/#organization","name":"M\u00f3n La Cata","url":"https:\/\/aral2.cetrexmarketing.com\/","logo":{"@type":"ImageObject","inLanguage":"ca","@id":"https:\/\/aral2.cetrexmarketing.com\/#\/schema\/logo\/image\/","url":"https:\/\/aral2.cetrexmarketing.com\/wp-content\/uploads\/2024\/10\/aral-logo-neg-1024x409-1.png","contentUrl":"https:\/\/aral2.cetrexmarketing.com\/wp-content\/uploads\/2024\/10\/aral-logo-neg-1024x409-1.png","width":1024,"height":409,"caption":"M\u00f3n La Cata"},"image":{"@id":"https:\/\/aral2.cetrexmarketing.com\/#\/schema\/logo\/image\/"}}]}},"brands":[],"_links":{"self":[{"href":"https:\/\/aral2.cetrexmarketing.com\/ca\/wp-json\/wp\/v2\/product\/100191","targetHints":{"allow":["GET"]}}],"collection":[{"href":"https:\/\/aral2.cetrexmarketing.com\/ca\/wp-json\/wp\/v2\/product"}],"about":[{"href":"https:\/\/aral2.cetrexmarketing.com\/ca\/wp-json\/wp\/v2\/types\/product"}],"replies":[{"embeddable":true,"href":"https:\/\/aral2.cetrexmarketing.com\/ca\/wp-json\/wp\/v2\/comments?post=100191"}],"wp:featuredmedia":[{"embeddable":true,"href":"https:\/\/aral2.cetrexmarketing.com\/ca\/wp-json\/wp\/v2\/media\/100188"}],"wp:attachment":[{"href":"https:\/\/aral2.cetrexmarketing.com\/ca\/wp-json\/wp\/v2\/media?parent=100191"}],"wp:term":[{"taxonomy":"pwb-brand","embeddable":true,"href":"https:\/\/aral2.cetrexmarketing.com\/ca\/wp-json\/wp\/v2\/pwb-brand?post=100191"},{"taxonomy":"product_brand","embeddable":true,"href":"https:\/\/aral2.cetrexmarketing.com\/ca\/wp-json\/wp\/v2\/product_brand?post=100191"},{"taxonomy":"product_cat","embeddable":true,"href":"https:\/\/aral2.cetrexmarketing.com\/ca\/wp-json\/wp\/v2\/product_cat?post=100191"},{"taxonomy":"product_tag","embeddable":true,"href":"https:\/\/aral2.cetrexmarketing.com\/ca\/wp-json\/wp\/v2\/product_tag?post=100191"}],"curies":[{"name":"wp","href":"https:\/\/api.w.org\/{rel}","templated":true}]}}