{"id":39789,"date":"2015-05-12T13:26:59","date_gmt":"2015-05-12T13:26:59","guid":{"rendered":"https:\/\/aral2.cetrexmarketing.com\/politica-de-cookies\/"},"modified":"2015-05-12T13:26:59","modified_gmt":"2015-05-12T13:26:59","slug":"politica-de-cookies","status":"publish","type":"page","link":"https:\/\/aral2.cetrexmarketing.com\/ca\/politica-de-cookies\/","title":{"rendered":"Pol\u00edtica de cookies"},"content":{"rendered":"<p class=\"tw-data-text tw-text-large XcVN5d tw-ta\" id=\"tw-target-text\" dir=\"ltr\"><span class=\"Y2IQFc\" lang=\"ca\" xml:lang=\"ca\">Les cookies s\u00f3n petits fitxers de text que es generen a l&#8217;ordinador de l&#8217;usuari a trav\u00e9s del seu navegador quan aquest es connecta a una web i que ens permeten fer m\u00e9s eficient l&#8217;experi\u00e8ncia de l&#8217;usuari, aix\u00ed com con\u00e8ixer m\u00e9s informaci\u00f3 p.e. freq\u00fc\u00e8ncia de visites. <\/span><\/p>\n<p class=\"tw-data-text tw-text-large XcVN5d tw-ta\" dir=\"ltr\"><span class=\"Y2IQFc\" lang=\"ca\" xml:lang=\"ca\">Les galetes es poden utilitzar per demanar i emmagatzemar dades de l&#8217;USUARI mentre est\u00e0 connectat per facilitar-li els serveis sol\u00b7licitats i que no es solen conservar (Cookies de sessi\u00f3), o per conservar les dades de l&#8217;USUARI per a un altre tipus de serveis futurs i que es poden conservar per temps indefinit (Cookies persistents). Les\u00a0cookies poden ser pr\u00f2pies o de tercers.<\/span><\/p>\n<p class=\"tw-data-text tw-text-large XcVN5d tw-ta\" dir=\"ltr\"><span class=\"Y2IQFc\" lang=\"ca\" xml:lang=\"ca\"><strong>Hi ha diversos tipus de cookies:<\/strong><\/span><\/p>\n<p class=\"tw-data-text tw-text-large XcVN5d tw-ta\" dir=\"ltr\"><span class=\"Y2IQFc\" lang=\"ca\" xml:lang=\"ca\">Cookies\u00a0t\u00e8cniques que faciliten la navegaci\u00f3 de l&#8217;USUARI i la utilitzaci\u00f3 de les diferents opcions o serveis que ofereix la web com identificar la sessi\u00f3, permetre l&#8217;acc\u00e9s a determinades \u00e0rees, facilitar comandes, compres, emplenament de formularis, inscripcions, seguretat, facilitar funcionalitats (v\u00eddeos , xarxes socials &#8230;).<\/span><\/p>\n<p class=\"tw-data-text tw-text-large XcVN5d tw-ta\" dir=\"ltr\">Cookies de personalitzaci\u00f3 que permeten a l&#8217;usuari accedir als serveis segons les seves prefer\u00e8ncies (idioma, navegador, configuraci\u00f3&#8230;).<\/p>\n<p class=\"tw-data-text tw-text-large XcVN5d tw-ta\" dir=\"ltr\">Galetes d&#8217;an\u00e0lisi que permeten l&#8217;an\u00e0lisi an\u00f2nim de el comportament dels USUARIS de la web i que permeten mesurar l&#8217;activitat de l&#8217;usuari i elaborar perfils de navegaci\u00f3 per tal objectiu millorar els llocs web.<\/p>\n<p class=\"tw-data-text tw-text-large XcVN5d tw-ta\" dir=\"ltr\">Galetes publicit\u00e0ria que permeten la gesti\u00f3 dels espais publicitaris del web.<\/p>\n<p class=\"tw-data-text tw-text-large XcVN5d tw-ta\" dir=\"ltr\">Galetes de publicitat personalitzada que permeten la gesti\u00f3 dels espais publicitaris del web basant-se el comportament i h\u00e0bits de navegaci\u00f3 d&#8217;USUARI, d&#8217;on s&#8217;obt\u00e9 el seu perfil i permet personalitzar la publicitat que es mostra en el navegador de l&#8217;usuari.<\/p>\n<p class=\"tw-data-text tw-text-large XcVN5d tw-ta\" dir=\"ltr\">Concretament aquesta p\u00e0gina web utilitza cookies de sessi\u00f3 i anal\u00edtiques.<\/p>\n<p class=\"tw-data-text tw-text-large XcVN5d tw-ta\" dir=\"ltr\">L&#8217;usuari pot configurar el seu navegador per ser avisat en pantalla de la recepci\u00f3 de cookies i per impedir la instal\u00b7laci\u00f3 de cookies al seu disc dur. Si us plau, consulti les instruccions i manuals del seu navegador per ampliar aquesta informaci\u00f3. Tot i que aquests procediments estan sotmesos a les actualitzacions per part dels desenvolupadors dels navegadors, pot servir li d&#8217;ajuda:<\/p>\n<p class=\"tw-data-text tw-text-large XcVN5d tw-ta\" dir=\"ltr\">&#8211; Internet Explorer: Eines, opcions d&#8217;internet i privacitat.<\/p>\n<p class=\"tw-data-text tw-text-large XcVN5d tw-ta\" dir=\"ltr\">&#8211; Chrome: Configuraci\u00f3, mostrar opcions avan\u00e7ades i privacitat.<\/p>\n<p class=\"tw-data-text tw-text-large XcVN5d tw-ta\" dir=\"ltr\">&#8211; Firefox: Eines, opcions i privacitat.<\/p>\n<p class=\"tw-data-text tw-text-large XcVN5d tw-ta\" dir=\"ltr\">&#8211; Safari: Eines, prefer\u00e8ncies i seguretat.<\/p>\n<p class=\"tw-data-text tw-text-large XcVN5d tw-ta\" dir=\"ltr\">\n","protected":false},"excerpt":{"rendered":"<p>Les cookies s\u00f3n petits fitxers de text que es generen a l&#8217;ordinador de l&#8217;usuari a trav\u00e9s del seu navegador quan aquest es connecta a una web i que ens permeten fer m\u00e9s eficient l&#8217;experi\u00e8ncia de l&#8217;usuari, aix\u00ed com con\u00e8ixer m\u00e9s informaci\u00f3 p.e. freq\u00fc\u00e8ncia de visites. Les galetes es poden utilitzar per demanar i emmagatzemar dades&hellip;<\/p>\n","protected":false},"author":9662,"featured_media":0,"parent":0,"menu_order":5,"comment_status":"closed","ping_status":"closed","template":"","meta":{"_acf_changed":false,"footnotes":""},"class_list":["post-39789","page","type-page","status-publish","hentry","entry","no-media"],"acf":[],"yoast_head":"<!-- This site is optimized with the Yoast SEO Premium plugin v23.1 (Yoast SEO v23.5) - https:\/\/yoast.com\/wordpress\/plugins\/seo\/ -->\n<title>Pol\u00edtica de cookies - M\u00f3n La Cata<\/title>\n<meta name=\"robots\" content=\"noindex, follow, max-snippet:-1, max-image-preview:large, max-video-preview:-1\" \/>\n<meta property=\"og:locale\" content=\"ca_ES\" \/>\n<meta property=\"og:type\" content=\"article\" \/>\n<meta property=\"og:title\" content=\"Pol\u00edtica de cookies\" \/>\n<meta property=\"og:description\" content=\"Les cookies s\u00f3n petits fitxers de text que es generen a l&#8217;ordinador de l&#8217;usuari a trav\u00e9s del seu navegador quan aquest es connecta a una web i que ens permeten fer m\u00e9s eficient l&#8217;experi\u00e8ncia de l&#8217;usuari, aix\u00ed com con\u00e8ixer m\u00e9s informaci\u00f3 p.e. freq\u00fc\u00e8ncia de visites. Les galetes es poden utilitzar per demanar i emmagatzemar dades&hellip;\" \/>\n<meta property=\"og:url\" content=\"https:\/\/aral2.cetrexmarketing.com\/ca\/politica-de-cookies\/\" \/>\n<meta property=\"og:site_name\" content=\"M\u00f3n La Cata\" \/>\n<meta name=\"twitter:card\" content=\"summary_large_image\" \/>\n<meta name=\"twitter:label1\" content=\"Temps estimat de lectura\" \/>\n\t<meta name=\"twitter:data1\" content=\"2 minuts\" \/>\n<script type=\"application\/ld+json\" class=\"yoast-schema-graph\">{\"@context\":\"https:\/\/schema.org\",\"@graph\":[{\"@type\":\"WebPage\",\"@id\":\"https:\/\/aral2.cetrexmarketing.com\/ca\/politica-de-cookies\/\",\"url\":\"https:\/\/aral2.cetrexmarketing.com\/ca\/politica-de-cookies\/\",\"name\":\"Pol\u00edtica de cookies - M\u00f3n La Cata\",\"isPartOf\":{\"@id\":\"https:\/\/aral2.cetrexmarketing.com\/#website\"},\"datePublished\":\"2015-05-12T13:26:59+00:00\",\"dateModified\":\"2015-05-12T13:26:59+00:00\",\"breadcrumb\":{\"@id\":\"https:\/\/aral2.cetrexmarketing.com\/ca\/politica-de-cookies\/#breadcrumb\"},\"inLanguage\":\"ca\",\"potentialAction\":[{\"@type\":\"ReadAction\",\"target\":[\"https:\/\/aral2.cetrexmarketing.com\/ca\/politica-de-cookies\/\"]}]},{\"@type\":\"BreadcrumbList\",\"@id\":\"https:\/\/aral2.cetrexmarketing.com\/ca\/politica-de-cookies\/#breadcrumb\",\"itemListElement\":[{\"@type\":\"ListItem\",\"position\":1,\"name\":\"Home\",\"item\":\"https:\/\/aral2.cetrexmarketing.com\/ca\/\"},{\"@type\":\"ListItem\",\"position\":2,\"name\":\"Pol\u00edtica de cookies\"}]},{\"@type\":\"WebSite\",\"@id\":\"https:\/\/aral2.cetrexmarketing.com\/#website\",\"url\":\"https:\/\/aral2.cetrexmarketing.com\/\",\"name\":\"M\u00f3n La Cata\",\"description\":\"Tienda de vinos, licores, cervezas y gourmet\",\"publisher\":{\"@id\":\"https:\/\/aral2.cetrexmarketing.com\/#organization\"},\"potentialAction\":[{\"@type\":\"SearchAction\",\"target\":{\"@type\":\"EntryPoint\",\"urlTemplate\":\"https:\/\/aral2.cetrexmarketing.com\/?s={search_term_string}\"},\"query-input\":{\"@type\":\"PropertyValueSpecification\",\"valueRequired\":true,\"valueName\":\"search_term_string\"}}],\"inLanguage\":\"ca\"},{\"@type\":\"Organization\",\"@id\":\"https:\/\/aral2.cetrexmarketing.com\/#organization\",\"name\":\"M\u00f3n La Cata\",\"url\":\"https:\/\/aral2.cetrexmarketing.com\/\",\"logo\":{\"@type\":\"ImageObject\",\"inLanguage\":\"ca\",\"@id\":\"https:\/\/aral2.cetrexmarketing.com\/#\/schema\/logo\/image\/\",\"url\":\"https:\/\/aral2.cetrexmarketing.com\/wp-content\/uploads\/2024\/10\/aral-logo-neg-1024x409-1.png\",\"contentUrl\":\"https:\/\/aral2.cetrexmarketing.com\/wp-content\/uploads\/2024\/10\/aral-logo-neg-1024x409-1.png\",\"width\":1024,\"height\":409,\"caption\":\"M\u00f3n La Cata\"},\"image\":{\"@id\":\"https:\/\/aral2.cetrexmarketing.com\/#\/schema\/logo\/image\/\"}}]}<\/script>\n<!-- \/ Yoast SEO Premium plugin. -->","yoast_head_json":{"title":"Pol\u00edtica de cookies - M\u00f3n La Cata","robots":{"index":"noindex","follow":"follow","max-snippet":"max-snippet:-1","max-image-preview":"max-image-preview:large","max-video-preview":"max-video-preview:-1"},"og_locale":"ca_ES","og_type":"article","og_title":"Pol\u00edtica de cookies","og_description":"Les cookies s\u00f3n petits fitxers de text que es generen a l&#8217;ordinador de l&#8217;usuari a trav\u00e9s del seu navegador quan aquest es connecta a una web i que ens permeten fer m\u00e9s eficient l&#8217;experi\u00e8ncia de l&#8217;usuari, aix\u00ed com con\u00e8ixer m\u00e9s informaci\u00f3 p.e. freq\u00fc\u00e8ncia de visites. Les galetes es poden utilitzar per demanar i emmagatzemar dades&hellip;","og_url":"https:\/\/aral2.cetrexmarketing.com\/ca\/politica-de-cookies\/","og_site_name":"M\u00f3n La Cata","twitter_card":"summary_large_image","twitter_misc":{"Temps estimat de lectura":"2 minuts"},"schema":{"@context":"https:\/\/schema.org","@graph":[{"@type":"WebPage","@id":"https:\/\/aral2.cetrexmarketing.com\/ca\/politica-de-cookies\/","url":"https:\/\/aral2.cetrexmarketing.com\/ca\/politica-de-cookies\/","name":"Pol\u00edtica de cookies - M\u00f3n La Cata","isPartOf":{"@id":"https:\/\/aral2.cetrexmarketing.com\/#website"},"datePublished":"2015-05-12T13:26:59+00:00","dateModified":"2015-05-12T13:26:59+00:00","breadcrumb":{"@id":"https:\/\/aral2.cetrexmarketing.com\/ca\/politica-de-cookies\/#breadcrumb"},"inLanguage":"ca","potentialAction":[{"@type":"ReadAction","target":["https:\/\/aral2.cetrexmarketing.com\/ca\/politica-de-cookies\/"]}]},{"@type":"BreadcrumbList","@id":"https:\/\/aral2.cetrexmarketing.com\/ca\/politica-de-cookies\/#breadcrumb","itemListElement":[{"@type":"ListItem","position":1,"name":"Home","item":"https:\/\/aral2.cetrexmarketing.com\/ca\/"},{"@type":"ListItem","position":2,"name":"Pol\u00edtica de cookies"}]},{"@type":"WebSite","@id":"https:\/\/aral2.cetrexmarketing.com\/#website","url":"https:\/\/aral2.cetrexmarketing.com\/","name":"M\u00f3n La Cata","description":"Tienda de vinos, licores, cervezas y gourmet","publisher":{"@id":"https:\/\/aral2.cetrexmarketing.com\/#organization"},"potentialAction":[{"@type":"SearchAction","target":{"@type":"EntryPoint","urlTemplate":"https:\/\/aral2.cetrexmarketing.com\/?s={search_term_string}"},"query-input":{"@type":"PropertyValueSpecification","valueRequired":true,"valueName":"search_term_string"}}],"inLanguage":"ca"},{"@type":"Organization","@id":"https:\/\/aral2.cetrexmarketing.com\/#organization","name":"M\u00f3n La Cata","url":"https:\/\/aral2.cetrexmarketing.com\/","logo":{"@type":"ImageObject","inLanguage":"ca","@id":"https:\/\/aral2.cetrexmarketing.com\/#\/schema\/logo\/image\/","url":"https:\/\/aral2.cetrexmarketing.com\/wp-content\/uploads\/2024\/10\/aral-logo-neg-1024x409-1.png","contentUrl":"https:\/\/aral2.cetrexmarketing.com\/wp-content\/uploads\/2024\/10\/aral-logo-neg-1024x409-1.png","width":1024,"height":409,"caption":"M\u00f3n La Cata"},"image":{"@id":"https:\/\/aral2.cetrexmarketing.com\/#\/schema\/logo\/image\/"}}]}},"_links":{"self":[{"href":"https:\/\/aral2.cetrexmarketing.com\/ca\/wp-json\/wp\/v2\/pages\/39789","targetHints":{"allow":["GET"]}}],"collection":[{"href":"https:\/\/aral2.cetrexmarketing.com\/ca\/wp-json\/wp\/v2\/pages"}],"about":[{"href":"https:\/\/aral2.cetrexmarketing.com\/ca\/wp-json\/wp\/v2\/types\/page"}],"author":[{"embeddable":true,"href":"https:\/\/aral2.cetrexmarketing.com\/ca\/wp-json\/wp\/v2\/users\/9662"}],"replies":[{"embeddable":true,"href":"https:\/\/aral2.cetrexmarketing.com\/ca\/wp-json\/wp\/v2\/comments?post=39789"}],"version-history":[{"count":0,"href":"https:\/\/aral2.cetrexmarketing.com\/ca\/wp-json\/wp\/v2\/pages\/39789\/revisions"}],"wp:attachment":[{"href":"https:\/\/aral2.cetrexmarketing.com\/ca\/wp-json\/wp\/v2\/media?parent=39789"}],"curies":[{"name":"wp","href":"https:\/\/api.w.org\/{rel}","templated":true}]}}