{"id":39783,"date":"2015-05-12T13:26:59","date_gmt":"2015-05-12T13:26:59","guid":{"rendered":"https:\/\/aral2.cetrexmarketing.com\/condicions-generals-compra\/"},"modified":"2015-05-12T13:26:59","modified_gmt":"2015-05-12T13:26:59","slug":"condicions-generals-compra","status":"publish","type":"page","link":"https:\/\/aral2.cetrexmarketing.com\/ca\/condicions-generals-compra\/","title":{"rendered":"Condicions generals de compra"},"content":{"rendered":"<h1 class=\"page-heading\">CONDICIONS GENERALS DE COMPRA<\/h1>\n<p>www.monlacata.com \u00e9s una p\u00e0gina web de comer\u00e7 electr\u00f2nic (d&#8217;ara endavant, &#8220;la Botiga Online&#8221;) propietat de L\u2019HORA DEL VERMUT S.L. amb domicili en el C\/ Can Victoriano, 4 (08358 \u2013 Arenys de Munt \u2013 Barcelona) amb CIF B65384075, inscrita en el Registre Mercantil de Barcelona, diari 1142, apunt 1390 n\u00ba registre 121614. El Client \u00e9s la persona f\u00edsica o jur\u00eddica que contracta els productes o serveis comercialitzats des de la Botiga Online.<\/p>\n<h3>1. La Botiga Online<\/h3>\n<p>www.monlacata.com es dedica a la venda a dist\u00e0ncia, de begudes amb alcohol, sense alcohol i altres productes.<\/p>\n<h3>2. Informaci\u00f3 i dades<\/h3>\n<p>L&#8217;\u00fas d&#8217;aquesta p\u00e0gina web \u00e9s per a majors de 18 anys i l&#8217;usuari declara que \u00e9s major d&#8217;edat. La zona de venda de www.monlacata.com \u00e9s la Pen\u00ednsula (Espanya) i Illes Balears. www.monlacata.com es reserva el dret a modificar els continguts, producte o serveis comercialitzats des de la p\u00e0gina web, aix\u00ed com les ofertes comercials presentades en qualsevol moment. www.monlacata.com fa tots els esfor\u00e7os dins dels seus mitjans per oferir la informaci\u00f3 continguda en el website de forma vera\u00e7 i sense errors tipogr\u00e0fics. En el cas que en algun moment es produ\u00eds alg\u00fan error d&#8217;aquest tipus, ali\u00e8 en tot moment a la voluntat de www.monlacata.com, es procediria immediatament a la seva correcci\u00f3. D&#8217;existir un error tipogr\u00e0fic en algun dels preus mostrats i algun Client hagu\u00e9s pres una decisi\u00f3 de compra basada en aquest error, www.monlacata.com li comunicar\u00e0 al Client aquest error i el client tindr\u00e0 dret a rescindir la seva compra sense cap cost per la seva banda. Els continguts de la p\u00e0gina web www.monlacata.com podrien, en ocasions, mostrar informaci\u00f3 provisional sobre alguns productes. En el cas que la informaci\u00f3 facilitada no correspongu\u00e9s a les caracter\u00edstiques del producte el Client tindr\u00e0 dret a rescindir la seva compra sense cap cost per la seva banda. www.monlacata.com no \u00e9s responsable ni directa ni indirectament de cap de les informacions, continguts, afirmacions i expressions que continguin els productes comercialitzats per www.monlacata.com. Aquesta responsabilitat recau en tot moment en els fabricants, productors o distribu\u00efdors d&#8217;aquests productes. El Client ent\u00e9n que www.monlacata.com \u00e9s un intermediari entre ell i dit fabricant o distribu\u00efdor.<\/p>\n<h3>3. Procediment de compra<\/h3>\n<p>Per realitzar una compra, el Client ha de seleccionar els productes que desitgi comprar i agregar-los al cistell de compra mitjan\u00e7ant pr\u00e9mer el bot\u00f3 &#8220;Afegir al cistell&#8221;. Una vegada hagi agregat els productes que desitgi comprar al cistell, ha de fer clic en el bot\u00f3 &#8220;Passar per caixa&#8221;. Per processar la comanda deur\u00e0 facilitar les dades que se li sol\u00b7licitin, tret que disposi de registre com a client, i optar pel m\u00e8tode de pagament que prefereixi. Una vegada facilitada la informaci\u00f3 sol\u00b7licitada i acceptat la comanda pel Client, la compra s&#8217;ha realitzat. ATENCI\u00d3: El preu expressat no inclou les despeses d&#8217;enviament que es puguin generar ja que les tarifes varien en funci\u00f3 de la destinaci\u00f3 i el pes de la comanda final.<\/p>\n<h3>4. Impostos aplicables<\/h3>\n<p>Els preus dels productes exposats a la p\u00e0gina web de www.monlacata.com, inclouen l&#8217;Impost sobre el Valor Afegit (IVA) que, si escau, sigui procedent aplicar.<\/p>\n<h3>5. Forma de pagament<\/h3>\n<p>En formular la comanda, el client pot triar lliurement abonar les compres que realitzi mitjan\u00e7ant targeta de cr\u00e8dit o d\u00e8bit (Visa i MasterCard) o transfer\u00e8ncia. En determinats casos i per prevenir possibles fraus www.monlacata.com es reserva la possibilitat de sol\u00b7licitar una forma de pagament concreta en el cas que no s&#8217;acrediti fefaentment la identitat del comprador.<\/p>\n<h3>6. Enviament dels productes<\/h3>\n<p>La Botiga Online ofereix un sistema d&#8217;enviament. El client, haur\u00e0 de tenir en compte que els terminis de lliurament, la qualitat del servei, el punt de lliurament i el cost, \u00e9s realitzat per operadors de transport i no per la Botiga Online. www.monlacata.com envia les comandes als seus clients a trav\u00e9s d&#8217;empreses de transport de reconegut prestigi nacional i internacional. La data de lliurament al domicili del Client, ser\u00e0:Pen\u00ednsula (Espanya) i Illes Balears entre 48\/72 hores, a partir de la data d&#8217;expedici\u00f3 de la comanda des del magatzem i dependr\u00e0 de la disponibilitat del producte escollit i de la zona d&#8217;enviament. Els terminis de transport s\u00f3n orientatius.<\/p>\n<h3>7. Drets del Client i pol\u00edtica de devolucions<\/h3>\n<p>www.monlacata.com no garanteix als seus Clients la disponibilitat ni el termini de lliurament dels productes que s&#8217;ofereixen des de la p\u00e0gina web, excepte la dels productes en els quals expressament se citi una determinada garantia o disponibilitat. www.monlacata.com garanteix als seus clients la possibilitat d&#8217;anul\u00b7lar la seva comanda en qualsevol moment i sense cap cost sempre que l&#8217;anul\u00b7laci\u00f3 es comuniqui abans que la comanda hagi estat posada a la disposici\u00f3 del transportista per al seu enviament. &#8211; Productes defectuosos donat el car\u00e0cter del producte, s&#8217;admetran devolucions d&#8217;aquells productes defectuosos, deteriorats o que presentin trencaments a causa del transport, per a aix\u00f2 el Client disposar\u00e0 d&#8217;un termini de catorze dies naturals des de la recepci\u00f3 de la comanda, on es realitzaran les gestions necess\u00e0ries per reempla\u00e7ar-lo per un de nou en perfecte estat i sense cap c\u00e0rrec addicional. Si el producte no es troba disponible, www.monlacata.com procedir\u00e0 a retornar l&#8217;import que el client hagi abonat, incloses les despeses d&#8217;enviament, d&#8217;acord a la forma de pagament utilitzada en la compra. &#8211; Productes en bon estat durant els catorze dies naturals posteriors a la recepci\u00f3 de la comanda, el client podr\u00e0 retornar i\/o canviar qualsevol article que hagi comprat en la Botiga Online de www.monlacata.com sempre que compleixin les seg\u00fcents condicions: no hagin estat oberts ni usats, tenir l&#8217;etiqueta original i conservin el seu embolcall o caixa original. Sempre que s&#8217;hagin respectat tots aquests requisits i el producte en q\u00fcesti\u00f3 hagi sigut retornat juntament amb l&#8217;albar\u00e0 de lliurament i si escau factura emesa, www.monlacata.com, procedir\u00e0 a la devoluci\u00f3 de l&#8217;import dels productes retornats. Si la devoluci\u00f3 no es pogu\u00e9s acceptar a causa de la falta de conformitat amb les condicions indicades anteriorment, www.monlacata.com es posar\u00e0 en contacte amb el client. Si un producte diferent al sol\u00b7licitat pel Client fos lliurat per error de www.monlacata.com, aquest li ser\u00e0 retirat i se li lliurar\u00e0 el producte correcte sense cap c\u00e0rrec adicional per al Client. Per a qualsevol incid\u00e8ncia relacionada amb la devoluci\u00f3 d&#8217;articles de la nostra Botiga pot contactar amb el departament d&#8217;Atenci\u00f3 al client via correu electr\u00f2nic: atencioclient@monlacata.com o per tel\u00e8fon 93 793 75 09<\/p>\n<h3>8. Obligacions del Client<\/h3>\n<p>El Client de www.monlacata.com es compromet en tot moment a facilitar informaci\u00f3 vera\u00e7 sobre les dades sol\u00b7licitades en els formularis de registre d&#8217;usuari o de realitzaci\u00f3 de la comanda, i a mantenir-los actualitzats en tot moment. El Client accepta les presents condicions generals recollides en el present contracte. monlacata.com, facilitar\u00e0 al Client un identificador i una contrasenya (segons el cas, triats pel Client). El Client, es compromet a guardar de forma confidencial i amb la m\u00e0xima dilig\u00e8ncia les seves claus d&#8217;acc\u00e9s personal.<\/p>\n<h3>9. Seguretat i confidencialitat<\/h3>\n<p>www.monlacata.com garanteix la seguretat i confidencialitat en totes les seves transaccions. Totes les operacions banc\u00e0ries es realitzen a trav\u00e9s d&#8217;un servidor segur, basat en l&#8217;est\u00e0ndard SSL que protegeix les dades. Totes les dades personals facilitades pel Client a www.monlacata.com seran incloses en un fitxer de dades de car\u00e0cter personal creat i mantingut sota la responsabilitat de L\u2019HORA DEL VERMUT S.L. En compliment del que es disposa en la Llei Org\u00e0nica 15\/1999 de 13 de Desembre, de Protecci\u00f3 de Dades de Car\u00e0cter Personal, el Client, en tot moment pot exercitar els drets d&#8217;acc\u00e9s, rectificaci\u00f3, cancel\u00b7laci\u00f3 i oposici\u00f3 sobre les seves dades personals comunicant-ho per correu electr\u00f2nic a atencioclient@monlacata.com o C\/ Can Victoriano, 4 (08358 \u2013 Arenys de Munt \u2013 Barcelona).<\/p>\n<h3>10. Disponibilitat<\/h3>\n<p>Monlacata.com no garanteix la disponibilitat cont\u00ednua i permanent del servei de Botiga online. Queda exonerada d&#8217;aquesta manera de qualsevol responsabilitat per possibles danys i perjudicis causats com a conseq\u00fc\u00e8ncia de la falta de disponibilitat de la Botiga online. En aquests casos, monlacata.com far\u00e0 els seus millors esfor\u00e7os per avisar amb una antelaci\u00f3 de 24 hores a la interrupci\u00f3. Monlacata.com no ser\u00e0 responsable per la interrupci\u00f3, suspensi\u00f3 o finalitzaci\u00f3 del servei de Botiga online.<\/p>\n<h3>11. Horaris<\/h3>\n<p>En www.monlacata.com es poden realitzar compres durant les 24 hores del dia, 7 dies a la setmana, tot l&#8217;any.<\/p>\n<h3>12. Legislaci\u00f3 aplicable i jurisdicci\u00f3 competent<\/h3>\n<p>Les compravendes realitzades amb www.monlacata.com se sotmeten a la legislaci\u00f3 espanyola. En cas de qualsevol conflicte o discrep\u00e0ncia la jurisdicci\u00f3 competent ser\u00e0 la que estableixi la legislaci\u00f3 espanyola en la seva llei de consumidors i usuaris.<\/p>\n<h3>13. Nul\u00b7litat i inefic\u00e0cia de les cl\u00e0usules<\/h3>\n<p>Si qualsevol cl\u00e0usula inclosa en les presents Condicions Generals an\u00e9s declarada, total o parcialment, nul\u00b7la o inefica\u00e7, tal nul\u00b7litat o inefic\u00e0cia tan sols afectar\u00e0 a aquesta disposici\u00f3 o a la part de la mateixa que resulti nul\u00b7la o inefica\u00e7, subsistint les presents condicions generals en tot la resta, considerant-se tal disposici\u00f3 total o parcialment per no inclosa.<\/p>\n","protected":false},"excerpt":{"rendered":"<p>CONDICIONS GENERALS DE COMPRA www.monlacata.com \u00e9s una p\u00e0gina web de comer\u00e7 electr\u00f2nic (d&#8217;ara endavant, &#8220;la Botiga Online&#8221;) propietat de L\u2019HORA DEL VERMUT S.L. amb domicili en el C\/ Can Victoriano, 4 (08358 \u2013 Arenys de Munt \u2013 Barcelona) amb CIF B65384075, inscrita en el Registre Mercantil de Barcelona, diari 1142, apunt 1390 n\u00ba registre 121614.&hellip;<\/p>\n","protected":false},"author":9662,"featured_media":0,"parent":0,"menu_order":2,"comment_status":"closed","ping_status":"closed","template":"","meta":{"_acf_changed":false,"footnotes":""},"class_list":["post-39783","page","type-page","status-publish","hentry","entry","no-media"],"acf":[],"yoast_head":"<!-- This site is optimized with the Yoast SEO Premium plugin v23.1 (Yoast SEO v23.5) - https:\/\/yoast.com\/wordpress\/plugins\/seo\/ -->\n<title>Condicions generals de compra - M\u00f3n La Cata<\/title>\n<meta name=\"robots\" content=\"noindex, follow, max-snippet:-1, max-image-preview:large, max-video-preview:-1\" \/>\n<meta property=\"og:locale\" content=\"ca_ES\" \/>\n<meta property=\"og:type\" content=\"article\" \/>\n<meta property=\"og:title\" content=\"Condicions generals de compra\" \/>\n<meta property=\"og:description\" content=\"CONDICIONS GENERALS DE COMPRA www.monlacata.com \u00e9s una p\u00e0gina web de comer\u00e7 electr\u00f2nic (d&#8217;ara endavant, &#8220;la Botiga Online&#8221;) propietat de L\u2019HORA DEL VERMUT S.L. amb domicili en el C\/ Can Victoriano, 4 (08358 \u2013 Arenys de Munt \u2013 Barcelona) amb CIF B65384075, inscrita en el Registre Mercantil de Barcelona, diari 1142, apunt 1390 n\u00ba registre 121614.&hellip;\" \/>\n<meta property=\"og:url\" content=\"https:\/\/aral2.cetrexmarketing.com\/terminos-y-condiciones-de-uso\/\" \/>\n<meta property=\"og:site_name\" content=\"M\u00f3n La Cata\" \/>\n<meta name=\"twitter:card\" content=\"summary_large_image\" \/>\n<meta name=\"twitter:label1\" content=\"Temps estimat de lectura\" \/>\n\t<meta name=\"twitter:data1\" content=\"8 minuts\" \/>\n<script type=\"application\/ld+json\" class=\"yoast-schema-graph\">{\"@context\":\"https:\/\/schema.org\",\"@graph\":[{\"@type\":\"WebPage\",\"@id\":\"https:\/\/aral2.cetrexmarketing.com\/terminos-y-condiciones-de-uso\/\",\"url\":\"https:\/\/aral2.cetrexmarketing.com\/terminos-y-condiciones-de-uso\/\",\"name\":\"Condicions generals de compra - M\u00f3n La Cata\",\"isPartOf\":{\"@id\":\"https:\/\/aral2.cetrexmarketing.com\/#website\"},\"datePublished\":\"2015-05-12T13:26:59+00:00\",\"dateModified\":\"2015-05-12T13:26:59+00:00\",\"breadcrumb\":{\"@id\":\"https:\/\/aral2.cetrexmarketing.com\/terminos-y-condiciones-de-uso\/#breadcrumb\"},\"inLanguage\":\"ca\",\"potentialAction\":[{\"@type\":\"ReadAction\",\"target\":[\"https:\/\/aral2.cetrexmarketing.com\/terminos-y-condiciones-de-uso\/\"]}]},{\"@type\":\"BreadcrumbList\",\"@id\":\"https:\/\/aral2.cetrexmarketing.com\/terminos-y-condiciones-de-uso\/#breadcrumb\",\"itemListElement\":[{\"@type\":\"ListItem\",\"position\":1,\"name\":\"Home\",\"item\":\"https:\/\/aral2.cetrexmarketing.com\/ca\/\"},{\"@type\":\"ListItem\",\"position\":2,\"name\":\"Condicions generals de compra\"}]},{\"@type\":\"WebSite\",\"@id\":\"https:\/\/aral2.cetrexmarketing.com\/#website\",\"url\":\"https:\/\/aral2.cetrexmarketing.com\/\",\"name\":\"M\u00f3n La Cata\",\"description\":\"Tienda de vinos, licores, cervezas y gourmet\",\"publisher\":{\"@id\":\"https:\/\/aral2.cetrexmarketing.com\/#organization\"},\"potentialAction\":[{\"@type\":\"SearchAction\",\"target\":{\"@type\":\"EntryPoint\",\"urlTemplate\":\"https:\/\/aral2.cetrexmarketing.com\/?s={search_term_string}\"},\"query-input\":{\"@type\":\"PropertyValueSpecification\",\"valueRequired\":true,\"valueName\":\"search_term_string\"}}],\"inLanguage\":\"ca\"},{\"@type\":\"Organization\",\"@id\":\"https:\/\/aral2.cetrexmarketing.com\/#organization\",\"name\":\"M\u00f3n La Cata\",\"url\":\"https:\/\/aral2.cetrexmarketing.com\/\",\"logo\":{\"@type\":\"ImageObject\",\"inLanguage\":\"ca\",\"@id\":\"https:\/\/aral2.cetrexmarketing.com\/#\/schema\/logo\/image\/\",\"url\":\"https:\/\/aral2.cetrexmarketing.com\/wp-content\/uploads\/2024\/10\/aral-logo-neg-1024x409-1.png\",\"contentUrl\":\"https:\/\/aral2.cetrexmarketing.com\/wp-content\/uploads\/2024\/10\/aral-logo-neg-1024x409-1.png\",\"width\":1024,\"height\":409,\"caption\":\"M\u00f3n La Cata\"},\"image\":{\"@id\":\"https:\/\/aral2.cetrexmarketing.com\/#\/schema\/logo\/image\/\"}}]}<\/script>\n<!-- \/ Yoast SEO Premium plugin. -->","yoast_head_json":{"title":"Condicions generals de compra - M\u00f3n La Cata","robots":{"index":"noindex","follow":"follow","max-snippet":"max-snippet:-1","max-image-preview":"max-image-preview:large","max-video-preview":"max-video-preview:-1"},"og_locale":"ca_ES","og_type":"article","og_title":"Condicions generals de compra","og_description":"CONDICIONS GENERALS DE COMPRA www.monlacata.com \u00e9s una p\u00e0gina web de comer\u00e7 electr\u00f2nic (d&#8217;ara endavant, &#8220;la Botiga Online&#8221;) propietat de L\u2019HORA DEL VERMUT S.L. amb domicili en el C\/ Can Victoriano, 4 (08358 \u2013 Arenys de Munt \u2013 Barcelona) amb CIF B65384075, inscrita en el Registre Mercantil de Barcelona, diari 1142, apunt 1390 n\u00ba registre 121614.&hellip;","og_url":"https:\/\/aral2.cetrexmarketing.com\/terminos-y-condiciones-de-uso\/","og_site_name":"M\u00f3n La Cata","twitter_card":"summary_large_image","twitter_misc":{"Temps estimat de lectura":"8 minuts"},"schema":{"@context":"https:\/\/schema.org","@graph":[{"@type":"WebPage","@id":"https:\/\/aral2.cetrexmarketing.com\/terminos-y-condiciones-de-uso\/","url":"https:\/\/aral2.cetrexmarketing.com\/terminos-y-condiciones-de-uso\/","name":"Condicions generals de compra - M\u00f3n La Cata","isPartOf":{"@id":"https:\/\/aral2.cetrexmarketing.com\/#website"},"datePublished":"2015-05-12T13:26:59+00:00","dateModified":"2015-05-12T13:26:59+00:00","breadcrumb":{"@id":"https:\/\/aral2.cetrexmarketing.com\/terminos-y-condiciones-de-uso\/#breadcrumb"},"inLanguage":"ca","potentialAction":[{"@type":"ReadAction","target":["https:\/\/aral2.cetrexmarketing.com\/terminos-y-condiciones-de-uso\/"]}]},{"@type":"BreadcrumbList","@id":"https:\/\/aral2.cetrexmarketing.com\/terminos-y-condiciones-de-uso\/#breadcrumb","itemListElement":[{"@type":"ListItem","position":1,"name":"Home","item":"https:\/\/aral2.cetrexmarketing.com\/ca\/"},{"@type":"ListItem","position":2,"name":"Condicions generals de compra"}]},{"@type":"WebSite","@id":"https:\/\/aral2.cetrexmarketing.com\/#website","url":"https:\/\/aral2.cetrexmarketing.com\/","name":"M\u00f3n La Cata","description":"Tienda de vinos, licores, cervezas y gourmet","publisher":{"@id":"https:\/\/aral2.cetrexmarketing.com\/#organization"},"potentialAction":[{"@type":"SearchAction","target":{"@type":"EntryPoint","urlTemplate":"https:\/\/aral2.cetrexmarketing.com\/?s={search_term_string}"},"query-input":{"@type":"PropertyValueSpecification","valueRequired":true,"valueName":"search_term_string"}}],"inLanguage":"ca"},{"@type":"Organization","@id":"https:\/\/aral2.cetrexmarketing.com\/#organization","name":"M\u00f3n La Cata","url":"https:\/\/aral2.cetrexmarketing.com\/","logo":{"@type":"ImageObject","inLanguage":"ca","@id":"https:\/\/aral2.cetrexmarketing.com\/#\/schema\/logo\/image\/","url":"https:\/\/aral2.cetrexmarketing.com\/wp-content\/uploads\/2024\/10\/aral-logo-neg-1024x409-1.png","contentUrl":"https:\/\/aral2.cetrexmarketing.com\/wp-content\/uploads\/2024\/10\/aral-logo-neg-1024x409-1.png","width":1024,"height":409,"caption":"M\u00f3n La Cata"},"image":{"@id":"https:\/\/aral2.cetrexmarketing.com\/#\/schema\/logo\/image\/"}}]}},"_links":{"self":[{"href":"https:\/\/aral2.cetrexmarketing.com\/ca\/wp-json\/wp\/v2\/pages\/39783","targetHints":{"allow":["GET"]}}],"collection":[{"href":"https:\/\/aral2.cetrexmarketing.com\/ca\/wp-json\/wp\/v2\/pages"}],"about":[{"href":"https:\/\/aral2.cetrexmarketing.com\/ca\/wp-json\/wp\/v2\/types\/page"}],"author":[{"embeddable":true,"href":"https:\/\/aral2.cetrexmarketing.com\/ca\/wp-json\/wp\/v2\/users\/9662"}],"replies":[{"embeddable":true,"href":"https:\/\/aral2.cetrexmarketing.com\/ca\/wp-json\/wp\/v2\/comments?post=39783"}],"version-history":[{"count":0,"href":"https:\/\/aral2.cetrexmarketing.com\/ca\/wp-json\/wp\/v2\/pages\/39783\/revisions"}],"wp:attachment":[{"href":"https:\/\/aral2.cetrexmarketing.com\/ca\/wp-json\/wp\/v2\/media?parent=39783"}],"curies":[{"name":"wp","href":"https:\/\/api.w.org\/{rel}","templated":true}]}}